{"id":10,"date":"2021-06-27T08:31:05","date_gmt":"2021-06-27T08:31:05","guid":{"rendered":"https:\/\/the-travel-bunny-com.lyricalstaging.com\/boutique\/?page_id=10"},"modified":"2021-10-12T09:27:36","modified_gmt":"2021-10-12T09:27:36","slug":"boutique","status":"publish","type":"page","link":"https:\/\/www.the-travel-bunny.com\/boutique\/","title":{"rendered":"Bienvenue dans la boutique The Travel Bunny!"},"content":{"rendered":"\n<p>Voici un peu de tout ce que vous trouverez dans la boutique The Travel Bunny&nbsp;: cadeaux pour les voyageurs, guides de voyage, carnets de voyage, cartes et globes terrestres, \u00e9quipement photo, \u00e9quipement de plein air et de sport, bagages et v\u00eatements de voyage.<\/p>\n\n\n\n<hr class=\"wp-block-separator is-style-wide\"\/>\n\n\n\n<h2 class=\"wp-block-heading\">Produits ajout\u00e9s r\u00e9cemment<\/h2>\n\n\n<div data-block-name=\"woocommerce\/handpicked-products\" data-content-visibility=\"{&quot;title&quot;:true,&quot;price&quot;:true,&quot;rating&quot;:true,&quot;button&quot;:false}\" data-edit-mode=\"false\" data-products=\"[47,45,43]\" class=\"wc-block-grid wp-block-handpicked-products wp-block-woocommerce-handpicked-products wc-block-handpicked-products has-3-columns has-multiple-rows\"><ul class=\"wc-block-grid__products\"><li class=\"wc-block-grid__product\">\n\t\t\t\t<a href=\"https:\/\/www.the-travel-bunny.com\/boutique\/sac-a-dos-nayo-exp\/\" class=\"wc-block-grid__product-link\">\n\t\t\t\t\t\n\t\t\t\t\t<div class=\"wc-block-grid__product-image\"><img loading=\"lazy\" decoding=\"async\" width=\"300\" height=\"300\" src=\"https:\/\/www.the-travel-bunny.com\/boutique\/wp-content\/uploads\/sites\/6\/2021\/06\/Sac-a-Dos-Nayo-EXP-300x300.jpg\" class=\"attachment-woocommerce_thumbnail size-woocommerce_thumbnail\" alt=\"Sac \u00e0 Dos Nayo EXP\" srcset=\"https:\/\/www.the-travel-bunny.com\/boutique\/wp-content\/uploads\/sites\/6\/2021\/06\/Sac-a-Dos-Nayo-EXP-300x300.jpg 300w, https:\/\/www.the-travel-bunny.com\/boutique\/wp-content\/uploads\/sites\/6\/2021\/06\/Sac-a-Dos-Nayo-EXP-150x150.jpg 150w, https:\/\/www.the-travel-bunny.com\/boutique\/wp-content\/uploads\/sites\/6\/2021\/06\/Sac-a-Dos-Nayo-EXP-100x100.jpg 100w, https:\/\/www.the-travel-bunny.com\/boutique\/wp-content\/uploads\/sites\/6\/2021\/06\/Sac-a-Dos-Nayo-EXP.jpg 500w\" sizes=\"auto, (max-width: 300px) 100vw, 300px\" title=\"\"><\/div>\n\t\t\t\t\t<div class=\"wc-block-grid__product-title\">Sac \u00e0 Dos Nayo EXP 2 en 1<\/div>\n\t\t\t\t<\/a>\n\t\t\t\t<div class=\"wc-block-grid__product-price price\"><del aria-hidden=\"true\"><span class=\"woocommerce-Price-amount amount\"><span class=\"woocommerce-Price-currencySymbol\">&euro;<\/span>108,90<\/span><\/del> <span class=\"screen-reader-text\">Le prix initial \u00e9tait\u00a0: &euro;108,90.<\/span><ins aria-hidden=\"true\"><span class=\"woocommerce-Price-amount amount\"><span class=\"woocommerce-Price-currencySymbol\">&euro;<\/span>79,20<\/span><\/ins><span class=\"screen-reader-text\">Le prix actuel est\u00a0: &euro;79,20.<\/span><\/div>\n\t\t\t\t\n\t\t\t\t\n\t\t\t<\/li><\/ul><\/div>\n\n\n<hr class=\"wp-block-separator is-style-wide\"\/>\n\n\n\n<h2 class=\"wp-block-heading\">Les derniers avis<\/h2>\n\n\n\n<ul class=\"wp-block-list\"><li><a href=\"https:\/\/www.the-travel-bunny.com\/fr\/revue-sac-a-dos-extensible-nayo-exp\/\">Revue Nayo EXP, le meilleur sac \u00e0 dos extensible<\/a><\/li><li><a href=\"https:\/\/www.the-travel-bunny.com\/fr\/sac-a-dos-intelligent-nayo-almighty\/\">Revue sac \u00e0 dos intelligent Nayo Almighty<\/a><\/li><\/ul>\n\n\n<div class=\"wp-block-scriptless-social-sharing-buttons\"><div class=\"scriptlesssocialsharing\"><div class=\"scriptlesssocialsharing__buttons no-icons\"><a class=\"button twitter\" target=\"_blank\" href=\"https:\/\/twitter.com\/intent\/tweet?text=Bienvenue%20dans%20la%20boutique%20The%20Travel%20Bunny%21&#038;url=https%3A%2F%2Fwww.the-travel-bunny.com%2Fboutique%2F&#038;via=mirela_iepurela&#038;related=mirela_iepurela\" rel=\"noopener noreferrer nofollow\" ><span class=\"sss-name\"><span class=\"screen-reader-text\">Share on <\/span>X (Twitter)<\/span><\/a><a class=\"button facebook\" target=\"_blank\" href=\"https:\/\/www.facebook.com\/sharer\/sharer.php?u=https%3A%2F%2Fwww.the-travel-bunny.com%2Fboutique%2F\" rel=\"noopener noreferrer nofollow\" ><span class=\"sss-name\"><span class=\"screen-reader-text\">Share on <\/span>Facebook<\/span><\/a><a class=\"button linkedin\" target=\"_blank\" href=\"https:\/\/www.linkedin.com\/shareArticle?mini=1&#038;url=https%3A%2F%2Fwww.the-travel-bunny.com%2Fboutique%2F&#038;title=Bienvenue%20dans%20la%20boutique%20The%20Travel%20Bunny%21&#038;source=https%3A%2F%2Fwww.the-travel-bunny.com%2Fboutique\" rel=\"noopener noreferrer nofollow\" ><span class=\"sss-name\"><span class=\"screen-reader-text\">Share on <\/span>LinkedIn<\/span><\/a><a class=\"button email\" href=\"mailto:?body=J%27ai%20trouv%C3%A9%20cette%20offre%20incroyablement%20bon%20march%C3%A9%20sur%20The%20Travel%20Bunny%20et%20j%27ai%20pens%C3%A9%20que%20vous%20voudriez%20le%20savoir.%20Voici%20le%20lien%3A%20https%3A%2F%2Fwww.the-travel-bunny.com%2Fboutique%2F&#038;subject=Je%20viens%20de%20trouver%20cette%20offre%20incroyable%21%20Bienvenue%20dans%20la%20boutique%20The%20Travel%20Bunny%21\" rel=\"noopener noreferrer nofollow\" ><span class=\"sss-name\"><span class=\"screen-reader-text\">Share on <\/span>Email<\/span><\/a><a class=\"button whatsapp\" target=\"_blank\" href=\"https:\/\/api.whatsapp.com\/send?text=Bienvenue%20dans%20la%20boutique%20The%20Travel%20Bunny%21%20%E2%80%94%20https%3A%2F%2Fwww.the-travel-bunny.com%2Fboutique%2F\" rel=\"noopener noreferrer nofollow\" ><span class=\"sss-name\"><span class=\"screen-reader-text\">Share on <\/span>WhatsApp<\/span><\/a><\/div><\/div><\/div>","protected":false},"excerpt":{"rendered":"<p>Voici un peu de tout ce que vous trouverez dans la boutique The Travel Bunny&nbsp;: cadeaux pour les voyageurs, guides de voyage, carnets de voyage, cartes et globes terrestres, \u00e9quipement photo, \u00e9quipement de plein air et de sport, bagages et v\u00eatements de voyage. Produits ajout\u00e9s r\u00e9cemment Les derniers avis Revue Nayo EXP, le meilleur sac \u00e0 dos extensible Revue sac \u00e0 dos intelligent Nayo Almighty<\/p>\n","protected":false},"author":1,"featured_media":0,"parent":0,"menu_order":1,"comment_status":"closed","ping_status":"closed","template":"","meta":{"footnotes":""},"class_list":["post-10","page","type-page","status-publish"],"_links":{"self":[{"href":"https:\/\/www.the-travel-bunny.com\/boutique\/wp-json\/wp\/v2\/pages\/10","targetHints":{"allow":["GET"]}}],"collection":[{"href":"https:\/\/www.the-travel-bunny.com\/boutique\/wp-json\/wp\/v2\/pages"}],"about":[{"href":"https:\/\/www.the-travel-bunny.com\/boutique\/wp-json\/wp\/v2\/types\/page"}],"author":[{"embeddable":true,"href":"https:\/\/www.the-travel-bunny.com\/boutique\/wp-json\/wp\/v2\/users\/1"}],"replies":[{"embeddable":true,"href":"https:\/\/www.the-travel-bunny.com\/boutique\/wp-json\/wp\/v2\/comments?post=10"}],"version-history":[{"count":0,"href":"https:\/\/www.the-travel-bunny.com\/boutique\/wp-json\/wp\/v2\/pages\/10\/revisions"}],"wp:attachment":[{"href":"https:\/\/www.the-travel-bunny.com\/boutique\/wp-json\/wp\/v2\/media?parent=10"}],"curies":[{"name":"wp","href":"https:\/\/api.w.org\/{rel}","templated":true}]}}