{"id":43,"date":"2021-06-29T09:10:40","date_gmt":"2021-06-29T09:10:40","guid":{"rendered":"https:\/\/the-travel-bunny-com.lyricalstaging.com\/boutique\/?post_type=product&#038;p=43"},"modified":"2025-02-25T07:52:40","modified_gmt":"2025-02-25T07:52:40","slug":"sac-a-dos-nayo-exp","status":"publish","type":"product","link":"https:\/\/www.the-travel-bunny.com\/boutique\/sac-a-dos-nayo-exp\/","title":{"rendered":"Sac \u00e0 Dos Nayo EXP 2 en 1"},"content":{"rendered":"<p><strong> Le <a href=\"https:\/\/nayosmart.com\/collections\/best-seller?ref=thetravelbunny\" target=\"_blank\" rel=\"noopener sponsored\">sac \u00e0 dos Nayo EXP<\/a> est un sac de voyage 2 en 1<\/strong>. Une fois compress\u00e9, c&rsquo;est un sac \u00e0 dos de 25 litres, d&rsquo;une largeur de 15 cm seulement. Bien d\u00e9velopp\u00e9, le Nayo EXP se transforme en un sac \u00e0 dos de 40 litres, d\u2019une largeur de 25 cm. Dans les deux cas, il convient \u00e0 un ordinateur portable de 17,3 pouces. Vide, le sac \u00e0 dos Nayo EXP p\u00e8se 1,1 kg.<\/p>\n<p><strong> Fabriqu\u00e9 en polyester haute t\u00e9nacit\u00e9 600d avec enduit imperm\u00e9able<\/strong>, le sac \u00e0 dos Nayo EXP convient \u00e0 tous les types de temps. Que ce soit la pluie ou la neige, vos affaires seront prot\u00e9g\u00e9es de l&rsquo;environnement \u00e0 l&rsquo;int\u00e9rieur. Ce mat\u00e9riau est \u00e9galement tr\u00e8s r\u00e9sistant. Votre sac \u00e0 dos est donc un excellent investissement, car il sera en parfait \u00e9tat pendant de nombreuses ann\u00e9es.<\/p>\n<p><strong> Ce sac \u00e0 dos est non seulement adaptable, mais \u00e9galement extr\u00eamement pratique<\/strong>. Il comporte trois compartiments: un pour les appareils \u00e9lectroniques, un pour les v\u00eatements et un autre pour les objets du quotidien. Cela signifie que vos affaires trouveront toujours une place et qu\u2019elles seront faciles \u00e0 trouver \u00e0 chaque fois que vous d\u00e9compressez. Le d\u00e9ballage est \u00e9galement facile gr\u00e2ce au fait qu\u2019elle s\u2019ouvre comme une valise.<\/p>\n<p><strong> Le confort est \u00e9galement l\u2019un des principaux avantages du sac \u00e0 dos Nayo EXP. <\/strong> Les bretelles et le dos sont dot\u00e9s d\u2019un rembourrage en EVA de 12 mm, ce qui le rend agr\u00e9able \u00e0 porter m\u00eame avec un ordinateur portable \u00e0 l\u2019int\u00e9rieur. Sa poign\u00e9e lat\u00e9rale a \u00e9galement un rembourrage en EVA pour le rendre plus facile \u00e0 transporter.<\/p>\n<p><strong> Le sac \u00e0 dos Nayo EXP r\u00e9pond aux besoins quotidiens de chaque voyageur <\/strong>, qu&rsquo;il s&rsquo;agisse d&rsquo;aventuriers amoureux de la nature ou de citadins. Et pour vous garder en d\u00e9placement, il est fourni avec un c\u00e2ble USB pratique pour vous aider \u00e0 charger vos appareils mobiles en d\u00e9placement.<\/p>\n<hr \/>\n<h3>Sp\u00e9cifications du sac \u00e0 dos Nayo EXP<\/h3>\n<table class=\"wp-block-table is-style-stripes\">\n<tbody>\n<tr>\n<td>Volume<\/td>\n<td>25 litres compress\u00e9s, 40 litres expans\u00e9s<\/td>\n<\/tr>\n<tr>\n<td>Poids<\/td>\n<td>1,1 kilogramme<\/td>\n<\/tr>\n<tr>\n<td>Dimensions<\/td>\n<td>50L x 15W x 31H centim\u00e8tres compress\u00e9s<br \/>\n50L x 25W x 31H centim\u00e8tres \u00e9largis<\/td>\n<\/tr>\n<tr>\n<td>Mat\u00e9riel<\/td>\n<td>600d Polyester haute t\u00e9nacit\u00e9 avec rev\u00eatement PU imperm\u00e9able<\/td>\n<\/tr>\n<tr>\n<td>Autres fonctionnalit\u00e9s<\/td>\n<td>&#8211; Ouverture \u00e0 180 \u00b0: le sac \u00e0 dos s&rsquo;ouvre comme une valise<br \/>\n&#8211; les fermetures \u00e0 glissi\u00e8re SBS invers\u00e9es permettent un acc\u00e8s facile au chargement par le haut<br \/>\n&#8211; harnais ergonomique et boucle de poitrine avec sifflet<br \/>\n&#8211; poign\u00e9e lat\u00e9rale rembourr\u00e9e pour faciliter le levage &#8211; cintre de lunettes de soleil sur votre \u00e9paule<br \/>\n&#8211; c\u00e2ble USB pour charger votre appareil mobile en d\u00e9placement<\/td>\n<\/tr>\n<tr>\n<td>Exp\u00e9dition<\/td>\n<td>Gratuit, dans le monde entier<\/td>\n<\/tr>\n<tr>\n<td>D\u00e9lai de livraison<\/td>\n<td>5 \u00e0 15 jours<\/td>\n<\/tr>\n<tr>\n<td>Garantie<\/td>\n<td>90 jours<\/td>\n<\/tr>\n<\/tbody>\n<\/table>\n<p class=\"has-background\" style=\"background-color: #bbf2b3;\"><strong>Obtenez 8% de r\u00e9duction avec le code <code><em>THETRAVELBUNNY%<\/em><\/code><\/strong><\/p>\n<p style=\"text-align: right;\"><strong><a href=\"https:\/\/www.the-travel-bunny.com\/boutique\/etiquette\/sacs-a-dos-intelligents\/\" rel=\"tag\">Sacs \u00e0 dos intelligents -&gt;<\/a><\/strong><\/p>\n","protected":false},"excerpt":{"rendered":"<p><span class=\"notranslate\">Tout est dans le nom: le sac \u00e0 dos Nayo EXP est un sac \u00e0 dos de voyage extensible qui peut se compresser ou grossir pour r\u00e9pondre \u00e0 vos besoins \u00e0 tout moment.<\/span>\u00a0<span class=\"notranslate\">Vous pouvez le prendre comme bagage \u00e0 main lorsque vous voyagez avec la plupart des compagnies a\u00e9riennes et le compresser pour le transformer dans un sac de tous les jours une fois que vous avez atteint votre destination.<\/span><\/p>\n<p class=\"has-background\" style=\"background-color: #bbf2b3;\"><strong>Obtenez 8% de r\u00e9duction avec le code <code><em>THETRAVELBUNNY%<\/em><\/code><\/strong><\/p>\n","protected":false},"featured_media":44,"template":"","meta":[],"pwb-brand":[19],"product_brand":[],"product_cat":[15],"product_tag":[20],"class_list":{"0":"post-43","1":"product","2":"type-product","3":"status-publish","4":"has-post-thumbnail","6":"pwb-brand-nayo-smart","7":"product_cat-non-classes","8":"product_tag-sacs-a-dos-intelligents","9":"resize-featured-image","10":"sales-flash-overlay","11":"woocommerce-text-align-center","12":"woocommerce-image-align-center","14":"first","15":"instock","16":"sale","17":"shipping-taxable","18":"product-type-external"},"brands":[{"id":19,"name":"Nayo Smart","slug":"nayo-smart"}],"_links":{"self":[{"href":"https:\/\/www.the-travel-bunny.com\/boutique\/wp-json\/wp\/v2\/product\/43","targetHints":{"allow":["GET"]}}],"collection":[{"href":"https:\/\/www.the-travel-bunny.com\/boutique\/wp-json\/wp\/v2\/product"}],"about":[{"href":"https:\/\/www.the-travel-bunny.com\/boutique\/wp-json\/wp\/v2\/types\/product"}],"wp:featuredmedia":[{"embeddable":true,"href":"https:\/\/www.the-travel-bunny.com\/boutique\/wp-json\/wp\/v2\/media\/44"}],"wp:attachment":[{"href":"https:\/\/www.the-travel-bunny.com\/boutique\/wp-json\/wp\/v2\/media?parent=43"}],"wp:term":[{"taxonomy":"pwb-brand","embeddable":true,"href":"https:\/\/www.the-travel-bunny.com\/boutique\/wp-json\/wp\/v2\/pwb-brand?post=43"},{"taxonomy":"product_brand","embeddable":true,"href":"https:\/\/www.the-travel-bunny.com\/boutique\/wp-json\/wp\/v2\/product_brand?post=43"},{"taxonomy":"product_cat","embeddable":true,"href":"https:\/\/www.the-travel-bunny.com\/boutique\/wp-json\/wp\/v2\/product_cat?post=43"},{"taxonomy":"product_tag","embeddable":true,"href":"https:\/\/www.the-travel-bunny.com\/boutique\/wp-json\/wp\/v2\/product_tag?post=43"}],"curies":[{"name":"wp","href":"https:\/\/api.w.org\/{rel}","templated":true}]}}