{"id":108,"date":"2014-01-25T08:31:44","date_gmt":"2014-01-25T08:31:44","guid":{"rendered":"https:\/\/the-travel-bunny-com.lyricalstaging.com\/fr\/?page_id=108"},"modified":"2022-08-03T11:36:47","modified_gmt":"2022-08-03T11:36:47","slug":"contactez-the-travel-bunny","status":"publish","type":"page","link":"https:\/\/www.the-travel-bunny.com\/fr\/contactez-the-travel-bunny\/","title":{"rendered":"Contactez moi pour des conseils de voyage!"},"content":{"rendered":"\n<p><strong>Merci<\/strong>&nbsp;d&rsquo;\u00eatre ici et de soutenir le Travel Bunny!&nbsp;Peu importe que ce soit votre premi\u00e8re visite ou que vous soyez un lecteur assidu de mon \u00e9criture depuis longtemps, si vous restez silencieux et observez ou peut-\u00eatre participer aux discussions et \/ ou partager des conseils et des id\u00e9es avec vos amis\u2026 merci!&nbsp;Cela signifie beaucoup pour moi!<\/p>\n\n\n\n<p>Et maintenant je suis ici pour vous en retour!<\/p>\n\n\n\n<br>\n\n\n\n<h2 class=\"wp-block-heading\">Voyager \u00e0 travers la Roumanie?<\/h2>\n\n\n\n<p>Ensuite, vous devriez consulter&nbsp;<strong>mes articles sur la Roumanie<\/strong>&nbsp;.&nbsp;Et, si vous en voulez plus, n&rsquo;h\u00e9sitez pas \u00e0 me contacter pour des conseils locaux.&nbsp;Je peux fournir d&rsquo;excellentes suggestions aux amoureux de la nature et aux amateurs de ville!&nbsp;<em><a href=\"https:\/\/www.the-travel-bunny.com\/fr\/citations-sur-les-voyages\/\" class=\"rank-math-link\">Oh, les endroits o\u00f9 tu iras\u2026<\/a><\/em><\/p>\n\n\n\n<br>\n\n\n\n<h2 class=\"wp-block-heading\">Vous voyagez dans des endroits que j&rsquo;ai d\u00e9j\u00e0 visit\u00e9s?<\/h2>\n\n\n\n<p>Je suis tellement content pour toi, je suis s\u00fbr que tu vas passer un bon moment!&nbsp;Et si vous avez besoin d&rsquo;aide pour planifier, je suis excellent dans ce domaine!&nbsp;Envoyez-moi un message et commen\u00e7ons \u00e0 discuter.<\/p>\n\n\n\n<br>\n\n\n\n<h2 class=\"wp-block-heading\">Contactez moi!<\/h2>\n\n\n\n<ul class=\"wp-block-list\"><li><strong>E-mail<\/strong>. Bon e-mail \u00e0 l&rsquo;ancienne! Rien ne vaut l&rsquo;envoi d&rsquo;un message personnel pour vous connecter alors \u00e9crivez-moi \u00e0 <em><em><a href=\"https:\/\/www.the-travel-bunny.com\/fr\/a-propos-du-travel-bunny\/mirela-letailleur\/\">mirela<\/a>[arobase]the-travel-bunny[point]com<\/em><\/em>!<\/li><li>Suivez-moi <strong>sur les r\u00e9seaux sociaux<\/strong> et contactez-moi l\u00e0-bas:<\/li><\/ul>\n\n\n\n<p class=\"has-text-align-center\"><a rel=\"noreferrer noopener\" href=\"https:\/\/www.facebook.com\/travelling.bunny\" target=\"_blank\">Facebook<\/a>&nbsp;\u2022&nbsp;<a rel=\"noreferrer noopener\" href=\"https:\/\/flipboard.com\/@TheTravelBunny\" target=\"_blank\">Flipboard<\/a>&nbsp;\u2022&nbsp;<a rel=\"noreferrer noopener\" href=\"https:\/\/www.instagram.com\/mirela_iepurela\/\" target=\"_blank\">Instagram<\/a>&nbsp;\u2022&nbsp;<a rel=\"noreferrer noopener\" href=\"https:\/\/mix.com\/travelbunny\" target=\"_blank\">Mix<\/a>&nbsp;\u2022&nbsp;<a rel=\"noreferrer noopener\" href=\"https:\/\/www.pinterest.com\/TheTravelBunnyBlog\/\" target=\"_blank\">Pinterest<\/a>&nbsp;\u2022&nbsp;<a rel=\"noreferrer noopener\" href=\"https:\/\/www.tiktok.com\/@mirela_iepurela\" target=\"_blank\">TikTok<\/a>&nbsp;\u2022&nbsp;<a rel=\"noreferrer noopener\" href=\"https:\/\/twitter.com\/mirela_iepurela\" target=\"_blank\">Twitter<\/a>&nbsp;\u2022&nbsp;<a rel=\"noreferrer noopener\" href=\"https:\/\/youtube.com\/c\/thetravelbunny\" target=\"_blank\">Youtube<\/a><\/p>\n","protected":false},"excerpt":{"rendered":"<p>Merci&nbsp;d&rsquo;\u00eatre ici et de soutenir le Travel Bunny!&nbsp;Peu importe que ce soit votre premi\u00e8re visite ou que vous soyez un lecteur assidu de mon \u00e9criture depuis longtemps, si vous restez silencieux et observez ou peut-\u00eatre participer aux discussions et \/ ou partager des conseils et des id\u00e9es avec vos amis\u2026 merci!&nbsp;Cela signifie beaucoup pour moi! Et maintenant je suis ici pour vous en retour! Voyager \u00e0 travers la Roumanie? Ensuite, vous devriez consulter&nbsp;mes articles sur la Roumanie&nbsp;.&nbsp;Et, si vous en voulez plus, n&rsquo;h\u00e9sitez pas \u00e0 me contacter pour des conseils locaux.&nbsp;Je peux fournir d&rsquo;excellentes suggestions aux amoureux de la nature &#8230; <\/p>\n<p class=\"read-more-container\"><a title=\"Contactez moi pour des conseils de voyage!\" class=\"read-more button\" href=\"https:\/\/www.the-travel-bunny.com\/fr\/contactez-the-travel-bunny\/#more-108\" aria-label=\"En savoir plus sur Contactez moi pour des conseils de voyage!\">Lire plus<\/a><\/p>\n","protected":false},"author":1,"featured_media":1097,"parent":0,"menu_order":5,"comment_status":"closed","ping_status":"closed","template":"","meta":{"footnotes":""},"class_list":{"0":"post-108","1":"page","2":"type-page","3":"status-publish","4":"has-post-thumbnail","6":"resize-featured-image"},"_links":{"self":[{"href":"https:\/\/www.the-travel-bunny.com\/fr\/wp-json\/wp\/v2\/pages\/108","targetHints":{"allow":["GET"]}}],"collection":[{"href":"https:\/\/www.the-travel-bunny.com\/fr\/wp-json\/wp\/v2\/pages"}],"about":[{"href":"https:\/\/www.the-travel-bunny.com\/fr\/wp-json\/wp\/v2\/types\/page"}],"author":[{"embeddable":true,"href":"https:\/\/www.the-travel-bunny.com\/fr\/wp-json\/wp\/v2\/users\/1"}],"replies":[{"embeddable":true,"href":"https:\/\/www.the-travel-bunny.com\/fr\/wp-json\/wp\/v2\/comments?post=108"}],"version-history":[{"count":0,"href":"https:\/\/www.the-travel-bunny.com\/fr\/wp-json\/wp\/v2\/pages\/108\/revisions"}],"wp:featuredmedia":[{"embeddable":true,"href":"https:\/\/www.the-travel-bunny.com\/fr\/wp-json\/wp\/v2\/media\/1097"}],"wp:attachment":[{"href":"https:\/\/www.the-travel-bunny.com\/fr\/wp-json\/wp\/v2\/media?parent=108"}],"curies":[{"name":"wp","href":"https:\/\/api.w.org\/{rel}","templated":true}]}}