{"id":124,"date":"2018-08-08T14:04:00","date_gmt":"2018-08-08T14:04:00","guid":{"rendered":"https:\/\/the-travel-bunny-com.lyricalstaging.com\/fr\/?page_id=124"},"modified":"2022-08-26T14:49:03","modified_gmt":"2022-08-26T14:49:03","slug":"politique-de-confidentialite","status":"publish","type":"page","link":"https:\/\/www.the-travel-bunny.com\/fr\/politique-de-confidentialite\/","title":{"rendered":"Politique de confidentialit\u00e9 de The Travel Bunny"},"content":{"rendered":"\n<p><em>Date d&rsquo;entr\u00e9e en vigueur de la politique de confidentialit\u00e9: 8 d\u00e9cembre 2018<br>Mis \u00e0 jour: 12 mai 2021<\/em><\/p>\n\n\n\n<div style=\"height:10px\" aria-hidden=\"true\" class=\"wp-block-spacer\"><\/div>\n\n\n\n<h2 class=\"wp-block-heading\">Qui suis-je<\/h2>\n\n\n\n<p><strong><a href=\"https:\/\/www.the-travel-bunny.com\/fr\/a-propos-du-travel-bunny\/mirela-letailleur\/\">Mirela<\/a> Letailleur<\/strong> (<em>\u00abje\u00bb<\/em>, <em>\u00abmoi\u00bb<\/em> ou <em>\u00abmon\u00bb<\/em>) exploite le site <a class=\"rank-math-link\" href=\"https:\/\/www.the-travel-bunny.com\/fr\/\">www.the-travel-bunny.com<\/a> (le <em>\u00abBlog de voyage\u00bb<\/em>).<\/p>\n\n\n\n<p>Cette page vous informe de mes politiques concernant la collecte, l&rsquo;utilisation et la divulgation de donn\u00e9es personnelles lorsque vous utilisez mon blog de voyage, et les choix que vous avez associ\u00e9s \u00e0 ces donn\u00e9es. Je sais \u00e0 quel point il est important pour vous de savoir comment vos informations sont utilis\u00e9es et partag\u00e9es, et votre vie priv\u00e9e compte pour moi. Je respecterai toujours votre vie priv\u00e9e et ferai de mon mieux pour la prot\u00e9ger.<\/p>\n\n\n\n<p>J&rsquo;utilise vos donn\u00e9es pour fournir et am\u00e9liorer ce blog de voyage. En utilisant ce blog de voyage, vous acceptez la collecte et l&rsquo;utilisation d&rsquo;informations conform\u00e9ment \u00e0 cette politique.<\/p>\n\n\n\n<hr class=\"wp-block-separator has-css-opacity is-style-wide\"\/>\n\n\n\n<h2 class=\"wp-block-heading\">Collecte et utilisation des informations<\/h2>\n\n\n\n<p>Je recueille plusieurs types d&rsquo;informations \u00e0 des fins diverses afin de fournir et d&rsquo;am\u00e9liorer mon blog de voyage pour vous.<\/p>\n\n\n\n<div style=\"height:10px\" aria-hidden=\"true\" class=\"wp-block-spacer\"><\/div>\n\n\n\n<h3 class=\"wp-block-heading\">Types de donn\u00e9es collect\u00e9es<\/h3>\n\n\n\n<div style=\"height:10px\" aria-hidden=\"true\" class=\"wp-block-spacer\"><\/div>\n\n\n\n<h4 class=\"wp-block-heading\"><strong><strong>Donn\u00e9es personnelles<\/strong><\/strong><\/h4>\n\n\n\n<p>Lors de l&rsquo;utilisation de mon blog de voyage, je peux vous demander de me fournir certaines informations personnellement identifiables qui peuvent \u00eatre utilis\u00e9es pour vous contacter ou vous identifier (<em>\u00abDonn\u00e9es personnelles\u00bb<\/em>). Par exemple, vous pouvez soumettre volontairement des informations telles que votre nom ou votre adresse e-mail en laissant un commentaire ou en vous abonnant au Blog de voyage ou \u00e0 sa newsletter.<\/p>\n\n\n\n<p>Lorsque vous laissez un commentaire sur le blog de voyage, je collecte les donn\u00e9es affich\u00e9es dans le formulaire de commentaires, ainsi que votre adresse IP et la cha\u00eene de l&rsquo;agent utilisateur du navigateur pour aider \u00e0 la d\u00e9tection du spam. Une cha\u00eene anonyme cr\u00e9\u00e9e \u00e0 partir de votre adresse e-mail (\u00e9galement appel\u00e9e hachage) peut \u00eatre fournie au service Gravatar pour voir si vous l&rsquo;utilisez. La politique de confidentialit\u00e9 du service Gravatar est disponible ici: <em>automattic.com\/privacy<\/em>. Apr\u00e8s approbation de votre commentaire, votre photo de profil est visible par le public dans le contexte de votre commentaire.<\/p>\n\n\n\n<p>Les commentaires des visiteurs peuvent \u00e9galement \u00eatre v\u00e9rifi\u00e9s via un service automatis\u00e9 de d\u00e9tection de spam.<\/p>\n\n\n\n<p>En bref, les informations personnellement identifiables peuvent inclure, mais sans s&rsquo;y limiter, votre adresse e-mail, votre pr\u00e9nom et votre nom, les cookies et les donn\u00e9es d&rsquo;utilisation.<\/p>\n\n\n\n<hr class=\"wp-block-separator has-css-opacity is-style-dots\"\/>\n\n\n\n<h4 class=\"wp-block-heading\"><strong>Donn\u00e9es d&rsquo;utilisation<\/strong><\/h4>\n\n\n\n<p>Je peux \u00e9galement collecter automatiquement des informations sur l&rsquo;acc\u00e8s et l&rsquo;utilisation du Blog de voyage (<em>\u00abDonn\u00e9es d&rsquo;utilisation\u00bb<\/em>). Ces donn\u00e9es d&rsquo;utilisation peuvent inclure des informations telles que l&rsquo;adresse de protocole Internet de votre ordinateur (par exemple, l&rsquo;adresse IP), le type de syst\u00e8me d&rsquo;exploitation, le type de navigateur, la version du navigateur, les pages de r\u00e9f\u00e9rence, les pages de mon blog de voyage que vous visitez, l&rsquo;heure et la date de votre visite, le temps pass\u00e9 sur ces pages, les identifiants uniques de l&rsquo;appareil et d&rsquo;autres donn\u00e9es de diagnostic. Je peux \u00e9galement collecter des informations sur les actions que vous entreprenez lors de l&rsquo;utilisation du blog de voyage, telles que les liens sur lesquels vous avez cliqu\u00e9.<\/p>\n\n\n\n<hr class=\"wp-block-separator has-css-opacity is-style-dots\"\/>\n\n\n\n<h4 class=\"wp-block-heading\"><strong>Donn\u00e9es de suivi et cookies<\/strong><\/h4>\n\n\n\n<p>J&rsquo;utilise des cookies et des technologies de suivi similaires pour suivre l&rsquo;activit\u00e9 sur mon blog de voyage et conserver certaines informations.<\/p>\n\n\n\n<p>Les cookies sont des fichiers contenant une petite quantit\u00e9 de donn\u00e9es pouvant inclure un identifiant unique anonyme. Les cookies sont envoy\u00e9s \u00e0 votre navigateur \u00e0 partir d&rsquo;un site Web et stock\u00e9s sur votre appareil. Les technologies de suivi \u00e9galement utilis\u00e9es sont des balises, des balises et des scripts pour collecter et suivre des informations, et pour analyser mon blog de voyage.<\/p>\n\n\n\n<p>Vous pouvez demander \u00e0 votre navigateur de refuser tous les cookies ou d&rsquo;indiquer quand un cookie est envoy\u00e9. Cependant, si vous n&rsquo;acceptez pas les cookies, vous ne pourrez peut-\u00eatre pas utiliser certaines parties de mon blog de voyage. <a href=\"https:\/\/allaboutcookies.org\/\" target=\"_blank\" rel=\"noreferrer noopener\">Apprenez \u00e0 g\u00e9rer vos cookies<\/a>.<\/p>\n\n\n\n<p>Exemples de cookies que j&rsquo;utilise:<\/p>\n\n\n\n<ul class=\"wp-block-list\"><li><strong>Cookies de session<\/strong>. J&rsquo;utilise des cookies de session pour g\u00e9rer mon blog de voyage. Les cookies de session expirent lorsque vous fermez votre navigateur.<\/li><li><strong>Cookies de pr\u00e9f\u00e9rence<\/strong>. J&rsquo;utilise des cookies de pr\u00e9f\u00e9rence pour m\u00e9moriser vos pr\u00e9f\u00e9rences et divers param\u00e8tres. Ce sont des cookies persistants, qui restent avec votre navigateur jusqu&rsquo;\u00e0 ce que vous choisissiez de les supprimer.<\/li><li><strong>Cookies de s\u00e9curit\u00e9<\/strong>. J&rsquo;utilise des cookies de s\u00e9curit\u00e9 \u00e0 des fins de s\u00e9curit\u00e9.<\/li><\/ul>\n\n\n\n<hr class=\"wp-block-separator has-css-opacity is-style-dots\"\/>\n\n\n\n<h4 class=\"wp-block-heading\"><strong>Contenu int\u00e9gr\u00e9 d&rsquo;autres sites Web<\/strong><\/h4>\n\n\n\n<p>Les articles de ce site peuvent inclure du contenu int\u00e9gr\u00e9 (par exemple des vid\u00e9os, des images, des articles, etc.). Le contenu int\u00e9gr\u00e9 d&rsquo;autres sites Web se comporte exactement de la m\u00eame mani\u00e8re que si le visiteur avait visit\u00e9 l&rsquo;autre site Web.<\/p>\n\n\n\n<p>Ces sites Web peuvent collecter des donn\u00e9es \u00e0 votre sujet, utiliser des cookies, int\u00e9grer un suivi tiers suppl\u00e9mentaire et surveiller votre interaction avec ce contenu int\u00e9gr\u00e9, y compris le suivi de votre interaction avec le contenu int\u00e9gr\u00e9 si vous avez un compte et \u00eates connect\u00e9 \u00e0 ce site Web.<\/p>\n\n\n\n<hr class=\"wp-block-separator has-css-opacity is-style-dots\"\/>\n\n\n\n<h4 class=\"wp-block-heading\"><strong>Liens vers d&rsquo;autres sites<\/strong><\/h4>\n\n\n\n<p>Mon blog de voyage peut contenir des liens vers d&rsquo;autres sites que je ne g\u00e8re pas. Si vous cliquez sur un lien tiers, vous serez dirig\u00e9 vers le site de ce tiers. Je vous conseille vivement de consulter la politique de confidentialit\u00e9 de chaque site que vous visitez.<\/p>\n\n\n\n<p>Je n&rsquo;ai aucun contr\u00f4le et n&rsquo;assume aucune responsabilit\u00e9 pour le contenu, les politiques de confidentialit\u00e9 ou les pratiques de tout site ou service tiers.<\/p>\n\n\n\n<hr class=\"wp-block-separator has-css-opacity is-style-wide\"\/>\n\n\n\n<h2 class=\"wp-block-heading\">Utilisation des donn\u00e9es<\/h2>\n\n\n\n<p>The Travel Bunny utilise les donn\u00e9es collect\u00e9es \u00e0 des fins diverses:<\/p>\n\n\n\n<ul class=\"wp-block-list\"><li>Fournir et maintenir le blog de voyage<\/li><li>Pour vous envoyer des mises \u00e0 jour et \/ ou des informations promotionnelles, telles que des newsletters. Chacun de ces e-mails a la possibilit\u00e9 de se d\u00e9sabonner des futurs mailings<\/li><li>Pour vous envoyer des communications administratives, telles que des e-mails de confirmation, des avis techniques, des mises \u00e0 jour sur les politiques ou des alertes de s\u00e9curit\u00e9<\/li><li>Pour vous permettre de participer aux fonctionnalit\u00e9s interactives de mon <a href=\"https:\/\/www.the-travel-bunny.com\/fr\/blogs-de-voyage-recommandes\/\">blog de voyage<\/a> lorsque vous choisissez de le faire<\/li><li>Pour fournir une assistance aux utilisateurs<\/li><li>Pour fournir des analyses ou des informations pr\u00e9cieuses afin que je puisse am\u00e9liorer le blog de voyage, y compris le suivi et la mesure de la publicit\u00e9 sur le blog de voyage<\/li><li>Pour surveiller l&rsquo;utilisation du blog de voyage<\/li><li>Pour d\u00e9tecter, pr\u00e9venir et r\u00e9soudre les probl\u00e8mes techniques.<\/li><\/ul>\n\n\n\n<hr class=\"wp-block-separator has-css-opacity is-style-wide\"\/>\n\n\n\n<h2 class=\"wp-block-heading\">Transfert de donn\u00e9es<\/h2>\n\n\n\n<p>Si vous vous trouvez hors de France et que vous choisissez de me fournir des informations, veuillez noter que je transf\u00e8re les donn\u00e9es, y compris les Donn\u00e9es Personnelles, vers la France et que je les traite ici.<\/p>\n\n\n\n<p>Votre consentement \u00e0 cette politique de confidentialit\u00e9 suivi de la soumission de ces informations repr\u00e9sente votre accord \u00e0 un tel transfert.<\/p>\n\n\n\n<p>Le Travel Bunny prendra toutes les mesures raisonnablement n\u00e9cessaires pour s&rsquo;assurer que vos donn\u00e9es sont trait\u00e9es en toute s\u00e9curit\u00e9 et conform\u00e9ment \u00e0 la pr\u00e9sente politique de confidentialit\u00e9 et aucun transfert de vos donn\u00e9es personnelles n&rsquo;aura lieu \u00e0 une organisation ou \u00e0 un pays \u00e0 moins que des contr\u00f4les ad\u00e9quats soient en place, y compris le la s\u00e9curit\u00e9 de vos donn\u00e9es et autres informations personnelles.<\/p>\n\n\n\n<div style=\"height:10px\" aria-hidden=\"true\" class=\"wp-block-spacer\"><\/div>\n\n\n\n<h3 class=\"wp-block-heading\">Divulgation de donn\u00e9es de bonne foi<\/h3>\n\n\n\n<p>Le Travel Bunny peut divulguer vos donn\u00e9es personnelles en croyant de bonne foi qu&rsquo;une telle action est n\u00e9cessaire pour:<\/p>\n\n\n\n<ul class=\"wp-block-list\"><li>Se conformer \u00e0 une obligation l\u00e9gale<\/li><li>Pour prot\u00e9ger et d\u00e9fendre les droits ou la propri\u00e9t\u00e9 de The Travel Bunny<\/li><li>Pour pr\u00e9venir ou enqu\u00eater sur d&rsquo;\u00e9ventuels actes r\u00e9pr\u00e9hensibles en relation avec le blog de voyage<\/li><li>Pour prot\u00e9ger la s\u00e9curit\u00e9 personnelle des utilisateurs du blog de voyage ou du public<\/li><li>Pour se prot\u00e9ger contre la responsabilit\u00e9 l\u00e9gale.<\/li><\/ul>\n\n\n\n<hr class=\"wp-block-separator has-css-opacity is-style-dots\"\/>\n\n\n\n<h3 class=\"wp-block-heading\">Les fournisseurs de services<\/h3>\n\n\n\n<p>Je peux employer des soci\u00e9t\u00e9s tierces et \/ ou des individus pour faciliter mon blog de voyage (<em>\u00abFournisseurs de services\u00bb<\/em>), pour fournir le blog de voyage en mon nom, pour fournir des services li\u00e9s au blog de voyage ou pour m&rsquo;aider \u00e0 analyser comment mon blog de voyage est utilis\u00e9.<\/p>\n\n\n\n<p>Ces tiers n&rsquo;ont acc\u00e8s \u00e0 vos donn\u00e9es personnelles que pour effectuer ces t\u00e2ches en mon nom et sont tenus de ne pas les divulguer ou les utiliser \u00e0 d&rsquo;autres fins.<\/p>\n\n\n\n<div style=\"height:10px\" aria-hidden=\"true\" class=\"wp-block-spacer\"><\/div>\n\n\n\n<h4 class=\"wp-block-heading\"><strong>Google Analytics<\/strong><\/h4>\n\n\n\n<p>Google Analytics est un service d&rsquo;analyse Web propos\u00e9 par Google qui suit et signale le trafic du site Web. Google utilise les donn\u00e9es collect\u00e9es pour suivre et surveiller l&rsquo;utilisation de mon blog de voyage. Ces donn\u00e9es sont partag\u00e9es avec d&rsquo;autres services Google. Google peut utiliser les donn\u00e9es collect\u00e9es pour contextualiser et personnaliser les publicit\u00e9s de son propre r\u00e9seau publicitaire.<\/p>\n\n\n\n<p>Vous pouvez d\u00e9sactiver la mise \u00e0 disposition de votre activit\u00e9 sur le blog de voyage pour Google Analytics en installant le module compl\u00e9mentaire de navigateur de d\u00e9sactivation de Google Analytics. Le module compl\u00e9mentaire emp\u00eache le JavaScript de Google Analytics (ga.js, analytics.js et dc.js) de partager des informations avec Google Analytics sur l&rsquo;activit\u00e9 des visites.<\/p>\n\n\n\n<p>Pour plus d&rsquo;informations sur les pratiques de confidentialit\u00e9 de Google, veuillez visiter la page Web avec <a href=\"https:\/\/policies.google.com\/privacy?hl=fr\" target=\"_blank\" aria-label=\"la confidentialit\u00e9 et les conditions d&#039;utilisation de Google (opens in a new tab)\" rel=\"noreferrer noopener\" class=\"rank-math-link\">la confidentialit\u00e9 et les conditions d&rsquo;utilisation de Google<\/a>.<\/p>\n\n\n\n<hr class=\"wp-block-separator has-css-opacity is-style-wide\"\/>\n\n\n\n<h2 class=\"wp-block-heading\">Combien de temps je conserve vos donn\u00e9es<\/h2>\n\n\n\n<p>Si vous laissez un commentaire, le commentaire et ses m\u00e9tadonn\u00e9es sont conserv\u00e9s ind\u00e9finiment. C&rsquo;est pour que je puisse reconna\u00eetre et approuver automatiquement tous les commentaires de suivi au lieu de les mettre dans une file d&rsquo;attente de mod\u00e9ration.<\/p>\n\n\n\n<p>Pour les utilisateurs qui s&rsquo;inscrivent sur notre site Web (le cas \u00e9ch\u00e9ant), je stocke \u00e9galement les informations personnelles qu&rsquo;ils fournissent dans leur profil d&rsquo;utilisateur. Tous les utilisateurs peuvent voir leurs informations personnelles \u00e0 tout moment sur leurs profils publics. Les administrateurs du site Web peuvent \u00e9galement voir, modifier et supprimer ces informations (\u00e0 l&rsquo;exception des noms d&rsquo;utilisateur).<\/p>\n\n\n\n<hr class=\"wp-block-separator has-css-opacity is-style-wide\"\/>\n\n\n\n<h2 class=\"wp-block-heading\">Quels droits vous avez sur vos donn\u00e9es<\/h2>\n\n\n\n<p>Si vous avez un compte sur ce site, ou avez laiss\u00e9 des commentaires, vous pouvez demander \u00e0 recevoir un fichier export\u00e9 des donn\u00e9es personnelles que nous d\u00e9tenons \u00e0 votre sujet, y compris les donn\u00e9es que vous nous avez fournies. Vous pouvez \u00e9galement demander que nous effacions toutes les donn\u00e9es personnelles que nous d\u00e9tenons \u00e0 votre sujet. Cela n&rsquo;inclut pas les donn\u00e9es que nous sommes oblig\u00e9s de conserver \u00e0 des fins administratives, juridiques ou de s\u00e9curit\u00e9.<\/p>\n\n\n\n<hr class=\"wp-block-separator has-css-opacity is-style-wide\"\/>\n\n\n\n<h2 class=\"wp-block-heading\">La vie priv\u00e9e des enfants<\/h2>\n\n\n\n<p>Mon blog de voyage ne s&rsquo;adresse \u00e0 personne de moins de 18 ans (<em>\u00abenfants\u00bb<\/em>).<\/p>\n\n\n\n<p>Je ne collecte pas sciemment d&rsquo;informations personnellement identifiables aupr\u00e8s de personnes de moins de 18 ans. Si vous \u00eates un parent ou un tuteur et que vous savez que votre enfant nous a fourni des donn\u00e9es personnelles, veuillez me contacter. Si je me rends compte que j&rsquo;ai collect\u00e9 des donn\u00e9es personnelles d&rsquo;enfants sans v\u00e9rification du consentement parental, je prends des mesures pour supprimer ces informations de mes serveurs.<\/p>\n\n\n\n<hr class=\"wp-block-separator has-css-opacity is-style-wide\"\/>\n\n\n\n<h2 class=\"wp-block-heading\">Modifications de cette politique de confidentialit\u00e9<\/h2>\n\n\n\n<p>Je peux mettre \u00e0 jour ma politique de confidentialit\u00e9 de temps \u00e0 autre. Je vous informerai de tout changement en publiant la nouvelle politique de confidentialit\u00e9 sur cette page.<\/p>\n\n\n\n<p>Il vous est conseill\u00e9 de consulter p\u00e9riodiquement cette politique de confidentialit\u00e9 pour tout changement. Les modifications apport\u00e9es \u00e0 cette politique de confidentialit\u00e9 sont effectives lorsqu&rsquo;elles sont publi\u00e9es sur cette page.<\/p>\n\n\n\n<hr class=\"wp-block-separator has-css-opacity is-style-wide\"\/>\n\n\n\n<h2 class=\"wp-block-heading\">Contactez moi<\/h2>\n\n\n\n<p>Si vous avez des questions sur cette politique de confidentialit\u00e9, veuillez me contacter par e-mail \u00e0&nbsp;<a rel=\"noreferrer noopener\" href=\"mailto:mirela@the-travel-bunny.com\" target=\"_blank\">mirela@the-travel-bunny.com<\/a>.<\/p>\n","protected":false},"excerpt":{"rendered":"<p>Date d&rsquo;entr\u00e9e en vigueur de la politique de confidentialit\u00e9: 8 d\u00e9cembre 2018Mis \u00e0 jour: 12 mai 2021 Qui suis-je Mirela Letailleur (\u00abje\u00bb, \u00abmoi\u00bb ou \u00abmon\u00bb) exploite le site www.the-travel-bunny.com (le \u00abBlog de voyage\u00bb). Cette page vous informe de mes politiques concernant la collecte, l&rsquo;utilisation et la divulgation de donn\u00e9es personnelles lorsque vous utilisez mon blog de voyage, et les choix que vous avez associ\u00e9s \u00e0 ces donn\u00e9es. Je sais \u00e0 quel point il est important pour vous de savoir comment vos informations sont utilis\u00e9es et partag\u00e9es, et votre vie priv\u00e9e compte pour moi. Je respecterai toujours votre vie priv\u00e9e et &#8230; <\/p>\n<p class=\"read-more-container\"><a title=\"Politique de confidentialit\u00e9 de The Travel Bunny\" class=\"read-more button\" href=\"https:\/\/www.the-travel-bunny.com\/fr\/politique-de-confidentialite\/#more-124\" aria-label=\"En savoir plus sur Politique de confidentialit\u00e9 de The Travel Bunny\">Lire plus<\/a><\/p>\n","protected":false},"author":1,"featured_media":1099,"parent":0,"menu_order":6,"comment_status":"closed","ping_status":"closed","template":"","meta":{"footnotes":""},"class_list":{"0":"post-124","1":"page","2":"type-page","3":"status-publish","4":"has-post-thumbnail","6":"resize-featured-image"},"_links":{"self":[{"href":"https:\/\/www.the-travel-bunny.com\/fr\/wp-json\/wp\/v2\/pages\/124","targetHints":{"allow":["GET"]}}],"collection":[{"href":"https:\/\/www.the-travel-bunny.com\/fr\/wp-json\/wp\/v2\/pages"}],"about":[{"href":"https:\/\/www.the-travel-bunny.com\/fr\/wp-json\/wp\/v2\/types\/page"}],"author":[{"embeddable":true,"href":"https:\/\/www.the-travel-bunny.com\/fr\/wp-json\/wp\/v2\/users\/1"}],"replies":[{"embeddable":true,"href":"https:\/\/www.the-travel-bunny.com\/fr\/wp-json\/wp\/v2\/comments?post=124"}],"version-history":[{"count":0,"href":"https:\/\/www.the-travel-bunny.com\/fr\/wp-json\/wp\/v2\/pages\/124\/revisions"}],"wp:featuredmedia":[{"embeddable":true,"href":"https:\/\/www.the-travel-bunny.com\/fr\/wp-json\/wp\/v2\/media\/1099"}],"wp:attachment":[{"href":"https:\/\/www.the-travel-bunny.com\/fr\/wp-json\/wp\/v2\/media?parent=124"}],"curies":[{"name":"wp","href":"https:\/\/api.w.org\/{rel}","templated":true}]}}