{"id":5,"date":"2019-04-10T01:00:45","date_gmt":"2019-04-10T01:00:45","guid":{"rendered":"https:\/\/the-travel-bunny-com.lyricalstaging.com\/fr\/?page_id=5"},"modified":"2022-02-17T10:05:21","modified_gmt":"2022-02-17T10:05:21","slug":"accueil","status":"publish","type":"page","link":"https:\/\/www.the-travel-bunny.com\/fr\/","title":{"rendered":"Voyage \u00e0 petit budget avec The Travel Bunny"},"content":{"rendered":"\n<p>Mon nom est&nbsp;<strong>Mirela Letailleur<\/strong>&nbsp;et je suis heureux de vous rencontrer et de partager mes histoires du voyage \u00e0 petit budget avec vous.<\/p>\n\n\n\n<p>Il n&rsquo;y a pas si longtemps, j&rsquo;\u00e9tais coordinateur num\u00e9rique, \u00e9v\u00e9nements et cours pour adultes au British Council en Roumanie.\u00a0Aujourd&rsquo;hui, je suis un\u00a0<strong>blogueur de voyage \u00e0 petit budget<\/strong> <strong> \u00e0 plein temps en qu\u00eate de devenir un nomade digitale<\/strong>\u00a0avec mon mari, Mathieu.<\/p>\n\n\n\n<p>En f\u00e9vrier 2020, nous avons achet\u00e9 un bateau en France, dans l&rsquo;espoir de naviguer sur la M\u00e9diterran\u00e9e.&nbsp;Apr\u00e8s le verrouillage,&nbsp;<strong>nous avons mis les voiles depuis le sud de la France, le long de la c\u00f4te italienne, puis jusqu&rsquo;\u00e0 la <a href=\"https:\/\/www.the-travel-bunny.com\/fr\/etiquette\/mer-egee\/\">mer \u00c9g\u00e9e<\/a> en Gr\u00e8ce<\/strong>&nbsp;.&nbsp;Avant que toutes ces histoires incroyables n&rsquo;arrivent sur le blog, consultez les autres articles que j&rsquo;ai \u00e9crits pour vous inspirer!<\/p>\n\n\n\n<p class=\"has-text-align-right\"><a href=\"https:\/\/www.the-travel-bunny.com\/fr\/a-propos-du-travel-bunny\/mirela-letailleur\/\" class=\"rank-math-link\">Plus sur Mirela<\/a>&nbsp;\/ <a href=\"https:\/\/www.the-travel-bunny.com\/fr\/a-propos-du-travel-bunny\/\" class=\"rank-math-link\">Plus sur The Travel Bunny<\/a><\/p>\n\n\n\n<hr class=\"wp-block-separator is-style-wide\"\/>\n\n\n\n<h2 class=\"wp-block-heading\" id=\"le-blog-travel-bunny\">Le blog Travel Bunny<\/h2>\n\n\n\n<p><strong>Articles de <a href=\"https:\/\/www.the-travel-bunny.com\/fr\/blogs-de-voyage-recommandes\/\">blog de voyage<\/a> r\u00e9cents sur The Travel Bunny<\/strong><\/p>\n\n\n<ul class=\"wp-block-latest-posts__list is-grid columns-4 has-dates aligncenter wp-block-latest-posts\"><li><div class=\"wp-block-latest-posts__featured-image aligncenter\"><a href=\"https:\/\/www.the-travel-bunny.com\/fr\/guide-cote-est-reunion-cascade-vanille\/\" aria-label=\"Guide c\u00f4te est R\u00e9union. Cascades, vanille et paysages sauvages\"><img loading=\"lazy\" decoding=\"async\" width=\"300\" height=\"111\" src=\"https:\/\/www.the-travel-bunny.com\/fr\/wp-content\/uploads\/sites\/3\/2026\/02\/guide-cote-est-reunion-cascade-niagara-sainte-suzanne-bassin-naturel-300x111.jpg\" class=\"attachment-medium size-medium wp-post-image\" alt=\"guide cote est reunion. Cascade Niagara \u00e0 Sainte-Suzanne, chute d\u2019eau encadr\u00e9e par des falaises basaltiques sur la c\u00f4te est de La R\u00e9union\" style=\"\" srcset=\"https:\/\/www.the-travel-bunny.com\/fr\/wp-content\/uploads\/sites\/3\/2026\/02\/guide-cote-est-reunion-cascade-niagara-sainte-suzanne-bassin-naturel-300x111.jpg 300w, https:\/\/www.the-travel-bunny.com\/fr\/wp-content\/uploads\/sites\/3\/2026\/02\/guide-cote-est-reunion-cascade-niagara-sainte-suzanne-bassin-naturel-768x285.jpg 768w, https:\/\/www.the-travel-bunny.com\/fr\/wp-content\/uploads\/sites\/3\/2026\/02\/guide-cote-est-reunion-cascade-niagara-sainte-suzanne-bassin-naturel.jpg 792w\" sizes=\"auto, (max-width: 300px) 100vw, 300px\" title=\"\"><\/a><\/div><a class=\"wp-block-latest-posts__post-title\" href=\"https:\/\/www.the-travel-bunny.com\/fr\/guide-cote-est-reunion-cascade-vanille\/\">Guide c\u00f4te est R\u00e9union. Cascades, vanille et paysages sauvages<\/a><time datetime=\"2026-02-26T06:19:00+00:00\" class=\"wp-block-latest-posts__post-date\">26\/02\/2026<\/time><div class=\"wp-block-latest-posts__post-excerpt\">La c\u00f4te est de La R\u00e9union d\u00e9voile un visage plus sauvage de l\u2019\u00eele, o\u00f9 les cascades, les falaises de lave et les plantations de vanille remplacent les plages de lagon. Ce guide c\u00f4te est La R\u00e9union d\u00e9taill\u00e9 couvre la route des laves, la cascade Niagara, les randonn\u00e9es en for\u00eat autour de Grand \u00c9tang, les cascades du Bras d\u2019Anette et le littoral spectaculaire entre Sainte Suzanne et Saint Philippe La R\u00e9union. Tu y trouveras des temps de route r\u00e9alistes, des conseils de s\u00e9curit\u00e9 pour les bassins de rivi\u00e8re, les meilleurs points de vue sur la lave et des recommandations pour visiter la coop\u00e9rative Pro Vanille \u00e0 Bras Panon La R\u00e9union. Que tu pr\u00e9pares un itin\u00e9raire 1 jour est R\u00e9union ou un itin\u00e9raire 2 jours est R\u00e9union en mode road trip c\u00f4te est R\u00e9union, le guide La R\u00e9union de The Travel Bunny t\u2019aide \u00e0 explorer la c\u00f4te au vent avec confiance et efficacit\u00e9.<\/div><\/li>\n<li><div class=\"wp-block-latest-posts__featured-image aligncenter\"><a href=\"https:\/\/www.the-travel-bunny.com\/fr\/guide-cote-ouest-la-reunion-itineraire\/\" aria-label=\"C\u00f4te ouest vers c\u00f4te sud La R\u00e9union, une route locale en mode lent. Guide des plages c\u00f4te ouest La R\u00e9union\"><img loading=\"lazy\" decoding=\"async\" width=\"300\" height=\"111\" src=\"https:\/\/www.the-travel-bunny.com\/fr\/wp-content\/uploads\/sites\/3\/2026\/02\/itineraire-cote-ouest-La-Reunion-guide-plages-300x111.jpg\" class=\"attachment-medium size-medium wp-post-image\" alt=\"itineraire c\u00f4te ouest La R\u00e9union guide plages. Vue a\u00e9rienne de la c\u00f4te ouest de La R\u00e9union avec lagon turquoise, barri\u00e8re de corail, route littorale et zones r\u00e9sidentielles entre Saint-Gilles et Saint-Paul.\" style=\"\" srcset=\"https:\/\/www.the-travel-bunny.com\/fr\/wp-content\/uploads\/sites\/3\/2026\/02\/itineraire-cote-ouest-La-Reunion-guide-plages-300x111.jpg 300w, https:\/\/www.the-travel-bunny.com\/fr\/wp-content\/uploads\/sites\/3\/2026\/02\/itineraire-cote-ouest-La-Reunion-guide-plages-768x285.jpg 768w, https:\/\/www.the-travel-bunny.com\/fr\/wp-content\/uploads\/sites\/3\/2026\/02\/itineraire-cote-ouest-La-Reunion-guide-plages.jpg 792w\" sizes=\"auto, (max-width: 300px) 100vw, 300px\" title=\"\"><\/a><\/div><a class=\"wp-block-latest-posts__post-title\" href=\"https:\/\/www.the-travel-bunny.com\/fr\/guide-cote-ouest-la-reunion-itineraire\/\">C\u00f4te ouest vers c\u00f4te sud La R\u00e9union, une route locale en mode lent. Guide des plages c\u00f4te ouest La R\u00e9union<\/a><time datetime=\"2026-02-10T13:48:00+00:00\" class=\"wp-block-latest-posts__post-date\">10\/02\/2026<\/time><div class=\"wp-block-latest-posts__post-excerpt\">Ce road trip sur la c\u00f4te ouest La R\u00e9union jusqu\u2019au Sud Sauvage montre l\u2019\u00eele telle que les habitant\u00b7e\u00b7s la vivent. Matin\u00e9es lagon pr\u00e8s de Saint-Gilles, march\u00e9s aux \u00e9pices \u00e0 Saint-Paul, plage \u00c9tang-Sal\u00e9 sable noir, puis c\u00f4tes volcaniques au-del\u00e0 de Saint-Pierre s\u2019encha\u00eenent dans un itin\u00e9raire d\u00e9tendu centr\u00e9 sur le littoral. \nJ\u2019ai d\u00e9couvert cette route avec des amis locaux, dormi sous tente face \u00e0 la mer, mang\u00e9 de la cuisine cr\u00e9ole sans me presser et fait des arr\u00eats chaque fois que la lumi\u00e8re devenait parfaite. \nLe guide de la c\u00f4te ouest de La R\u00e9union par The Travel Bunny couvre les plages, la nourriture, la conduite, la s\u00e9curit\u00e9 et le rythme, pour que tu puisses vivre La R\u00e9union sans surplanifier et sans t\u2019\u00e9puiser.<\/div><\/li>\n<li><div class=\"wp-block-latest-posts__featured-image aligncenter\"><a href=\"https:\/\/www.the-travel-bunny.com\/fr\/guide-visiter-tanneron-france\/\" aria-label=\"Visiter Tanneron France 2026. Le guide de voyage complet du village du mimosa en Provence\"><img loading=\"lazy\" decoding=\"async\" width=\"300\" height=\"112\" src=\"https:\/\/www.the-travel-bunny.com\/fr\/wp-content\/uploads\/sites\/3\/2026\/01\/Visiter-Tanneron-France-guide-mimosa-provence-300x112.jpg\" class=\"attachment-medium size-medium wp-post-image\" alt=\"Visiter Tanneron guide mimosa. For\u00eat de mimosas Tanneron en fleurs avec panorama sur le village perch\u00e9 du Tanneron dans le Var et l\u2019arri\u00e8re-pays du Pays de Fayence\" style=\"\" srcset=\"https:\/\/www.the-travel-bunny.com\/fr\/wp-content\/uploads\/sites\/3\/2026\/01\/Visiter-Tanneron-France-guide-mimosa-provence-300x112.jpg 300w, https:\/\/www.the-travel-bunny.com\/fr\/wp-content\/uploads\/sites\/3\/2026\/01\/Visiter-Tanneron-France-guide-mimosa-provence-768x286.jpg 768w, https:\/\/www.the-travel-bunny.com\/fr\/wp-content\/uploads\/sites\/3\/2026\/01\/Visiter-Tanneron-France-guide-mimosa-provence.jpg 792w\" sizes=\"auto, (max-width: 300px) 100vw, 300px\" title=\"\"><\/a><\/div><a class=\"wp-block-latest-posts__post-title\" href=\"https:\/\/www.the-travel-bunny.com\/fr\/guide-visiter-tanneron-france\/\">Visiter Tanneron France 2026. Le guide de voyage complet du village du mimosa en Provence<\/a><time datetime=\"2026-01-20T14:52:00+00:00\" class=\"wp-block-latest-posts__post-date\">20\/01\/2026<\/time><div class=\"wp-block-latest-posts__post-excerpt\">Je vis dans le Pays de Fayence et j\u2019ai visit\u00e9 le Village de Tanneron en toutes saisons, y compris pendant le pic de floraison du Tanneron mimosa, lors des week-ends tr\u00e8s fr\u00e9quent\u00e9s de la F\u00eate du mimosa Tanneron, et pendant des journ\u00e9es calmes de randonn\u00e9e dans le Massif du Tanneron. Ce guide vous explique exactement comment visiter Tanneron France sans improviser ni perdre de temps. J\u2019y d\u00e9taille quand visiter Tanneron, o\u00f9 la For\u00eat de mimosas Tanneron est la plus spectaculaire, comment organiser une excursion Tanneron depuis Nice ou Cannes, et quels sentiers conviennent aux familles, aux randonneur\u00b7euse\u00b7s et aux adeptes du slow travel. Vous trouverez aussi des conseils clairs sur le stationnement \u00e0 Tanneron, o\u00f9 manger \u00e0 Tanneron, les producteurs locaux de mimosa, et l\u2019industrie du mimosa dans le Var dont vivent les habitant\u00b7e\u00b7s. Si vous cherchez des infos fiables et concr\u00e8tes sur le Tanneron tourisme, c\u2019est le guide que j\u2019aurais aim\u00e9 avoir avant de m\u2019installer ici.<\/div><\/li>\n<li><div class=\"wp-block-latest-posts__featured-image aligncenter\"><a href=\"https:\/\/www.the-travel-bunny.com\/fr\/marches-de-noel-a-bucarest-guide\/\" aria-label=\"Guide No\u00ebl \u00e0 Bucarest 2025. March\u00e9s, Traditions et Magie Hivernale dans la Capitale Roumaine\"><img loading=\"lazy\" decoding=\"async\" width=\"300\" height=\"111\" src=\"https:\/\/www.the-travel-bunny.com\/fr\/wp-content\/uploads\/sites\/3\/2025\/12\/Noel-a-Bucarest-Marche-de-Noel-du-centre-ville-Place-Universite-Nuit-300x111.png\" class=\"attachment-medium size-medium wp-post-image\" alt=\"No\u00ebl \u00e0 Bucarest. Marche de Noel a Bucarest sur la Place de l Universite la nuit avec lettres lumineuses Bucuresti carrousel illumine et decorations festives en hiver\" style=\"\" srcset=\"https:\/\/www.the-travel-bunny.com\/fr\/wp-content\/uploads\/sites\/3\/2025\/12\/Noel-a-Bucarest-Marche-de-Noel-du-centre-ville-Place-Universite-Nuit-300x111.png 300w, https:\/\/www.the-travel-bunny.com\/fr\/wp-content\/uploads\/sites\/3\/2025\/12\/Noel-a-Bucarest-Marche-de-Noel-du-centre-ville-Place-Universite-Nuit-768x285.png 768w, https:\/\/www.the-travel-bunny.com\/fr\/wp-content\/uploads\/sites\/3\/2025\/12\/Noel-a-Bucarest-Marche-de-Noel-du-centre-ville-Place-Universite-Nuit.png 792w\" sizes=\"auto, (max-width: 300px) 100vw, 300px\" title=\"\"><\/a><\/div><a class=\"wp-block-latest-posts__post-title\" href=\"https:\/\/www.the-travel-bunny.com\/fr\/marches-de-noel-a-bucarest-guide\/\">Guide No\u00ebl \u00e0 Bucarest 2025. March\u00e9s, Traditions et Magie Hivernale dans la Capitale Roumaine<\/a><time datetime=\"2025-12-11T21:49:00+00:00\" class=\"wp-block-latest-posts__post-date\">11\/12\/2025<\/time><div class=\"wp-block-latest-posts__post-excerpt\">Vivre No\u00ebl \u00e0 Bucarest avec un regard local. J\u2019ai grandi \u00e0 Drumul Taberei et je reviens chaque ann\u00e9e pour voir comment Bucarest en d\u00e9cembre se transforme. Ce guide No\u00ebl Bucarest vous pr\u00e9sente les meilleurs march\u00e9s de No\u00ebl Roumanie \u00e0 Bucarest, les rues incontournables pour les lumi\u00e8res de No\u00ebl Bucarest, les vraies activit\u00e9s hivernales Bucarest, ainsi que les traditions de No\u00ebl \u00e0 Bucarest qui donnent le ton \u00e0 la saison.\n\nConseils pratiques et regard honn\u00eate. Vous trouverez des recommandations concr\u00e8tes sur la gastronomie de No\u00ebl roumaine, les restaurants No\u00ebl Bucarest, les transports et la s\u00e9curit\u00e9 en Bucarest en hiver, les h\u00f4tels de No\u00ebl Bucarest, le patinage sur glace Bucarest hiver et les excursions faciles autour de la ville. Je partage aussi mon avis sinc\u00e8re sur ce qui s\u2019est am\u00e9lior\u00e9 et ce qui reste inchang\u00e9.\n\nPour qui est ce guide. Si vous pr\u00e9parez un city break Bucarest No\u00ebl ou un s\u00e9jour hivernal Bucarest, ce guide vous aide \u00e0 visiter Bucarest en d\u00e9cembre sans perdre de temps, avec des choix r\u00e9alistes et actuels.<\/div><\/li>\n<\/ul>\n\n\n<p class=\"has-text-align-center\"><strong>Obtenez des guides de voyage gratuits, les meilleurs conseils de voyage et l&rsquo;inspiration de l&rsquo;aventure dans votre bo\u00eete de r\u00e9ception.<\/strong><br><strong>Abonnez-vous et voyagez mieux!<\/strong><\/p>\n\n\n\n<hr class=\"wp-block-separator is-style-wide\"\/>\n\n\n\n<h2 class=\"wp-block-heading\" id=\"explorez-avec-the-travel-bunny\">Explorez avec The Travel Bunny<\/h2>\n\n\n\n<p><strong>Choses \u00e0 faire en vacances<\/strong><\/p>\n\n\n\n<div class=\"wp-block-media-text alignwide is-stacked-on-mobile\" style=\"grid-template-columns:49% auto\"><figure class=\"wp-block-media-text__media\"><a href=\"https:\/\/www.the-travel-bunny.com\/fr\/tentes-de-toit-voiture\/\"><img loading=\"lazy\" decoding=\"async\" width=\"469\" height=\"174\" src=\"https:\/\/www.the-travel-bunny.com\/fr\/wp-content\/uploads\/sites\/3\/2021\/06\/meilleures-tentes-de-toit-voiture.jpg\" alt=\"meilleures tentes de toit voiture\" class=\"wp-image-3284 size-full\" title=\"\" srcset=\"https:\/\/www.the-travel-bunny.com\/fr\/wp-content\/uploads\/sites\/3\/2021\/06\/meilleures-tentes-de-toit-voiture.jpg 469w, https:\/\/www.the-travel-bunny.com\/fr\/wp-content\/uploads\/sites\/3\/2021\/06\/meilleures-tentes-de-toit-voiture-300x111.jpg 300w\" sizes=\"auto, (max-width: 469px) 100vw, 469px\" \/><\/a><\/figure><div class=\"wp-block-media-text__content\">\n<p><strong><br>Faites du camping<\/strong><\/p>\n\n\n\n<h3 class=\"wp-block-heading\" id=\"les-meilleures-tentes-de-toit-voiture\"><a href=\"https:\/\/www.the-travel-bunny.com\/fr\/tentes-de-toit-voiture\/\">Les meilleures tentes de toit voiture<\/a><\/h3>\n\n\n\n<p>M\u00eame si beaucoup de gens pr\u00e9f\u00e8rent dormir dans la voiture comme option de camping en voiture, cela peut \u00eatre assez inconfortable. Il est tr\u00e8s important d\u2019avoir une tente de qualit\u00e9 pour bien dormir, surtout lorsque vous optez pour le camping en voiture <\/p>\n<\/div><\/div>\n\n\n\n<div class=\"wp-block-columns is-layout-flex wp-container-core-columns-is-layout-9d6595d7 wp-block-columns-is-layout-flex\">\n<div class=\"wp-block-column is-layout-flow wp-block-column-is-layout-flow\">\n<figure class=\"wp-block-image size-large\"><a href=\"https:\/\/www.the-travel-bunny.com\/fr\/guides-de-voyage\/guide-de-voyage-rome\/plus-beaux-sites-archeologiques-rome\/\"><img loading=\"lazy\" decoding=\"async\" width=\"261\" height=\"174\" src=\"https:\/\/www.the-travel-bunny.com\/fr\/wp-content\/uploads\/sites\/3\/2021\/06\/sites-archeologiques-a-Rome-1.jpg\" alt=\"sites arch\u00e9ologiques \u00e0 Rome\" class=\"wp-image-3286\" title=\"\"><\/a><\/figure>\n\n\n\n<p><strong>Visitez l&rsquo;Italie<\/strong><\/p>\n\n\n\n<h3 class=\"wp-block-heading\" id=\"magnifiques-sites-archeologiques-a-rome\"><a href=\"https:\/\/www.the-travel-bunny.com\/fr\/guides-de-voyage\/guide-de-voyage-rome\/plus-beaux-sites-archeologiques-rome\/\">Magnifiques sites arch\u00e9ologiques \u00e0 Rome<\/a><\/h3>\n\n\n\n<p>Sur cette page du guide de voyage gratuit pour Rome, vous trouverez les plus int\u00e9ressants sites arch\u00e9ologiques \u00e0 Rome que vous devriez visiter lors de votre voyage en Italie. Pour chacun de ces sites arch\u00e9ologiques \u00e0 Rome, vous trouverez &#8230;<\/p>\n<\/div>\n\n\n\n<div class=\"wp-block-column is-layout-flow wp-block-column-is-layout-flow\">\n<figure class=\"wp-block-image size-large\"><a href=\"https:\/\/www.the-travel-bunny.com\/fr\/lac-koman-ferry-albanie\/\"><img loading=\"lazy\" decoding=\"async\" width=\"261\" height=\"174\" src=\"https:\/\/www.the-travel-bunny.com\/fr\/wp-content\/uploads\/sites\/3\/2021\/06\/ferry-du-lac-Komani.jpg\" alt=\"ferry du lac Komani\" class=\"wp-image-3287\" title=\"\"><\/a><\/figure>\n\n\n\n<p><strong>Explorez l&rsquo;Albanie<\/strong><\/p>\n\n\n\n<h3 class=\"wp-block-heading\" id=\"detendez-vous-lors-du-trajet-en-ferry-du-lac-komani\"><a href=\"https:\/\/www.the-travel-bunny.com\/fr\/lac-koman-ferry-albanie\/\">D\u00e9tendez-vous lors du trajet en ferry du lac Komani<\/a><\/h3>\n\n\n\n<p>Avancer lentement entre les parois rocheuses des hautes montagnes jettera un sentiment d&rsquo;insignifiance de vous, en tant qu&rsquo;humain, face \u00e0 la nature, dans toute sa puissance. C&rsquo;est peut-\u00eatre trop difficile pour m\u00eame prendre des photos \u2026<\/p>\n<\/div>\n\n\n\n<div class=\"wp-block-column is-layout-flow wp-block-column-is-layout-flow\">\n<figure class=\"wp-block-image size-large\"><a href=\"https:\/\/www.the-travel-bunny.com\/fr\/pourquoi-visiter-la-roumanie-raisons\/\"><img loading=\"lazy\" decoding=\"async\" width=\"261\" height=\"174\" src=\"https:\/\/www.the-travel-bunny.com\/fr\/wp-content\/uploads\/sites\/3\/2021\/06\/raisons-pour-visiter-la-Roumanie.jpg\" alt=\"raisons pour visiter la Roumanie\" class=\"wp-image-3288\" title=\"\"><\/a><\/figure>\n\n\n\n<p><strong>Tombez amoureux de Roumanie<\/strong><\/p>\n\n\n\n<h3 class=\"wp-block-heading\" id=\"100-raisons-pour-visiter-la-roumanie\"><a href=\"https:\/\/www.the-travel-bunny.com\/fr\/pourquoi-visiter-la-roumanie-raisons\/\">100 raisons pour visiter la Roumanie<\/a><\/h3>\n\n\n\n<p>Bien que la vie quotidienne ici puisse parfois sembler fatigante, j\u2019appr\u00e9cie d\u2019\u00eatre n\u00e9e dans un pays avec tant de beaut\u00e9s naturelles. Et, malgr\u00e9 les probl\u00e8mes dans la sph\u00e8re politique, je continue de croire que la Roumanie est \u2026<\/p>\n<\/div>\n\n\n\n<div class=\"wp-block-column is-layout-flow wp-block-column-is-layout-flow\">\n<figure class=\"wp-block-image size-large\"><a href=\"https:\/\/www.the-travel-bunny.com\/fr\/guides-de-voyage\/guide-de-voyage-athenes\/rues-places-athenes\/\"><img loading=\"lazy\" decoding=\"async\" width=\"261\" height=\"174\" src=\"https:\/\/www.the-travel-bunny.com\/fr\/wp-content\/uploads\/sites\/3\/2021\/06\/places-et-rues-Athenes.jpg\" alt=\"places et rues d&#039;Ath\u00e8nes\" class=\"wp-image-3289\" title=\"\"><\/a><\/figure>\n\n\n\n<p><strong>Voyage \u00e0 petit budget en Gr\u00e8ce<\/strong><\/p>\n\n\n\n<h3 class=\"wp-block-heading\" id=\"belles-places-et-rues-d-athenes\"><a href=\"https:\/\/www.the-travel-bunny.com\/fr\/guides-de-voyage\/guide-de-voyage-athenes\/rues-places-athenes\/\">Belles places et rues d&rsquo;Ath\u00e8nes<\/a><\/h3>\n\n\n\n<p>Trouvez les rues les plus importantes d\u2019Ath\u00e8nes, que vous devriez faire une promenade, ainsi que les march\u00e9s d\u2019Ath\u00e8nes o\u00f9 vous devriez vous arr\u00eater dans un apr\u00e8s-midi. Petits ou grands, il y a certainement des endroits o\u00f9  \u2026<\/p>\n<\/div>\n<\/div>\n\n\n\n<hr class=\"wp-block-separator is-style-wide\"\/>\n\n\n\n<h2 class=\"wp-block-heading\" id=\"nouveaux-produits-de-voyage-a-petit-budget\">Nouveaux produits de voyage \u00e0 petit budget<\/h2>\n\n\n\n<p><strong>Boutique du voyageur<\/strong><\/p>\n\n\n\n<div class=\"wp-block-columns is-layout-flex wp-container-core-columns-is-layout-9d6595d7 wp-block-columns-is-layout-flex\">\n<div class=\"wp-block-column is-layout-flow wp-block-column-is-layout-flow\">\n<figure class=\"wp-block-image size-large\"><a href=\"https:\/\/www.the-travel-bunny.com\/boutique\/nayo-almighty-grande-taille\/\"><img loading=\"lazy\" decoding=\"async\" width=\"261\" height=\"174\" src=\"https:\/\/www.the-travel-bunny.com\/fr\/wp-content\/uploads\/sites\/3\/2021\/06\/Sac-a-Dos-Nayo-Almighty-32L.jpg\" alt=\"Sac \u00e0 Dos Nayo Almighty 32L\" class=\"wp-image-3297\" title=\"\"><\/a><\/figure>\n\n\n\n<h3 class=\"has-normal-font-size wp-block-heading\" id=\"sac-a-dos-nayo-almighty-32l\"><a href=\"https:\/\/www.the-travel-bunny.com\/boutique\/nayo-almighty-grande-taille\/\">Sac \u00e0 Dos Nayo Almighty 32L<\/a><\/h3>\n<\/div>\n\n\n\n<div class=\"wp-block-column is-layout-flow wp-block-column-is-layout-flow\">\n<figure class=\"wp-block-image size-large\"><a href=\"https:\/\/www.the-travel-bunny.com\/boutique\/sac-a-dos-nayo-exp\/\"><img loading=\"lazy\" decoding=\"async\" width=\"261\" height=\"174\" src=\"https:\/\/www.the-travel-bunny.com\/fr\/wp-content\/uploads\/sites\/3\/2021\/06\/Sac-a-Dos-Nayo-EXP-2-en-1.jpg\" alt=\"Sac \u00e0 Dos Nayo EXP 2 en 1\" class=\"wp-image-3298\" title=\"\"><\/a><\/figure>\n\n\n\n<h3 class=\"has-normal-font-size wp-block-heading\" id=\"sac-a-dos-nayo-exp-2-en-1\"><a href=\"https:\/\/www.the-travel-bunny.com\/boutique\/sac-a-dos-nayo-exp\/\">Sac \u00e0 Dos Nayo EXP 2 en 1<\/a><\/h3>\n<\/div>\n\n\n\n<div class=\"wp-block-column is-layout-flow wp-block-column-is-layout-flow\"><\/div>\n\n\n\n<div class=\"wp-block-column is-layout-flow wp-block-column-is-layout-flow\"><\/div>\n<\/div>\n\n\n\n<p class=\"has-text-align-center\">Voir les derniers produits pour les voyageurs ou consulter les offres que je partage sur <a href=\"https:\/\/twitter.com\/mirela_iepurela\" target=\"_blank\" aria-label=\"Twitter (opens in a new tab)\" rel=\"noreferrer noopener\" class=\"rank-math-link\">Twitter<\/a><\/p>\n","protected":false},"excerpt":{"rendered":"<p>Mon nom est&nbsp;Mirela Letailleur&nbsp;et je suis heureux de vous rencontrer et de partager mes histoires du voyage \u00e0 petit budget avec vous. Il n&rsquo;y a pas si longtemps, j&rsquo;\u00e9tais coordinateur num\u00e9rique, \u00e9v\u00e9nements et cours pour adultes au British Council en Roumanie.\u00a0Aujourd&rsquo;hui, je suis un\u00a0blogueur de voyage \u00e0 petit budget \u00e0 plein temps en qu\u00eate de devenir un nomade digitale\u00a0avec mon mari, Mathieu. En f\u00e9vrier 2020, nous avons achet\u00e9 un bateau en France, dans l&rsquo;espoir de naviguer sur la M\u00e9diterran\u00e9e.&nbsp;Apr\u00e8s le verrouillage,&nbsp;nous avons mis les voiles depuis le sud de la France, le long de la c\u00f4te italienne, puis jusqu&rsquo;\u00e0 la &#8230; <\/p>\n<p class=\"read-more-container\"><a title=\"Voyage \u00e0 petit budget avec The Travel Bunny\" class=\"read-more button\" href=\"https:\/\/www.the-travel-bunny.com\/fr\/#more-5\" aria-label=\"En savoir plus sur Voyage \u00e0 petit budget avec The Travel Bunny\">Lire plus<\/a><\/p>\n","protected":false},"author":1,"featured_media":0,"parent":0,"menu_order":0,"comment_status":"closed","ping_status":"closed","template":"","meta":{"footnotes":""},"class_list":["post-5","page","type-page","status-publish"],"_links":{"self":[{"href":"https:\/\/www.the-travel-bunny.com\/fr\/wp-json\/wp\/v2\/pages\/5","targetHints":{"allow":["GET"]}}],"collection":[{"href":"https:\/\/www.the-travel-bunny.com\/fr\/wp-json\/wp\/v2\/pages"}],"about":[{"href":"https:\/\/www.the-travel-bunny.com\/fr\/wp-json\/wp\/v2\/types\/page"}],"author":[{"embeddable":true,"href":"https:\/\/www.the-travel-bunny.com\/fr\/wp-json\/wp\/v2\/users\/1"}],"replies":[{"embeddable":true,"href":"https:\/\/www.the-travel-bunny.com\/fr\/wp-json\/wp\/v2\/comments?post=5"}],"version-history":[{"count":0,"href":"https:\/\/www.the-travel-bunny.com\/fr\/wp-json\/wp\/v2\/pages\/5\/revisions"}],"wp:attachment":[{"href":"https:\/\/www.the-travel-bunny.com\/fr\/wp-json\/wp\/v2\/media?parent=5"}],"curies":[{"name":"wp","href":"https:\/\/api.w.org\/{rel}","templated":true}]}}