{"id":52,"date":"2019-12-05T14:18:55","date_gmt":"2019-12-05T14:18:55","guid":{"rendered":"https:\/\/the-travel-bunny-com.lyricalstaging.com\/fr\/?page_id=52"},"modified":"2026-01-31T10:52:00","modified_gmt":"2026-01-31T10:52:00","slug":"marches-athenes","status":"publish","type":"page","link":"https:\/\/www.the-travel-bunny.com\/fr\/guides-de-voyage\/guide-de-voyage-athenes\/marches-athenes\/","title":{"rendered":"Les plus beaux march\u00e9s d\u2019Ath\u00e8nes"},"content":{"rendered":"\n<div class=\"wp-block-columns is-layout-flex wp-container-core-columns-is-layout-9d6595d7 wp-block-columns-is-layout-flex\">\n<div class=\"wp-block-column is-vertically-aligned-center is-layout-flow wp-block-column-is-layout-flow\">\n<p>Sur cette page du guide de voyage d&rsquo;Ath\u00e8nes, vous pouvez d\u00e9couvrir les plus importants march\u00e9s d&rsquo;Ath\u00e8nes. Pour vous faire une id\u00e9e de la vie des locaux ou pour acheter des produits frais, je vous recommande de visiter un ou deux de ces march\u00e9s ath\u00e9niens.<\/p>\n\n\n\n<p>Pour chacun de ces march\u00e9s d&rsquo;Ath\u00e8nes, vous pouvez trouver:<\/p>\n\n\n\n<ul class=\"wp-block-list\">\n<li>le nom du march\u00e9 d&rsquo;Ath\u00e8nes;<\/li>\n\n\n\n<li>une br\u00e8ve description du march\u00e9 d\u2019Ath\u00e8nes;<\/li>\n\n\n\n<li>quand et o\u00f9 ces march\u00e9s d&rsquo;Ath\u00e8nes sont ouverts.<\/li>\n<\/ul>\n<\/div>\n\n\n\n<div class=\"wp-block-column is-vertically-aligned-center is-layout-flow wp-block-column-is-layout-flow\">\n<div class=\"wp-block-rank-math-toc-block\" id=\"rank-math-toc\"><h2>Les plus beaux march\u00e9s d&rsquo;Ath\u00e8nes<\/h2><nav><ul><li class=\"\"><a href=\"#marche-central-d-athenes-varvakios-agora\">March\u00e9 Central d&rsquo;Ath\u00e8nes (Varvakios Agora)<\/a><\/li><li class=\"\"><a href=\"#le-marche-bio-de-la-place-dexameni\">Le march\u00e9 bio de la place Dexameni<\/a><\/li><li class=\"\"><a href=\"#marche-aux-puces-de-monastiraki\">March\u00e9 aux puces de Monastiraki<\/a><\/li><li class=\"\"><a href=\"#marche-aux-fleurs\">March\u00e9 aux fleurs<\/a><\/li><li class=\"\"><a href=\"#marche-exarchion\">March\u00e9 Exarchion<\/a><\/li><\/ul><\/nav><\/div>\n<\/div>\n<\/div>\n\n\n\n<hr class=\"wp-block-separator has-css-opacity is-style-wide\"\/>\n\n\n\n<figure class=\"wp-block-image size-large\"><img loading=\"lazy\" decoding=\"async\" width=\"792\" height=\"294\" src=\"https:\/\/www.the-travel-bunny.com\/fr\/wp-content\/uploads\/sites\/3\/2021\/06\/varvakeios-marche-central-athenes.jpg\" alt=\"March\u00e9s d&#039;Ath\u00e8nes: Varvakeios, march\u00e9 central d&#039;Ath\u00e8nes\" class=\"wp-image-788\" title=\"\" srcset=\"https:\/\/www.the-travel-bunny.com\/fr\/wp-content\/uploads\/sites\/3\/2021\/06\/varvakeios-marche-central-athenes.jpg 792w, https:\/\/www.the-travel-bunny.com\/fr\/wp-content\/uploads\/sites\/3\/2021\/06\/varvakeios-marche-central-athenes-300x111.jpg 300w, https:\/\/www.the-travel-bunny.com\/fr\/wp-content\/uploads\/sites\/3\/2021\/06\/varvakeios-marche-central-athenes-768x285.jpg 768w\" sizes=\"auto, (max-width: 792px) 100vw, 792px\" \/><figcaption class=\"wp-element-caption\"><em>March\u00e9s d&rsquo;Ath\u00e8nes: March\u00e9 central d&rsquo;Ath\u00e8nes. Photo par Herbert Ortner [<\/em><a href=\"https:\/\/creativecommons.org\/licenses\/by\/4.0\/\" target=\"_blank\" rel=\"noopener\"><em>CC BY 4.0<\/em><\/a><em>]<\/em><\/figcaption><\/figure>\n\n\n\n<h2 class=\"wp-block-heading\" id=\"marche-central-d-athenes-varvakios-agora\">March\u00e9 Central d&rsquo;Ath\u00e8nes (Varvakios Agora)<\/h2>\n\n\n\n<p>C&rsquo;est l\u00e0 que vous devriez aller chercher des produits locaux frais ou simplement pour avoir un aper\u00e7u de ce qu&rsquo;est un v\u00e9ritable march\u00e9 grec.&nbsp;Vous verrez des stands color\u00e9s de viande, de poisson et d&rsquo;\u00e9pices.&nbsp;Ces derniers sont un r\u00e9gal pour les yeux et le nez, car vous sentirez les puissants parfums de vanille et m\u00eame de safran dans l&rsquo;air.&nbsp;Vous pouvez \u00e9galement manger dans les restaurants de la r\u00e9gion, qui servent des plats pr\u00e9par\u00e9s avec des ingr\u00e9dients achet\u00e9s sur ce march\u00e9 jusqu&rsquo;\u00e0 tard dans la nuit.<\/p>\n\n\n\n<br>\n\n\n\n<h3 class=\"wp-block-heading\" id=\"ugb-accordion-1__heading\">Horaires d&rsquo;ouverture et autres informations de voyage utiles<\/h3>\n\n\n\n<p>Le March\u00e9 Central d&rsquo;Ath\u00e8nes est ouvert tous les jours sauf le dimanche.&nbsp;Du lundi au samedi, il est ouvert de 08h00 \u00e0 18h00.<\/p>\n\n\n\n<p class=\"has-background\" style=\"background-color:#f5f5f5\"><strong><span style=\"text-decoration: underline;\">March\u00e9 Central d&rsquo;Ath\u00e8nes (Varvakios Agora)<\/span><\/strong><br><strong>Adresse<\/strong>: Athinas, Athina 105 51, Greece |&nbsp;<a aria-label=\" (opens in a new tab)\" rel=\"noreferrer noopener nofollow\" href=\"https:\/\/www.google.com\/maps\/place\/Central+Municipal+Athens+Market\/@37.9803946,23.7253725,17z\/data=!3m1!4b1!4m5!3m4!1s0x14a1bd2351ec149b:0x3031466a9b92442d!8m2!3d37.9803946!4d23.7275665\" target=\"_blank\" class=\"rank-math-link\">Voir sur la carte<\/a><br><strong>T\u00e9l.<\/strong>&nbsp;+30 21 0325 0647<\/p>\n\n\n\n<hr class=\"wp-block-separator has-css-opacity is-style-wide\"\/>\n\n\n\n<h2 class=\"wp-block-heading\" id=\"le-marche-bio-de-la-place-dexameni\">Le march\u00e9 bio de la place Dexameni<\/h2>\n\n\n\n<p>Chaque vendredi matin, sur la&nbsp;place Dexameni, vous pourrez d\u00e9couvrir l&rsquo;un des plus importants march\u00e9s de fruits et l\u00e9gumes d&rsquo;Ath\u00e8nes: le march\u00e9 bio!<\/p>\n\n\n\n<br>\n\n\n\n<h3 class=\"wp-block-heading\" id=\"ugb-accordion-2__heading\">Horaires d&rsquo;ouverture et autres informations de voyage utiles<\/h3>\n\n\n\n<p>Le march\u00e9 bio de la place Dexameni est ouvert tous les vendredis de 9h \u00e0 13h.<\/p>\n\n\n\n<p class=\"has-background\" style=\"background-color:#f5f5f5\"><strong><span style=\"text-decoration: underline;\">March\u00e9 de la Place Dexameni<\/span><\/strong><br><strong>Adresse<\/strong>: Pl.&nbsp;Dexamenis, Athina 106 73, Gr\u00e8ce |&nbsp;<a aria-label=\" (opens in a new tab)\" rel=\"noreferrer noopener nofollow\" href=\"https:\/\/www.google.com\/maps\/place\/Dexameni\/@37.9789394,23.7397288,17z\/data=!3m1!4b1!4m5!3m4!1s0x14a1bd47a3e76ea1:0xeb3be4e3a1df5d75!8m2!3d37.9789394!4d23.7419228\" target=\"_blank\" class=\"rank-math-link\">Voir sur la carte<\/a><\/p>\n\n\n\n<hr class=\"wp-block-separator has-css-opacity is-style-wide\"\/>\n\n\n\n<figure class=\"wp-block-embed is-type-video is-provider-youtube wp-block-embed-youtube wp-embed-aspect-16-9 wp-has-aspect-ratio\"><div class=\"wp-block-embed__wrapper\">\n<iframe loading=\"lazy\" title=\"ATHENS: The traditional Flea Market \ud83d\udecd\ufe0f at MONASTIRAKI (Greece), let&#039;s go!\" width=\"1200\" height=\"675\" src=\"https:\/\/www.youtube.com\/embed\/oIhyhUKhqMw?feature=oembed\" frameborder=\"0\" allow=\"accelerometer; autoplay; clipboard-write; encrypted-media; gyroscope; picture-in-picture\" allowfullscreen><\/iframe>\n<\/div><figcaption class=\"wp-element-caption\"><em>March\u00e9s d&rsquo;Ath\u00e8nes: march\u00e9 aux puces de Monastiraki<\/em><\/figcaption><\/figure>\n\n\n\n<h2 class=\"wp-block-heading\" id=\"marche-aux-puces-de-monastiraki\">March\u00e9 aux puces de Monastiraki<\/h2>\n\n\n\n<p>Chaque week-end sur la&nbsp;place Avissinas&nbsp;et ses rues avoisinantes, le plus grand march\u00e9 aux puces d\u2019Ath\u00e8nes prend vie.&nbsp;Vous pouvez trouver presque n&rsquo;importe quoi ici: vieilles pi\u00e8ces de monnaie, t\u00e9l\u00e9phones vintage, meubles anciens en bois massif, services \u00e0 th\u00e9 turcs, et surtout tout ce que votre coeur d\u00e9sire.<\/p>\n\n\n\n<br>\n\n\n\n<h3 class=\"wp-block-heading\" id=\"ugb-accordion-3__heading\">Horaires d&rsquo;ouverture et autres informations de voyage utiles<\/h3>\n\n\n\n<p>Le march\u00e9 aux puces de <a href=\"https:\/\/www.the-travel-bunny.com\/fr\/guides-de-voyage\/guide-de-voyage-athenes\/quartier-monastiraki-athenes\/\">Monastiraki<\/a> a lieu tous les samedis et dimanches \u00e0 partir de 09h00.<\/p>\n\n\n\n<p class=\"has-background\" style=\"background-color:#f5f5f5\"><strong><span style=\"text-decoration: underline;\">March\u00e9 aux puces de Monastiraki<\/span><\/strong><br><strong>Adresse<\/strong>: Ifestou 2, Athina 105 55, Gr\u00e8ce |&nbsp;<a aria-label=\" (opens in a new tab)\" rel=\"noreferrer noopener nofollow\" href=\"https:\/\/www.google.com\/maps\/place\/Monastiraki+Flea+Market\/@37.976271,23.7233771,17z\/data=!3m1!4b1!4m5!3m4!1s0x14a1bd2258870eb1:0x1a66dbfbbf3405ed!8m2!3d37.976271!4d23.7255711\" target=\"_blank\" class=\"rank-math-link\">Voir sur la carte<\/a><\/p>\n\n\n\n<hr class=\"wp-block-separator has-css-opacity is-style-wide\"\/>\n\n\n\n<h2 class=\"wp-block-heading\" id=\"marche-aux-fleurs\">March\u00e9 aux fleurs<\/h2>\n\n\n\n<p>Tous les dimanches, t\u00f4t le matin ou lorsque le soleil de l&rsquo;apr\u00e8s-midi ne chauffe pas trop, visitez le march\u00e9 aux fleurs de la place&nbsp;Agias Irinis.&nbsp;Les stands des fleuristes regorgent d&rsquo;\u00e9normes bouquets color\u00e9s.&nbsp;Endroit parfait pour une photographie de rue anim\u00e9e!<\/p>\n\n\n\n<br>\n\n\n\n<h3 class=\"wp-block-heading\" id=\"ugb-accordion-4__heading\">Heures d&rsquo;ouverture et autres informations utiles<\/h3>\n\n\n\n<p>Le march\u00e9 aux fleurs de la place Agias Irinis a lieu tous les dimanches matin.<\/p>\n\n\n\n<p class=\"has-background\" style=\"background-color:#f5f5f5\"><strong>March\u00e9 aux fleurs<\/strong><br><strong>Adresse:<\/strong>&nbsp;37 \u00b0 58&rsquo;37.6 \u00ab\u00a0N 23 \u00b0 43&rsquo;37.0\u00a0\u00bb E |&nbsp;<a href=\"https:\/\/www.google.com\/maps\/place\/37%C2%B058&#039;37.6%22N+23%C2%B043&#039;37.0%22E\/@37.977101,23.7264035,19z\/data=!3m1!4b1!4m14!1m7!3m6!1s0x14a1bd233051a62b:0x62e3ace1c87ff003!2sAgias+Irinis,+Athina+105+51,+Greece!3b1!8m2!3d37.9770761!4d23.7269514!3m5!1s0x0:0x0!7e2!8m2!3d37.9771014!4d23.7269521\" target=\"_blank\" aria-label=\" (opens in a new tab)\" rel=\"noreferrer noopener nofollow\" class=\"rank-math-link\">Voir sur la carte<\/a><\/p>\n\n\n\n<hr class=\"wp-block-separator has-css-opacity is-style-wide\"\/>\n\n\n\n<h2 class=\"wp-block-heading\" id=\"marche-exarchion\">March\u00e9 Exarchion<\/h2>\n\n\n\n<p>D\u00e9couvrez la communaut\u00e9 autour de la&nbsp;place Exarchia&nbsp;lors du march\u00e9 anim\u00e9 du dimanche!<\/p>\n\n\n\n<br>\n\n\n\n<h3 class=\"wp-block-heading\" id=\"ugb-accordion-5__heading\">March\u00e9s d&rsquo;Ath\u00e8nes: Horaires d&rsquo;ouverture et autres informations de voyage utiles<\/h3>\n\n\n\n<p>Le March\u00e9 Exarchion a lieu tous les dimanches matin.<\/p>\n\n\n\n<p class=\"has-background\" style=\"background-color:#f5f5f5\"><strong><span style=\"text-decoration: underline;\">March\u00e9 Exarchion<\/span><\/strong><br><strong>Adresse<\/strong>: Stournari 5, Athina 106 83, Gr\u00e8ce |&nbsp;<a href=\"https:\/\/www.google.com\/maps\/place\/Exarchion+Square\/@37.9866453,23.7327101,17z\/data=!3m1!4b1!4m5!3m4!1s0x14a1bd36bd32861d:0x79935db57874bde6!8m2!3d37.9866453!4d23.7349041\" target=\"_blank\" aria-label=\" (opens in a new tab)\" rel=\"noreferrer noopener nofollow\" class=\"rank-math-link\">Voir sur la carte<\/a><\/p>\n\n\n<div class=\"wp-block-scriptless-social-sharing-buttons\"><div class=\"scriptlesssocialsharing\"><div class=\"scriptlesssocialsharing__buttons\"><a class=\"button pinterest\" target=\"_blank\" href=\"https:\/\/pinterest.com\/pin\/create\/button\/?url=https%3A%2F%2Fwww.the-travel-bunny.com%2Ffr%2Fguides-de-voyage%2Fguide-de-voyage-athenes%2Fmarches-athenes%2F&#038;media=https%3A%2F%2Fwww.the-travel-bunny.com%2Ffr%2Fwp-content%2Fuploads%2Fsites%2F3%2F2021%2F06%2Fmarches-athenes.jpg&#038;description=Les%20plus%20beaux%20march%C3%A9s%20d%E2%80%99Ath%C3%A8nes\" rel=\"noopener noreferrer nofollow\" data-pin-no-hover=\"true\" data-pin-custom=\"true\" data-pin-do=\"skip\" data-pin-description=\"Les plus beaux march\u00e9s d\u2019Ath\u00e8nes\"><svg xmlns=\"http:\/\/www.w3.org\/2000\/svg\" viewbox=\"0 0 496 512\" class=\"scriptlesssocialsharing__icon pinterest\" fill=\"currentcolor\" height=\"1em\" width=\"1em\" aria-hidden=\"true\" focusable=\"false\" role=\"img\"><!-- Font Awesome Free 5.15.4 by @fontawesome - https:\/\/fontawesome.com License - https:\/\/fontawesome.com\/license\/free (Icons: CC BY 4.0, Fonts: SIL OFL 1.1, Code: MIT License) --><path d=\"M496 256c0 137-111 248-248 248-25.6 0-50.2-3.9-73.4-11.1 10.1-16.5 25.2-43.5 30.8-65 3-11.6 15.4-59 15.4-59 8.1 15.4 31.7 28.5 56.8 28.5 74.8 0 128.7-68.8 128.7-154.3 0-81.9-66.9-143.2-152.9-143.2-107 0-163.9 71.8-163.9 150.1 0 36.4 19.4 81.7 50.3 96.1 4.7 2.2 7.2 1.2 8.3-3.3.8-3.4 5-20.3 6.9-28.1.6-2.5.3-4.7-1.7-7.1-10.1-12.5-18.3-35.3-18.3-56.6 0-54.7 41.4-107.6 112-107.6 60.9 0 103.6 41.5 103.6 100.9 0 67.1-33.9 113.6-78 113.6-24.3 0-42.6-20.1-36.7-44.8 7-29.5 20.5-61.3 20.5-82.6 0-19-10.2-34.9-31.4-34.9-24.9 0-44.9 25.7-44.9 60.2 0 22 7.4 36.8 7.4 36.8s-24.5 103.8-29 123.2c-5 21.4-3 51.6-.9 71.2C65.4 450.9 0 361.1 0 256 0 119 111 8 248 8s248 111 248 248z\"><\/path><\/svg>\n<span class=\"screen-reader-text\">Share on Pinterest<\/span><\/a><a class=\"button facebook\" target=\"_blank\" href=\"https:\/\/www.facebook.com\/sharer\/sharer.php?u=https%3A%2F%2Fwww.the-travel-bunny.com%2Ffr%2Fguides-de-voyage%2Fguide-de-voyage-athenes%2Fmarches-athenes%2F\" rel=\"noopener noreferrer nofollow\"><svg xmlns=\"http:\/\/www.w3.org\/2000\/svg\" viewbox=\"0 0 512 512\" class=\"scriptlesssocialsharing__icon facebook\" fill=\"currentcolor\" height=\"1em\" width=\"1em\" aria-hidden=\"true\" focusable=\"false\" role=\"img\"><!-- Font Awesome Free 5.15.4 by @fontawesome - https:\/\/fontawesome.com License - https:\/\/fontawesome.com\/license\/free (Icons: CC BY 4.0, Fonts: SIL OFL 1.1, Code: MIT License) --><path d=\"M504 256C504 119 393 8 256 8S8 119 8 256c0 123.78 90.69 226.38 209.25 245V327.69h-63V256h63v-54.64c0-62.15 37-96.48 93.67-96.48 27.14 0 55.52 4.84 55.52 4.84v61h-31.28c-30.8 0-40.41 19.12-40.41 38.73V256h68.78l-11 71.69h-57.78V501C413.31 482.38 504 379.78 504 256z\"><\/path><\/svg>\n<span class=\"screen-reader-text\">Share on Facebook<\/span><\/a><a class=\"button linkedin\" target=\"_blank\" href=\"https:\/\/www.linkedin.com\/shareArticle?mini=1&#038;url=https%3A%2F%2Fwww.the-travel-bunny.com%2Ffr%2Fguides-de-voyage%2Fguide-de-voyage-athenes%2Fmarches-athenes%2F&#038;title=Les%20plus%20beaux%20march%C3%A9s%20d%E2%80%99Ath%C3%A8nes&#038;source=https%3A%2F%2Fwww.the-travel-bunny.com%2Ffr\" rel=\"noopener noreferrer nofollow\"><svg xmlns=\"http:\/\/www.w3.org\/2000\/svg\" viewbox=\"0 0 448 512\" class=\"scriptlesssocialsharing__icon linkedin\" fill=\"currentcolor\" height=\"1em\" width=\"1em\" aria-hidden=\"true\" focusable=\"false\" role=\"img\"><!-- Font Awesome Free 5.15.4 by @fontawesome - https:\/\/fontawesome.com License - https:\/\/fontawesome.com\/license\/free (Icons: CC BY 4.0, Fonts: SIL OFL 1.1, Code: MIT License) --><path d=\"M416 32H31.9C14.3 32 0 46.5 0 64.3v383.4C0 465.5 14.3 480 31.9 480H416c17.6 0 32-14.5 32-32.3V64.3c0-17.8-14.4-32.3-32-32.3zM135.4 416H69V202.2h66.5V416zm-33.2-243c-21.3 0-38.5-17.3-38.5-38.5S80.9 96 102.2 96c21.2 0 38.5 17.3 38.5 38.5 0 21.3-17.2 38.5-38.5 38.5zm282.1 243h-66.4V312c0-24.8-.5-56.7-34.5-56.7-34.6 0-39.9 27-39.9 54.9V416h-66.4V202.2h63.7v29.2h.9c8.9-16.8 30.6-34.5 62.9-34.5 67.2 0 79.7 44.3 79.7 101.9V416z\"><\/path><\/svg>\n<span class=\"screen-reader-text\">Share on LinkedIn<\/span><\/a><a class=\"button reddit\" target=\"_blank\" href=\"https:\/\/www.reddit.com\/submit?url=https%3A%2F%2Fwww.the-travel-bunny.com%2Ffr%2Fguides-de-voyage%2Fguide-de-voyage-athenes%2Fmarches-athenes%2F\" rel=\"noopener noreferrer nofollow\"><svg xmlns=\"http:\/\/www.w3.org\/2000\/svg\" viewbox=\"0 0 512 512\" class=\"scriptlesssocialsharing__icon reddit\" fill=\"currentcolor\" height=\"1em\" width=\"1em\" aria-hidden=\"true\" focusable=\"false\" role=\"img\"><!-- Font Awesome Free 5.15.4 by @fontawesome - https:\/\/fontawesome.com License - https:\/\/fontawesome.com\/license\/free (Icons: CC BY 4.0, Fonts: SIL OFL 1.1, Code: MIT License) --><path d=\"M440.3 203.5c-15 0-28.2 6.2-37.9 15.9-35.7-24.7-83.8-40.6-137.1-42.3L293 52.3l88.2 19.8c0 21.6 17.6 39.2 39.2 39.2 22 0 39.7-18.1 39.7-39.7s-17.6-39.7-39.7-39.7c-15.4 0-28.7 9.3-35.3 22l-97.4-21.6c-4.9-1.3-9.7 2.2-11 7.1L246.3 177c-52.9 2.2-100.5 18.1-136.3 42.8-9.7-10.1-23.4-16.3-38.4-16.3-55.6 0-73.8 74.6-22.9 100.1-1.8 7.9-2.6 16.3-2.6 24.7 0 83.8 94.4 151.7 210.3 151.7 116.4 0 210.8-67.9 210.8-151.7 0-8.4-.9-17.2-3.1-25.1 49.9-25.6 31.5-99.7-23.8-99.7zM129.4 308.9c0-22 17.6-39.7 39.7-39.7 21.6 0 39.2 17.6 39.2 39.7 0 21.6-17.6 39.2-39.2 39.2-22 .1-39.7-17.6-39.7-39.2zm214.3 93.5c-36.4 36.4-139.1 36.4-175.5 0-4-3.5-4-9.7 0-13.7 3.5-3.5 9.7-3.5 13.2 0 27.8 28.5 120 29 149 0 3.5-3.5 9.7-3.5 13.2 0 4.1 4 4.1 10.2.1 13.7zm-.8-54.2c-21.6 0-39.2-17.6-39.2-39.2 0-22 17.6-39.7 39.2-39.7 22 0 39.7 17.6 39.7 39.7-.1 21.5-17.7 39.2-39.7 39.2z\"><\/path><\/svg>\n<span class=\"screen-reader-text\">Share on Reddit<\/span><\/a><a class=\"button bluesky\" target=\"_blank\" href=\"https:\/\/bsky.app\/intent\/compose?text=Les%20plus%20beaux%20march%C3%A9s%20d%E2%80%99Ath%C3%A8nes%3A%20https%3A%2F%2Fwww.the-travel-bunny.com%2Ffr%2Fguides-de-voyage%2Fguide-de-voyage-athenes%2Fmarches-athenes%2F\" rel=\"noopener noreferrer nofollow\"><svg xmlns=\"http:\/\/www.w3.org\/2000\/svg\" viewbox=\"0 0 512 512\" class=\"scriptlesssocialsharing__icon bluesky\" fill=\"currentcolor\" height=\"1em\" width=\"1em\" aria-hidden=\"true\" focusable=\"false\" role=\"img\"><!--!Font Awesome Free 6.7.2 by @fontawesome - https:\/\/fontawesome.com License - https:\/\/fontawesome.com\/license\/free Copyright 2025 Fonticons, Inc.--><path d=\"M111.8 62.2C170.2 105.9 233 194.7 256 242.4c23-47.6 85.8-136.4 144.2-180.2c42.1-31.6 110.3-56 110.3 21.8c0 15.5-8.9 130.5-14.1 149.2C478.2 298 412 314.6 353.1 304.5c102.9 17.5 129.1 75.5 72.5 133.5c-107.4 110.2-154.3-27.6-166.3-62.9l0 0c-1.7-4.9-2.6-7.8-3.3-7.8s-1.6 3-3.3 7.8l0 0c-12 35.3-59 173.1-166.3 62.9c-56.5-58-30.4-116 72.5-133.5C100 314.6 33.8 298 15.7 233.1C10.4 214.4 1.5 99.4 1.5 83.9c0-77.8 68.2-53.4 110.3-21.8z\"><\/path><\/svg>\n<span class=\"screen-reader-text\">Share on Bluesky<\/span><\/a><a class=\"button twitter\" target=\"_blank\" href=\"https:\/\/twitter.com\/intent\/tweet?text=Les%20plus%20beaux%20march%C3%A9s%20d%E2%80%99Ath%C3%A8nes&#038;url=https%3A%2F%2Fwww.the-travel-bunny.com%2Ffr%2Fguides-de-voyage%2Fguide-de-voyage-athenes%2Fmarches-athenes%2F&#038;via=mirela_iepurela&#038;related=mirela_iepurela\" rel=\"noopener noreferrer nofollow\"><svg xmlns=\"http:\/\/www.w3.org\/2000\/svg\" viewbox=\"0 0 512 512\" class=\"scriptlesssocialsharing__icon twitter\" fill=\"currentcolor\" height=\"1em\" width=\"1em\" aria-hidden=\"true\" focusable=\"false\" role=\"img\"><!--! Font Awesome Pro 6.4.2 by @fontawesome - https:\/\/fontawesome.com License - https:\/\/fontawesome.com\/license (Commercial License) Copyright 2023 Fonticons, Inc. --><path d=\"M389.2 48h70.6L305.6 224.2 487 464H345L233.7 318.6 106.5 464H35.8L200.7 275.5 26.8 48H172.4L272.9 180.9 389.2 48zM364.4 421.8h39.1L151.1 88h-42L364.4 421.8z\"><\/path><\/svg>\n<span class=\"screen-reader-text\">Share on X (Twitter)<\/span><\/a><a class=\"button whatsapp\" target=\"_blank\" href=\"https:\/\/api.whatsapp.com\/send?text=Les%20plus%20beaux%20march%C3%A9s%20d%E2%80%99Ath%C3%A8nes%20%E2%80%94%20https%3A%2F%2Fwww.the-travel-bunny.com%2Ffr%2Fguides-de-voyage%2Fguide-de-voyage-athenes%2Fmarches-athenes%2F\" rel=\"noopener noreferrer nofollow\"><svg xmlns=\"http:\/\/www.w3.org\/2000\/svg\" viewbox=\"0 0 448 512\" class=\"scriptlesssocialsharing__icon whatsapp\" fill=\"currentcolor\" height=\"1em\" width=\"1em\" aria-hidden=\"true\" focusable=\"false\" role=\"img\"><!-- Font Awesome Free 5.15.4 by @fontawesome - https:\/\/fontawesome.com License - https:\/\/fontawesome.com\/license\/free (Icons: CC BY 4.0, Fonts: SIL OFL 1.1, Code: MIT License) --><path d=\"M380.9 97.1C339 55.1 283.2 32 223.9 32c-122.4 0-222 99.6-222 222 0 39.1 10.2 77.3 29.6 111L0 480l117.7-30.9c32.4 17.7 68.9 27 106.1 27h.1c122.3 0 224.1-99.6 224.1-222 0-59.3-25.2-115-67.1-157zm-157 341.6c-33.2 0-65.7-8.9-94-25.7l-6.7-4-69.8 18.3L72 359.2l-4.4-7c-18.5-29.4-28.2-63.3-28.2-98.2 0-101.7 82.8-184.5 184.6-184.5 49.3 0 95.6 19.2 130.4 54.1 34.8 34.9 56.2 81.2 56.1 130.5 0 101.8-84.9 184.6-186.6 184.6zm101.2-138.2c-5.5-2.8-32.8-16.2-37.9-18-5.1-1.9-8.8-2.8-12.5 2.8-3.7 5.6-14.3 18-17.6 21.8-3.2 3.7-6.5 4.2-12 1.4-32.6-16.3-54-29.1-75.5-66-5.7-9.8 5.7-9.1 16.3-30.3 1.8-3.7.9-6.9-.5-9.7-1.4-2.8-12.5-30.1-17.1-41.2-4.5-10.8-9.1-9.3-12.5-9.5-3.2-.2-6.9-.2-10.6-.2-3.7 0-9.7 1.4-14.8 6.9-5.1 5.6-19.4 19-19.4 46.3 0 27.3 19.9 53.7 22.6 57.4 2.8 3.7 39.1 59.7 94.8 83.8 35.2 15.2 49 16.5 66.6 13.9 10.7-1.6 32.8-13.4 37.4-26.4 4.6-13 4.6-24.1 3.2-26.4-1.3-2.5-5-3.9-10.5-6.6z\"><\/path><\/svg>\n<span class=\"screen-reader-text\">Share on WhatsApp<\/span><\/a><a class=\"button email\" href=\"mailto:?body=J%27ai%20lu%20cet%20article%20de%20The%20Travel%20Bunny%20et%20je%20voulais%20le%20partager%20avec%20vous.%20Voici%20le%20lien%3A%20https%3A%2F%2Fwww.the-travel-bunny.com%2Ffr%2Fguides-de-voyage%2Fguide-de-voyage-athenes%2Fmarches-athenes%2F&#038;subject=Un%20article%20de%20voyage%20que%20j%27ai%20ador%C3%A9%3A%20Les%20plus%20beaux%20march%C3%A9s%20d%E2%80%99Ath%C3%A8nes\" rel=\"noopener noreferrer nofollow\" ><svg xmlns=\"http:\/\/www.w3.org\/2000\/svg\" viewbox=\"0 0 512 512\" class=\"scriptlesssocialsharing__icon email\" fill=\"currentcolor\" height=\"1em\" width=\"1em\" aria-hidden=\"true\" focusable=\"false\" role=\"img\"><!-- Font Awesome Free 5.15.4 by @fontawesome - https:\/\/fontawesome.com License - https:\/\/fontawesome.com\/license\/free (Icons: CC BY 4.0, Fonts: SIL OFL 1.1, Code: MIT License) --><path d=\"M502.3 190.8c3.9-3.1 9.7-.2 9.7 4.7V400c0 26.5-21.5 48-48 48H48c-26.5 0-48-21.5-48-48V195.6c0-5 5.7-7.8 9.7-4.7 22.4 17.4 52.1 39.5 154.1 113.6 21.1 15.4 56.7 47.8 92.2 47.6 35.7.3 72-32.8 92.3-47.6 102-74.1 131.6-96.3 154-113.7zM256 320c23.2.4 56.6-29.2 73.4-41.4 132.7-96.3 142.8-104.7 173.4-128.7 5.8-4.5 9.2-11.5 9.2-18.9v-19c0-26.5-21.5-48-48-48H48C21.5 64 0 85.5 0 112v19c0 7.4 3.4 14.3 9.2 18.9 30.6 23.9 40.7 32.4 173.4 128.7 16.8 12.2 50.2 41.8 73.4 41.4z\"><\/path><\/svg>\n<span class=\"screen-reader-text\">Share on Email<\/span><\/a><\/div><\/div><\/div>","protected":false},"excerpt":{"rendered":"<p>Sur cette page du guide de voyage d&rsquo;Ath\u00e8nes, vous pouvez d\u00e9couvrir les plus importants march\u00e9s d&rsquo;Ath\u00e8nes. Pour vous faire une id\u00e9e de la vie des locaux ou pour acheter des produits frais, je vous recommande de visiter un ou deux de ces march\u00e9s ath\u00e9niens. Pour chacun de ces march\u00e9s d&rsquo;Ath\u00e8nes, vous pouvez trouver: March\u00e9 Central d&rsquo;Ath\u00e8nes (Varvakios Agora) C&rsquo;est l\u00e0 que vous devriez aller chercher des produits locaux frais ou simplement pour avoir un aper\u00e7u de ce qu&rsquo;est un v\u00e9ritable march\u00e9 grec.&nbsp;Vous verrez des stands color\u00e9s de viande, de poisson et d&rsquo;\u00e9pices.&nbsp;Ces derniers sont un r\u00e9gal pour les yeux et &#8230; <\/p>\n<p class=\"read-more-container\"><a title=\"Les plus beaux march\u00e9s d\u2019Ath\u00e8nes\" class=\"read-more button\" href=\"https:\/\/www.the-travel-bunny.com\/fr\/guides-de-voyage\/guide-de-voyage-athenes\/marches-athenes\/#more-52\" aria-label=\"En savoir plus sur Les plus beaux march\u00e9s d\u2019Ath\u00e8nes\">Lire plus<\/a><\/p>\n","protected":false},"author":1,"featured_media":786,"parent":26,"menu_order":14,"comment_status":"closed","ping_status":"closed","template":"","meta":{"footnotes":""},"class_list":{"0":"post-52","1":"page","2":"type-page","3":"status-publish","4":"has-post-thumbnail","6":"resize-featured-image"},"_links":{"self":[{"href":"https:\/\/www.the-travel-bunny.com\/fr\/wp-json\/wp\/v2\/pages\/52","targetHints":{"allow":["GET"]}}],"collection":[{"href":"https:\/\/www.the-travel-bunny.com\/fr\/wp-json\/wp\/v2\/pages"}],"about":[{"href":"https:\/\/www.the-travel-bunny.com\/fr\/wp-json\/wp\/v2\/types\/page"}],"author":[{"embeddable":true,"href":"https:\/\/www.the-travel-bunny.com\/fr\/wp-json\/wp\/v2\/users\/1"}],"replies":[{"embeddable":true,"href":"https:\/\/www.the-travel-bunny.com\/fr\/wp-json\/wp\/v2\/comments?post=52"}],"version-history":[{"count":1,"href":"https:\/\/www.the-travel-bunny.com\/fr\/wp-json\/wp\/v2\/pages\/52\/revisions"}],"predecessor-version":[{"id":8830,"href":"https:\/\/www.the-travel-bunny.com\/fr\/wp-json\/wp\/v2\/pages\/52\/revisions\/8830"}],"up":[{"embeddable":true,"href":"https:\/\/www.the-travel-bunny.com\/fr\/wp-json\/wp\/v2\/pages\/26"}],"wp:featuredmedia":[{"embeddable":true,"href":"https:\/\/www.the-travel-bunny.com\/fr\/wp-json\/wp\/v2\/media\/786"}],"wp:attachment":[{"href":"https:\/\/www.the-travel-bunny.com\/fr\/wp-json\/wp\/v2\/media?parent=52"}],"curies":[{"name":"wp","href":"https:\/\/api.w.org\/{rel}","templated":true}]}}