{"id":9290,"date":"2026-05-12T13:06:18","date_gmt":"2026-05-12T13:06:18","guid":{"rendered":"https:\/\/www.the-travel-bunny.com\/fr\/?page_id=9290"},"modified":"2026-05-12T13:06:19","modified_gmt":"2026-05-12T13:06:19","slug":"mentions-legales","status":"publish","type":"page","link":"https:\/\/www.the-travel-bunny.com\/fr\/mentions-legales\/","title":{"rendered":"Mentions l\u00e9gales"},"content":{"rendered":"\n<h2 class=\"wp-block-heading\">\u00c9diteur du site<\/h2>\n\n\n\n<p>Le site The Travel Bunny est d\u00e9tenu et publi\u00e9 par :<\/p>\n\n\n\n<p><strong>Mirela-Cristina LETAILLEUR<\/strong><br>Micro-entrepreneuse bas\u00e9e en France<br>83600 Bagnols-en-For\u00eat, France<br>Email : legal@the-travel-bunny.com<br>SIREN : 905180162<br>TVA non applicable, article 293 B du CGI<\/p>\n\n\n\n<p>Directrice de la publication : Mirela Letailleur<\/p>\n\n\n\n<hr class=\"wp-block-separator has-alpha-channel-opacity\"\/>\n\n\n\n<h2 class=\"wp-block-heading\">Objet du site<\/h2>\n\n\n\n<p>The Travel Bunny est une plateforme de voyage prim\u00e9e sp\u00e9cialis\u00e9e dans le slow travel Europe, le voyage M\u00e9diterran\u00e9e, les itin\u00e9raires culturels, le voyage en famille Europe, les routes de voile, les road trips, le voyage en camping-car et les exp\u00e9riences locales \u00e0 travers la Provence-Alpes-C\u00f4te d\u2019Azur, la Roumanie, la Gr\u00e8ce, l\u2019Italie, les Balkans et le reste de l\u2019Europe.<\/p>\n\n\n\n<p>Le site publie des <strong>guides voyage d\u00e9taill\u00e9s<\/strong>, des articles \u00e9ditoriaux, des itin\u00e9raires, des conseils voyage, des recherches sur les destinations, des ressources utiles et des recommandations li\u00e9es au voyage, bas\u00e9s sur une exp\u00e9rience r\u00e9elle du terrain.<\/p>\n\n\n\n<p>\u00c0 travers son <strong>blog voyage Europe<\/strong>, <strong>Mirela Letailleur<\/strong> partage une approche du voyage authentique Europe ax\u00e9e sur la d\u00e9couverte locale, les itin\u00e9raires r\u00e9alistes et le voyage culturel Europe. Le contenu couvre notamment le voyage Provence-Alpes-C\u00f4te d\u2019Azur, les villages de Provence, les \u00eeles grecques, les itin\u00e9raires m\u00e9diterran\u00e9ens, les Balkans et les destinations moins connues d\u2019Europe.<\/p>\n\n\n\n<hr class=\"wp-block-separator has-alpha-channel-opacity\"\/>\n\n\n\n<h2 class=\"wp-block-heading\">H\u00e9bergement du site<\/h2>\n\n\n\n<p>Ce site est h\u00e9berg\u00e9 par :<\/p>\n\n\n\n<p><strong>Lyrical Host Ltd<\/strong><br><em>https:\/\/www.lyricalhost.com<\/em><br>20 Wenlock Road<br>Londres N1 7GU<br>Royaume-Uni<\/p>\n\n\n\n<hr class=\"wp-block-separator has-alpha-channel-opacity\"\/>\n\n\n\n<h2 class=\"wp-block-heading\">Enregistrement du domaine<\/h2>\n\n\n\n<p>Le nom de domaine de The Travel Bunny est enregistr\u00e9 aupr\u00e8s de :<\/p>\n\n\n\n<p><strong>GoDaddy Domains By Proxy, LLC<\/strong><br><em>https:\/\/www.godaddy.com<\/em><br>100 S. Mill Ave, Suite 1600<br>Tempe, Arizona, 85281<br>\u00c9tats-Unis<\/p>\n\n\n\n<hr class=\"wp-block-separator has-alpha-channel-opacity\"\/>\n\n\n\n<h2 class=\"wp-block-heading\">Propri\u00e9t\u00e9 intellectuelle<\/h2>\n\n\n\n<p>L\u2019ensemble du contenu publi\u00e9 sur The Travel Bunny, y compris les articles, les guides de voyage, les textes, l\u2019identit\u00e9 visuelle, les logos, les graphismes, les photographies, les vid\u00e9os, les ressources t\u00e9l\u00e9chargeables et les \u00e9l\u00e9ments de design, est prot\u00e9g\u00e9 par le droit d\u2019auteur et les lois relatives \u00e0 la propri\u00e9t\u00e9 intellectuelle.<\/p>\n\n\n\n<p>Sauf indication contraire, tout le contenu original appartient \u00e0 Mirela Letailleur et \u00e0 The Travel Bunny.<\/p>\n\n\n\n<p><strong>\u00a9 2017-2026 Mirela Letailleur The Travel Bunny. Tous droits r\u00e9serv\u00e9s.<br>Toute utilisation du contenu de ce site sans autorisation \u00e9crite est strictement interdite.<\/strong><\/p>\n\n\n\n<p>Certaines images, logos, m\u00e9dias int\u00e9gr\u00e9s et ressources de marque pr\u00e9sents sur ce site restent la propri\u00e9t\u00e9 de leurs d\u00e9tenteurs respectifs et sont utilis\u00e9s avec autorisation, dans le cadre de partenariats, de relations d\u2019affiliation, d\u2019un usage \u00e9ditorial ou conform\u00e9ment aux exceptions applicables du droit d\u2019auteur.<\/p>\n\n\n\n<p>De courtes citations provenant de sources externes peuvent appara\u00eetre \u00e0 des fins \u00e9ditoriales, informatives ou de commentaire. Les sources sont mentionn\u00e9es lorsque cela est applicable.<\/p>\n\n\n\n<hr class=\"wp-block-separator has-alpha-channel-opacity\"\/>\n\n\n\n<h2 class=\"wp-block-heading\">Divulgation d\u2019affiliation<\/h2>\n\n\n\n<p>The Travel Bunny participe \u00e0 des programmes de marketing d\u2019affiliation et peut percevoir des commissions sur certains achats ou r\u00e9servations effectu\u00e9s via des liens s\u00e9lectionn\u00e9s.<\/p>\n\n\n\n<p>Les partenariats d\u2019affiliation peuvent inclure des plateformes de r\u00e9servation de voyage, des h\u00e9bergements, des prestataires d\u2019activit\u00e9s, des marques de voyage, des boutiques en ligne, des outils logiciels, des offices de tourisme et d\u2019autres services li\u00e9s au voyage.<\/p>\n\n\n\n<p>Ces commissions contribuent au fonctionnement du site tout en permettant \u00e0 Mirela Letailleur de conserver son ind\u00e9pendance \u00e9ditoriale sur son blog voyage M\u00e9diterran\u00e9e.<\/p>\n\n\n\n<p>Les collaborations sponsoris\u00e9es, les exp\u00e9riences offertes et les partenariats r\u00e9mun\u00e9r\u00e9s sont signal\u00e9s de mani\u00e8re claire lorsque cela s\u2019applique.<\/p>\n\n\n\n<hr class=\"wp-block-separator has-alpha-channel-opacity\"\/>\n\n\n\n<h2 class=\"wp-block-heading\">Produits et services num\u00e9riques<\/h2>\n\n\n\n<p>The Travel Bunny peut promouvoir ou proposer des liens vers des produits num\u00e9riques de voyage, des guides de voyage, des itin\u00e9raires interactifs et des ressources t\u00e9l\u00e9chargeables h\u00e9berg\u00e9s sur des plateformes tierces, notamment Rexby, Amazon et Gumroad.<\/p>\n\n\n\n<p>Les services de consulting voyage et de cr\u00e9ation d\u2019itin\u00e9raire personnalis\u00e9 Europe sont propos\u00e9s via une prise de contact directe par email.<\/p>\n\n\n\n<p>Les achats, abonnements, r\u00e9servations et transactions effectu\u00e9s sur des plateformes tierces restent soumis aux conditions g\u00e9n\u00e9rales, politiques et r\u00e8gles de ces services externes.<\/p>\n\n\n\n<hr class=\"wp-block-separator has-alpha-channel-opacity\"\/>\n\n\n\n<h2 class=\"wp-block-heading\">Donn\u00e9es personnelles et confidentialit\u00e9<\/h2>\n\n\n\n<p>The Travel Bunny collecte un volume limit\u00e9 de donn\u00e9es personnelles conform\u00e9ment au R\u00e8glement G\u00e9n\u00e9ral sur la Protection des Donn\u00e9es (RGPD).<\/p>\n\n\n\n<p>Les donn\u00e9es personnelles peuvent inclure :<\/p>\n\n\n\n<ul class=\"wp-block-list\">\n<li>Nom<\/li>\n\n\n\n<li>Adresse email<\/li>\n\n\n\n<li>Adresse IP<\/li>\n\n\n\n<li>Donn\u00e9es analytiques<\/li>\n\n\n\n<li>Donn\u00e9es d\u2019inscription \u00e0 la newsletter<\/li>\n\n\n\n<li>Pr\u00e9f\u00e9rences de cookies<\/li>\n\n\n\n<li>Informations transmises volontairement via des formulaires ou des emails<\/li>\n<\/ul>\n\n\n\n<p>Les donn\u00e9es personnelles peuvent \u00eatre collect\u00e9es pour :<\/p>\n\n\n\n<ul class=\"wp-block-list\">\n<li>Les inscriptions \u00e0 la newsletter<\/li>\n\n\n\n<li>L\u2019analyse d\u2019audience et les statistiques<\/li>\n\n\n\n<li>La s\u00e9curit\u00e9 du site<\/li>\n\n\n\n<li>Les demandes de communication<\/li>\n\n\n\n<li>Les demandes de consulting voyage<\/li>\n\n\n\n<li>Le suivi des affiliations<\/li>\n\n\n\n<li>Les performances publicitaires<\/li>\n\n\n\n<li>Le bon fonctionnement du site<\/li>\n<\/ul>\n\n\n\n<p>La base l\u00e9gale du traitement des donn\u00e9es peut inclure le consentement de l\u2019utilisateur ou de l\u2019utilisatrice, l\u2019int\u00e9r\u00eat l\u00e9gitime, la n\u00e9cessit\u00e9 contractuelle ou les obligations l\u00e9gales, selon l\u2019interaction concern\u00e9e.<\/p>\n\n\n\n<p>Les utilisateurs et utilisatrices peuvent demander l\u2019acc\u00e8s, la correction, l\u2019exportation ou la suppression de leurs donn\u00e9es personnelles en contactant : <em>legal@the-travel-bunny.com<\/em>.<\/p>\n\n\n\n<p>Des informations compl\u00e9mentaires concernant le traitement des donn\u00e9es personnelles, les cookies, les services tiers et les droits des utilisateurs et utilisatrices sont disponibles dans la <a href=\"https:\/\/www.the-travel-bunny.com\/fr\/politique-de-confidentialite\/\" data-type=\"page\" data-id=\"124\">Politique de confidentialit\u00e9<\/a>.<\/p>\n\n\n\n<hr class=\"wp-block-separator has-alpha-channel-opacity\"\/>\n\n\n\n<h2 class=\"wp-block-heading\">Cookies<\/h2>\n\n\n\n<p><strong>The Travel Bunny<\/strong> utilise des cookies et des technologies similaires afin d\u2019am\u00e9liorer le fonctionnement du site, d\u2019analyser le trafic, de personnaliser le contenu, de mesurer le comportement de l\u2019audience, de g\u00e9rer les liens d\u2019affiliation et de soutenir les services publicitaires.<\/p>\n\n\n\n<p>Des cookies peuvent \u00eatre d\u00e9pos\u00e9s par :<\/p>\n\n\n\n<ul class=\"wp-block-list\">\n<li>Google Analytics<\/li>\n\n\n\n<li>Google Search Console<\/li>\n\n\n\n<li>Rank Math<\/li>\n\n\n\n<li>SHE Media<\/li>\n\n\n\n<li>Pinterest<\/li>\n\n\n\n<li>Les plateformes Meta<\/li>\n\n\n\n<li>Les partenaires d\u2019affiliation<\/li>\n\n\n\n<li>Des services tiers int\u00e9gr\u00e9s<\/li>\n\n\n\n<li>Des outils de newsletter, notamment MailerLite<\/li>\n<\/ul>\n\n\n\n<p>Les utilisateurs et utilisatrices peuvent accepter, refuser ou personnaliser leurs pr\u00e9f\u00e9rences en mati\u00e8re de cookies. Le refus des cookies non essentiels n\u2019emp\u00eache pas l\u2019acc\u00e8s au site. Plus d\u2019informations sont disponibles dans la <a href=\"https:\/\/www.the-travel-bunny.com\/fr\/politique-de-confidentialite\/\" data-type=\"page\" data-id=\"124\">Politique de confidentialit\u00e9<\/a>.<\/p>\n\n\n\n<hr class=\"wp-block-separator has-alpha-channel-opacity\"\/>\n\n\n\n<h2 class=\"wp-block-heading\">Liens externes<\/h2>\n\n\n\n<p>The Travel Bunny peut contenir des liens vers des sites tiers, des plateformes de r\u00e9servation, des services externes, des prestataires touristiques, des r\u00e9seaux sociaux et des plateformes partenaires.<\/p>\n\n\n\n<p>The Travel Bunny ne peut pas garantir l\u2019exactitude, la disponibilit\u00e9 ou les pratiques de contenu des sites externes.<\/p>\n\n\n\n<p>Les utilisateurs et utilisatrices restent responsables de la v\u00e9rification des conditions l\u00e9gales, des pratiques de confidentialit\u00e9 et des politiques des services tiers accessibles via des liens externes.<\/p>\n\n\n\n<hr class=\"wp-block-separator has-alpha-channel-opacity\"\/>\n\n\n\n<h2 class=\"wp-block-heading\">Limitation de responsabilit\u00e9<\/h2>\n\n\n\n<p>Les informations publi\u00e9es sur The Travel Bunny sont fournies \u00e0 des fins informatives et \u00e9ditoriales.<\/p>\n\n\n\n<p>M\u00eame si des efforts raisonnables sont r\u00e9alis\u00e9s pour maintenir des informations de voyage exactes et \u00e0 jour, les conditions de voyage, les prix, les horaires, les r\u00e9glementations, les heures d\u2019ouverture, les services de transport, les conditions m\u00e9t\u00e9orologiques et les politiques locales peuvent \u00e9voluer.<\/p>\n\n\n\n<p>Les voyageurs et voyageuses restent responsables de v\u00e9rifier de mani\u00e8re ind\u00e9pendante les informations importantes avant toute r\u00e9servation ou tout d\u00e9part.<\/p>\n\n\n\n<p>The Travel Bunny ne peut \u00eatre tenu responsable des pertes, dommages, probl\u00e8mes de r\u00e9servation, interruptions, inexactitudes ou d\u00e9cisions prises sur la base du contenu du site.<\/p>\n\n\n\n<hr class=\"wp-block-separator has-alpha-channel-opacity\"\/>\n\n\n\n<h2 class=\"wp-block-heading\">Droit applicable<\/h2>\n\n\n\n<p>Ce site est r\u00e9gi par le droit fran\u00e7ais.<\/p>\n\n\n\n<p>Tout litige relatif \u00e0 l\u2019utilisation de ce site rel\u00e8ve de la comp\u00e9tence des juridictions fran\u00e7aises comp\u00e9tentes.<\/p>\n\n\n\n<hr class=\"wp-block-separator has-alpha-channel-opacity\"\/>\n\n\n\n<h2 class=\"wp-block-heading\">Contact<\/h2>\n\n\n\n<p>Pour toute demande juridique, question relative \u00e0 la protection des donn\u00e9es ou pr\u00e9occupation li\u00e9e au site, veuillez contacter : <em>legal@the-travel-bunny.com<\/em>.<\/p>\n","protected":false},"excerpt":{"rendered":"<p>\u00c9diteur du site Le site The Travel Bunny est d\u00e9tenu et publi\u00e9 par : Mirela-Cristina LETAILLEURMicro-entrepreneuse bas\u00e9e en France83600 Bagnols-en-For\u00eat, FranceEmail : legal@the-travel-bunny.comSIREN : 905180162TVA non applicable, article 293 B du CGI Directrice de la publication : Mirela Letailleur Objet du site The Travel Bunny est une plateforme de voyage prim\u00e9e sp\u00e9cialis\u00e9e dans le slow travel Europe, le voyage M\u00e9diterran\u00e9e, les itin\u00e9raires culturels, le voyage en famille Europe, les routes de voile, les road trips, le voyage en camping-car et les exp\u00e9riences locales \u00e0 travers la Provence-Alpes-C\u00f4te d\u2019Azur, la Roumanie, la Gr\u00e8ce, l\u2019Italie, les Balkans et le reste de l\u2019Europe. &#8230; <\/p>\n<p class=\"read-more-container\"><a title=\"Mentions l\u00e9gales\" class=\"read-more button\" href=\"https:\/\/www.the-travel-bunny.com\/fr\/mentions-legales\/#more-9290\" aria-label=\"En savoir plus sur Mentions l\u00e9gales\">Lire plus<\/a><\/p>\n","protected":false},"author":1,"featured_media":0,"parent":0,"menu_order":0,"comment_status":"closed","ping_status":"closed","template":"","meta":{"footnotes":""},"class_list":["post-9290","page","type-page","status-publish"],"_links":{"self":[{"href":"https:\/\/www.the-travel-bunny.com\/fr\/wp-json\/wp\/v2\/pages\/9290","targetHints":{"allow":["GET"]}}],"collection":[{"href":"https:\/\/www.the-travel-bunny.com\/fr\/wp-json\/wp\/v2\/pages"}],"about":[{"href":"https:\/\/www.the-travel-bunny.com\/fr\/wp-json\/wp\/v2\/types\/page"}],"author":[{"embeddable":true,"href":"https:\/\/www.the-travel-bunny.com\/fr\/wp-json\/wp\/v2\/users\/1"}],"replies":[{"embeddable":true,"href":"https:\/\/www.the-travel-bunny.com\/fr\/wp-json\/wp\/v2\/comments?post=9290"}],"version-history":[{"count":1,"href":"https:\/\/www.the-travel-bunny.com\/fr\/wp-json\/wp\/v2\/pages\/9290\/revisions"}],"predecessor-version":[{"id":9291,"href":"https:\/\/www.the-travel-bunny.com\/fr\/wp-json\/wp\/v2\/pages\/9290\/revisions\/9291"}],"wp:attachment":[{"href":"https:\/\/www.the-travel-bunny.com\/fr\/wp-json\/wp\/v2\/media?parent=9290"}],"curies":[{"name":"wp","href":"https:\/\/api.w.org\/{rel}","templated":true}]}}