{"id":9292,"date":"2026-05-12T13:14:21","date_gmt":"2026-05-12T13:14:21","guid":{"rendered":"https:\/\/www.the-travel-bunny.com\/fr\/?page_id=9292"},"modified":"2026-05-12T13:14:27","modified_gmt":"2026-05-12T13:14:27","slug":"transparence","status":"publish","type":"page","link":"https:\/\/www.the-travel-bunny.com\/fr\/transparence\/","title":{"rendered":"Transparence"},"content":{"rendered":"\n<h2 class=\"wp-block-heading\">Transparence \u00e9ditoriale<\/h2>\n\n\n\n<p><strong>The Travel Bunny est une plateforme de voyage ind\u00e9pendante cr\u00e9\u00e9e et g\u00e9r\u00e9e par Mirela Letailleur.<\/strong><\/p>\n\n\n\n<p>Ce blog voyage M\u00e9diterran\u00e9e publie des guides de voyage, des articles de destination, des itin\u00e9raires, des conseils voyage, des tests de produits, des ressources utiles et du contenu \u00e9ditorial consacr\u00e9 au slow travel Europe, au voyage M\u00e9diterran\u00e9e, aux exp\u00e9riences culturelles, aux itin\u00e9raires de voile, au voyage avec enfant Europe, au voyage en camping-car et \u00e0 l\u2019organisation pratique de voyages.<\/p>\n\n\n\n<p>The Travel Bunny g\u00e9n\u00e8re des revenus gr\u00e2ce \u00e0 une combinaison de partenariats d\u2019affiliation, de collaborations sponsoris\u00e9es, de publicit\u00e9, de produits num\u00e9riques et de services li\u00e9s au voyage.<\/p>\n\n\n\n<p>Le maintien d\u2019une transparence \u00e9ditoriale claire est une priorit\u00e9 pour cette plateforme de voyage.<\/p>\n\n\n\n<hr class=\"wp-block-separator has-alpha-channel-opacity\"\/>\n\n\n\n<h2 class=\"wp-block-heading\">Ind\u00e9pendance \u00e9ditoriale<\/h2>\n\n\n\n<p><strong>Toutes les opinions exprim\u00e9es sur The Travel Bunny appartiennent \u00e0 Mirela Letailleur, sauf indication contraire.<\/strong><\/p>\n\n\n\n<p>Les collaborations sponsoris\u00e9es, les relations d\u2019affiliation, les exp\u00e9riences offertes, les produits re\u00e7us, les partenariats publicitaires et les campagnes r\u00e9mun\u00e9r\u00e9es ne garantissent pas une couverture positive.<\/p>\n\n\n\n<p>The Travel Bunny privil\u00e9gie les conseils pratiques, l\u2019exp\u00e9rience r\u00e9elle du terrain, les itin\u00e9raires r\u00e9alistes et les recommandations honn\u00eates.<\/p>\n\n\n\n<p>Les lieux, produits, h\u00e9bergements, services de voyage et destinations pr\u00e9sent\u00e9s sur ce site refl\u00e8tent une exp\u00e9rience personnelle, un jugement \u00e9ditorial, des recherches ind\u00e9pendantes ou une combinaison de ces \u00e9l\u00e9ments.<\/p>\n\n\n\n<p>L\u2019objectif de The Travel Bunny est d\u2019aider les voyageurs, voyageuses et expatri\u00e9\u00b7es \u00e0 prendre des d\u00e9cisions plus \u00e9clair\u00e9es pour leurs voyages en Europe et autour de la M\u00e9diterran\u00e9e.<\/p>\n\n\n\n<hr class=\"wp-block-separator has-alpha-channel-opacity\"\/>\n\n\n\n<h2 class=\"wp-block-heading\">Divulgation d\u2019affiliation<\/h2>\n\n\n\n<p>Certains articles, guides, newsletters, pages, emails, cartes et ressources de voyage publi\u00e9s sur <strong>The Travel Bunny<\/strong> contiennent des liens d\u2019affiliation.<\/p>\n\n\n\n<p>Cela signifie que The Travel Bunny peut percevoir une commission si une lectrice ou un lecteur effectue un achat ou une r\u00e9servation via certains liens, sans co\u00fbt suppl\u00e9mentaire pour l\u2019utilisateur ou l\u2019utilisatrice.<\/p>\n\n\n\n<p>Les commissions d\u2019affiliation contribuent au financement :<\/p>\n\n\n\n<ul class=\"wp-block-list\">\n<li>Des recherches de voyage<\/li>\n\n\n\n<li>De l\u2019h\u00e9bergement du site<\/li>\n\n\n\n<li>De la photographie<\/li>\n\n\n\n<li>De la couverture de destinations<\/li>\n\n\n\n<li>De la r\u00e9daction et de l\u2019\u00e9dition<\/li>\n\n\n\n<li>De la maintenance technique<\/li>\n\n\n\n<li>Des guides voyage d\u00e9taill\u00e9s<\/li>\n\n\n\n<li>De la publication de newsletters<\/li>\n\n\n\n<li>Des outils de cartographie<\/li>\n\n\n\n<li>Du travail \u00e9ditorial ind\u00e9pendant<\/li>\n<\/ul>\n\n\n\n<p>Les partenariats d\u2019affiliation incluent actuellement des plateformes et programmes tels que :<\/p>\n\n\n\n<ul class=\"wp-block-list\">\n<li>Amazon Associates<\/li>\n\n\n\n<li>Rexby<\/li>\n\n\n\n<li>Travelpayouts<\/li>\n\n\n\n<li>AWIN<\/li>\n\n\n\n<li>SafetyWing<\/li>\n\n\n\n<li>Des plateformes de r\u00e9servation de voyage<\/li>\n\n\n\n<li>Des plateformes d\u2019h\u00e9bergement<\/li>\n\n\n\n<li>Des prestataires d\u2019activit\u00e9s et d\u2019exp\u00e9riences<\/li>\n\n\n\n<li>Des logiciels et services li\u00e9s au voyage<\/li>\n<\/ul>\n\n\n\n<p>Les partenariats d\u2019affiliation peuvent \u00e9voluer au fil du temps.<\/p>\n\n\n\n<p>The Travel Bunny promeut uniquement des produits, services, destinations, outils ou exp\u00e9riences jug\u00e9s pertinents pour son audience et coh\u00e9rents avec la ligne \u00e9ditoriale du site.<\/p>\n\n\n\n<hr class=\"wp-block-separator has-alpha-channel-opacity\"\/>\n\n\n\n<h2 class=\"wp-block-heading\">Contenu sponsoris\u00e9 et partenariats<\/h2>\n\n\n\n<p>The Travel Bunny peut collaborer avec :<\/p>\n\n\n\n<ul class=\"wp-block-list\">\n<li>Des offices de tourisme<\/li>\n\n\n\n<li>Des marques de voyage<\/li>\n\n\n\n<li>Des h\u00e9bergements<\/li>\n\n\n\n<li>Des voyagistes<\/li>\n\n\n\n<li>Des compagnies de transport<\/li>\n\n\n\n<li>Des entreprises de technologie touristique<\/li>\n\n\n\n<li>Des campagnes de promotion touristique<\/li>\n\n\n\n<li>Des agences de relations publiques<\/li>\n\n\n\n<li>Des organismes de marketing territorial<\/li>\n<\/ul>\n\n\n\n<p>Les collaborations peuvent inclure :<\/p>\n\n\n\n<ul class=\"wp-block-list\">\n<li>Des articles sponsoris\u00e9s<\/li>\n\n\n\n<li>Des liens sponsoris\u00e9s<\/li>\n\n\n\n<li>Des produits offerts<\/li>\n\n\n\n<li>Des s\u00e9jours offerts<\/li>\n\n\n\n<li>Des voyages de presse<\/li>\n\n\n\n<li>Des exp\u00e9riences h\u00e9berg\u00e9es<\/li>\n\n\n\n<li>Des campagnes publicitaires<\/li>\n\n\n\n<li>Des partenariats \u00e0 long terme<\/li>\n<\/ul>\n\n\n\n<p><strong><a href=\"https:\/\/www.the-travel-bunny.com\/fr\/etiquette\/contenu-sponsorise\/\" data-type=\"post_tag\" data-id=\"58\">Le contenu sponsoris\u00e9<\/a> et <a href=\"https:\/\/www.the-travel-bunny.com\/fr\/etiquette\/collaboration\/\" data-type=\"post_tag\" data-id=\"54\">les collaborations r\u00e9mun\u00e9r\u00e9es<\/a><\/strong> sont clairement signal\u00e9s lorsque cela s\u2019applique.<\/p>\n\n\n\n<p><strong>L\u2019acceptation d\u2019une r\u00e9mun\u00e9ration ne transf\u00e8re pas le contr\u00f4le \u00e9ditorial aux partenaires.<\/strong><\/p>\n\n\n\n<p>The Travel Bunny se r\u00e9serve le droit de refuser toute collaboration qui ne correspond pas aux standards \u00e9ditoriaux du site, aux int\u00e9r\u00eats de son audience, \u00e0 sa vision du voyage lent Europe ou \u00e0 sa ligne \u00e9thique.<\/p>\n\n\n\n<hr class=\"wp-block-separator has-alpha-channel-opacity\"\/>\n\n\n\n<h2 class=\"wp-block-heading\">Tests de produits<\/h2>\n\n\n\n<p>The Travel Bunny publie occasionnellement des avis sur des produits de voyage, des \u00e9quipements, des applications, des h\u00e9bergements, des excursions, des services de transport et des technologies li\u00e9es au voyage.<\/p>\n\n\n\n<p>Certains produits ou exp\u00e9riences peuvent \u00eatre fournis gratuitement \u00e0 des fins de test ou d\u2019\u00e9valuation.<\/p>\n\n\n\n<p><strong>La r\u00e9ception de produits, services ou exp\u00e9riences offerts ne garantit pas une couverture favorable.<\/strong><\/p>\n\n\n\n<p><strong><a href=\"https:\/\/www.the-travel-bunny.com\/fr\/etiquette\/tests-et-avis-de-produits\/\" data-type=\"post_tag\" data-id=\"87\">Les avis publi\u00e9s sur The Travel Bunny<\/a><\/strong> refl\u00e8tent une exp\u00e9rience personnelle, des conditions r\u00e9elles de test, un contexte de voyage pr\u00e9cis et une opinion \u00e9ditoriale ind\u00e9pendante.<\/p>\n\n\n\n<hr class=\"wp-block-separator has-alpha-channel-opacity\"\/>\n\n\n\n<h2 class=\"wp-block-heading\">Publicit\u00e9<\/h2>\n\n\n\n<p>The Travel Bunny affiche de la publicit\u00e9 via des r\u00e9seaux publicitaires tiers et des partenaires m\u00e9dia, notamment SHE Media.<\/p>\n\n\n\n<p>Les revenus publicitaires contribuent \u00e0 la publication continue de guides gratuits, de contenus de destination approfondis, d\u2019itin\u00e9raires Europe pratiques et de contenus \u00e9ditoriaux ind\u00e9pendants.<\/p>\n\n\n\n<p><strong>SHE Media permet d\u2019acc\u00e9der \u00e0 des partenariats publicitaires soutenant les femmes cr\u00e9atrices ind\u00e9pendantes<\/strong> tout en maintenant une exp\u00e9rience de lecture plus agr\u00e9able que celle de nombreuses plateformes \u00e0 forte densit\u00e9 publicitaire.<\/p>\n\n\n\n<p>Les prestataires publicitaires tiers peuvent utiliser des cookies, des outils analytiques et des technologies de suivi afin de personnaliser les annonces, mesurer les performances et mieux comprendre le comportement de l\u2019audience.<\/p>\n\n\n\n<p>Des informations compl\u00e9mentaires concernant les cookies, les technologies de suivi et le traitement des donn\u00e9es sont disponibles dans la <a href=\"https:\/\/www.the-travel-bunny.com\/fr\/politique-de-confidentialite\/\" data-type=\"page\" data-id=\"124\">Politique de confidentialit\u00e9<\/a>.<\/p>\n\n\n\n<hr class=\"wp-block-separator has-alpha-channel-opacity\"\/>\n\n\n\n<h2 class=\"wp-block-heading\">Clause de non-responsabilit\u00e9 concernant les informations de voyage<\/h2>\n\n\n\n<p>Les informations de voyage \u00e9voluent fr\u00e9quemment.<\/p>\n\n\n\n<p>Les prix, horaires, heures d\u2019ouverture, itin\u00e9raires de ferry, services de transport, r\u00e9glementations locales, exigences de visa, conditions m\u00e9t\u00e9orologiques, conditions de s\u00e9curit\u00e9 et infrastructures touristiques peuvent changer sans pr\u00e9avis.<\/p>\n\n\n\n<p><strong>The Travel Bunny met en \u0153uvre des efforts raisonnables afin de maintenir des informations exactes et \u00e0 jour.<\/strong><\/p>\n\n\n\n<p>Les voyageurs et voyageuses restent responsables de v\u00e9rifier ind\u00e9pendamment les informations importantes avant toute r\u00e9servation, tout achat ou d\u00e9part.<\/p>\n\n\n\n<hr class=\"wp-block-separator has-alpha-channel-opacity\"\/>\n\n\n\n<h2 class=\"wp-block-heading\">IA et int\u00e9grit\u00e9 \u00e9ditoriale<\/h2>\n\n\n\n<p>The Travel Bunny valorise le reportage original, l\u2019exp\u00e9rience v\u00e9cue du voyage, la connaissance des destinations, la recherche pratique et la responsabilit\u00e9 \u00e9ditoriale.<\/p>\n\n\n\n<p>Les guides et recommandations de voyage sont construits autour de visites r\u00e9p\u00e9t\u00e9es, du contexte local, du slow travel Provence, du voyage authentique M\u00e9diterran\u00e9e et d\u2019une exp\u00e9rience directe \u00e0 travers la Provence-Alpes-C\u00f4te d\u2019Azur, la Roumanie, la Gr\u00e8ce, l\u2019Italie, les Balkans et la M\u00e9diterran\u00e9e.<\/p>\n\n\n\n<p>Le site privil\u00e9gie des informations r\u00e9ellement utiles, fond\u00e9es sur l\u2019exp\u00e9rience du terrain, plut\u00f4t qu\u2019un contenu touristique produit \u00e0 grande \u00e9chelle sans expertise locale.<\/p>\n\n\n\n<hr class=\"wp-block-separator has-alpha-channel-opacity\"\/>\n\n\n\n<h2 class=\"wp-block-heading\">Contact<\/h2>\n\n\n\n<p>Pour toute question concernant les partenariats, les relations d\u2019affiliation, les collaborations sponsoris\u00e9es, la publicit\u00e9 ou la transparence \u00e9ditoriale, veuillez contacter : <em>mirela@the-travel-bunny.com<\/em><\/p>\n","protected":false},"excerpt":{"rendered":"<p>Transparence \u00e9ditoriale The Travel Bunny est une plateforme de voyage ind\u00e9pendante cr\u00e9\u00e9e et g\u00e9r\u00e9e par Mirela Letailleur. Ce blog voyage M\u00e9diterran\u00e9e publie des guides de voyage, des articles de destination, des itin\u00e9raires, des conseils voyage, des tests de produits, des ressources utiles et du contenu \u00e9ditorial consacr\u00e9 au slow travel Europe, au voyage M\u00e9diterran\u00e9e, aux exp\u00e9riences culturelles, aux itin\u00e9raires de voile, au voyage avec enfant Europe, au voyage en camping-car et \u00e0 l\u2019organisation pratique de voyages. The Travel Bunny g\u00e9n\u00e8re des revenus gr\u00e2ce \u00e0 une combinaison de partenariats d\u2019affiliation, de collaborations sponsoris\u00e9es, de publicit\u00e9, de produits num\u00e9riques et de services &#8230; <\/p>\n<p class=\"read-more-container\"><a title=\"Transparence\" class=\"read-more button\" href=\"https:\/\/www.the-travel-bunny.com\/fr\/transparence\/#more-9292\" aria-label=\"En savoir plus sur Transparence\">Lire plus<\/a><\/p>\n","protected":false},"author":1,"featured_media":0,"parent":0,"menu_order":0,"comment_status":"closed","ping_status":"closed","template":"","meta":{"footnotes":""},"class_list":["post-9292","page","type-page","status-publish"],"_links":{"self":[{"href":"https:\/\/www.the-travel-bunny.com\/fr\/wp-json\/wp\/v2\/pages\/9292","targetHints":{"allow":["GET"]}}],"collection":[{"href":"https:\/\/www.the-travel-bunny.com\/fr\/wp-json\/wp\/v2\/pages"}],"about":[{"href":"https:\/\/www.the-travel-bunny.com\/fr\/wp-json\/wp\/v2\/types\/page"}],"author":[{"embeddable":true,"href":"https:\/\/www.the-travel-bunny.com\/fr\/wp-json\/wp\/v2\/users\/1"}],"replies":[{"embeddable":true,"href":"https:\/\/www.the-travel-bunny.com\/fr\/wp-json\/wp\/v2\/comments?post=9292"}],"version-history":[{"count":1,"href":"https:\/\/www.the-travel-bunny.com\/fr\/wp-json\/wp\/v2\/pages\/9292\/revisions"}],"predecessor-version":[{"id":9293,"href":"https:\/\/www.the-travel-bunny.com\/fr\/wp-json\/wp\/v2\/pages\/9292\/revisions\/9293"}],"wp:attachment":[{"href":"https:\/\/www.the-travel-bunny.com\/fr\/wp-json\/wp\/v2\/media?parent=9292"}],"curies":[{"name":"wp","href":"https:\/\/api.w.org\/{rel}","templated":true}]}}