{"id":10,"date":"2021-06-27T08:02:57","date_gmt":"2021-06-27T08:02:57","guid":{"rendered":"https:\/\/the-travel-bunny-com.lyricalstaging.com\/magazin\/?page_id=10"},"modified":"2021-09-01T18:00:16","modified_gmt":"2021-09-01T18:00:16","slug":"magazin","status":"publish","type":"page","link":"https:\/\/www.the-travel-bunny.com\/magazin\/","title":{"rendered":"Bine ai venit \u00een Magazinul The Travel Bunny!"},"content":{"rendered":"\n<p>Iat\u0103 doar un pic din tot ce vei g\u0103si \u00een Magazinul The Travel Bunny: cadouri pentru c\u0103l\u0103tori, ghiduri de c\u0103l\u0103torie, jurnale de c\u0103l\u0103torie, h\u0103r\u021bi \u0219i globuri ale lumii, aparate de fotografiat, echipamente de sport \u0219i de exterior, bagaje \u0219i haine de c\u0103l\u0103torie.<\/p>\n\n\n\n<hr class=\"wp-block-separator is-style-wide\"\/>\n\n\n\n<h2 class=\"wp-block-heading\">Cele mai v\u00e2ndute produse<\/h2>\n\n\n\n<div class=\"wp-block-columns is-layout-flex wp-container-core-columns-is-layout-9d6595d7 wp-block-columns-is-layout-flex\">\n<div class=\"wp-block-column is-layout-flow wp-block-column-is-layout-flow\">\n<h3 class=\"wp-block-heading\">H\u0103r\u021bi din lemn<\/h3>\n\n\n<div data-block-name=\"woocommerce\/handpicked-products\" data-columns=\"2\" data-content-visibility=\"{&quot;title&quot;:true,&quot;price&quot;:false,&quot;rating&quot;:false,&quot;button&quot;:false}\" data-edit-mode=\"false\" data-products=\"[68,59]\" class=\"wc-block-grid wp-block-handpicked-products wp-block-woocommerce-handpicked-products wc-block-handpicked-products has-2-columns has-multiple-rows\"><ul class=\"wc-block-grid__products\"><li class=\"wc-block-grid__product\">\n\t\t\t\t<a href=\"https:\/\/www.the-travel-bunny.com\/magazin\/harta-lumii-din-lemn-3d\/\" class=\"wc-block-grid__product-link\">\n\t\t\t\t\t\n\t\t\t\t\t<div class=\"wc-block-grid__product-image\"><img loading=\"lazy\" decoding=\"async\" width=\"300\" height=\"300\" src=\"https:\/\/www.the-travel-bunny.com\/magazin\/wp-content\/uploads\/sites\/5\/2021\/06\/Harta-lumii-din-lemn-3D-multicolor-300x300.jpg\" class=\"attachment-woocommerce_thumbnail size-woocommerce_thumbnail\" alt=\"Harta lumii din lemn 3D multicolor\" srcset=\"https:\/\/www.the-travel-bunny.com\/magazin\/wp-content\/uploads\/sites\/5\/2021\/06\/Harta-lumii-din-lemn-3D-multicolor-300x300.jpg 300w, https:\/\/www.the-travel-bunny.com\/magazin\/wp-content\/uploads\/sites\/5\/2021\/06\/Harta-lumii-din-lemn-3D-multicolor-150x150.jpg 150w, https:\/\/www.the-travel-bunny.com\/magazin\/wp-content\/uploads\/sites\/5\/2021\/06\/Harta-lumii-din-lemn-3D-multicolor-100x100.jpg 100w, https:\/\/www.the-travel-bunny.com\/magazin\/wp-content\/uploads\/sites\/5\/2021\/06\/Harta-lumii-din-lemn-3D-multicolor.jpg 500w\" sizes=\"auto, (max-width: 300px) 100vw, 300px\" title=\"\"><\/div>\n\t\t\t\t\t<div class=\"wc-block-grid__product-title\">Harta lumii din lemn 3D pentru perete<\/div>\n\t\t\t\t<\/a>\n\t\t\t\t\n\t\t\t\t\n\t\t\t\t\n\t\t\t<\/li><li class=\"wc-block-grid__product\">\n\t\t\t\t<a href=\"https:\/\/www.the-travel-bunny.com\/magazin\/harta-lumii-cu-led\/\" class=\"wc-block-grid__product-link\">\n\t\t\t\t\t\n\t\t\t\t\t<div class=\"wc-block-grid__product-image\"><img loading=\"lazy\" decoding=\"async\" width=\"300\" height=\"300\" src=\"https:\/\/www.the-travel-bunny.com\/magazin\/wp-content\/uploads\/sites\/5\/2021\/06\/Harta-lumii-cu-LED-300x300.jpg\" class=\"attachment-woocommerce_thumbnail size-woocommerce_thumbnail\" alt=\"Harta lumii cu LED\" srcset=\"https:\/\/www.the-travel-bunny.com\/magazin\/wp-content\/uploads\/sites\/5\/2021\/06\/Harta-lumii-cu-LED-300x300.jpg 300w, https:\/\/www.the-travel-bunny.com\/magazin\/wp-content\/uploads\/sites\/5\/2021\/06\/Harta-lumii-cu-LED-150x150.jpg 150w, https:\/\/www.the-travel-bunny.com\/magazin\/wp-content\/uploads\/sites\/5\/2021\/06\/Harta-lumii-cu-LED-100x100.jpg 100w, https:\/\/www.the-travel-bunny.com\/magazin\/wp-content\/uploads\/sites\/5\/2021\/06\/Harta-lumii-cu-LED.jpg 500w\" sizes=\"auto, (max-width: 300px) 100vw, 300px\" title=\"\"><\/div>\n\t\t\t\t\t<div class=\"wc-block-grid__product-title\">Harta lumii cu LED pentru perete<\/div>\n\t\t\t\t<\/a>\n\t\t\t\t\n\t\t\t\t\n\t\t\t\t\n\t\t\t<\/li><\/ul><\/div><\/div>\n\n\n\n<div class=\"wp-block-column is-layout-flow wp-block-column-is-layout-flow\">\n<h3 class=\"wp-block-heading\">Rucsacuri smart<\/h3>\n\n\n<div data-block-name=\"woocommerce\/handpicked-products\" data-columns=\"2\" data-content-visibility=\"{&quot;title&quot;:true,&quot;price&quot;:false,&quot;rating&quot;:false,&quot;button&quot;:false}\" data-edit-mode=\"false\" data-products=\"[84,77]\" class=\"wc-block-grid wp-block-handpicked-products wp-block-woocommerce-handpicked-products wc-block-handpicked-products has-2-columns has-multiple-rows\"><ul class=\"wc-block-grid__products\"><li class=\"wc-block-grid__product\">\n\t\t\t\t<a href=\"https:\/\/www.the-travel-bunny.com\/magazin\/rucsac-nayo-exp\/\" class=\"wc-block-grid__product-link\">\n\t\t\t\t\t\n\t\t\t\t\t<div class=\"wc-block-grid__product-image\"><img loading=\"lazy\" decoding=\"async\" width=\"300\" height=\"300\" src=\"https:\/\/www.the-travel-bunny.com\/magazin\/wp-content\/uploads\/sites\/5\/2021\/06\/rucsac-nayo-exp-extensibil-300x300.jpg\" class=\"attachment-woocommerce_thumbnail size-woocommerce_thumbnail\" alt=\"rucsac nayo exp extensibil\" srcset=\"https:\/\/www.the-travel-bunny.com\/magazin\/wp-content\/uploads\/sites\/5\/2021\/06\/rucsac-nayo-exp-extensibil-300x300.jpg 300w, https:\/\/www.the-travel-bunny.com\/magazin\/wp-content\/uploads\/sites\/5\/2021\/06\/rucsac-nayo-exp-extensibil-150x150.jpg 150w, https:\/\/www.the-travel-bunny.com\/magazin\/wp-content\/uploads\/sites\/5\/2021\/06\/rucsac-nayo-exp-extensibil-100x100.jpg 100w, https:\/\/www.the-travel-bunny.com\/magazin\/wp-content\/uploads\/sites\/5\/2021\/06\/rucsac-nayo-exp-extensibil.jpg 500w\" sizes=\"auto, (max-width: 300px) 100vw, 300px\" title=\"\"><\/div>\n\t\t\t\t\t<div class=\"wc-block-grid__product-title\">Rucsac Nayo EXP<\/div>\n\t\t\t\t<\/a>\n\t\t\t\t\n\t\t\t\t\n\t\t\t\t\n\t\t\t<\/li><\/ul><\/div><\/div>\n<\/div>\n\n\n\n<hr class=\"wp-block-separator is-style-wide\"\/>\n\n\n\n<h2 class=\"wp-block-heading\">Produse ad\u0103ugate recent \u00een magazin<\/h2>\n\n\n<div data-block-name=\"woocommerce\/product-new\" data-columns=\"4\" data-content-visibility=\"{&quot;title&quot;:true,&quot;price&quot;:true,&quot;rating&quot;:false,&quot;button&quot;:false}\" class=\"wc-block-grid wp-block-product-new wp-block-woocommerce-product-new wc-block-product-new has-4-columns has-multiple-rows\"><ul class=\"wc-block-grid__products\"><li class=\"wc-block-grid__product\">\n\t\t\t\t<a href=\"https:\/\/www.the-travel-bunny.com\/magazin\/rucsac-nayo-defensor\/\" class=\"wc-block-grid__product-link\">\n\t\t\t\t\t\n\t\t\t\t\t<div class=\"wc-block-grid__product-image\"><img loading=\"lazy\" decoding=\"async\" width=\"300\" height=\"300\" src=\"https:\/\/www.the-travel-bunny.com\/magazin\/wp-content\/uploads\/sites\/5\/2021\/06\/Rucsac-Nayo-Defensor-300x300.jpg\" class=\"attachment-woocommerce_thumbnail size-woocommerce_thumbnail\" alt=\"Rucsac Nayo Defensor\" srcset=\"https:\/\/www.the-travel-bunny.com\/magazin\/wp-content\/uploads\/sites\/5\/2021\/06\/Rucsac-Nayo-Defensor-300x300.jpg 300w, https:\/\/www.the-travel-bunny.com\/magazin\/wp-content\/uploads\/sites\/5\/2021\/06\/Rucsac-Nayo-Defensor-150x150.jpg 150w, https:\/\/www.the-travel-bunny.com\/magazin\/wp-content\/uploads\/sites\/5\/2021\/06\/Rucsac-Nayo-Defensor-100x100.jpg 100w, https:\/\/www.the-travel-bunny.com\/magazin\/wp-content\/uploads\/sites\/5\/2021\/06\/Rucsac-Nayo-Defensor.jpg 500w\" sizes=\"auto, (max-width: 300px) 100vw, 300px\" title=\"\"><\/div>\n\t\t\t\t\t<div class=\"wc-block-grid__product-title\">Rucsac Nayo Defensor<\/div>\n\t\t\t\t<\/a>\n\t\t\t\t<div class=\"wc-block-grid__product-price price\"><del aria-hidden=\"true\"><span class=\"woocommerce-Price-amount amount\">476,00&nbsp;<span class=\"woocommerce-Price-currencySymbol\">lei<\/span><\/span><\/del> <span class=\"screen-reader-text\">Pre\u021bul ini\u021bial a fost: 476,00&nbsp;lei.<\/span><ins aria-hidden=\"true\"><span class=\"woocommerce-Price-amount amount\">332,00&nbsp;<span class=\"woocommerce-Price-currencySymbol\">lei<\/span><\/span><\/ins><span class=\"screen-reader-text\">Pre\u021bul curent este: 332,00&nbsp;lei.<\/span><\/div>\n\t\t\t\t\n\t\t\t\t\n\t\t\t<\/li><li class=\"wc-block-grid__product\">\n\t\t\t\t<a href=\"https:\/\/www.the-travel-bunny.com\/magazin\/rucsac-nayo-exp\/\" class=\"wc-block-grid__product-link\">\n\t\t\t\t\t\n\t\t\t\t\t<div class=\"wc-block-grid__product-image\"><img loading=\"lazy\" decoding=\"async\" width=\"300\" height=\"300\" src=\"https:\/\/www.the-travel-bunny.com\/magazin\/wp-content\/uploads\/sites\/5\/2021\/06\/rucsac-nayo-exp-extensibil-300x300.jpg\" class=\"attachment-woocommerce_thumbnail size-woocommerce_thumbnail\" alt=\"rucsac nayo exp extensibil\" srcset=\"https:\/\/www.the-travel-bunny.com\/magazin\/wp-content\/uploads\/sites\/5\/2021\/06\/rucsac-nayo-exp-extensibil-300x300.jpg 300w, https:\/\/www.the-travel-bunny.com\/magazin\/wp-content\/uploads\/sites\/5\/2021\/06\/rucsac-nayo-exp-extensibil-150x150.jpg 150w, https:\/\/www.the-travel-bunny.com\/magazin\/wp-content\/uploads\/sites\/5\/2021\/06\/rucsac-nayo-exp-extensibil-100x100.jpg 100w, https:\/\/www.the-travel-bunny.com\/magazin\/wp-content\/uploads\/sites\/5\/2021\/06\/rucsac-nayo-exp-extensibil.jpg 500w\" sizes=\"auto, (max-width: 300px) 100vw, 300px\" title=\"\"><\/div>\n\t\t\t\t\t<div class=\"wc-block-grid__product-title\">Rucsac Nayo EXP<\/div>\n\t\t\t\t<\/a>\n\t\t\t\t<div class=\"wc-block-grid__product-price price\"><del aria-hidden=\"true\"><span class=\"woocommerce-Price-amount amount\">558,00&nbsp;<span class=\"woocommerce-Price-currencySymbol\">lei<\/span><\/span><\/del> <span class=\"screen-reader-text\">Pre\u021bul ini\u021bial a fost: 558,00&nbsp;lei.<\/span><ins aria-hidden=\"true\"><span class=\"woocommerce-Price-amount amount\">385,00&nbsp;<span class=\"woocommerce-Price-currencySymbol\">lei<\/span><\/span><\/ins><span class=\"screen-reader-text\">Pre\u021bul curent este: 385,00&nbsp;lei.<\/span><\/div>\n\t\t\t\t\n\t\t\t\t\n\t\t\t<\/li><li class=\"wc-block-grid__product\">\n\t\t\t\t<a href=\"https:\/\/www.the-travel-bunny.com\/magazin\/harta-lumii-razuibila\/\" class=\"wc-block-grid__product-link\">\n\t\t\t\t\t\n\t\t\t\t\t<div class=\"wc-block-grid__product-image\"><img loading=\"lazy\" decoding=\"async\" width=\"300\" height=\"300\" src=\"https:\/\/www.the-travel-bunny.com\/magazin\/wp-content\/uploads\/sites\/5\/2021\/06\/Harta-lumii-razuibila-300x300.jpg\" class=\"attachment-woocommerce_thumbnail size-woocommerce_thumbnail\" alt=\"Harta lumii r\u0103zuibil\u0103\" srcset=\"https:\/\/www.the-travel-bunny.com\/magazin\/wp-content\/uploads\/sites\/5\/2021\/06\/Harta-lumii-razuibila-300x300.jpg 300w, https:\/\/www.the-travel-bunny.com\/magazin\/wp-content\/uploads\/sites\/5\/2021\/06\/Harta-lumii-razuibila-150x150.jpg 150w, https:\/\/www.the-travel-bunny.com\/magazin\/wp-content\/uploads\/sites\/5\/2021\/06\/Harta-lumii-razuibila-100x100.jpg 100w, https:\/\/www.the-travel-bunny.com\/magazin\/wp-content\/uploads\/sites\/5\/2021\/06\/Harta-lumii-razuibila.jpg 500w\" sizes=\"auto, (max-width: 300px) 100vw, 300px\" title=\"\"><\/div>\n\t\t\t\t\t<div class=\"wc-block-grid__product-title\">Harta lumii r\u0103zuibil\u0103<\/div>\n\t\t\t\t<\/a>\n\t\t\t\t<div class=\"wc-block-grid__product-price price\"><del aria-hidden=\"true\"><span class=\"woocommerce-Price-amount amount\">207,00&nbsp;<span class=\"woocommerce-Price-currencySymbol\">lei<\/span><\/span><\/del> <span class=\"screen-reader-text\">Pre\u021bul ini\u021bial a fost: 207,00&nbsp;lei.<\/span><ins aria-hidden=\"true\"><span class=\"woocommerce-Price-amount amount\">124,00&nbsp;<span class=\"woocommerce-Price-currencySymbol\">lei<\/span><\/span><\/ins><span class=\"screen-reader-text\">Pre\u021bul curent este: 124,00&nbsp;lei.<\/span><\/div>\n\t\t\t\t\n\t\t\t\t\n\t\t\t<\/li><li class=\"wc-block-grid__product\">\n\t\t\t\t<a href=\"https:\/\/www.the-travel-bunny.com\/magazin\/harta-razuibila-pentru-copii\/\" class=\"wc-block-grid__product-link\">\n\t\t\t\t\t\n\t\t\t\t\t<div class=\"wc-block-grid__product-image\"><img loading=\"lazy\" decoding=\"async\" width=\"300\" height=\"300\" src=\"https:\/\/www.the-travel-bunny.com\/magazin\/wp-content\/uploads\/sites\/5\/2021\/06\/Harta-razuibila-pentru-copii-300x300.jpg\" class=\"attachment-woocommerce_thumbnail size-woocommerce_thumbnail\" alt=\"Hart\u0103 r\u0103zuibil\u0103 pentru copii\" srcset=\"https:\/\/www.the-travel-bunny.com\/magazin\/wp-content\/uploads\/sites\/5\/2021\/06\/Harta-razuibila-pentru-copii-300x300.jpg 300w, https:\/\/www.the-travel-bunny.com\/magazin\/wp-content\/uploads\/sites\/5\/2021\/06\/Harta-razuibila-pentru-copii-150x150.jpg 150w, https:\/\/www.the-travel-bunny.com\/magazin\/wp-content\/uploads\/sites\/5\/2021\/06\/Harta-razuibila-pentru-copii-100x100.jpg 100w, https:\/\/www.the-travel-bunny.com\/magazin\/wp-content\/uploads\/sites\/5\/2021\/06\/Harta-razuibila-pentru-copii.jpg 500w\" sizes=\"auto, (max-width: 300px) 100vw, 300px\" title=\"\"><\/div>\n\t\t\t\t\t<div class=\"wc-block-grid__product-title\">Hart\u0103 r\u0103zuibil\u0103 pentru copii<\/div>\n\t\t\t\t<\/a>\n\t\t\t\t<div class=\"wc-block-grid__product-price price\"><del aria-hidden=\"true\"><span class=\"woocommerce-Price-amount amount\">207,00&nbsp;<span class=\"woocommerce-Price-currencySymbol\">lei<\/span><\/span><\/del> <span class=\"screen-reader-text\">Pre\u021bul ini\u021bial a fost: 207,00&nbsp;lei.<\/span><ins aria-hidden=\"true\"><span class=\"woocommerce-Price-amount amount\">124,00&nbsp;<span class=\"woocommerce-Price-currencySymbol\">lei<\/span><\/span><\/ins><span class=\"screen-reader-text\">Pre\u021bul curent este: 124,00&nbsp;lei.<\/span><\/div>\n\t\t\t\t\n\t\t\t\t\n\t\t\t<\/li><li class=\"wc-block-grid__product\">\n\t\t\t\t<a href=\"https:\/\/www.the-travel-bunny.com\/magazin\/harta-lumii-din-lemn-3d\/\" class=\"wc-block-grid__product-link\">\n\t\t\t\t\t\n\t\t\t\t\t<div class=\"wc-block-grid__product-image\"><img loading=\"lazy\" decoding=\"async\" width=\"300\" height=\"300\" src=\"https:\/\/www.the-travel-bunny.com\/magazin\/wp-content\/uploads\/sites\/5\/2021\/06\/Harta-lumii-din-lemn-3D-multicolor-300x300.jpg\" class=\"attachment-woocommerce_thumbnail size-woocommerce_thumbnail\" alt=\"Harta lumii din lemn 3D multicolor\" srcset=\"https:\/\/www.the-travel-bunny.com\/magazin\/wp-content\/uploads\/sites\/5\/2021\/06\/Harta-lumii-din-lemn-3D-multicolor-300x300.jpg 300w, https:\/\/www.the-travel-bunny.com\/magazin\/wp-content\/uploads\/sites\/5\/2021\/06\/Harta-lumii-din-lemn-3D-multicolor-150x150.jpg 150w, https:\/\/www.the-travel-bunny.com\/magazin\/wp-content\/uploads\/sites\/5\/2021\/06\/Harta-lumii-din-lemn-3D-multicolor-100x100.jpg 100w, https:\/\/www.the-travel-bunny.com\/magazin\/wp-content\/uploads\/sites\/5\/2021\/06\/Harta-lumii-din-lemn-3D-multicolor.jpg 500w\" sizes=\"auto, (max-width: 300px) 100vw, 300px\" title=\"\"><\/div>\n\t\t\t\t\t<div class=\"wc-block-grid__product-title\">Harta lumii din lemn 3D pentru perete<\/div>\n\t\t\t\t<\/a>\n\t\t\t\t<div class=\"wc-block-grid__product-price price\"><del aria-hidden=\"true\"><span class=\"woocommerce-Price-amount amount\">420,64&nbsp;<span class=\"woocommerce-Price-currencySymbol\">lei<\/span><\/span><\/del> <span class=\"screen-reader-text\">Pre\u021bul ini\u021bial a fost: 420,64&nbsp;lei.<\/span><ins aria-hidden=\"true\"><span class=\"woocommerce-Price-amount amount\">207,85&nbsp;<span class=\"woocommerce-Price-currencySymbol\">lei<\/span><\/span><\/ins><span class=\"screen-reader-text\">Pre\u021bul curent este: 207,85&nbsp;lei.<\/span><\/div>\n\t\t\t\t\n\t\t\t\t\n\t\t\t<\/li><li class=\"wc-block-grid__product\">\n\t\t\t\t<a href=\"https:\/\/www.the-travel-bunny.com\/magazin\/harta-lumii-de-lemn-2d\/\" class=\"wc-block-grid__product-link\">\n\t\t\t\t\t\n\t\t\t\t\t<div class=\"wc-block-grid__product-image\"><img loading=\"lazy\" decoding=\"async\" width=\"300\" height=\"300\" src=\"https:\/\/www.the-travel-bunny.com\/magazin\/wp-content\/uploads\/sites\/5\/2021\/06\/Harta-lumii-de-lemn-2D-stejar-300x300.jpg\" class=\"attachment-woocommerce_thumbnail size-woocommerce_thumbnail\" alt=\"Harta lumii de lemn 2D\" srcset=\"https:\/\/www.the-travel-bunny.com\/magazin\/wp-content\/uploads\/sites\/5\/2021\/06\/Harta-lumii-de-lemn-2D-stejar-300x300.jpg 300w, https:\/\/www.the-travel-bunny.com\/magazin\/wp-content\/uploads\/sites\/5\/2021\/06\/Harta-lumii-de-lemn-2D-stejar-150x150.jpg 150w, https:\/\/www.the-travel-bunny.com\/magazin\/wp-content\/uploads\/sites\/5\/2021\/06\/Harta-lumii-de-lemn-2D-stejar-100x100.jpg 100w, https:\/\/www.the-travel-bunny.com\/magazin\/wp-content\/uploads\/sites\/5\/2021\/06\/Harta-lumii-de-lemn-2D-stejar.jpg 500w\" sizes=\"auto, (max-width: 300px) 100vw, 300px\" title=\"\"><\/div>\n\t\t\t\t\t<div class=\"wc-block-grid__product-title\">Harta lumii de lemn 2D pentru perete<\/div>\n\t\t\t\t<\/a>\n\t\t\t\t<div class=\"wc-block-grid__product-price price\"><del aria-hidden=\"true\"><span class=\"woocommerce-Price-amount amount\">323,00&nbsp;<span class=\"woocommerce-Price-currencySymbol\">lei<\/span><\/span><\/del> <span class=\"screen-reader-text\">Pre\u021bul ini\u021bial a fost: 323,00&nbsp;lei.<\/span><ins aria-hidden=\"true\"><span class=\"woocommerce-Price-amount amount\">162,00&nbsp;<span class=\"woocommerce-Price-currencySymbol\">lei<\/span><\/span><\/ins><span class=\"screen-reader-text\">Pre\u021bul curent este: 162,00&nbsp;lei.<\/span><\/div>\n\t\t\t\t\n\t\t\t\t\n\t\t\t<\/li><li class=\"wc-block-grid__product\">\n\t\t\t\t<a href=\"https:\/\/www.the-travel-bunny.com\/magazin\/harta-lumii-2d-din-lemn\/\" class=\"wc-block-grid__product-link\">\n\t\t\t\t\t\n\t\t\t\t\t<div class=\"wc-block-grid__product-image\"><img loading=\"lazy\" decoding=\"async\" width=\"300\" height=\"300\" src=\"https:\/\/www.the-travel-bunny.com\/magazin\/wp-content\/uploads\/sites\/5\/2021\/06\/Harta-lumii-2D-din-lemn-colorat-bleumarin-300x300.jpg\" class=\"attachment-woocommerce_thumbnail size-woocommerce_thumbnail\" alt=\"Harta lumii 2D din lemn colorat bleumarin\" srcset=\"https:\/\/www.the-travel-bunny.com\/magazin\/wp-content\/uploads\/sites\/5\/2021\/06\/Harta-lumii-2D-din-lemn-colorat-bleumarin-300x300.jpg 300w, https:\/\/www.the-travel-bunny.com\/magazin\/wp-content\/uploads\/sites\/5\/2021\/06\/Harta-lumii-2D-din-lemn-colorat-bleumarin-150x150.jpg 150w, https:\/\/www.the-travel-bunny.com\/magazin\/wp-content\/uploads\/sites\/5\/2021\/06\/Harta-lumii-2D-din-lemn-colorat-bleumarin-100x100.jpg 100w, https:\/\/www.the-travel-bunny.com\/magazin\/wp-content\/uploads\/sites\/5\/2021\/06\/Harta-lumii-2D-din-lemn-colorat-bleumarin.jpg 500w\" sizes=\"auto, (max-width: 300px) 100vw, 300px\" title=\"\"><\/div>\n\t\t\t\t\t<div class=\"wc-block-grid__product-title\">Harta lumii 2D din lemn colorat<\/div>\n\t\t\t\t<\/a>\n\t\t\t\t<div class=\"wc-block-grid__product-price price\"><del aria-hidden=\"true\"><span class=\"woocommerce-Price-amount amount\">406,00&nbsp;<span class=\"woocommerce-Price-currencySymbol\">lei<\/span><\/span><\/del> <span class=\"screen-reader-text\">Pre\u021bul ini\u021bial a fost: 406,00&nbsp;lei.<\/span><ins aria-hidden=\"true\"><span class=\"woocommerce-Price-amount amount\">203,00&nbsp;<span class=\"woocommerce-Price-currencySymbol\">lei<\/span><\/span><\/ins><span class=\"screen-reader-text\">Pre\u021bul curent este: 203,00&nbsp;lei.<\/span><\/div>\n\t\t\t\t\n\t\t\t\t\n\t\t\t<\/li><li class=\"wc-block-grid__product\">\n\t\t\t\t<a href=\"https:\/\/www.the-travel-bunny.com\/magazin\/harta-lumii-cu-led\/\" class=\"wc-block-grid__product-link\">\n\t\t\t\t\t\n\t\t\t\t\t<div class=\"wc-block-grid__product-image\"><img loading=\"lazy\" decoding=\"async\" width=\"300\" height=\"300\" src=\"https:\/\/www.the-travel-bunny.com\/magazin\/wp-content\/uploads\/sites\/5\/2021\/06\/Harta-lumii-cu-LED-300x300.jpg\" class=\"attachment-woocommerce_thumbnail size-woocommerce_thumbnail\" alt=\"Harta lumii cu LED\" srcset=\"https:\/\/www.the-travel-bunny.com\/magazin\/wp-content\/uploads\/sites\/5\/2021\/06\/Harta-lumii-cu-LED-300x300.jpg 300w, https:\/\/www.the-travel-bunny.com\/magazin\/wp-content\/uploads\/sites\/5\/2021\/06\/Harta-lumii-cu-LED-150x150.jpg 150w, https:\/\/www.the-travel-bunny.com\/magazin\/wp-content\/uploads\/sites\/5\/2021\/06\/Harta-lumii-cu-LED-100x100.jpg 100w, https:\/\/www.the-travel-bunny.com\/magazin\/wp-content\/uploads\/sites\/5\/2021\/06\/Harta-lumii-cu-LED.jpg 500w\" sizes=\"auto, (max-width: 300px) 100vw, 300px\" title=\"\"><\/div>\n\t\t\t\t\t<div class=\"wc-block-grid__product-title\">Harta lumii cu LED pentru perete<\/div>\n\t\t\t\t<\/a>\n\t\t\t\t<div class=\"wc-block-grid__product-price price\"><del aria-hidden=\"true\"><span class=\"woocommerce-Price-amount amount\">2.555,00&nbsp;<span class=\"woocommerce-Price-currencySymbol\">lei<\/span><\/span><\/del> <span class=\"screen-reader-text\">Pre\u021bul ini\u021bial a fost: 2.555,00&nbsp;lei.<\/span><ins aria-hidden=\"true\"><span class=\"woocommerce-Price-amount amount\">1.278,00&nbsp;<span class=\"woocommerce-Price-currencySymbol\">lei<\/span><\/span><\/ins><span class=\"screen-reader-text\">Pre\u021bul curent este: 1.278,00&nbsp;lei.<\/span><\/div>\n\t\t\t\t\n\t\t\t\t\n\t\t\t<\/li><li class=\"wc-block-grid__product\">\n\t\t\t\t<a href=\"https:\/\/www.the-travel-bunny.com\/magazin\/harta-lumii-din-lemn-colorat\/\" class=\"wc-block-grid__product-link\">\n\t\t\t\t\t\n\t\t\t\t\t<div class=\"wc-block-grid__product-image\"><img loading=\"lazy\" decoding=\"async\" width=\"300\" height=\"300\" src=\"https:\/\/www.the-travel-bunny.com\/magazin\/wp-content\/uploads\/sites\/5\/2021\/06\/Harta-lumii-din-lemn-colorat-3D-300x300.jpg\" class=\"attachment-woocommerce_thumbnail size-woocommerce_thumbnail\" alt=\"Harta lumii din lemn colorat 3D\" srcset=\"https:\/\/www.the-travel-bunny.com\/magazin\/wp-content\/uploads\/sites\/5\/2021\/06\/Harta-lumii-din-lemn-colorat-3D-300x300.jpg 300w, https:\/\/www.the-travel-bunny.com\/magazin\/wp-content\/uploads\/sites\/5\/2021\/06\/Harta-lumii-din-lemn-colorat-3D-150x150.jpg 150w, https:\/\/www.the-travel-bunny.com\/magazin\/wp-content\/uploads\/sites\/5\/2021\/06\/Harta-lumii-din-lemn-colorat-3D-100x100.jpg 100w, https:\/\/www.the-travel-bunny.com\/magazin\/wp-content\/uploads\/sites\/5\/2021\/06\/Harta-lumii-din-lemn-colorat-3D.jpg 500w\" sizes=\"auto, (max-width: 300px) 100vw, 300px\" title=\"\"><\/div>\n\t\t\t\t\t<div class=\"wc-block-grid__product-title\">Harta lumii din lemn colorat 3D<\/div>\n\t\t\t\t<\/a>\n\t\t\t\t<div class=\"wc-block-grid__product-price price\"><del aria-hidden=\"true\"><span class=\"woocommerce-Price-amount amount\">480,00&nbsp;<span class=\"woocommerce-Price-currencySymbol\">lei<\/span><\/span><\/del> <span class=\"screen-reader-text\">Pre\u021bul ini\u021bial a fost: 480,00&nbsp;lei.<\/span><ins aria-hidden=\"true\"><span class=\"woocommerce-Price-amount amount\">198,00&nbsp;<span class=\"woocommerce-Price-currencySymbol\">lei<\/span><\/span><\/ins><span class=\"screen-reader-text\">Pre\u021bul curent este: 198,00&nbsp;lei.<\/span><\/div>\n\t\t\t\t\n\t\t\t\t\n\t\t\t<\/li><\/ul><\/div>\n\n\n<hr class=\"wp-block-separator is-style-wide\"\/>\n\n\n\n<h2 class=\"wp-block-heading\">Cele mai recente recenzii<\/h2>\n\n\n\n<ul class=\"wp-block-list\"><li><a href=\"https:\/\/www.the-travel-bunny.com\/ro\/recenzie-rucsac-extensibil-nayo-exp\/\">Recenzie Nayo EXP, cel mai bun rucsac extensibil<\/a><\/li><li><a href=\"https:\/\/www.the-travel-bunny.com\/ro\/rucsac-smart-nayo-almighty\/\">Recenzie rucsac smart Nayo Almighty<\/a><\/li><\/ul>\n\n\n<div class=\"wp-block-scriptless-social-sharing-buttons\"><div class=\"scriptlesssocialsharing\"><div class=\"scriptlesssocialsharing__buttons no-icons\"><a class=\"button twitter\" target=\"_blank\" href=\"https:\/\/twitter.com\/intent\/tweet?text=Bine%20ai%20venit%20%C3%AEn%20Magazinul%20The%20Travel%20Bunny%21&#038;url=https%3A%2F%2Fwww.the-travel-bunny.com%2Fmagazin%2F&#038;via=mirela_iepurela&#038;related=mirela_iepurela\" rel=\"noopener noreferrer nofollow\" ><span class=\"sss-name\"><span class=\"screen-reader-text\">Share on <\/span>X (Twitter)<\/span><\/a><a class=\"button facebook\" target=\"_blank\" href=\"https:\/\/www.facebook.com\/sharer\/sharer.php?u=https%3A%2F%2Fwww.the-travel-bunny.com%2Fmagazin%2F\" rel=\"noopener noreferrer nofollow\" ><span class=\"sss-name\"><span class=\"screen-reader-text\">Share on <\/span>Facebook<\/span><\/a><a class=\"button linkedin\" target=\"_blank\" href=\"https:\/\/www.linkedin.com\/shareArticle?mini=1&#038;url=https%3A%2F%2Fwww.the-travel-bunny.com%2Fmagazin%2F&#038;title=Bine%20ai%20venit%20%C3%AEn%20Magazinul%20The%20Travel%20Bunny%21&#038;source=https%3A%2F%2Fwww.the-travel-bunny.com%2Fmagazin\" rel=\"noopener noreferrer nofollow\" ><span class=\"sss-name\"><span class=\"screen-reader-text\">Share on <\/span>LinkedIn<\/span><\/a><a class=\"button email\" href=\"mailto:?body=Am%20g%C4%83sit%20aceast%C4%83%20ofert%C4%83%20pe%20The%20Travel%20Bunny%20%C8%99i%20m-am%20g%C3%A2ndit%20c%C4%83%20te-ar%20putea%20interesa%20%C8%99i%20pe%20tine.%20Iat%C4%83%20linkul%3A%20https%3A%2F%2Fwww.the-travel-bunny.com%2Fmagazin%2F&#038;subject=Am%20f%C4%83cut%20o%20afacere%21%20Bine%20ai%20venit%20%C3%AEn%20Magazinul%20The%20Travel%20Bunny%21\" rel=\"noopener noreferrer nofollow\" ><span class=\"sss-name\"><span class=\"screen-reader-text\">Share on <\/span>Email<\/span><\/a><a class=\"button whatsapp\" target=\"_blank\" href=\"https:\/\/api.whatsapp.com\/send?text=Bine%20ai%20venit%20%C3%AEn%20Magazinul%20The%20Travel%20Bunny%21%20%E2%80%94%20https%3A%2F%2Fwww.the-travel-bunny.com%2Fmagazin%2F\" rel=\"noopener noreferrer nofollow\" ><span class=\"sss-name\"><span class=\"screen-reader-text\">Share on <\/span>WhatsApp<\/span><\/a><\/div><\/div><\/div>","protected":false},"excerpt":{"rendered":"<p>Iat\u0103 doar un pic din tot ce vei g\u0103si \u00een Magazinul The Travel Bunny: cadouri pentru c\u0103l\u0103tori, ghiduri de c\u0103l\u0103torie, jurnale de c\u0103l\u0103torie, h\u0103r\u021bi \u0219i globuri ale lumii, aparate de fotografiat, echipamente de sport \u0219i de exterior, bagaje \u0219i haine de c\u0103l\u0103torie. Cele mai v\u00e2ndute produse H\u0103r\u021bi din lemn Rucsacuri smart Produse ad\u0103ugate recent \u00een magazin Cele mai recente recenzii Recenzie Nayo EXP, cel mai bun rucsac extensibil Recenzie rucsac smart Nayo Almighty<\/p>\n","protected":false},"author":1,"featured_media":0,"parent":0,"menu_order":1,"comment_status":"closed","ping_status":"closed","template":"","meta":{"footnotes":""},"class_list":["post-10","page","type-page","status-publish"],"_links":{"self":[{"href":"https:\/\/www.the-travel-bunny.com\/magazin\/wp-json\/wp\/v2\/pages\/10","targetHints":{"allow":["GET"]}}],"collection":[{"href":"https:\/\/www.the-travel-bunny.com\/magazin\/wp-json\/wp\/v2\/pages"}],"about":[{"href":"https:\/\/www.the-travel-bunny.com\/magazin\/wp-json\/wp\/v2\/types\/page"}],"author":[{"embeddable":true,"href":"https:\/\/www.the-travel-bunny.com\/magazin\/wp-json\/wp\/v2\/users\/1"}],"replies":[{"embeddable":true,"href":"https:\/\/www.the-travel-bunny.com\/magazin\/wp-json\/wp\/v2\/comments?post=10"}],"version-history":[{"count":0,"href":"https:\/\/www.the-travel-bunny.com\/magazin\/wp-json\/wp\/v2\/pages\/10\/revisions"}],"wp:attachment":[{"href":"https:\/\/www.the-travel-bunny.com\/magazin\/wp-json\/wp\/v2\/media?parent=10"}],"curies":[{"name":"wp","href":"https:\/\/api.w.org\/{rel}","templated":true}]}}