{"id":59,"date":"2021-06-29T06:24:15","date_gmt":"2021-06-29T06:24:15","guid":{"rendered":"https:\/\/the-travel-bunny-com.lyricalstaging.com\/magazin\/?post_type=product&#038;p=59"},"modified":"2026-03-27T07:14:08","modified_gmt":"2026-03-27T07:14:08","slug":"harta-lumii-cu-led","status":"publish","type":"product","link":"https:\/\/www.the-travel-bunny.com\/magazin\/harta-lumii-cu-led\/","title":{"rendered":"Harta lumii cu LED pentru perete"},"content":{"rendered":"<h3><a href=\"https:\/\/shareasale.com\/r.cfm?b=1454579&amp;u=1948476&amp;m=93255&amp;urllink=enjoythewood%2Ecom%2Fproducts%2Fled%2Dacrylic%2D3d%2Dmultilayer%2Dworld%2Dwall%2Dmap&amp;afftrack=woo\" target=\"_blank\" rel=\"noopener sponsored\">Harta lumii cu LED<\/a> pentru perete &#8211; Op\u021biuni de iluminare din spate<\/h3>\n<ul>\n<li>Op\u021biunea RGB LED (culori neon) cu 7 op\u021biuni de lumin\u0103 primar\u0103.<\/li>\n<li>Folosind o mic\u0103 telecomand\u0103, po\u021bi controla intensitatea luminii.<\/li>\n<li>Pe fundal acrilic, harta este preg\u0103tit\u0103 pentru instalarea pe perete. Trebuie doar s\u0103 o pozi\u021biona\u021bi pe perete \u0219i s\u0103 faci conexiunea.<\/li>\n<li>Unele dintre cele mai mici dintre insule sunt f\u0103r\u0103 fundal acrilic \u0219i f\u0103r\u0103 lumin\u0103. Va trebui s\u0103 le lipe\u0219ti cu h\u00e2rtia special\u0103 inclus\u0103.<\/li>\n<li>Harta lumii cu LED acrilic\u0103 are func\u021bii 110V \/ 220V. Are conectori electrici UE \/ SUA disponibili.<\/li>\n<li>Un videoclip simplu cu instruc\u021biuni de instalare este disponibil mai jos. Instalarea dureaz\u0103 mai pu\u021bin de 2 ore. Va trebui s\u0103 dai g\u0103uri \u00een perete \u0219i s\u0103 folose\u0219ti cuie de \u00eencadrare pentru a pozi\u021biona harta. Toate sunt incluse \u00een pachet.<\/li>\n<\/ul>\n<hr \/>\n<p><center><iframe loading=\"lazy\" title=\"Wooden 3D LED World Map for Wall\" src=\"https:\/\/www.youtube-nocookie.com\/embed\/MNQf1Q6smQA\" width=\"792\" height=\"445\" frameborder=\"0\" allowfullscreen=\"allowfullscreen\"><\/iframe><\/center><\/p>\n<p style=\"text-align: right;\"><strong><a href=\"https:\/\/www.the-travel-bunny.com\/magazin\/harti-de-calatorie-si-globuri\/harti-din-lemn\/\">Vezi mai multe h\u0103r\u021bi din lemn -&gt;<\/a><\/strong><\/p>\n","protected":false},"excerpt":{"rendered":"<p>Redecoreaz\u0103-\u021bi casa, spa\u021biul de lucru sau biroul cu aceast\u0103 frumoas\u0103 hart\u0103 a lumii cu LED-uri. Aceast\u0103 hart\u0103 luminoas\u0103 din lemn 3D cu LED este ecologic\u0103, lucrat\u0103 manual \u0219i va rezista o via\u021b\u0103 \u00eentreag\u0103. Prietenii \u0219i colegii t\u0103i o vor admira ore \u00een \u0219ir! Va fi m\u00e2ndria ta, inspira\u021bia ta de c\u0103l\u0103torie \u0219i un decor uimitor. Este cel mai bun cadou pentru cei care ador\u0103 s\u0103 c\u0103l\u0103toreasc\u0103!<\/p>\n","protected":false},"featured_media":60,"template":"","meta":[],"pwb-brand":[19],"product_brand":[],"product_cat":[23],"product_tag":[33],"class_list":{"0":"post-59","1":"product","2":"type-product","3":"status-publish","4":"has-post-thumbnail","6":"pwb-brand-enjoy-the-wood","7":"product_cat-harti-din-lemn","8":"product_tag-harti-led","9":"resize-featured-image","10":"sales-flash-overlay","11":"woocommerce-text-align-center","12":"woocommerce-image-align-center","14":"first","15":"instock","16":"sale","17":"shipping-taxable","18":"product-type-external"},"brands":[{"id":19,"name":"Enjoy The Wood","slug":"enjoy-the-wood"}],"_links":{"self":[{"href":"https:\/\/www.the-travel-bunny.com\/magazin\/wp-json\/wp\/v2\/product\/59","targetHints":{"allow":["GET"]}}],"collection":[{"href":"https:\/\/www.the-travel-bunny.com\/magazin\/wp-json\/wp\/v2\/product"}],"about":[{"href":"https:\/\/www.the-travel-bunny.com\/magazin\/wp-json\/wp\/v2\/types\/product"}],"wp:featuredmedia":[{"embeddable":true,"href":"https:\/\/www.the-travel-bunny.com\/magazin\/wp-json\/wp\/v2\/media\/60"}],"wp:attachment":[{"href":"https:\/\/www.the-travel-bunny.com\/magazin\/wp-json\/wp\/v2\/media?parent=59"}],"wp:term":[{"taxonomy":"pwb-brand","embeddable":true,"href":"https:\/\/www.the-travel-bunny.com\/magazin\/wp-json\/wp\/v2\/pwb-brand?post=59"},{"taxonomy":"product_brand","embeddable":true,"href":"https:\/\/www.the-travel-bunny.com\/magazin\/wp-json\/wp\/v2\/product_brand?post=59"},{"taxonomy":"product_cat","embeddable":true,"href":"https:\/\/www.the-travel-bunny.com\/magazin\/wp-json\/wp\/v2\/product_cat?post=59"},{"taxonomy":"product_tag","embeddable":true,"href":"https:\/\/www.the-travel-bunny.com\/magazin\/wp-json\/wp\/v2\/product_tag?post=59"}],"curies":[{"name":"wp","href":"https:\/\/api.w.org\/{rel}","templated":true}]}}