{"id":73,"date":"2021-06-29T06:52:52","date_gmt":"2021-06-29T06:52:52","guid":{"rendered":"https:\/\/the-travel-bunny-com.lyricalstaging.com\/magazin\/?post_type=product&#038;p=73"},"modified":"2026-03-27T07:10:30","modified_gmt":"2026-03-27T07:10:30","slug":"harta-razuibila-pentru-copii","status":"publish","type":"product","link":"https:\/\/www.the-travel-bunny.com\/magazin\/harta-razuibila-pentru-copii\/","title":{"rendered":"Hart\u0103 r\u0103zuibil\u0103 pentru copii"},"content":{"rendered":"<p>\u00cenc\u00e2nt\u0103-\u021bi copilul t\u0103u s\u0103 c\u0103l\u0103toreasc\u0103 cu harta r\u0103zuibil\u0103 pentru copii <em>Micii Exploratori<\/em> de la <a href=\"https:\/\/www.the-travel-bunny.com\/magazin\/brand\/newverest\/\">Newverest<\/a>. Visa\u021bi \u00eempreun\u0103 la noi aventuri \u0219i aminti\u021bi-ve de cele din trecut.<\/p>\n<hr \/>\n<h3>Harta r\u0103zuibil\u0103 pentru copii, pentru Micii t\u0103i Exploratori!<\/h3>\n<ul>\n<li>Adaptat\u0103 copiilor: Are un ghid u\u0219or de utilizat. Trebuie r\u0103zuit\u0103 folia pentru a expune culorile str\u0103lucitoare de sub ea.<\/li>\n<li>Multifunc\u021bional\u0103: tot ce ave\u021bi nevoie este inclus \u00een pachet. Sose\u0219te cu tub cadou, instrument de r\u0103zuit, 50 de carduri cu animale, geant\u0103 de transport \u0219i copert\u0103 de cur\u0103\u021bare.<\/li>\n<li>Tururi din vacan\u021be \u00een familie: trece\u021bi pe list\u0103 locurile pe care vrea s\u0103 le viziteze \u0219i vino cu c\u00e2teva idei noi pentru a \u00eei transforma visele \u00een realitate.<\/li>\n<li>Interactiv\u0103: cele 50 de carduri cu animale \u00eei \u00eenva\u021b\u0103 pe copii c\u00e2teva lucruri amuzante despre animalele dr\u0103gu\u021be care tr\u0103iesc \u00een fiecare zon\u0103 a lumii.<\/li>\n<\/ul>\n<p style=\"text-align: right;\"><strong><a href=\"https:\/\/www.the-travel-bunny.com\/magazin\/harti-de-calatorie-si-globuri\/harti-razuibile\/\">Vezi mai multe h\u0103r\u021bi pentru copii -&gt;<\/a><\/strong><\/p>\n","protected":false},"excerpt":{"rendered":"<p>Covinge-\u021bi copilul t\u0103u s\u0103 c\u0103l\u0103toreasc\u0103 cu hart\u0103 r\u0103zuibil\u0103 pentru copii <em>Micii Exploratori<\/em>. Visa\u021bi \u00eempreun\u0103 la noi aventuri \u0219i aminti\u021bi-v\u0103 de cele dragi din trecut.<\/p>\n","protected":false},"featured_media":74,"template":"","meta":[],"pwb-brand":[21],"product_brand":[],"product_cat":[24,25],"product_tag":[],"class_list":{"0":"post-73","1":"product","2":"type-product","3":"status-publish","4":"has-post-thumbnail","6":"pwb-brand-newverest","7":"product_cat-harti-pentru-copii","8":"product_cat-harti-razuibile","9":"resize-featured-image","10":"sales-flash-overlay","11":"woocommerce-text-align-center","12":"woocommerce-image-align-center","14":"first","15":"instock","16":"sale","17":"shipping-taxable","18":"product-type-external"},"brands":[{"id":21,"name":"Newverest","slug":"newverest"}],"_links":{"self":[{"href":"https:\/\/www.the-travel-bunny.com\/magazin\/wp-json\/wp\/v2\/product\/73","targetHints":{"allow":["GET"]}}],"collection":[{"href":"https:\/\/www.the-travel-bunny.com\/magazin\/wp-json\/wp\/v2\/product"}],"about":[{"href":"https:\/\/www.the-travel-bunny.com\/magazin\/wp-json\/wp\/v2\/types\/product"}],"wp:featuredmedia":[{"embeddable":true,"href":"https:\/\/www.the-travel-bunny.com\/magazin\/wp-json\/wp\/v2\/media\/74"}],"wp:attachment":[{"href":"https:\/\/www.the-travel-bunny.com\/magazin\/wp-json\/wp\/v2\/media?parent=73"}],"wp:term":[{"taxonomy":"pwb-brand","embeddable":true,"href":"https:\/\/www.the-travel-bunny.com\/magazin\/wp-json\/wp\/v2\/pwb-brand?post=73"},{"taxonomy":"product_brand","embeddable":true,"href":"https:\/\/www.the-travel-bunny.com\/magazin\/wp-json\/wp\/v2\/product_brand?post=73"},{"taxonomy":"product_cat","embeddable":true,"href":"https:\/\/www.the-travel-bunny.com\/magazin\/wp-json\/wp\/v2\/product_cat?post=73"},{"taxonomy":"product_tag","embeddable":true,"href":"https:\/\/www.the-travel-bunny.com\/magazin\/wp-json\/wp\/v2\/product_tag?post=73"}],"curies":[{"name":"wp","href":"https:\/\/api.w.org\/{rel}","templated":true}]}}