{"id":75,"date":"2021-06-29T06:55:48","date_gmt":"2021-06-29T06:55:48","guid":{"rendered":"https:\/\/the-travel-bunny-com.lyricalstaging.com\/magazin\/?post_type=product&#038;p=75"},"modified":"2026-03-27T07:11:12","modified_gmt":"2026-03-27T07:11:12","slug":"harta-lumii-razuibila","status":"publish","type":"product","link":"https:\/\/www.the-travel-bunny.com\/magazin\/harta-lumii-razuibila\/","title":{"rendered":"Harta lumii r\u0103zuibil\u0103"},"content":{"rendered":"<p>Harta lumii r\u0103zuibil\u0103 de la Newverest este noul mod palpitant de a \u00ee\u021bi documenta aventurile \u0219i de a salva amintiri pre\u021bioase. Trebuie doar s\u0103 r\u0103zuie\u0219ti folia fiec\u0103rei \u021b\u0103ri pentru a descoperi culoarea de sub aceasta \u0219i a \u00ee\u021bi marca c\u0103l\u0103toria.<\/p>\n<ul>\n<li>Harta ta vine cu un tub cadou, un instrument de r\u0103zuit, 20 de pin-uri, 4 autocolante, o geant\u0103 de transport \u0219i o lavet\u0103 din microfibr\u0103 pentru a nu face mizerie c\u00e2nd r\u0103zuie\u0219ti.<\/li>\n<li>Exist\u0103 peste 200 de \u021b\u0103ri pe hart\u0103. Trebuie s\u0103 r\u0103zuie\u0219ti pentru a ajunge la culoarea minunat\u0103 ascuns\u0103 dedesubt.<\/li>\n<li>Marcheaz\u0103-\u021bi c\u0103l\u0103toriile pe harta lumii \u0219i planific\u0103-\u021bi urm\u0103toarea c\u0103l\u0103torie cu lista noastr\u0103.<\/li>\n<li>\u00cenr\u0103meaz\u0103 harta \u0219i ag\u0103\u021b-o acas\u0103, la birou sau \u00een camera copilului.<\/li>\n<\/ul>\n<p>Harta lumii r\u0103zuibil\u0103 te \u00eencurajeaz\u0103 s\u0103 te dai jos de pe canapea \u0219i s\u0103 c\u0103l\u0103tore\u0219ti \u00een toate acele <a title=\"destina\u021bii\" href=\"https:\/\/www.the-travel-bunny.com\/ro\/destinatii-de-vacanta-in-australia\/\" target=\"_blank\" rel=\"noopener\">destina\u021bii<\/a> pe care vrei s\u0103 le vizitezi \u00een loc s\u0103 le vezi doar la televizor. Prima <a href=\"https:\/\/www.the-travel-bunny.com\/magazin\/harta-lumii-de-lemn-2d\/\">harta a lumii<\/a> r\u0103zuibil\u0103 de la Newverest te \u00eencurajeaz\u0103 s\u0103 v\u0103 \u00eendep\u0103rta\u021bi de toate \u0219i s\u0103 explora\u021bi noi \u021b\u0103ri de pe glob.<\/p>\n<p>Harta lumii r\u0103zuibil\u0103 de la Newverest este preg\u0103tit\u0103 pentru a fi r\u0103zuit\u0103 sau decorat\u0103 cu autocolantele incluse. Poate fi ag\u0103\u021bat\u0103 a\u0219a cum este. Oricum preferi, este perfect\u0103.<\/p>\n<hr \/>\n<h3>Harta lumii r\u0103zuibil\u0103: planific\u0103-\u021bi c\u0103l\u0103toriile!<\/h3>\n<p>Dup\u0103 ce ai cump\u0103rat harta lumii r\u0103zuibil\u0103, este timpul s\u0103 \u00eencepi s\u0103 \u00ee\u021bi urm\u0103re\u0219ti c\u0103l\u0103toriile \u0219i s\u0103 marchezi c\u00e2t mai multe <a title=\"destina\u021bii\" href=\"https:\/\/www.the-travel-bunny.com\/ro\/destinatii-ecoturistice\/\" target=\"_blank\" rel=\"noopener\">destina\u021bii<\/a>. Este un mod simplu \u0219i distractiv de a \u00ee\u021bi aminti unde ai fost. Pur \u0219i simplu \u0219terge stratul auriu exterior al h\u0103r\u021bii de fiecare dat\u0103 c\u00e2nd vizitezi o nou\u0103 \u021bar\u0103 de oriunde din lume. Freac\u0103 apoi stratul r\u0103zuit cu laveta din microfibr\u0103 pentru a expune culoarea vie de sub el.<\/p>\n<p><strong>Fotografiile sunt \u00een regul\u0103, dar h\u0103r\u021bile de c\u0103l\u0103torie sunt interactive.<\/strong> C\u00e2nd vizitezi na\u021biuni noi, re\u021bine c\u0103 po\u021bi urm\u0103ri mai mult dec\u00e2t doar ora\u0219ele \u00een care ai fost. Folose\u0219te pin-urile incluse pentru a marca locurile unice pe care le-ai g\u0103sit pe unde ai ajus.<\/p>\n<hr \/>\n<h3>Harta lumii r\u0103zuibil\u0103: planific\u0103 noi aventuri!<\/h3>\n<p>Imagineaz\u0103-\u021bi c\u0103 tocmai te-ai dat jos din pat, apoi te-ai \u00eentrebat unde vei merge \u00een acea zi. Din fericire, afi\u0219ul cu harta lumii r\u0103zuibil\u0103 este chiar pe peretele t\u0103u, purt\u00e2ndu-te \u00een urm\u0103toarea mare aventur\u0103.<\/p>\n<p>Ar trebui s\u0103 \u00eei implici \u0219i pe cei mici \u00een preg\u0103tirea noilor vacan\u021be. Las\u0103-i s\u0103 se uite la harta lumii de r\u0103zuit \u0219i s\u0103 aleag\u0103 primele trei locuri pe care \u0219i-ar dori s\u0103 le viziteze. Este un mod minunat de a le ar\u0103ta diferen\u021ba dintre o na\u021biune \u0219i un stat.<\/p>\n<p>Preg\u0103te\u0219te-i pentru a vedea dac\u0103 \u00ee\u021bi pot spune mai multe despre Europa. Cum se compar\u0103 cu Statele Unite ale Americii?<\/p>\n<p>Nu toate vacan\u021bele trebuie s\u0103 fie \u00een locuri \u00eendep\u0103rtate. Po\u021bi r\u0103m\u00e2ne aproape de cas\u0103 \u0219i descoperi locurile din jur \u00eenainte de a te \u00eendrepta spre restul \u021b\u0103rii. Fiecare hart\u0103 Newverest te va ajuta s\u0103 planifici at\u00e2t c\u0103l\u0103torii mari, c\u00e2t \u0219i mici.<\/p>\n<p>Indiferent dac\u0103 r\u0103zuielile de pe <a href=\"https:\/\/www.the-travel-bunny.com\/magazin\/harta-lumii-cu-led\/\">harta lumii<\/a> sunt doar pentru tine, familia ta sau un alt c\u0103l\u0103tor cu care ai putea c\u0103uta aventuri, <a href=\"https:\/\/www.the-travel-bunny.com\/magazin\/harta-lumii-din-lemn-3d\/\">harta lumii<\/a> r\u0103zuibil\u0103 te va ajuta s\u0103 vezi tot globul!<\/p>\n<p style=\"text-align: right;\"><strong><a href=\"https:\/\/www.the-travel-bunny.com\/magazin\/harti-de-calatorie-si-globuri\/harti-razuibile\/\">Vezi mai multe h\u0103r\u021bi r\u0103zuibile -&gt;<\/a><\/strong><\/p>\n","protected":false},"excerpt":{"rendered":"<p>Harta lumii r\u0103zuibil\u0103 de la Newverest este noul mod palpitant de a \u00ee\u021bi documenta aventurile \u0219i de a salva amintirile frumoase din c\u0103l\u0103toriile tale. Trebuie doar s\u0103 r\u0103zuie\u0219ti folia fiec\u0103rei \u021b\u0103ri pentru a descoperi culoarea de sub aceasta \u0219i a \u00ee\u021bi marca c\u0103l\u0103toria.<\/p>\n","protected":false},"featured_media":76,"template":"","meta":[],"pwb-brand":[21],"product_brand":[],"product_cat":[25],"product_tag":[],"class_list":{"0":"post-75","1":"product","2":"type-product","3":"status-publish","4":"has-post-thumbnail","6":"pwb-brand-newverest","7":"product_cat-harti-razuibile","8":"resize-featured-image","9":"sales-flash-overlay","10":"woocommerce-text-align-center","11":"woocommerce-image-align-center","13":"first","14":"instock","15":"sale","16":"shipping-taxable","17":"product-type-external"},"brands":[{"id":21,"name":"Newverest","slug":"newverest"}],"_links":{"self":[{"href":"https:\/\/www.the-travel-bunny.com\/magazin\/wp-json\/wp\/v2\/product\/75","targetHints":{"allow":["GET"]}}],"collection":[{"href":"https:\/\/www.the-travel-bunny.com\/magazin\/wp-json\/wp\/v2\/product"}],"about":[{"href":"https:\/\/www.the-travel-bunny.com\/magazin\/wp-json\/wp\/v2\/types\/product"}],"wp:featuredmedia":[{"embeddable":true,"href":"https:\/\/www.the-travel-bunny.com\/magazin\/wp-json\/wp\/v2\/media\/76"}],"wp:attachment":[{"href":"https:\/\/www.the-travel-bunny.com\/magazin\/wp-json\/wp\/v2\/media?parent=75"}],"wp:term":[{"taxonomy":"pwb-brand","embeddable":true,"href":"https:\/\/www.the-travel-bunny.com\/magazin\/wp-json\/wp\/v2\/pwb-brand?post=75"},{"taxonomy":"product_brand","embeddable":true,"href":"https:\/\/www.the-travel-bunny.com\/magazin\/wp-json\/wp\/v2\/product_brand?post=75"},{"taxonomy":"product_cat","embeddable":true,"href":"https:\/\/www.the-travel-bunny.com\/magazin\/wp-json\/wp\/v2\/product_cat?post=75"},{"taxonomy":"product_tag","embeddable":true,"href":"https:\/\/www.the-travel-bunny.com\/magazin\/wp-json\/wp\/v2\/product_tag?post=75"}],"curies":[{"name":"wp","href":"https:\/\/api.w.org\/{rel}","templated":true}]}}