{"id":86,"date":"2021-06-29T07:46:10","date_gmt":"2021-06-29T07:46:10","guid":{"rendered":"https:\/\/the-travel-bunny-com.lyricalstaging.com\/magazin\/?post_type=product&#038;p=86"},"modified":"2025-02-25T07:55:38","modified_gmt":"2025-02-25T07:55:38","slug":"rucsac-nayo-defensor","status":"publish","type":"product","link":"https:\/\/www.the-travel-bunny.com\/magazin\/rucsac-nayo-defensor\/","title":{"rendered":"Rucsac Nayo Defensor"},"content":{"rendered":"<p><strong><a href=\"https:\/\/nayosmart.com\/collections\/best-seller?ref=thetravelbunny\" target=\"_blank\" rel=\"noopener sponsored\">Rucsac Nayo Defensor<\/a> creat s\u0103-\u021bi protejeze bunurile tale de atacurile ho\u021bilor<\/strong>. Caracteristicile sale defensive includ material rezistent t\u0103iere, fermoar SBS inversat cu lac\u0103t aprobat de TSA, buzunare secrete \u0219i band\u0103 reflectorizant\u0103 pentru a fi vizibil \u00een \u00eentuneric.<\/p>\n<p><strong>R<\/strong><strong>ealizat din poliester rezistent la t\u0103iere 900d \u0219i nylon rezistent la ap\u0103<\/strong>, rucsacul Nayo Defensor face fa\u021b\u0103 cu brio atacurilor ho\u021bilor. De asemenea, fiind echipat cu <strong>fermoare SBS inversate durabile<\/strong>, <a href=\"https:\/\/www.the-travel-bunny.com\/ro\/cum-pregatesti-rucsacul-de-drumetie\/\" target=\"_blank\" rel=\"noopener\">rucsacul<\/a> va trece cu u\u0219urin\u021b\u0103 testul timpului, chiar dac\u0103 transpor\u021bi obiecte grele sau \u00eel utilizezi frecvent.<\/p>\n<p>Cu un <strong>volum de 20 de litri<\/strong>, <a title=\"rucsacul\" href=\"https:\/\/www.the-travel-bunny.com\/ro\/eticheta\/cu-rucsacul-in-spate\/\" target=\"_blank\" rel=\"noopener\">rucsacul<\/a> Nayo Defensor are 45 cm \u00een\u0103l\u021bime, 14 cm ad\u00e2ncime \u0219i 30 cm l\u0103\u021bime, fiind potrivit pentru un laptop de 15,6 inch. Gol, rucsacul c\u00e2nt\u0103re\u0219te 1,23 kilograme. Deschiz\u00e2ndu-se 180\u00b0, ca o valiz\u0103, acest rucsac \u00ee\u021bi permite s\u0103 \u00eempachetezi \u0219i s\u0103 despachetezi cu u\u0219urin\u021b\u0103 bagajul.<\/p>\n<p><strong>Rucsac Nayo Defensor cu un interior sigur.<\/strong> Pe l\u00e2ng\u0103 buzunarele interioare c\u0103ptu\u0219ite pentru tablet\u0103 \u0219i laptop, are \u0219i suporturi pentru stilouri, un buzunar expandabil, o zon\u0103 captusit\u0103 cu dou\u0103 compartimente \u0219i un buzunar cu fermoar.<\/p>\n<hr \/>\n<h3>Specifica\u021bii rucsac Nayo Defensor<\/h3>\n<table class=\"wp-block-table is-style-stripes\">\n<tbody>\n<tr>\n<td>Volum<\/td>\n<td>20 litri<\/td>\n<\/tr>\n<tr>\n<td>Greutate<\/td>\n<td>1,23 kilograme<\/td>\n<\/tr>\n<tr>\n<td>Dimensiuni<\/td>\n<td>5x14x30 centimetri<\/td>\n<\/tr>\n<tr>\n<td>Material<\/td>\n<td>&#8211; rezistent la t\u0103iere \u0219i impermeabil<br \/>\n&#8211; 900d poliester \u0219i nylon<\/td>\n<\/tr>\n<tr>\n<td>Alte caracteristici<\/td>\n<td>&#8211; deschidere 180 \u00b0 care permite rucsacului s\u0103 se deschid\u0103 ca o valiz\u0103<br \/>\n&#8211; buzunar lateral pentru sticla de ap\u0103 sau umbrel\u0103<br \/>\n&#8211; buzunar accesibil pe bretea pentru cardul de transport \u00een comun sau badge de birou<br \/>\n&#8211; plas\u0103 deta\u0219abil\u0103 pentru a depozita bretelele<br \/>\n&#8211; spate \u0219i bretele c\u0103ptu\u0219ite &#8211; m\u00e2ner puternic din metal pentru a facilita ridicarea<br \/>\n&#8211; fermoare SBS inversate de \u00eenalt\u0103 calitate<br \/>\n&#8211; port USB pentru a \u00eenc\u0103rca dispozitivul mobil din mers<br \/>\n&#8211; band\u0103 reflectorizant\u0103 pentru a fi vizibil \u00een \u00eentuneric<br \/>\n&#8211; lac\u0103t TSA pentru securitate suplimentar\u0103<\/td>\n<\/tr>\n<tr>\n<td>Transport<\/td>\n<td>Gratuit, la nivel mondial<\/td>\n<\/tr>\n<tr>\n<td>Termen de livrare<\/td>\n<td>5-15 zile<\/td>\n<\/tr>\n<tr>\n<td>Garan\u021bie<\/td>\n<td>90 de zile<\/td>\n<\/tr>\n<\/tbody>\n<\/table>\n<p class=\"has-background\" style=\"background-color: #bbf2b3;\"><strong> Ob\u021bine o reducere de 8% utiliz\u00e2nd codul <code><em>THETRAVELBUNNY%<\/em><\/code><\/strong><\/p>\n","protected":false},"excerpt":{"rendered":"<p>Rucsac Nayo Defensor: un rucsac anti-furt creat s\u0103 te apere \u00eempotriva ho\u021bilor cu ajutorul materialului s\u0103u rezistent la t\u0103iere, fermoarele SBS inversate cu lac\u0103t aprobat de TSA \u0219i cu buzunare secrete. Interiorul s\u0103u inteligent men\u021bine \u00een siguran\u021ba echipamentul electronic \u0219i obiectele tale de zi cu zi.<\/p>\n<p>Acest rucsac inteligent este perfect pentru cei care c\u0103l\u0103toresc sau tr\u0103iesc \u00een ora\u0219e aglomerate. Folose\u0219te-l pentru a te proteja c\u00e2nd mergei la \u0219coal\u0103, la munc\u0103 sau la urm\u0103toarea destina\u021bie de vacan\u021b\u0103.<\/p>\n<p class=\"has-background\" style=\"background-color: #bbf2b3;\"><strong> Ob\u021bine o reducere de 8% utiliz\u00e2nd codul <code><em>THETRAVELBUNNY%<\/em><\/code><\/strong><\/p>\n","protected":false},"featured_media":87,"template":"","meta":[],"pwb-brand":[22],"product_brand":[],"product_cat":[27],"product_tag":[32,29,31],"class_list":{"0":"post-86","1":"product","2":"type-product","3":"status-publish","4":"has-post-thumbnail","6":"pwb-brand-nayo-smart","7":"product_cat-rucsacuri","8":"product_tag-antifurt","9":"product_tag-rucsacuri-business","10":"product_tag-rucsacuri-smart","11":"resize-featured-image","12":"sales-flash-overlay","13":"woocommerce-text-align-center","14":"woocommerce-image-align-center","16":"first","17":"instock","18":"sale","19":"shipping-taxable","20":"product-type-external"},"brands":[{"id":22,"name":"Nayo Smart","slug":"nayo-smart"}],"_links":{"self":[{"href":"https:\/\/www.the-travel-bunny.com\/magazin\/wp-json\/wp\/v2\/product\/86","targetHints":{"allow":["GET"]}}],"collection":[{"href":"https:\/\/www.the-travel-bunny.com\/magazin\/wp-json\/wp\/v2\/product"}],"about":[{"href":"https:\/\/www.the-travel-bunny.com\/magazin\/wp-json\/wp\/v2\/types\/product"}],"wp:featuredmedia":[{"embeddable":true,"href":"https:\/\/www.the-travel-bunny.com\/magazin\/wp-json\/wp\/v2\/media\/87"}],"wp:attachment":[{"href":"https:\/\/www.the-travel-bunny.com\/magazin\/wp-json\/wp\/v2\/media?parent=86"}],"wp:term":[{"taxonomy":"pwb-brand","embeddable":true,"href":"https:\/\/www.the-travel-bunny.com\/magazin\/wp-json\/wp\/v2\/pwb-brand?post=86"},{"taxonomy":"product_brand","embeddable":true,"href":"https:\/\/www.the-travel-bunny.com\/magazin\/wp-json\/wp\/v2\/product_brand?post=86"},{"taxonomy":"product_cat","embeddable":true,"href":"https:\/\/www.the-travel-bunny.com\/magazin\/wp-json\/wp\/v2\/product_cat?post=86"},{"taxonomy":"product_tag","embeddable":true,"href":"https:\/\/www.the-travel-bunny.com\/magazin\/wp-json\/wp\/v2\/product_tag?post=86"}],"curies":[{"name":"wp","href":"https:\/\/api.w.org\/{rel}","templated":true}]}}