{"id":11,"date":"2014-01-25T08:31:56","date_gmt":"2014-01-25T08:31:56","guid":{"rendered":"https:\/\/the-travel-bunny-com.lyricalstaging.com\/ro\/?page_id=11"},"modified":"2022-01-29T09:41:29","modified_gmt":"2022-01-29T09:41:29","slug":"contacteaza-the-travel-bunny","status":"publish","type":"page","link":"https:\/\/www.the-travel-bunny.com\/ro\/contacteaza-the-travel-bunny\/","title":{"rendered":"Contacteaz\u0103-m\u0103 pentru sfaturi de c\u0103l\u0103torie!"},"content":{"rendered":"\n<p><strong>\u00ce\u021bi mul\u021bumesc<\/strong> c\u0103 e\u0219ti aici \u0219i c\u0103 sprijini blogul de c\u0103l\u0103torii The Travel Bunny! Indiferent dac\u0103 este prima ta vizit\u0103 sau cite\u0219ti frecvent ceea ce public, dac\u0103 r\u0103m\u00e2i t\u0103cut(\u0103) sau te al\u0103turi discu\u021biilor \u0219i\/sau \u00eemp\u0103rt\u0103\u0219e\u0219ti sfaturi \u0219i idei cu prietenii t\u0103i\u2026 eu \u00ee\u021bi mul\u021bumesc! \u00censeamna mult pentru mine!<\/p>\n\n\n\n<p>\u0218i acum <strong>este r\u00e2ndul meu s\u0103 \u00ee\u021bi fiu al\u0103turi<\/strong>!<\/p>\n\n\n\n<br>\n\n\n\n<h2 class=\"wp-block-heading\" id=\"calatore\u0219ti-prin-romania\">C\u0103l\u0103tore\u0219ti prin Rom\u00e2nia?<\/h2>\n\n\n\n<p>Atunci ar trebui s\u0103 cite\u0219ti articolele mele despre Rom\u00e2nia. \u0218i, dac\u0103 ai nevoie de mai multe informa\u021bii, nu ezita s\u0103 iei leg\u0103tura cu mine pentru sfaturi din partea unei rom\u00e2nce. Pot oferi c\u00e2teva sugestii excelente at\u00e2t pentru iubitorii de natur\u0103, c\u00e2t \u0219i pentru cei care prefer\u0103 ora\u0219ele! <em><a href=\"https:\/\/www.the-travel-bunny.com\/ro\/citate-despre-calatorie\/\" class=\"rank-math-link\">O, \u00een ce locuri minunate o s-ajungi!<\/a><\/em><\/p>\n\n\n\n<br>\n\n\n\n<h3 class=\"wp-block-heading\" id=\"sau-calatore\u0219ti-prin-locuri-pe-care-eu-deja-le-am-vizitat\">Sau c\u0103l\u0103tore\u0219ti prin locuri pe care eu deja le-am <a href=\"https:\/\/www.the-travel-bunny.com\/ro\/100-de-motive-pentru-a-vizita-romania\/\">vizitat<\/a>?<\/h3>\n\n\n\n<p>M\u0103 bucur pentru tine, sunt sigur\u0103 c\u0103 te vei sim\u021bi minunat! \u0218i dac\u0103 ai nevoie de ajutor pentru a \u00ee\u021bi planifica vacan\u021ba, m\u0103 pricep de minune. Scrie-mi c\u00e2teva r\u00e2nduri \u0219i hai s\u0103 vorbim!<\/p>\n\n\n\n<hr class=\"wp-block-separator is-style-wide\"\/>\n\n\n\n<h2 class=\"wp-block-heading\" id=\"contacteaza-ma\">Contacteaz\u0103-m\u0103!<\/h2>\n\n\n\n<ul class=\"wp-block-list\"><li><strong>E-mail.<\/strong> E-mailul bun, de mod\u0103 veche! Nimic nu e mai bun ca un mesaj personal, a\u0219a c\u0103 scrie-mi la adresa <em><em>mirela[at]the-travel-bunny[punct]com<\/em><\/em>!<\/li><li>Sau <strong>urm\u0103re\u0219te-m\u0103 pe social media <\/strong>\u0219i contacteaz\u0103-m\u0103 acolo:<\/li><\/ul>\n\n\n\n<p class=\"has-text-align-center\"><a rel=\"noreferrer noopener\" href=\"https:\/\/www.facebook.com\/travelling.bunny\" target=\"_blank\">Facebook<\/a>&nbsp;\u2022&nbsp;<a rel=\"noreferrer noopener\" href=\"https:\/\/flipboard.com\/@TheTravelBunny\" target=\"_blank\">Flipboard<\/a>&nbsp;\u2022&nbsp;<a rel=\"noreferrer noopener\" href=\"https:\/\/www.instagram.com\/mirela_iepurela\/\" target=\"_blank\">Instagram<\/a>&nbsp;\u2022&nbsp;<a rel=\"noreferrer noopener\" href=\"https:\/\/mix.com\/travelbunny\" target=\"_blank\">Mix<\/a>&nbsp;\u2022&nbsp;<a rel=\"noreferrer noopener\" href=\"https:\/\/www.pinterest.com\/TheTravelBunnyBlog\/\" target=\"_blank\">Pinterest<\/a>&nbsp;\u2022&nbsp;<a rel=\"noreferrer noopener\" href=\"https:\/\/www.tiktok.com\/@mirela_iepurela\" target=\"_blank\">TikTok<\/a>&nbsp;\u2022&nbsp;<a rel=\"noreferrer noopener\" href=\"https:\/\/twitter.com\/mirela_iepurela\" target=\"_blank\">Twitter<\/a>&nbsp;\u2022&nbsp;<a rel=\"noreferrer noopener\" href=\"https:\/\/youtube.com\/c\/thetravelbunny\" target=\"_blank\">Youtube<\/a><\/p>\n\n\n\n<p>Abia a\u0219tept s\u0103 vorbim!<\/p>\n\n\n\n<br><br>\n\n\n\n<p>PS. Dac\u0103 \u00ee\u021bi place foarte mult con\u021binutul de pe blogul de c\u0103l\u0103torii The Travel Bunny, \u00eemi po\u021bi <a href=\"https:\/\/ko-fi.com\/thetravelbunny\" target=\"_blank\" aria-label=\"trimite o cafea (opens in a new tab)\" rel=\"noreferrer noopener sponsored\" class=\"rank-math-link\">trimite o cafea<\/a> pentru c\u00e2nd scriu urm\u0103torul articol \ud83d\ude42<\/p>\n","protected":false},"excerpt":{"rendered":"<p>\u00ce\u021bi mul\u021bumesc c\u0103 e\u0219ti aici \u0219i c\u0103 sprijini blogul de c\u0103l\u0103torii The Travel Bunny! Indiferent dac\u0103 este prima ta vizit\u0103 sau cite\u0219ti frecvent ceea ce public, dac\u0103 r\u0103m\u00e2i t\u0103cut(\u0103) sau te al\u0103turi discu\u021biilor \u0219i\/sau \u00eemp\u0103rt\u0103\u0219e\u0219ti sfaturi \u0219i idei cu prietenii t\u0103i\u2026 eu \u00ee\u021bi mul\u021bumesc! \u00censeamna mult pentru mine! \u0218i acum este r\u00e2ndul meu s\u0103 \u00ee\u021bi fiu al\u0103turi! C\u0103l\u0103tore\u0219ti prin Rom\u00e2nia? Atunci ar trebui s\u0103 cite\u0219ti articolele mele despre Rom\u00e2nia. \u0218i, dac\u0103 ai nevoie de mai multe informa\u021bii, nu ezita s\u0103 iei leg\u0103tura cu mine pentru sfaturi din partea unei rom\u00e2nce. Pot oferi c\u00e2teva sugestii excelente at\u00e2t pentru iubitorii de natur\u0103, &#8230; <\/p>\n<p class=\"read-more-container\"><a title=\"Contacteaz\u0103-m\u0103 pentru sfaturi de c\u0103l\u0103torie!\" class=\"read-more button\" href=\"https:\/\/www.the-travel-bunny.com\/ro\/contacteaza-the-travel-bunny\/#more-11\" aria-label=\"Cite\u0219te mai multe despre Contacteaz\u0103-m\u0103 pentru sfaturi de c\u0103l\u0103torie!\">Read more<\/a><\/p>\n","protected":false},"author":1,"featured_media":472,"parent":0,"menu_order":6,"comment_status":"closed","ping_status":"closed","template":"","meta":{"footnotes":""},"class_list":{"0":"post-11","1":"page","2":"type-page","3":"status-publish","4":"has-post-thumbnail","6":"resize-featured-image"},"_links":{"self":[{"href":"https:\/\/www.the-travel-bunny.com\/ro\/wp-json\/wp\/v2\/pages\/11","targetHints":{"allow":["GET"]}}],"collection":[{"href":"https:\/\/www.the-travel-bunny.com\/ro\/wp-json\/wp\/v2\/pages"}],"about":[{"href":"https:\/\/www.the-travel-bunny.com\/ro\/wp-json\/wp\/v2\/types\/page"}],"author":[{"embeddable":true,"href":"https:\/\/www.the-travel-bunny.com\/ro\/wp-json\/wp\/v2\/users\/1"}],"replies":[{"embeddable":true,"href":"https:\/\/www.the-travel-bunny.com\/ro\/wp-json\/wp\/v2\/comments?post=11"}],"version-history":[{"count":0,"href":"https:\/\/www.the-travel-bunny.com\/ro\/wp-json\/wp\/v2\/pages\/11\/revisions"}],"wp:featuredmedia":[{"embeddable":true,"href":"https:\/\/www.the-travel-bunny.com\/ro\/wp-json\/wp\/v2\/media\/472"}],"wp:attachment":[{"href":"https:\/\/www.the-travel-bunny.com\/ro\/wp-json\/wp\/v2\/media?parent=11"}],"curies":[{"name":"wp","href":"https:\/\/api.w.org\/{rel}","templated":true}]}}