{"id":11678,"date":"2026-05-12T13:34:10","date_gmt":"2026-05-12T13:34:10","guid":{"rendered":"https:\/\/www.the-travel-bunny.com\/ro\/?page_id=11678"},"modified":"2026-05-12T13:34:11","modified_gmt":"2026-05-12T13:34:11","slug":"mentiuni-legale","status":"publish","type":"page","link":"https:\/\/www.the-travel-bunny.com\/ro\/mentiuni-legale\/","title":{"rendered":"Men\u021biuni Legale"},"content":{"rendered":"\n<p>Editorul Website-ului<\/p>\n\n\n\n<p>Website-ul The Travel Bunny este de\u021binut \u0219i publicat de:<\/p>\n\n\n\n<p><strong>Mirela-Cristina LETAILLEUR<\/strong><br>Micro-antreprenoare cu sediul \u00een Fran\u021ba<br>83600 Bagnols-en-For\u00eat, Fran\u021ba<br>Email: legal@the-travel-bunny.com<br>SIREN: 905180162<br>Statut TVA: TVA neaplicabil\u0103, articolul 293 B din Codul Fiscal Francez<\/p>\n\n\n\n<p>Director de Publica\u021bie: Mirela Letailleur<\/p>\n\n\n\n<hr class=\"wp-block-separator has-alpha-channel-opacity\"\/>\n\n\n\n<h2 class=\"wp-block-heading\">Scopul Website-ului<\/h2>\n\n\n\n<p>The Travel Bunny este o platform\u0103 de c\u0103l\u0103torii premiat\u0103, concentrat\u0103 pe slow travel \u00een Europa, c\u0103l\u0103torii \u00een Mediteran\u0103, itinerarii culturale, vacan\u021be \u00een familie, rute de naviga\u021bie, road trip-uri, c\u0103l\u0103torii cu autorulota \u0219i experien\u021be locale \u00een Provence-Alpes-C\u00f4te d\u2019Azur, Rom\u00e2nia, Grecia, Italia, Balcani \u0219i alte regiuni europene.<\/p>\n\n\n\n<p>Website-ul public\u0103 ghiduri de c\u0103l\u0103torie, articole editoriale, itinerarii, sfaturi turistice, cercetare pentru destina\u021bii, resurse pentru c\u0103l\u0103tori \u0219i recomand\u0103ri bazate pe experien\u021be reale de c\u0103l\u0103torie.<\/p>\n\n\n\n<hr class=\"wp-block-separator has-alpha-channel-opacity\"\/>\n\n\n\n<h2 class=\"wp-block-heading\">G\u0103zduirea Website-ului<\/h2>\n\n\n\n<p>Acest website este g\u0103zduit de:<\/p>\n\n\n\n<p><strong>Lyrical Host Ltd<\/strong><br><em>https:\/\/www.lyricalhost.com<\/em><br>20 Wenlock Road<br>Londra N1 7GU<br>Regatul Unit<\/p>\n\n\n\n<hr class=\"wp-block-separator has-alpha-channel-opacity\"\/>\n\n\n\n<h2 class=\"wp-block-heading\">Registrarul Domeniului<\/h2>\n\n\n\n<p>Numele de domeniu pentru The Travel Bunny este \u00eenregistrat prin:<\/p>\n\n\n\n<p>GoDaddy Domains By Proxy, LLC<br><em>https:\/\/www.godaddy.com<\/em><br>100 S. Mill Ave, Suite 1600<br>Tempe, Arizona, 85281<br>Statele Unite ale Americii<\/p>\n\n\n\n<hr class=\"wp-block-separator has-alpha-channel-opacity\"\/>\n\n\n\n<h2 class=\"wp-block-heading\">Proprietate Intelectual\u0103<\/h2>\n\n\n\n<p>Tot con\u021binutul publicat pe The Travel Bunny, inclusiv articole, ghiduri de c\u0103l\u0103torie, texte, elemente de branding, logo-uri, grafic\u0103, fotografii, videoclipuri, resurse desc\u0103rcabile \u0219i elemente de design, este protejat prin legisla\u021bia privind drepturile de autor \u0219i proprietatea intelectual\u0103.<\/p>\n\n\n\n<p>Cu excep\u021bia situa\u021biilor men\u021bionate altfel, tot con\u021binutul original apar\u021bine Mirelei Letailleur \u0219i platformei The Travel Bunny.<\/p>\n\n\n\n<p><strong>\u00a9 2017-2026 Mirela Letailleur The Travel Bunny. Toate drepturile rezervate.<br>Utilizarea con\u021binutului acestui site f\u0103r\u0103 acordul scris al Mirelei Letailleur este strict interzis\u0103.<\/strong><\/p>\n\n\n\n<p>Anumite imagini, logo-uri, materiale integrate \u0219i elemente de brand prezente pe acest website r\u0103m\u00e2n proprietatea de\u021bin\u0103torilor lor \u0219i sunt utilizate cu permisiune, \u00een cadrul unor parteneriate, rela\u021bii de afiliere, utiliz\u0103ri editoriale sau \u00een conformitate cu excep\u021biile aplicabile privind drepturile de autor.<\/p>\n\n\n\n<p>Scurte citate din surse externe pot ap\u0103rea \u00een scop editorial, informativ sau de comentariu. Sursele sunt men\u021bionate atunci c\u00e2nd este cazul.<\/p>\n\n\n\n<hr class=\"wp-block-separator has-alpha-channel-opacity\"\/>\n\n\n\n<h2 class=\"wp-block-heading\">Disclosure pentru Afiliere<\/h2>\n\n\n\n<p>The Travel Bunny particip\u0103 la programe de marketing afiliat \u0219i poate primi comisioane din achizi\u021biile sau rezerv\u0103rile efectuate prin anumite linkuri.<\/p>\n\n\n\n<p>Parteneriatele de afiliere pot include platforme de rezerv\u0103ri turistice, furnizori de cazare, furnizori de activit\u0103\u021bi, branduri de travel, magazine online, instrumente software, organiza\u021bii turistice \u0219i servicii legate de c\u0103l\u0103torii.<\/p>\n\n\n\n<p>Aceste comisioane contribuie la sus\u021binerea func\u021bion\u0103rii website-ului \u0219i permit men\u021binerea independen\u021bei editoriale.<\/p>\n\n\n\n<p>Colabor\u0103rile sponsorizate, experien\u021bele oferite gratuit \u0219i parteneriatele pl\u0103tite sunt semnalate clar atunci c\u00e2nd este cazul.<\/p>\n\n\n\n<hr class=\"wp-block-separator has-alpha-channel-opacity\"\/>\n\n\n\n<h2 class=\"wp-block-heading\">Produse \u0219i Servicii Digitale<\/h2>\n\n\n\n<p>The Travel Bunny poate promova sau include linkuri c\u0103tre produse digitale de c\u0103l\u0103torie, ghiduri turistice, itinerarii interactive \u0219i resurse desc\u0103rcabile g\u0103zduite pe platforme externe, inclusiv Rexby, Amazon \u0219i Gumroad.<\/p>\n\n\n\n<p>Serviciile de consultan\u021b\u0103 turistic\u0103 \u0219i itinerariile personalizate sunt oferite prin contact direct prin email.<\/p>\n\n\n\n<p>Achizi\u021biile, abonamentele, rezerv\u0103rile \u0219i tranzac\u021biile realizate pe platforme externe r\u0103m\u00e2n supuse termenilor, politicilor \u0219i condi\u021biilor acelor servicii.<\/p>\n\n\n\n<hr class=\"wp-block-separator has-alpha-channel-opacity\"\/>\n\n\n\n<h2 class=\"wp-block-heading\">Date Personale \u0219i Confiden\u021bialitate<\/h2>\n\n\n\n<p>The Travel Bunny colecteaz\u0103 un volum limitat de date personale, \u00een conformitate cu Regulamentul General privind Protec\u021bia Datelor (GDPR).<\/p>\n\n\n\n<p>Datele personale pot include:<\/p>\n\n\n\n<ul class=\"wp-block-list\">\n<li>Nume<\/li>\n\n\n\n<li>Adres\u0103 de email<\/li>\n\n\n\n<li>Adres\u0103 IP<\/li>\n\n\n\n<li>Date de analiz\u0103 \u0219i trafic<\/li>\n\n\n\n<li>Date pentru abonarea la newsletter<\/li>\n\n\n\n<li>Preferin\u021be privind cookie-urile<\/li>\n\n\n\n<li>Informa\u021bii trimise voluntar prin formulare sau emailuri.<\/li>\n<\/ul>\n\n\n\n<p>Datele personale pot fi colectate pentru:<\/p>\n\n\n\n<ul class=\"wp-block-list\">\n<li>Abonare la newsletter<\/li>\n\n\n\n<li>Analiz\u0103 \u0219i m\u0103surarea audien\u021bei<\/li>\n\n\n\n<li>Securitatea website-ului<\/li>\n\n\n\n<li>Solicit\u0103ri de comunicare<\/li>\n\n\n\n<li>Cereri pentru consultan\u021b\u0103 de c\u0103l\u0103torie<\/li>\n\n\n\n<li>Urm\u0103rirea afilierilor<\/li>\n\n\n\n<li>Performan\u021ba publicit\u0103\u021bii<\/li>\n\n\n\n<li>Func\u021bionalitatea website-ului.<\/li>\n<\/ul>\n\n\n\n<p>Temeiul legal pentru procesarea datelor poate include consim\u021b\u0103m\u00e2ntul utilizatorului, interesul legitim, necesitatea contractual\u0103 sau obliga\u021biile legale, \u00een func\u021bie de tipul interac\u021biunii.<\/p>\n\n\n\n<p>Utilizatorii pot solicita accesul, corectarea, exportul sau \u0219tergerea datelor personale contact\u00e2nd <em>legal@the-travel-bunny.com<\/em>.<\/p>\n\n\n\n<p>Informa\u021bii suplimentare despre gestionarea datelor personale, cookie-uri, servicii externe \u0219i drepturile utilizatorilor sunt disponibile \u00een <a href=\"https:\/\/www.the-travel-bunny.com\/ro\/politica-de-confidentialitate\/\" data-type=\"page\" data-id=\"7\">Politica de Confiden\u021bialitate<\/a>.<\/p>\n\n\n\n<hr class=\"wp-block-separator has-alpha-channel-opacity\"\/>\n\n\n\n<h2 class=\"wp-block-heading\">Cookies<\/h2>\n\n\n\n<p>The Travel Bunny utilizeaz\u0103 cookies \u0219i tehnologii similare pentru \u00eembun\u0103t\u0103\u021birea func\u021bionalit\u0103\u021bii website-ului, analizarea traficului, personalizarea con\u021binutului, m\u0103surarea comportamentului audien\u021bei, gestionarea linkurilor de afiliere \u0219i sus\u021binerea serviciilor de publicitate.<\/p>\n\n\n\n<p>Cookies pot fi plasate de:<\/p>\n\n\n\n<ul class=\"wp-block-list\">\n<li>Google Analytics<\/li>\n\n\n\n<li>Google Search Console<\/li>\n\n\n\n<li>Rank Math<\/li>\n\n\n\n<li>SHE Media<\/li>\n\n\n\n<li>Pinterest<\/li>\n\n\n\n<li>Platformele Meta<\/li>\n\n\n\n<li>Parteneri afilia\u021bi<\/li>\n\n\n\n<li>Servicii externe integrate<\/li>\n\n\n\n<li>Instrumente pentru newsletter, inclusiv MailerLite.<\/li>\n<\/ul>\n\n\n\n<p>Utilizatorii pot accepta, refuza sau personaliza preferin\u021bele privind cookie-urile. Refuzarea cookie-urilor neesen\u021biale nu \u00eempiedic\u0103 accesul la website. Mai multe detalii sunt disponibile \u00een <a href=\"https:\/\/www.the-travel-bunny.com\/ro\/politica-de-confidentialitate\/\" data-type=\"page\" data-id=\"7\">Politica de Confiden\u021bialitate<\/a>.<\/p>\n\n\n\n<hr class=\"wp-block-separator has-alpha-channel-opacity\"\/>\n\n\n\n<h2 class=\"wp-block-heading\">Linkuri Externe<\/h2>\n\n\n\n<p>The Travel Bunny poate con\u021bine linkuri c\u0103tre website-uri externe, platforme de rezerv\u0103ri, servicii ter\u021be, furnizori turistici, re\u021bele sociale \u0219i platforme partenere.<\/p>\n\n\n\n<p>The Travel Bunny nu poate garanta exactitatea informa\u021biilor, disponibilitatea serviciilor sau practicile privind con\u021binutul website-urilor externe.<\/p>\n\n\n\n<p>Utilizatorii r\u0103m\u00e2n responsabili pentru verificarea termenilor legali, politicilor de confiden\u021bialitate \u0219i regulilor aplicabile serviciilor externe accesate prin linkuri externe.<\/p>\n\n\n\n<hr class=\"wp-block-separator has-alpha-channel-opacity\"\/>\n\n\n\n<h2 class=\"wp-block-heading\">Limitarea R\u0103spunderii<\/h2>\n\n\n\n<p>Informa\u021biile publicate pe The Travel Bunny sunt oferite \u00een scop informativ \u0219i editorial.<\/p>\n\n\n\n<p>De\u0219i sunt depuse eforturi rezonabile pentru men\u021binerea informa\u021biilor corecte \u0219i actualizate, condi\u021biile de c\u0103l\u0103torie, pre\u021burile, programele, reglement\u0103rile, orele de func\u021bionare, serviciile de transport, condi\u021biile meteo \u0219i politicile locale se pot modifica.<\/p>\n\n\n\n<p>C\u0103l\u0103torii r\u0103m\u00e2n responsabili pentru verificarea independent\u0103 a informa\u021biilor importante \u00eenainte de rezervare sau plecare.<\/p>\n\n\n\n<p>The Travel Bunny nu poate fi considerat responsabil pentru pierderi, daune, probleme de rezervare, \u00eentreruperi, erori sau decizii luate pe baza con\u021binutului publicat pe website.<\/p>\n\n\n\n<hr class=\"wp-block-separator has-alpha-channel-opacity\"\/>\n\n\n\n<h2 class=\"wp-block-heading\">Legea Aplicabil\u0103<\/h2>\n\n\n\n<p>Acest website este reglementat de legisla\u021bia din Fran\u021ba.<\/p>\n\n\n\n<p>Orice litigiu legat de utilizarea acestui website intr\u0103 sub jurisdic\u021bia instan\u021belor competente din Fran\u021ba.<\/p>\n\n\n\n<hr class=\"wp-block-separator has-alpha-channel-opacity\"\/>\n\n\n\n<h2 class=\"wp-block-heading\">Contact<\/h2>\n\n\n\n<p>Pentru \u00eentreb\u0103ri juridice, solicit\u0103ri privind protec\u021bia datelor sau probleme legate de website, te rog s\u0103 contactezi <em>legal@the-travel-bunny.com<\/em>.<\/p>\n","protected":false},"excerpt":{"rendered":"<p>Editorul Website-ului Website-ul The Travel Bunny este de\u021binut \u0219i publicat de: Mirela-Cristina LETAILLEURMicro-antreprenoare cu sediul \u00een Fran\u021ba83600 Bagnols-en-For\u00eat, Fran\u021baEmail: legal@the-travel-bunny.comSIREN: 905180162Statut TVA: TVA neaplicabil\u0103, articolul 293 B din Codul Fiscal Francez Director de Publica\u021bie: Mirela Letailleur Scopul Website-ului The Travel Bunny este o platform\u0103 de c\u0103l\u0103torii premiat\u0103, concentrat\u0103 pe slow travel \u00een Europa, c\u0103l\u0103torii \u00een Mediteran\u0103, itinerarii culturale, vacan\u021be \u00een familie, rute de naviga\u021bie, road trip-uri, c\u0103l\u0103torii cu autorulota \u0219i experien\u021be locale \u00een Provence-Alpes-C\u00f4te d\u2019Azur, Rom\u00e2nia, Grecia, Italia, Balcani \u0219i alte regiuni europene. Website-ul public\u0103 ghiduri de c\u0103l\u0103torie, articole editoriale, itinerarii, sfaturi turistice, cercetare pentru destina\u021bii, resurse pentru c\u0103l\u0103tori \u0219i &#8230; <\/p>\n<p class=\"read-more-container\"><a title=\"Men\u021biuni Legale\" class=\"read-more button\" href=\"https:\/\/www.the-travel-bunny.com\/ro\/mentiuni-legale\/#more-11678\" aria-label=\"Cite\u0219te mai multe despre Men\u021biuni Legale\">Read more<\/a><\/p>\n","protected":false},"author":1,"featured_media":0,"parent":0,"menu_order":0,"comment_status":"closed","ping_status":"closed","template":"","meta":{"footnotes":""},"class_list":["post-11678","page","type-page","status-publish"],"_links":{"self":[{"href":"https:\/\/www.the-travel-bunny.com\/ro\/wp-json\/wp\/v2\/pages\/11678","targetHints":{"allow":["GET"]}}],"collection":[{"href":"https:\/\/www.the-travel-bunny.com\/ro\/wp-json\/wp\/v2\/pages"}],"about":[{"href":"https:\/\/www.the-travel-bunny.com\/ro\/wp-json\/wp\/v2\/types\/page"}],"author":[{"embeddable":true,"href":"https:\/\/www.the-travel-bunny.com\/ro\/wp-json\/wp\/v2\/users\/1"}],"replies":[{"embeddable":true,"href":"https:\/\/www.the-travel-bunny.com\/ro\/wp-json\/wp\/v2\/comments?post=11678"}],"version-history":[{"count":1,"href":"https:\/\/www.the-travel-bunny.com\/ro\/wp-json\/wp\/v2\/pages\/11678\/revisions"}],"predecessor-version":[{"id":11679,"href":"https:\/\/www.the-travel-bunny.com\/ro\/wp-json\/wp\/v2\/pages\/11678\/revisions\/11679"}],"wp:attachment":[{"href":"https:\/\/www.the-travel-bunny.com\/ro\/wp-json\/wp\/v2\/media?parent=11678"}],"curies":[{"name":"wp","href":"https:\/\/api.w.org\/{rel}","templated":true}]}}