{"id":146,"date":"2019-12-05T14:18:24","date_gmt":"2019-12-05T14:18:24","guid":{"rendered":"https:\/\/the-travel-bunny-com.lyricalstaging.com\/ro\/?page_id=146"},"modified":"2026-01-30T10:08:12","modified_gmt":"2026-01-30T10:08:12","slug":"piete-comerciale-din-atena","status":"publish","type":"page","link":"https:\/\/www.the-travel-bunny.com\/ro\/ghiduri-de-calatorie\/atena-ghid-turistic\/piete-comerciale-din-atena\/","title":{"rendered":"Pie\u021be comerciale din Atena"},"content":{"rendered":"\n<div class=\"wp-block-columns is-layout-flex wp-container-core-columns-is-layout-9d6595d7 wp-block-columns-is-layout-flex\">\n<div class=\"wp-block-column is-layout-flow wp-block-column-is-layout-flow\">\n<p>Pe aceast\u0103 pagin\u0103 din ghidul turistic pentru Atena, po\u021bi descoperi cele mai importante pie\u021be comerciale din Atena. Pentru a \u00ee\u021bi face o idee despre via\u021ba localnicilor sau pentru a cump\u0103ra produse proaspete, \u00ee\u021bi recomand s\u0103 vizitezi una sau dou\u0103 dintre aceste pie\u021be ateniene.<\/p>\n\n\n\n<p>Pentru fiecare dintre aceste pie\u021be comerciale din <a href=\"https:\/\/www.the-travel-bunny.com\/ro\/ghiduri-de-calatorie\/atena-ghid-turistic\/strazi-piete-din-atena\/\">Atena<\/a>, po\u021bi g\u0103si:<\/p>\n\n\n\n<ul class=\"wp-block-list\">\n<li>denumirea pie\u021bei comerciale din Atena;<\/li>\n\n\n\n<li>o scurt\u0103 descriere a pie\u021bei comerciale;<\/li>\n\n\n\n<li>c\u00e2nd \u0219i unde sunt deschise aceste <a href=\"https:\/\/www.the-travel-bunny.com\/ro\/ghiduri-de-calatorie\/roma-ghid-turistic\/piete-comerciale-in-roma\/\">pie\u021be comerciale<\/a> din Atena.<\/li>\n<\/ul>\n<\/div>\n\n\n\n<div class=\"wp-block-column is-layout-flow wp-block-column-is-layout-flow\">\n<div class=\"wp-block-rank-math-toc-block\" id=\"rank-math-toc\"><h2>Pie\u021be comerciale din Atena<\/h2><nav><ul><li class=\"\"><a href=\"#pia\u021ba-centrala-din-atena-varvakios-agora\">Pia\u021ba Central\u0103 din Atena (Varvakios Agora)<\/a><\/li><li class=\"\"><a href=\"#pia\u021ba-cu-produse-organice-din-pia\u021ba-dexameni\">Pia\u021ba cu produse organice din Pia\u021ba Dexameni<\/a><\/li><li class=\"\"><a href=\"#targul-de-vechituri-din-monastiraki\">T\u00e2rgul de vechituri din Monastiraki<\/a><\/li><li class=\"\"><a href=\"#pia\u021ba-cu-flori\">Pia\u021ba cu flori<\/a><\/li><li class=\"\"><a href=\"#pia\u021ba-exarchion\">Pia\u021ba Exarchion<\/a><\/li><\/ul><\/nav><\/div>\n<\/div>\n<\/div>\n\n\n\n<hr class=\"wp-block-separator has-css-opacity is-style-wide\"\/>\n\n\n\n<figure class=\"wp-block-image size-large\"><img loading=\"lazy\" decoding=\"async\" width=\"792\" height=\"294\" src=\"https:\/\/www.the-travel-bunny.com\/ro\/wp-content\/uploads\/sites\/2\/2021\/05\/varvakeios-piata-centrala-atena.jpg\" alt=\"varvakeios piata centrala atena\" class=\"wp-image-148\" title=\"\" srcset=\"https:\/\/www.the-travel-bunny.com\/ro\/wp-content\/uploads\/sites\/2\/2021\/05\/varvakeios-piata-centrala-atena.jpg 792w, https:\/\/www.the-travel-bunny.com\/ro\/wp-content\/uploads\/sites\/2\/2021\/05\/varvakeios-piata-centrala-atena-300x111.jpg 300w, https:\/\/www.the-travel-bunny.com\/ro\/wp-content\/uploads\/sites\/2\/2021\/05\/varvakeios-piata-centrala-atena-768x285.jpg 768w\" sizes=\"auto, (max-width: 792px) 100vw, 792px\" \/><figcaption class=\"wp-element-caption\"><em>Pie\u021be comerciale din Atena: Pia\u021ba Central\u0103 din Atena. Fotografie de Herbert Ortner [<a href=\"https:\/\/creativecommons.org\/licenses\/by\/4.0\/\" target=\"_blank\" rel=\"noreferrer noopener\">CC BY 4.0<\/a>]<\/em><\/figcaption><\/figure>\n\n\n\n<h2 class=\"wp-block-heading\" id=\"pia\u021ba-centrala-din-atena-varvakios-agora\">Pia\u021ba Central\u0103 din Atena (<em>Varvakios Agora<\/em>)<\/h2>\n\n\n\n<p>Aici ar trebui s\u0103 mergi pentru a g\u0103si produse proaspete sau pentru a vedea cum arat\u0103 o adev\u0103rat\u0103 <a href=\"https:\/\/www.the-travel-bunny.com\/ro\/ghiduri-de-calatorie\/roma-ghid-turistic\/piete-din-roma\/\">pia\u021b\u0103<\/a> greceasc\u0103. Vei g\u0103si tarabe cu carne, pe\u0219te \u0219i mirodenii. Ultimele sunt un festin pentru ochi \u0219i miros, pentru c\u0103 vei sim\u021bi arome de vanilie \u0219i chiar \u0219ofran. P\u00e2n\u0103 seaara t\u00e2rziu, po\u021bi \u0219i s\u0103 <a href=\"https:\/\/www.the-travel-bunny.com\/ro\/unde-mananci-in-amsterdam\/\">m\u0103n\u00e2nci<\/a> la unul dintre restaurantele din zon\u0103 care servesc m\u00e2ncare preparat\u0103 cu ingrediente din aceast\u0103 pia\u021b\u0103.<\/p>\n\n\n\n<br>\n\n\n\n<h3 class=\"wp-block-heading\" id=\"programul-pie\u021bei-\u0219i-alte-informa\u021bii-utile\">Programul pie\u021bei \u0219i alte informa\u021bii utile<\/h3>\n\n\n\n<p>Pia\u021ba Central\u0103 din Atena este deschis\u0103 \u00een fiecare zi \u00een afar\u0103 de duminic\u0103 \u00eentre orele 08:00 \u0219i 18:00.<\/p>\n\n\n\n<p class=\"has-very-light-gray-background-color has-background\"><strong><u>Pia\u021ba Central\u0103 din Atena (<em>Varvakios Agora<\/em>)<\/u><\/strong><br><strong>Adres\u0103<\/strong>: Atena 105 51, Grecia |&nbsp;<a href=\"https:\/\/www.google.com\/maps\/place\/Central+Municipal+Athens+Market\/@37.9803946,23.7253725,17z\/data=!3m1!4b1!4m5!3m4!1s0x14a1bd2351ec149b:0x3031466a9b92442d!8m2!3d37.9803946!4d23.7275665\" target=\"_blank\" aria-label=\" (opens in a new tab)\" rel=\"noreferrer noopener nofollow\" class=\"rank-math-link\">Vezi pe hart\u0103<\/a><br><strong>Tel.<\/strong>&nbsp;+30 21 0325 0647<\/p>\n\n\n\n<hr class=\"wp-block-separator has-css-opacity is-style-wide\"\/>\n\n\n\n<h2 class=\"wp-block-heading\" id=\"pia\u021ba-cu-produse-organice-din-pia\u021ba-dexameni\">Pia\u021ba cu produse organice din Pia\u021ba Dexameni<\/h2>\n\n\n\n<p>\u00cen fiecare diminea\u021b\u0103 de vineri, \u00een Pia\u021ba Dexameni, vei g\u0103si una dintre cele mai importante pie\u021be de fructe \u0219i legume din Atena: pia\u021ba cu produse organice!<\/p>\n\n\n\n<br>\n\n\n\n<h3 class=\"wp-block-heading\" id=\"programul-acestei-pie\u021be-comerciale-din-atena-\u0219i-alte-informa\u021bii-utile\">Programul acestei pie\u021be comerciale din Atena \u0219i alte informa\u021bii utile<\/h3>\n\n\n\n<p>Pia\u021ba cu produse organice din Pia\u021ba Dexameni este deschis\u0103 \u00een fiecare vineri \u00eentre orele 09:00 \u0219i 13:00.<\/p>\n\n\n\n<p class=\"has-very-light-gray-background-color has-background\"><strong><u>Pia\u021ba cu produse organice<\/u><\/strong><br><strong>Adres\u0103<\/strong>: Pia\u021ba Dexameni, <a href=\"https:\/\/www.the-travel-bunny.com\/ro\/ghiduri-de-calatorie\/atena-ghid-turistic\/\" class=\"rank-math-link\">Atena<\/a> 106 73, Grecia |&nbsp;<a aria-label=\" (opens in a new tab)\" href=\"https:\/\/www.google.com\/maps\/place\/Dexameni\/@37.9789394,23.7397288,17z\/data=!3m1!4b1!4m5!3m4!1s0x14a1bd47a3e76ea1:0xeb3be4e3a1df5d75!8m2!3d37.9789394!4d23.7419228\" target=\"_blank\" rel=\"noreferrer noopener nofollow\" class=\"rank-math-link\">Vezi pe hart\u0103<\/a><\/p>\n\n\n\n<hr class=\"wp-block-separator has-css-opacity is-style-wide\"\/>\n\n\n\n<figure class=\"wp-block-embed is-type-video is-provider-youtube wp-block-embed-youtube wp-embed-aspect-16-9 wp-has-aspect-ratio\"><div class=\"wp-block-embed__wrapper\">\n<iframe loading=\"lazy\" title=\"ATHENS: The traditional Flea Market \ud83d\udecd\ufe0f at MONASTIRAKI (Greece), let&#039;s go!\" width=\"1200\" height=\"675\" src=\"https:\/\/www.youtube.com\/embed\/oIhyhUKhqMw?feature=oembed\" frameborder=\"0\" allow=\"accelerometer; autoplay; clipboard-write; encrypted-media; gyroscope; picture-in-picture\" allowfullscreen><\/iframe>\n<\/div><figcaption class=\"wp-element-caption\"><em>Pie\u021be comerciale din Atena: Talciocul din Monastiraki<\/em><\/figcaption><\/figure>\n\n\n\n<h2 class=\"wp-block-heading\" id=\"targul-de-vechituri-din-monastiraki\">T\u00e2rgul de vechituri din Monastiraki<\/h2>\n\n\n\n<p>\u00cen fiecaree week-end, \u00een Pia\u021ba Avissinas \u0219i pe str\u0103zile din jurul acesteia, r\u0103sare cel mai mare t\u00e2rg de vechituri din Atena. Po\u021bi g\u0103si de toate aici: monede vechi, telefoane retro, mobilier din lemn masiv, seturi de ceai turcesc \u0219i multe altele.<\/p>\n\n\n\n<br>\n\n\n\n<h3 class=\"wp-block-heading\" id=\"programul-pie\u021bei-\u0219i-alte-informa\u021bii-utile-1\">Programul pie\u021bei \u0219i alte informa\u021bii utile<\/h3>\n\n\n\n<p>T\u00e2rgul de vechituri din <a href=\"https:\/\/www.the-travel-bunny.com\/ro\/ghiduri-de-calatorie\/atena-ghid-turistic\/cartierul-monastiraki\/\">Monastiraki<\/a> are loc \u00een fiecare s\u00e2mb\u0103t\u0103 \u0219i duminic\u0103, \u00eencep\u00e2nd cu ora 09:00.<\/p>\n\n\n\n<p class=\"has-very-light-gray-background-color has-background\"><strong><u>T\u00e2rgul de Vechituri din Monastiraki<\/u><\/strong><br><strong>Adres\u0103<\/strong>: Ifestou 2, Atena 105 55, Grecia |&nbsp;<a href=\"https:\/\/www.google.com\/maps\/place\/Monastiraki+Flea+Market\/@37.976271,23.7233771,17z\/data=!3m1!4b1!4m5!3m4!1s0x14a1bd2258870eb1:0x1a66dbfbbf3405ed!8m2!3d37.976271!4d23.7255711\" target=\"_blank\" aria-label=\" (opens in a new tab)\" rel=\"noreferrer noopener nofollow\" class=\"rank-math-link\">Vezi pe hart\u0103<\/a><\/p>\n\n\n\n<hr class=\"wp-block-separator has-css-opacity is-style-wide\"\/>\n\n\n\n<h2 class=\"wp-block-heading\" id=\"pia\u021ba-cu-flori\">Pia\u021ba cu flori<\/h2>\n\n\n\n<p>\u00cen fiecare duminic\u0103, diminea\u021ba devreme sau c\u00e2nd soarele amiezii nu arde prea tare, po\u021bi vizita pia\u021ba cu flori din Pia\u021ba Agias Irinis. Standurile florarilor sunt pline de buchete imense \u0219i colorate. Locul ideal pentru fotografii stradale!<\/p>\n\n\n\n<br>\n\n\n\n<h3 class=\"wp-block-heading\" id=\"programul-pie\u021bei-\u0219i-alte-informa\u021bii-utile-2\">Programul pie\u021bei \u0219i alte informa\u021bii utile<\/h3>\n\n\n\n<p>Pia\u021ba cu flori din Pia\u021ba Agias Irinis are loc \u00een fiacre diminea\u021b\u0103 de duminic\u0103.<\/p>\n\n\n\n<p class=\"has-very-light-gray-background-color has-background\"><strong><u>Pia\u021ba cu flori<\/u><\/strong><br><strong>Adres\u0103:<\/strong>&nbsp;37\u00b058\u201937.6\u2033N 23\u00b043\u201937.0\u2033E |&nbsp;<a href=\"https:\/\/www.google.com\/maps\/place\/37%C2%B058&#039;37.6%22N+23%C2%B043&#039;37.0%22E\/@37.977101,23.7264035,19z\/data=!3m1!4b1!4m14!1m7!3m6!1s0x14a1bd233051a62b:0x62e3ace1c87ff003!2sAgias+Irinis,+Athina+105+51,+Greece!3b1!8m2!3d37.9770761!4d23.7269514!3m5!1s0x0:0x0!7e2!8m2!3d37.9771014!4d23.7269521\" target=\"_blank\" aria-label=\" (opens in a new tab)\" rel=\"noreferrer noopener nofollow\" class=\"rank-math-link\">Vezi pe hart\u0103<\/a><\/p>\n\n\n\n<hr class=\"wp-block-separator has-css-opacity is-style-wide\"\/>\n\n\n\n<h2 class=\"wp-block-heading\" id=\"pia\u021ba-exarchion\">Pia\u021ba Exarchion<\/h2>\n\n\n\n<p>Descoper\u0103 comunitatea din zona Pie\u021bei Exarchia \u00een timpul acestei pie\u021be de duminic\u0103!<\/p>\n\n\n\n<br>\n\n\n\n<h3 class=\"wp-block-heading\" id=\"programul-pie\u021bei-\u0219i-alte-informa\u021bii-utile-3\">Programul pie\u021bei \u0219i alte informa\u021bii utile<\/h3>\n\n\n\n<p>Pia\u021ba Exarchion are loc \u00een fiecare diminea\u021b\u0103 de duminic\u0103..<\/p>\n\n\n\n<p class=\"has-very-light-gray-background-color has-background\"><strong><u>Pia\u021ba Exarchion<\/u><\/strong><br><strong>Adres\u0103<\/strong>: Stournari 5, Atena 106 83, Grecia |&nbsp;<a aria-label=\" (opens in a new tab)\" rel=\"noreferrer noopener nofollow\" href=\"https:\/\/www.google.com\/maps\/place\/Exarchion+Square\/@37.9866453,23.7327101,17z\/data=!3m1!4b1!4m5!3m4!1s0x14a1bd36bd32861d:0x79935db57874bde6!8m2!3d37.9866453!4d23.7349041\" target=\"_blank\" class=\"rank-math-link\">Vezi pe hart\u0103<\/a><\/p>\n\n\n<div class=\"wp-block-scriptless-social-sharing-buttons\"><div class=\"scriptlesssocialsharing\"><div class=\"scriptlesssocialsharing__buttons no-icons\"><a class=\"button facebook\" target=\"_blank\" href=\"https:\/\/www.facebook.com\/sharer\/sharer.php?u=https%3A%2F%2Fwww.the-travel-bunny.com%2Fro%2Fghiduri-de-calatorie%2Fatena-ghid-turistic%2Fpiete-comerciale-din-atena%2F\" rel=\"noopener noreferrer nofollow\"><span class=\"sss-name\"><span class=\"screen-reader-text\">Share on <\/span>Facebook<\/span><\/a><a class=\"button twitter\" target=\"_blank\" href=\"https:\/\/twitter.com\/intent\/tweet?text=Pie%C8%9Be%20comerciale%20din%20Atena&#038;url=https%3A%2F%2Fwww.the-travel-bunny.com%2Fro%2Fghiduri-de-calatorie%2Fatena-ghid-turistic%2Fpiete-comerciale-din-atena%2F&#038;via=mirela_iepurela&#038;related=mirela_iepurela\" rel=\"noopener noreferrer nofollow\"><span class=\"sss-name\"><span class=\"screen-reader-text\">Share on <\/span>X (Twitter)<\/span><\/a><a class=\"button pinterest\" target=\"_blank\" href=\"https:\/\/pinterest.com\/pin\/create\/button\/?url=https%3A%2F%2Fwww.the-travel-bunny.com%2Fro%2Fghiduri-de-calatorie%2Fatena-ghid-turistic%2Fpiete-comerciale-din-atena%2F&#038;media=https%3A%2F%2Fwww.the-travel-bunny.com%2Fro%2Fwp-content%2Fuploads%2Fsites%2F2%2F2021%2F05%2Fpiete-comerciale-din-atena.jpg&#038;description=Pie%C8%9Be%20comerciale%20din%20Atena\" rel=\"noopener noreferrer nofollow\" data-pin-no-hover=\"true\" data-pin-custom=\"true\" data-pin-do=\"skip\" data-pin-description=\"Pie\u021be comerciale din Atena\"><span class=\"sss-name\"><span class=\"screen-reader-text\">Share on <\/span>Pinterest<\/span><\/a><a class=\"button whatsapp\" target=\"_blank\" href=\"https:\/\/api.whatsapp.com\/send?text=Pie%C8%9Be%20comerciale%20din%20Atena%20%E2%80%94%20https%3A%2F%2Fwww.the-travel-bunny.com%2Fro%2Fghiduri-de-calatorie%2Fatena-ghid-turistic%2Fpiete-comerciale-din-atena%2F\" rel=\"noopener noreferrer nofollow\"><span class=\"sss-name\"><span class=\"screen-reader-text\">Share on <\/span>WhatsApp<\/span><\/a><a class=\"button email\" href=\"mailto:?body=Am%20citit%20acest%20articol%20de%20vacan%C8%9B%C4%83%20%C8%99i%20m-am%20g%C3%A2ndit%20la%20tine.%20Iat%C4%83%20%C8%99i%20link-ul%3A%20https%3A%2F%2Fwww.the-travel-bunny.com%2Fro%2Fghiduri-de-calatorie%2Fatena-ghid-turistic%2Fpiete-comerciale-din-atena%2F&#038;subject=Promit%20c%C4%83%20o%20s%C4%83%20%C3%AE%C8%9Bi%20plac%C4%83%3A%20Pie%C8%9Be%20comerciale%20din%20Atena\" rel=\"noopener noreferrer nofollow\" ><span class=\"sss-name\"><span class=\"screen-reader-text\">Share on <\/span>Email<\/span><\/a><\/div><\/div><\/div>","protected":false},"excerpt":{"rendered":"<p>Pe aceast\u0103 pagin\u0103 din ghidul turistic pentru Atena, po\u021bi descoperi cele mai importante pie\u021be comerciale din Atena. Pentru a \u00ee\u021bi face o idee despre via\u021ba localnicilor sau pentru a cump\u0103ra produse proaspete, \u00ee\u021bi recomand s\u0103 vizitezi una sau dou\u0103 dintre aceste pie\u021be ateniene. Pentru fiecare dintre aceste pie\u021be comerciale din Atena, po\u021bi g\u0103si: Pia\u021ba Central\u0103 din Atena (Varvakios Agora) Aici ar trebui s\u0103 mergi pentru a g\u0103si produse proaspete sau pentru a vedea cum arat\u0103 o adev\u0103rat\u0103 pia\u021b\u0103 greceasc\u0103. Vei g\u0103si tarabe cu carne, pe\u0219te \u0219i mirodenii. Ultimele sunt un festin pentru ochi \u0219i miros, pentru c\u0103 vei sim\u021bi arome &#8230; <\/p>\n<p class=\"read-more-container\"><a title=\"Pie\u021be comerciale din Atena\" class=\"read-more button\" href=\"https:\/\/www.the-travel-bunny.com\/ro\/ghiduri-de-calatorie\/atena-ghid-turistic\/piete-comerciale-din-atena\/#more-146\" aria-label=\"Cite\u0219te mai multe despre Pie\u021be comerciale din Atena\">Read more<\/a><\/p>\n","protected":false},"author":1,"featured_media":147,"parent":40,"menu_order":14,"comment_status":"closed","ping_status":"closed","template":"","meta":{"footnotes":""},"class_list":{"0":"post-146","1":"page","2":"type-page","3":"status-publish","4":"has-post-thumbnail","6":"resize-featured-image"},"_links":{"self":[{"href":"https:\/\/www.the-travel-bunny.com\/ro\/wp-json\/wp\/v2\/pages\/146","targetHints":{"allow":["GET"]}}],"collection":[{"href":"https:\/\/www.the-travel-bunny.com\/ro\/wp-json\/wp\/v2\/pages"}],"about":[{"href":"https:\/\/www.the-travel-bunny.com\/ro\/wp-json\/wp\/v2\/types\/page"}],"author":[{"embeddable":true,"href":"https:\/\/www.the-travel-bunny.com\/ro\/wp-json\/wp\/v2\/users\/1"}],"replies":[{"embeddable":true,"href":"https:\/\/www.the-travel-bunny.com\/ro\/wp-json\/wp\/v2\/comments?post=146"}],"version-history":[{"count":2,"href":"https:\/\/www.the-travel-bunny.com\/ro\/wp-json\/wp\/v2\/pages\/146\/revisions"}],"predecessor-version":[{"id":11251,"href":"https:\/\/www.the-travel-bunny.com\/ro\/wp-json\/wp\/v2\/pages\/146\/revisions\/11251"}],"up":[{"embeddable":true,"href":"https:\/\/www.the-travel-bunny.com\/ro\/wp-json\/wp\/v2\/pages\/40"}],"wp:featuredmedia":[{"embeddable":true,"href":"https:\/\/www.the-travel-bunny.com\/ro\/wp-json\/wp\/v2\/media\/147"}],"wp:attachment":[{"href":"https:\/\/www.the-travel-bunny.com\/ro\/wp-json\/wp\/v2\/media?parent=146"}],"curies":[{"name":"wp","href":"https:\/\/api.w.org\/{rel}","templated":true}]}}