{"id":153,"date":"2019-03-08T08:49:02","date_gmt":"2019-03-08T08:49:02","guid":{"rendered":"https:\/\/the-travel-bunny-com.lyricalstaging.com\/ro\/?page_id=153"},"modified":"2026-01-30T10:09:58","modified_gmt":"2026-01-30T10:09:58","slug":"roma-ghid-turistic","status":"publish","type":"page","link":"https:\/\/www.the-travel-bunny.com\/ro\/ghiduri-de-calatorie\/roma-ghid-turistic\/","title":{"rendered":"Roma Ghid Turistic Gratuit"},"content":{"rendered":"\n<div class=\"wp-block-columns is-layout-flex wp-container-core-columns-is-layout-9d6595d7 wp-block-columns-is-layout-flex\">\n<div class=\"wp-block-column is-vertically-aligned-center is-layout-flow wp-block-column-is-layout-flow\">\n<p>Capitala Italiei, Roma, este unul dintre cele mai uimitoare ora\u0219e din Europa. Arhitectura sa incredibil\u0103, atrac\u021biile istorice bine conservate \u0219i str\u0103zile fermec\u0103toare te vor face s\u0103 \u00een\u021belegi destul de rapid de ce se nume\u0219te Ora\u0219ul Etern.&nbsp;Afl\u0103 totul despre capitala Italiei \u00een&nbsp;<em><strong>Roma Ghid Turistic<\/strong>&nbsp;<\/em>\u0219i planific\u0103-\u021bi cu u\u0219urin\u021b\u0103 vacan\u021ba la Roma!<\/p>\n\n\n\n<p>Roma nu a fost construit\u0103 \u00eentr-o zi, iar vizitarea celor mai importante obiective turistice din Roma \u00ee\u0219i va lua cu siguran\u021b\u0103 \u00een jur de o s\u0103pt\u0103m\u00e2n\u0103.&nbsp;Este posibil! De fapt, este ceea ce am f\u0103cut eu c\u00e2nd am c\u0103l\u0103torit cu so\u021bul meu \u00een timpul propriei noastre vacan\u021be la&nbsp;Roma.<\/p>\n<\/div>\n\n\n\n<div class=\"wp-block-column is-vertically-aligned-center is-layout-flow wp-block-column-is-layout-flow\">\n<div class=\"wp-block-rank-math-toc-block\" id=\"rank-math-toc\"><h2>Roma Ghid Turistic Gratuit<\/h2><nav><ul><li class=\"\"><a href=\"#unde-sa-te-cazezi-la-roma\">Unde s\u0103 te cazezi la Roma<\/a><\/li><li class=\"\"><a href=\"#cum-sa-ajungi-la-roma\">Cum s\u0103 ajungi la Roma<\/a><\/li><li class=\"\"><a href=\"#cum-sa-te-deplasezi-in-roma\">Cum s\u0103 te deplasezi \u00een Roma<\/a><\/li><li class=\"\"><a href=\"#istoria-romei\">Istoria Romei<\/a><\/li><li class=\"\"><a href=\"#obiective-turistice-in-roma\">Obiective turistice \u00een Roma<\/a><\/li><li class=\"\"><a href=\"#mancarea-din-roma\">M\u00e2ncarea din Roma<\/a><\/li><li class=\"\"><a href=\"#excursii-de-o-zi-din-roma\">Excursii de o zi din Roma<\/a><\/li><li class=\"\"><a href=\"#moneda-banci-\u0219i-bancomate\">Moned\u0103, b\u0103nci \u0219i bancomate<\/a><\/li><li class=\"\"><a href=\"#sanatate-\u0219i-siguran\u021ba\">S\u0103n\u0103tate \u0219i siguran\u021b\u0103<\/a><\/li><\/ul><\/nav><\/div>\n<\/div>\n<\/div>\n\n\n\n<hr class=\"wp-block-separator has-css-opacity is-style-wide\"\/>\n\n\n\n<h2 class=\"wp-block-heading\" id=\"unde-sa-te-cazezi-la-roma\">Unde s\u0103 te cazezi la Roma<\/h2>\n\n\n\n<p>Roma poate p\u0103rea destul de scump\u0103 c\u00e2nd te ui\u021bi c\u00e2t cost\u0103 cazarea \u00een Roma.&nbsp;De parc\u0103 asta nu ar fi fost suficient, Ora\u0219ul Etern este foarte popular \u00een r\u00e2ndul turi\u0219tilor, a\u0219a c\u0103 trebuie s\u0103 \u00ee\u021bi <a href=\"https:\/\/www.the-travel-bunny.com\/ro\/vacante-ieftine-in-croaziere\/\">rezervi<\/a> cazarea mult \u00een avans.&nbsp;Pentru a te ajuta s\u0103 g\u0103se\u0219ti cazare bun\u0103 \u0219i ieftin\u0103 la Roma, am creat <em>Roma Ghid Turistic<\/em>, unde am ad\u0103ugat \u0219i unde ne-am cazat noi la Roma.&nbsp;Evident, am f\u0103cut o mul\u021bime de cercet\u0103ri \u00eenainte de a alege unde s\u0103 st\u0103m la Roma, iar pe l\u00e2ng\u0103 pensiunea noastr\u0103, am g\u0103sit \u0219i alte hoteluri \u0219i <a href=\"https:\/\/www.the-travel-bunny.com\/ro\/pensiuni-hosteluri-hoteluri-din-praga\/\">hosteluri<\/a> la pre\u021buri reduse \u00een Roma.&nbsp;Inspir\u0103-te din paginile de mai jos!<\/p>\n\n\n\n<div class=\"wp-block-columns is-layout-flex wp-container-core-columns-is-layout-9d6595d7 wp-block-columns-is-layout-flex\">\n<div class=\"wp-block-column is-layout-flow wp-block-column-is-layout-flow\">\n<h3 class=\"wp-block-heading\" id=\"cazarea-noastra-la-roma\" style=\"font-size:19px\"><a href=\"https:\/\/www.the-travel-bunny.com\/ro\/ghiduri-de-calatorie\/roma-ghid-turistic\/cazare-la-roma-ieftina\/\">Cazarea noastr\u0103 la Roma<\/a><\/h3>\n\n\n\n<p>Unde s\u0103 te cazezi ieftin la Roma?&nbsp;Dup\u0103 multe cercet\u0103ri, am g\u0103sit locul perfect!&nbsp;Descoper\u0103 I Pini di Roma \u0219i rezerv\u0103 cea mai bun\u0103 cazare \u00een Roma!<\/p>\n<\/div>\n\n\n\n<div class=\"wp-block-column is-layout-flow wp-block-column-is-layout-flow\">\n<h3 class=\"wp-block-heading\" id=\"hoteluri-in-roma\" style=\"font-size:19px\"><a href=\"https:\/\/www.the-travel-bunny.com\/ro\/ghiduri-de-calatorie\/roma-ghid-turistic\/hoteluri-in-roma\/\">Hoteluri \u00een Roma<\/a><\/h3>\n\n\n\n<p>C\u0103u\u021bi hoteluri la pre\u021buri accesibile \u00een Roma? Nu mai c\u0103uta! Iat\u0103 o list\u0103 cu cele mai bune hoteluri cu pre\u021b redus din Roma!<\/p>\n<\/div>\n\n\n\n<div class=\"wp-block-column is-layout-flow wp-block-column-is-layout-flow\">\n<h3 class=\"wp-block-heading\" id=\"hosteluri-in-roma\" style=\"font-size:19px\"><a href=\"https:\/\/www.the-travel-bunny.com\/ro\/ghiduri-de-calatorie\/roma-ghid-turistic\/hosteluri-in-roma\/\">Hosteluri \u00een Roma<\/a><\/h3>\n\n\n\n<p><a href=\"https:\/\/www.the-travel-bunny.com\/ro\/hosteluri-hoteluri-ieftine\/\">Hosteluri<\/a> \u00een Roma: cea mai bun\u0103 op\u021biune de a te caza la Roma f\u0103r\u0103 costuri mari, al\u0103turi de oameni din \u00eentreaga lume. Descoper\u0103 cea mai convenabil\u0103 cazare din Roma!<\/p>\n<\/div>\n<\/div>\n\n\n\n<hr class=\"wp-block-separator has-css-opacity is-style-wide\"\/>\n\n\n\n<h2 class=\"wp-block-heading\" id=\"cum-sa-ajungi-la-roma\">Cum s\u0103 ajungi la Roma<\/h2>\n\n\n\n<p>E u\u0219or s\u0103 ajungi la Roma cu avionul, deoarece exist\u0103 multe zboruri care vin la \u0219i pleac\u0103 de la aeroporturile din Roma.&nbsp;Ambele aeroporturi sunt deservite de trenuri \u0219i linii de <a href=\"https:\/\/www.the-travel-bunny.com\/ro\/ghiduri-de-calatorie\/atena-ghid-turistic\/cum-ajungi-in-atena-de-la-aeroport\/\">autobuz<\/a> frecvente.<\/p>\n\n\n\n<p>Autobuzele \u0219i trenurile care opereaz\u0103 \u00een toat\u0103 Italia ofer\u0103 \u0219i mai multe op\u021biuni pentru a ajunge la Roma.&nbsp;Nu mai vorbim de faptul c\u0103 a te duce cu ma\u0219ina este, de asemenea, o op\u021biune bun\u0103 dac\u0103 ai mai mult timp la dispozi\u021bie \u0219i dore\u0219ti s\u0103 admiri mai multe peisaje pe parcurs.<\/p>\n\n\n\n<p>Cu toate acestea, \u00een acest ghid turistic pentru Roma, ne vom concentra asupra modului de a ajunge la Roma de la aeroport, din cel mai apropiat port \u0219i cu trenul.<\/p>\n\n\n\n<div class=\"wp-block-columns is-layout-flex wp-container-core-columns-is-layout-9d6595d7 wp-block-columns-is-layout-flex\">\n<div class=\"wp-block-column is-layout-flow wp-block-column-is-layout-flow\">\n<h3 class=\"wp-block-heading\" id=\"de-la-aeroport\" style=\"font-size:19px\">De la aeroport<\/h3>\n\n\n\n<p>Descoper\u0103 cum ajungi \u00een Roma din unul dintre cele dou\u0103 aeroporturi: Ciampino \u0219i Fiumicino.<\/p>\n\n\n\n<p><em>[\u00cen cur\u00e2nd]<\/em><\/p>\n<\/div>\n\n\n\n<div class=\"wp-block-column is-layout-flow wp-block-column-is-layout-flow\">\n<h3 class=\"wp-block-heading\" id=\"din-port\" style=\"font-size:19px\">Din port<\/h3>\n\n\n\n<p>Afl\u0103 cum ajungi \u00een Roma din cel mai apropiat port, Civitavecchia. Acolo opresc toate vasele de <a href=\"https:\/\/www.the-travel-bunny.com\/ro\/croaziera-pe-nil-egipt\/\">croazier\u0103<\/a>.<\/p>\n\n\n\n<p> <em>[\u00cen cur\u00e2nd]<\/em> <\/p>\n<\/div>\n\n\n\n<div class=\"wp-block-column is-layout-flow wp-block-column-is-layout-flow\">\n<h3 class=\"wp-block-heading\" id=\"cu-trenul\" style=\"font-size:19px\">Cu trenul<\/h3>\n\n\n\n<p>\u00cenva\u021b\u0103 cum s\u0103 ajungi la Roma cu trenul, cu serviciile feroviare na\u021bionale \u0219i interna\u021bionale.<\/p>\n\n\n\n<p> <em>[\u00cen cur\u00e2nd]<\/em> <\/p>\n<\/div>\n<\/div>\n\n\n\n<hr class=\"wp-block-separator has-css-opacity is-style-wide\"\/>\n\n\n\n<h2 class=\"wp-block-heading\" id=\"cum-sa-te-deplasezi-in-roma\">Cum s\u0103 te deplasezi \u00een Roma<\/h2>\n\n\n\n<div class=\"wp-block-columns is-layout-flex wp-container-core-columns-is-layout-9d6595d7 wp-block-columns-is-layout-flex\">\n<div class=\"wp-block-column is-layout-flow wp-block-column-is-layout-flow\">\n<h3 class=\"wp-block-heading\" id=\"transport-in-comun\" style=\"font-size:19px\">Transport \u00een comun<\/h3>\n\n\n\n<p>Afl\u0103 c\u00e2t cost\u0103 un bilet pentru transportul \u00een comun \u0219i descoper\u0103 cele mai convenabile tipuri de abonamente pentru turi\u0219ti.<\/p>\n\n\n\n<p> <em>[\u00cen cur\u00e2nd]<\/em><\/p>\n<\/div>\n\n\n\n<div class=\"wp-block-column is-layout-flow wp-block-column-is-layout-flow\">\n<h3 class=\"wp-block-heading\" id=\"transport-privat\" style=\"font-size:19px\">Transport privat<\/h3>\n\n\n\n<p>Te g\u00e2nde\u0219ti s\u0103 iei taxiul \u00een Ora\u0219ul Etern? Sau poate vrei s\u0103 \u00eenchiriezi o ma\u0219in\u0103 sau un moped?<\/p>\n\n\n\n<p> <em>[\u00cen cur\u00e2nd]<\/em><\/p>\n<\/div>\n<\/div>\n\n\n\n<hr class=\"wp-block-separator has-css-opacity is-style-wide\"\/>\n\n\n\n<h2 class=\"wp-block-heading\" id=\"istoria-romei\">Istoria Romei<\/h2>\n\n\n\n<p>Odat\u0103 capitala Imperiului Roman, este evident c\u0103 Roma are o istorie lung\u0103, incredibil\u0103 \u0219i complicat\u0103.&nbsp;Practic, a cucerit lumea \u0219i a condus peste o cincime din popula\u021bia Globului.&nbsp;Mai t\u00e2rziu, \u00een Evul Mediu, Roma a devenit o capital\u0103 artistic\u0103 \u0219i cultural\u0103, lans\u00e2nd noi curente care au fost apoi adoptate la nivel mondial.<\/p>\n\n\n\n<p>\u00cen <em>Roma Ghid Turistic<\/em>, vom parcurge o cronologie rapid\u0103 a istoriei Romei.&nbsp;Cu suficiente detalii pentru a ob\u021bine imaginea de ansamblu, dar scurt\u0103 pentru a surprinde esen\u021bialul.<\/p>\n\n\n\n<p> <em>[\u00cen cur\u00e2nd]<\/em>  <\/p>\n\n\n\n<hr class=\"wp-block-separator has-css-opacity is-style-wide\"\/>\n\n\n\n<h2 class=\"wp-block-heading\" id=\"obiective-turistice-in-roma\">Obiective turistice \u00een Roma<\/h2>\n\n\n\n<p>Evident, principalul motiv pentru care c\u0103l\u0103torim \u00een capitala Italiei este s\u0103 descoperim uimitoarele obiective turistice din Roma.&nbsp;Cel mai important este Colosseumul.&nbsp;Alte obiective turistice obligatorii sunt Forumul Roman, Pia\u021ba Spaniei, Pia\u021ba Navona, F\u00e2nt\u00e2na Trevi&#8230; \u0219i totul se complic\u0103 c\u00e2nd ajungem la bisericile uimitoare pe care le vei g\u0103si la Roma.<\/p>\n\n\n\n<p>Pentru a p\u0103stra lucrurile simple, \u00een <em>Roma Ghid Turistic<\/em>, am sortat toate obiectivele turistice pe categorii, prezent\u00e2nd tot ce este mai bun \u00een fiecare.&nbsp;Totu\u0219i, asta nu \u00eenseamn\u0103 c\u0103 vei descoperi doar obiectivele pe care le g\u0103se\u0219ti pe <a href=\"https:\/\/www.the-travel-bunny.com\/ro\/bloguri-de-calatorii-recomandate\/\">toate blogurile<\/a> de c\u0103l\u0103torii, ci \u0219i locurile care \u00eemi sunt mie dragi \u0219i care sunt adesea trecute cu vederea de turi\u0219tii obi\u0219nui\u021bi.<\/p>\n\n\n\n<p>Apoi, pentru a \u00ee\u021bi u\u0219ura planificarea vizitei la Roma, exist\u0103 o hart\u0103 electronic\u0103 care pune totul laolalt\u0103.&nbsp;Astfel, oriunde te-ai afla \u00een Roma, po\u021bi doar s\u0103 o deschizi, s\u0103 vezi ce e l\u00e2ng\u0103 tine \u0219i s\u0103 decizi ce vrei s\u0103 vezi mai departe.<\/p>\n\n\n\n<div class=\"wp-block-columns is-layout-flex wp-container-core-columns-is-layout-9d6595d7 wp-block-columns-is-layout-flex\">\n<div class=\"wp-block-column is-layout-flow wp-block-column-is-layout-flow\">\n<h3 class=\"wp-block-heading\" id=\"situri-arheologice\" style=\"font-size:19px\"><a href=\"https:\/\/www.the-travel-bunny.com\/ro\/ghiduri-de-calatorie\/roma-ghid-turistic\/situri-arheologice-din-roma\/\">Situri arheologice<\/a><\/h3>\n\n\n\n<p>Siturile arheologice din Roma: Forumul Roman, <a href=\"https:\/\/www.the-travel-bunny.com\/ro\/vacanta-la-roma-colosseum-forum-roman\/\" class=\"rank-math-link\">Dealul Palatin<\/a>, Domus Aurea, Forumurile lui Cezar, Augusto \u0219i Traian, B\u0103ile lui Caracala \u0219i ale lui Domi\u021bian \u0219i multe altele. <\/p>\n<\/div>\n\n\n\n<div class=\"wp-block-column is-layout-flow wp-block-column-is-layout-flow\">\n<h3 class=\"wp-block-heading\" id=\"circuri-amfiteatre\" style=\"font-size:19px\"><a href=\"https:\/\/www.the-travel-bunny.com\/ro\/ghiduri-de-calatorie\/roma-ghid-turistic\/circuri-amfiteatre-din-roma\/\">Circuri &amp; amfiteatre<\/a><\/h3>\n\n\n\n<p>Circuri \u0219i amfiteatre din Roma: de la Colosseum, simbolul Ora\u0219ului Etern, la vastul Circus Maximus \u0219i fermec\u0103torul Teatru al lui Marcellus.<\/p>\n<\/div>\n\n\n\n<div class=\"wp-block-column is-layout-flow wp-block-column-is-layout-flow\">\n<h3 class=\"wp-block-heading\" id=\"muzee\" style=\"font-size:19px\"><a href=\"https:\/\/www.the-travel-bunny.com\/ro\/ghiduri-de-calatorie\/roma-ghid-turistic\/muzee-din-roma\/\">Muzee<\/a><\/h3>\n\n\n\n<p>Muzeele de top din Roma, plus alte c\u00e2teva muzee captivante din capitala Italiei.&nbsp;Afl\u0103 totul despre ele, inclusiv programele de vizitare \u0219i costurile biletelor.<\/p>\n<\/div>\n<\/div>\n\n\n\n<br>\n\n\n\n<div class=\"wp-block-columns is-layout-flex wp-container-core-columns-is-layout-9d6595d7 wp-block-columns-is-layout-flex\">\n<div class=\"wp-block-column is-layout-flow wp-block-column-is-layout-flow\">\n<h3 class=\"wp-block-heading\" id=\"galerii-de-arta\" style=\"font-size:19px\"><a href=\"https:\/\/www.the-travel-bunny.com\/ro\/ghiduri-de-calatorie\/roma-ghid-turistic\/muzee-galerii-de-arta-roma\/\">Galerii de art\u0103<\/a><\/h3>\n\n\n\n<p>Galerii de art\u0103 din Roma: Galeria Borghese, Galeria Doria Pamphilj, Galeria de Art\u0103 Modern\u0103 \u0219i Contemporan\u0103, Galeria de Art\u0103 Antic\u0103, Galeria Spada \u0219i Vila Giulia.<\/p>\n<\/div>\n\n\n\n<div class=\"wp-block-column is-layout-flow wp-block-column-is-layout-flow\">\n<h3 class=\"wp-block-heading\" id=\"bazilici-biserici\" style=\"font-size:19px\"><a href=\"https:\/\/www.the-travel-bunny.com\/ro\/ghiduri-de-calatorie\/roma-ghid-turistic\/catedrale-bazilici-biserici-din-roma\/\">Bazilici &amp; biserici<\/a><\/h3>\n\n\n\n<p>Bisericile din Roma sunt locuri istorice frumoase, unele construite peste temple antice.&nbsp;Majoritatea sunt mari \u0219i impun\u0103toare, altele sunt construc\u021bii mici, intime. <\/p>\n<\/div>\n\n\n\n<div class=\"wp-block-column is-layout-flow wp-block-column-is-layout-flow\">\n<h3 class=\"wp-block-heading\" id=\"vile-palate\" style=\"font-size:19px\"><a href=\"https:\/\/www.the-travel-bunny.com\/ro\/ghiduri-de-calatorie\/roma-ghid-turistic\/vile-palate-in-roma-vacanta\/\">Vile &amp; palate<\/a><\/h3>\n\n\n\n<p>Vilele \u0219i palatele din Roma: Indiferent dac\u0103 vei trece pe l\u00e2ng\u0103 ele sau le ve\u021bi c\u0103uta \u00een mod special, doar unele dintre ele sunt deschise publicului.<\/p>\n<\/div>\n<\/div>\n\n\n\n<br>\n\n\n\n<div class=\"wp-block-columns is-layout-flex wp-container-core-columns-is-layout-9d6595d7 wp-block-columns-is-layout-flex\">\n<div class=\"wp-block-column is-layout-flow wp-block-column-is-layout-flow\">\n<h3 class=\"wp-block-heading\" id=\"pie\u021be-importante\" style=\"font-size:19px\"><a href=\"https:\/\/www.the-travel-bunny.com\/ro\/ghiduri-de-calatorie\/roma-ghid-turistic\/piete-din-roma\/\">Pie\u021be importante<\/a><\/h3>\n\n\n\n<p>Pie\u021bele Romei: de la faimoasele Pia\u021ba Navona, Pia\u021ba Spaniei \u0219i Pia\u021ba Poporului p\u00e2n\u0103 la pie\u021bele fermec\u0103toare mai pu\u021bin cunoscute din Roma, cu elemente lor unice. <\/p>\n<\/div>\n\n\n\n<div class=\"wp-block-column is-layout-flow wp-block-column-is-layout-flow\">\n<h3 class=\"wp-block-heading\" id=\"strazi-frumoase\" style=\"font-size:19px\"><a href=\"https:\/\/www.the-travel-bunny.com\/ro\/ghiduri-de-calatorie\/roma-ghid-turistic\/strazi-din-roma\/\">Str\u0103zi frumoase<\/a><\/h3>\n\n\n\n<p>Plimb\u0103-te pe cele mai frumoase str\u0103zi din Roma!&nbsp;De la cele care te duc la obiectivele turistice importante din Roma p\u00e2n\u0103 la str\u0103zile mici, romantice \u0219i ascunse. <\/p>\n<\/div>\n\n\n\n<div class=\"wp-block-column is-layout-flow wp-block-column-is-layout-flow\">\n<h3 class=\"wp-block-heading\" id=\"gradini-parcuri\" style=\"font-size:19px\"><a href=\"https:\/\/www.the-travel-bunny.com\/ro\/ghiduri-de-calatorie\/roma-ghid-turistic\/gradini-parcuri-din-roma\/\">Gr\u0103dini &amp; parcuri<\/a><\/h3>\n\n\n\n<p><a href=\"https:\/\/www.the-travel-bunny.com\/ro\/cele-mai-frumoase-orase-din-olanda\/\">Cele mai frumoase<\/a> gr\u0103dini \u0219i parcuri din Roma, perfecte pentru plimb\u0103ri lungi, picnicuri, relax\u0103ri pe iarb\u0103, jogging sau jocuri c<a href=\"https:\/\/www.the-travel-bunny.com\/ro\/vacanta-de-vara-cu-copiii\/\">u copiii<\/a>.&nbsp;Dar unde se afl\u0103?<\/p>\n<\/div>\n<\/div>\n\n\n\n<br>\n\n\n\n<div class=\"wp-block-columns is-layout-flex wp-container-core-columns-is-layout-9d6595d7 wp-block-columns-is-layout-flex\">\n<div class=\"wp-block-column is-layout-flow wp-block-column-is-layout-flow\">\n<h3 class=\"wp-block-heading\" id=\"pie\u021be-comerciale\" style=\"font-size:19px\"><a href=\"https:\/\/www.the-travel-bunny.com\/ro\/ghiduri-de-calatorie\/roma-ghid-turistic\/piete-comerciale-in-roma\/\">Pie\u021be comerciale<\/a><\/h3>\n\n\n\n<p>Exploreaz\u0103 pie\u021bele colorate din Roma: pie\u021be alimentare, pie\u021be de vechituri, pie\u021be de flori etc. Descoper\u0103 vechile pie\u021be din Roma \u0219i toate minunile pe care le au de oferit!<\/p>\n<\/div>\n\n\n\n<div class=\"wp-block-column is-layout-flow wp-block-column-is-layout-flow\">\n<h3 class=\"wp-block-heading\" id=\"fantani-faimoase\" style=\"font-size:19px\"><a href=\"https:\/\/www.the-travel-bunny.com\/ro\/ghiduri-de-calatorie\/roma-ghid-turistic\/fantani-din-roma\/\">F\u00e2nt\u00e2ni faimoase<\/a><\/h3>\n\n\n\n<p>F\u00e2nt\u00e2ni din Roma: de la celebrele F\u00e2nt\u00e2na Trevi, F\u00e2nt\u00e2na celor Patru Fluvii \u0219i F\u00e2nt\u00e2na Barcaccia la cele f\u00e2nt\u00e2ni mai mici, dar la fel de fermec\u0103toare.<\/p>\n<\/div>\n\n\n\n<div class=\"wp-block-column is-layout-flow wp-block-column-is-layout-flow\">\n<h3 class=\"wp-block-heading\" id=\"roma-subterana\" style=\"font-size:19px\">Roma subteran\u0103<\/h3>\n\n\n\n<p> <em>[\u00cen cur\u00e2nd]<\/em> <\/p>\n<\/div>\n<\/div>\n\n\n\n<br>\n\n\n\n<div class=\"wp-block-columns is-layout-flex wp-container-core-columns-is-layout-9d6595d7 wp-block-columns-is-layout-flex\">\n<div class=\"wp-block-column is-layout-flow wp-block-column-is-layout-flow\">\n<h3 class=\"wp-block-heading\" id=\"pe-malul-tibrului\" style=\"font-size:19px\">Pe malul Tibrului<\/h3>\n\n\n\n<p> <em>[\u00cen cur\u00e2nd]<\/em> <\/p>\n<\/div>\n\n\n\n<div class=\"wp-block-column is-layout-flow wp-block-column-is-layout-flow\">\n<h3 class=\"wp-block-heading\" id=\"roma-vazuta-de-sus\" style=\"font-size:19px\">Roma v\u0103zut\u0103 de sus<\/h3>\n\n\n\n<p> <em>[\u00cen cur\u00e2nd]<\/em> <\/p>\n<\/div>\n\n\n\n<div class=\"wp-block-column is-layout-flow wp-block-column-is-layout-flow\">\n<h3 class=\"wp-block-heading\" id=\"harta-electronica-a-romei\" style=\"font-size:19px\">Harta electronic\u0103 a <a href=\"https:\/\/www.the-travel-bunny.com\/ro\/centrul-istoric-al-romei-vacanta-roma\/\">Romei<\/a><\/h3>\n\n\n\n<p> <em>[\u00cen cur\u00e2nd]<\/em> <\/p>\n<\/div>\n<\/div>\n\n\n\n<hr class=\"wp-block-separator has-css-opacity is-style-wide\"\/>\n\n\n\n<h2 class=\"wp-block-heading\" id=\"mancarea-din-roma\">M\u00e2ncarea din Roma<\/h2>\n\n\n\n<p>Vorbim despre capitala Italiei, cu pizza \u0219i paste delicioase&#8230; \u0219i multe alte preparate tradi\u021bionale pe care te voi ajuta s\u0103 le descoperi.&nbsp;Dar, dincolo de a \u0219ti <a href=\"https:\/\/www.the-travel-bunny.com\/ro\/mancarea-din-chiang-mai-thailanda\/\">m\u00e2ncarea<\/a> cea mai bun\u0103 din meniu, este important s\u0103 descoperi diferitele tipuri de restaurante \u0219i ce are de oferit fiecare.<\/p>\n\n\n\n<p>Am ad\u0103ugat locurile noastre preferate pentru a m\u00e2nca \u00een Roma.&nbsp;F\u0103r\u0103 ele, am sim\u021bit c\u0103 <em>Roma Ghid Turistic<\/em> nu ar fi complet!<\/p>\n\n\n\n<div class=\"wp-block-columns is-layout-flex wp-container-core-columns-is-layout-9d6595d7 wp-block-columns-is-layout-flex\">\n<div class=\"wp-block-column is-layout-flow wp-block-column-is-layout-flow\">\n<h3 class=\"wp-block-heading\" id=\"tipuri-de-restaurante\" style=\"font-size:19px\">Tipuri de restaurante<\/h3>\n\n\n\n<p> <em>[\u00cen cur\u00e2nd]<\/em> <\/p>\n<\/div>\n\n\n\n<div class=\"wp-block-column is-layout-flow wp-block-column-is-layout-flow\">\n<h3 class=\"wp-block-heading\" id=\"bucataria-italiana-tradi\u021bionala\" style=\"font-size:19px\">Buc\u0103t\u0103ria italian\u0103 tradi\u021bional\u0103<\/h3>\n\n\n\n<p> <em>[\u00cen cur\u00e2nd]<\/em> <\/p>\n<\/div>\n\n\n\n<div class=\"wp-block-column is-layout-flow wp-block-column-is-layout-flow\">\n<h3 class=\"wp-block-heading\" id=\"unde-mancam-la-roma\" style=\"font-size:19px\">Unde m\u00e2nc\u0103m la Roma<\/h3>\n\n\n\n<p> <em>[\u00cen cur\u00e2nd]<\/em> <\/p>\n<\/div>\n<\/div>\n\n\n\n<hr class=\"wp-block-separator has-css-opacity is-style-wide\"\/>\n\n\n\n<h2 class=\"wp-block-heading\" id=\"excursii-de-o-zi-din-roma\">Excursii de o zi din Roma<\/h2>\n\n\n\n<p> <em>[\u00cen cur\u00e2nd]<\/em> <\/p>\n\n\n\n<hr class=\"wp-block-separator has-css-opacity is-style-wide\"\/>\n\n\n\n<h2 class=\"wp-block-heading\" id=\"moneda-banci-\u0219i-bancomate\">Moned\u0103, b\u0103nci \u0219i bancomate<\/h2>\n\n\n\n<p> <em>[\u00cen cur\u00e2nd]<\/em> <\/p>\n\n\n\n<hr class=\"wp-block-separator has-css-opacity is-style-wide\"\/>\n\n\n\n<h2 class=\"wp-block-heading\" id=\"sanatate-\u0219i-siguran\u021ba\">S\u0103n\u0103tate \u0219i siguran\u021b\u0103<\/h2>\n\n\n\n<p> <em>[\u00cen cur\u00e2nd]<\/em><\/p>\n\n\n<div class=\"wp-block-scriptless-social-sharing-buttons\"><div class=\"scriptlesssocialsharing\"><div class=\"scriptlesssocialsharing__buttons no-icons\"><a class=\"button facebook\" target=\"_blank\" href=\"https:\/\/www.facebook.com\/sharer\/sharer.php?u=https%3A%2F%2Fwww.the-travel-bunny.com%2Fro%2Fghiduri-de-calatorie%2Froma-ghid-turistic%2F\" rel=\"noopener noreferrer nofollow\" ><span class=\"sss-name\"><span class=\"screen-reader-text\">Share on <\/span>Facebook<\/span><\/a><a class=\"button twitter\" target=\"_blank\" href=\"https:\/\/twitter.com\/intent\/tweet?text=Roma%20Ghid%20Turistic%20Gratuit&#038;url=https%3A%2F%2Fwww.the-travel-bunny.com%2Fro%2Fghiduri-de-calatorie%2Froma-ghid-turistic%2F&#038;via=mirela_iepurela&#038;related=mirela_iepurela\" rel=\"noopener noreferrer nofollow\" ><span class=\"sss-name\"><span class=\"screen-reader-text\">Share on <\/span>X (Twitter)<\/span><\/a><a class=\"button pinterest\" target=\"_blank\" href=\"https:\/\/pinterest.com\/pin\/create\/button\/?url=https%3A%2F%2Fwww.the-travel-bunny.com%2Fro%2Fghiduri-de-calatorie%2Froma-ghid-turistic%2F&#038;media=https%3A%2F%2Fwww.the-travel-bunny.com%2Fro%2Fwp-content%2Fuploads%2Fsites%2F2%2F2021%2F05%2Frome-ghid-turistic.jpg&#038;description=Roma%20Ghid%20Turistic%20Gratuit\" rel=\"noopener noreferrer nofollow\" data-pin-no-hover=\"true\" data-pin-custom=\"true\" data-pin-do=\"skip\" data-pin-description=\"Roma Ghid Turistic Gratuit\"><span class=\"sss-name\"><span class=\"screen-reader-text\">Share on <\/span>Pinterest<\/span><\/a><a class=\"button whatsapp\" target=\"_blank\" href=\"https:\/\/api.whatsapp.com\/send?text=Roma%20Ghid%20Turistic%20Gratuit%20%E2%80%94%20https%3A%2F%2Fwww.the-travel-bunny.com%2Fro%2Fghiduri-de-calatorie%2Froma-ghid-turistic%2F\" rel=\"noopener noreferrer nofollow\" ><span class=\"sss-name\"><span class=\"screen-reader-text\">Share on <\/span>WhatsApp<\/span><\/a><a class=\"button email\" href=\"mailto:?body=Am%20citit%20acest%20articol%20de%20vacan%C8%9B%C4%83%20%C8%99i%20m-am%20g%C3%A2ndit%20la%20tine.%20Iat%C4%83%20%C8%99i%20link-ul%3A%20https%3A%2F%2Fwww.the-travel-bunny.com%2Fro%2Fghiduri-de-calatorie%2Froma-ghid-turistic%2F&#038;subject=Promit%20c%C4%83%20o%20s%C4%83%20%C3%AE%C8%9Bi%20plac%C4%83%3A%20Roma%20Ghid%20Turistic%20Gratuit\" rel=\"noopener noreferrer nofollow\" ><span class=\"sss-name\"><span class=\"screen-reader-text\">Share on <\/span>Email<\/span><\/a><\/div><\/div><\/div>","protected":false},"excerpt":{"rendered":"<p>Capitala Italiei, Roma, este unul dintre cele mai uimitoare ora\u0219e din Europa. Arhitectura sa incredibil\u0103, atrac\u021biile istorice bine conservate \u0219i str\u0103zile fermec\u0103toare te vor face s\u0103 \u00een\u021belegi destul de rapid de ce se nume\u0219te Ora\u0219ul Etern.&nbsp;Afl\u0103 totul despre capitala Italiei \u00een&nbsp;Roma Ghid Turistic&nbsp;\u0219i planific\u0103-\u021bi cu u\u0219urin\u021b\u0103 vacan\u021ba la Roma! Roma nu a fost construit\u0103 \u00eentr-o zi, iar vizitarea celor mai importante obiective turistice din Roma \u00ee\u0219i va lua cu siguran\u021b\u0103 \u00een jur de o s\u0103pt\u0103m\u00e2n\u0103.&nbsp;Este posibil! De fapt, este ceea ce am f\u0103cut eu c\u00e2nd am c\u0103l\u0103torit cu so\u021bul meu \u00een timpul propriei noastre vacan\u021be la&nbsp;Roma. Unde s\u0103 te cazezi &#8230; <\/p>\n<p class=\"read-more-container\"><a title=\"Roma Ghid Turistic Gratuit\" class=\"read-more button\" href=\"https:\/\/www.the-travel-bunny.com\/ro\/ghiduri-de-calatorie\/roma-ghid-turistic\/#more-153\" aria-label=\"Cite\u0219te mai multe despre Roma Ghid Turistic Gratuit\">Read more<\/a><\/p>\n","protected":false},"author":1,"featured_media":154,"parent":34,"menu_order":3,"comment_status":"closed","ping_status":"closed","template":"","meta":{"footnotes":""},"class_list":{"0":"post-153","1":"page","2":"type-page","3":"status-publish","4":"has-post-thumbnail","6":"resize-featured-image"},"_links":{"self":[{"href":"https:\/\/www.the-travel-bunny.com\/ro\/wp-json\/wp\/v2\/pages\/153","targetHints":{"allow":["GET"]}}],"collection":[{"href":"https:\/\/www.the-travel-bunny.com\/ro\/wp-json\/wp\/v2\/pages"}],"about":[{"href":"https:\/\/www.the-travel-bunny.com\/ro\/wp-json\/wp\/v2\/types\/page"}],"author":[{"embeddable":true,"href":"https:\/\/www.the-travel-bunny.com\/ro\/wp-json\/wp\/v2\/users\/1"}],"replies":[{"embeddable":true,"href":"https:\/\/www.the-travel-bunny.com\/ro\/wp-json\/wp\/v2\/comments?post=153"}],"version-history":[{"count":4,"href":"https:\/\/www.the-travel-bunny.com\/ro\/wp-json\/wp\/v2\/pages\/153\/revisions"}],"predecessor-version":[{"id":11257,"href":"https:\/\/www.the-travel-bunny.com\/ro\/wp-json\/wp\/v2\/pages\/153\/revisions\/11257"}],"up":[{"embeddable":true,"href":"https:\/\/www.the-travel-bunny.com\/ro\/wp-json\/wp\/v2\/pages\/34"}],"wp:featuredmedia":[{"embeddable":true,"href":"https:\/\/www.the-travel-bunny.com\/ro\/wp-json\/wp\/v2\/media\/154"}],"wp:attachment":[{"href":"https:\/\/www.the-travel-bunny.com\/ro\/wp-json\/wp\/v2\/media?parent=153"}],"curies":[{"name":"wp","href":"https:\/\/api.w.org\/{rel}","templated":true}]}}