{"id":159,"date":"2019-11-21T11:09:48","date_gmt":"2019-11-21T11:09:48","guid":{"rendered":"https:\/\/the-travel-bunny-com.lyricalstaging.com\/ro\/?page_id=159"},"modified":"2026-01-30T10:10:32","modified_gmt":"2026-01-30T10:10:32","slug":"hoteluri-in-roma","status":"publish","type":"page","link":"https:\/\/www.the-travel-bunny.com\/ro\/ghiduri-de-calatorie\/roma-ghid-turistic\/hoteluri-in-roma\/","title":{"rendered":"Hoteluri \u00een Roma pentru orice buget de vacan\u021b\u0103"},"content":{"rendered":"\n<p>Po\u021bi g\u0103si o gam\u0103 larg\u0103 de <strong>hoteluri \u00een Roma<\/strong>, de la una la cinci stele. Aici, evaluarea se bazeaz\u0103 de obicei pe confortul pe care \u00eel ofer\u0103 \u0219i nu pe zona \u00een care se afl\u0103. Prin urmare, de la trei stele \u00een sus, o camer\u0103 ar trebui s\u0103 ofere cel pu\u021bin o baie separat\u0103, un televizor \u0219i un telefon.<\/p>\n\n\n\n<p>Cite\u0219te acest articol de c\u0103l\u0103torie pentru a descoperi unele dintre cele mai bune hoteluri \u00een Roma de 4 \u0219i 3 stele!<\/p>\n\n\n\n<div class=\"wp-block-rank-math-toc-block\" id=\"rank-math-toc\"><h2>Hoteluri \u00een Roma<\/h2><nav><ul><li class=\"\"><a href=\"#starhotels-michelangelo-in-roma\">Starhotels Michelangelo \u00een Roma<\/a><\/li><li class=\"\"><a href=\"#the-duke-hotel-roma\">The Duke Hotel Roma<\/a><\/li><li class=\"\"><a href=\"#nerva-boutique-hotel\">Nerva Boutique Hotel<\/a><\/li><li class=\"\"><a href=\"#hotel-grifo\">Hotel Grifo<\/a><\/li><li class=\"\"><a href=\"#hotel-des-artistes\">Hotel des Artistes<\/a><\/li><\/ul><\/nav><\/div>\n\n\n\n<p class=\"has-pale-cyan-blue-background-color has-background has-small-font-size\"><strong>Unele dintre link-urile de mai jos duc c\u0103tre pagini partenere.<\/strong> Asta \u00eenseamn\u0103 c\u0103, f\u0103r\u0103 ca tu s\u0103 pl\u0103te\u0219ti ceva \u00een plus, The Travel Bunny prime\u0219te un mic comision dac\u0103 le accesezi \u0219i cumperi ceva. Mul\u021bumesc!<\/p>\n\n\n\n<hr class=\"wp-block-separator has-css-opacity is-style-wide\"\/>\n\n\n\n<figure class=\"wp-block-embed is-type-video is-provider-youtube wp-block-embed-youtube wp-embed-aspect-16-9 wp-has-aspect-ratio\"><div class=\"wp-block-embed__wrapper\">\n<iframe loading=\"lazy\" title=\"Starhotels Michelangelo, Rome, Italy\" width=\"1200\" height=\"675\" src=\"https:\/\/www.youtube.com\/embed\/2mfesxS-_yw?feature=oembed\" frameborder=\"0\" allow=\"accelerometer; autoplay; clipboard-write; encrypted-media; gyroscope; picture-in-picture\" allowfullscreen><\/iframe>\n<\/div><figcaption class=\"wp-element-caption\">Hoteluri \u00een Roma: Starhotels Michelangelo \u00een Roma<\/figcaption><\/figure>\n\n\n\n<h2 class=\"wp-block-heading\" id=\"starhotels-michelangelo-in-roma\">Starhotels Michelangelo \u00een Roma<\/h2>\n\n\n\n<p>Starhotels Michelangelo \u00een Roma este un hotel de 4 stele situat \u00een Rione Prati. Se afl\u0103 la 15 minute de mers pe jos de Castel Sant Angelo \u0219i la 450 de metri de <a href=\"https:\/\/www.the-travel-bunny.com\/ro\/ghiduri-de-calatorie\/roma-ghid-turistic\/piete-din-roma\/\">Pia\u021ba<\/a> Sf. Petru.<\/p>\n\n\n\n<p>Camerele sunt decorate clasic \u0219i ofer\u0103 aer condi\u021bionat, TV prin satelit \u0219i minibar. Majoritatea camerelor ofer\u0103 vedere la Domul Sf\u00e2ntului Petru.<\/p>\n\n\n\n<br>\n\n\n\n<h3 class=\"wp-block-heading\" id=\"amenajari-\u0219i-alte-informa\u021bii-utile\">Amenaj\u0103ri \u0219i alte informa\u021bii utile<\/h3>\n\n\n\n<p>WiFi gratuit. Parcare, serviciu de sp\u0103l\u0103torie, depozitare bagaje, serviciu de bilete, birou de turism, schimb valutar, recep\u021bie deschis\u0103 24 de ore.<\/p>\n\n\n\n<p>Restaurant \u0219i bar la fa\u021ba locului.<br>Micul dejun poate fi servit \u0219i \u00een camer\u0103.<\/p>\n\n\n\n<p><strong>Bun pentru familii<\/strong>. Sunt disponibile servicii de babysitting \u0219i au meniu pentru copii.<br>Animale de companie acceptate la cerere. Boluri pentru animale de companie \u0219i co\u0219uri pentru animale de companie disponibile.<\/p>\n\n\n\n<div class=\"wp-block-buttons is-horizontal is-content-justification-center is-layout-flex wp-container-core-buttons-is-layout-499968f5 wp-block-buttons-is-layout-flex\">\n<div class=\"wp-block-button\"><a class=\"wp-block-button__link wp-element-button\" href=\"https:\/\/www.booking.com\/hotel\/it\/michelangelo-hotel.en-us.html?aid=1648485;dist=0&amp;group_adults=1&amp;keep_landing=1&amp;no_rooms=1&amp;sb_price_type=total&amp;type=total&amp;\" target=\"_blank\" rel=\"sponsored noopener\">Rezerv\u0103 cazare la Starhotels Michelangelo<\/a><\/div>\n<\/div>\n\n\n\n<hr class=\"wp-block-separator has-css-opacity is-style-wide\"\/>\n\n\n\n<figure class=\"wp-block-embed is-type-video is-provider-youtube wp-block-embed-youtube wp-embed-aspect-16-9 wp-has-aspect-ratio\"><div class=\"wp-block-embed__wrapper\">\n<iframe loading=\"lazy\" title=\"Best Hotels in Rome - The Duke Hotel, Rome\" width=\"1200\" height=\"675\" src=\"https:\/\/www.youtube.com\/embed\/inkGriOJVPw?feature=oembed\" frameborder=\"0\" allow=\"accelerometer; autoplay; clipboard-write; encrypted-media; gyroscope; picture-in-picture\" allowfullscreen><\/iframe>\n<\/div><figcaption class=\"wp-element-caption\"><em>Hoteluri \u00een Roma: The Duke Hotel Roma<\/em><\/figcaption><\/figure>\n\n\n\n<h2 class=\"wp-block-heading\" id=\"the-duke-hotel-roma\">The Duke Hotel Roma<\/h2>\n\n\n\n<p>Hotelul Duke este un hotel de 4 stele, la <strong>10 minute de mers pe jos <\/strong>de <a href=\"https:\/\/www.the-travel-bunny.com\/ro\/ghiduri-de-calatorie\/roma-ghid-turistic\/gradini-parcuri-din-roma\/\">parcul<\/a> Villa Borghese. Hotelul ofer\u0103, de asemenea, <strong>transfer gratuit <\/strong>c\u0103tre Piazza del Popolo \u0219i c\u0103tre sta\u021bia de metrou Flaminio.<\/p>\n\n\n\n<p>Camerele sunt spa\u021bioase, au lucr\u0103ri de art\u0103 pe pere\u021bi, iar b\u0103ile private sunt din marmur\u0103 Sienna. Majoritatea camerelor au balcon sau teras\u0103.<\/p>\n\n\n\n<br>\n\n\n\n<h3 class=\"wp-block-heading\" id=\"amenajari-\u0219i-alte-informa\u021bii-utile-1\">Amenaj\u0103ri \u0219i alte informa\u021bii utile<\/h3>\n\n\n\n<p>WiFi gratuit. Transfer de la aeroport, parcare, sta\u021bie de \u00eenc\u0103rcare a vehiculelor electrice, cursuri de fitness, cursuri de yoga, pachete spa \/ wellness, servicii de bilete, excursii \u0219i activit\u0103\u021bi, depozitare bagaje, serviciu de sp\u0103l\u0103torie, recep\u021bie deschis\u0103 24 de ore.<\/p>\n\n\n\n<p>Centru de fitness, bibliotec\u0103, cafenea, restaurant, bar, sal\u0103 de jocuri, zon\u0103 de picnic, jacuzzi, loc de joac\u0103 pentru copii \u0219i teras\u0103 la sol.<\/p>\n\n\n\n<p><strong>Bun pentru familii<\/strong>. Sunt disponibile servicii de babysitting \u0219i bufet pentru copii.<br><strong>Accesibil pentru fotolii rulante<\/strong>. Cordon de urgen\u021b\u0103 \u00een baie. Toaleta prev\u0103zut\u0103 cu m\u00e2nere.<br>Nu sunt permise animale de companie.<\/p>\n\n\n\n<hr class=\"wp-block-separator has-css-opacity is-style-wide\"\/>\n\n\n\n<figure class=\"wp-block-embed is-type-video is-provider-youtube wp-block-embed-youtube wp-embed-aspect-16-9 wp-has-aspect-ratio\"><div class=\"wp-block-embed__wrapper\">\n<iframe loading=\"lazy\" title=\"Nerva Boutique Hotel | Hotel review in Rome, Italy\" width=\"1200\" height=\"675\" src=\"https:\/\/www.youtube.com\/embed\/rRjoaj8S6XI?feature=oembed\" frameborder=\"0\" allow=\"accelerometer; autoplay; clipboard-write; encrypted-media; gyroscope; picture-in-picture\" allowfullscreen><\/iframe>\n<\/div><figcaption class=\"wp-element-caption\"><em>Hoteluri \u00een <a href=\"https:\/\/www.the-travel-bunny.com\/ro\/ghiduri-de-calatorie\/roma-ghid-turistic\/\">Roma<\/a>: Nerva Boutique Hotel<\/em><\/figcaption><\/figure>\n\n\n\n<h2 class=\"wp-block-heading\" id=\"nerva-boutique-hotel\">Nerva Boutique Hotel<\/h2>\n\n\n\n<p>Nerva Boutique Hotel de 3 stele se afl\u0103 \u00een Rione Monti, chiar \u00een inima <a href=\"https:\/\/www.the-travel-bunny.com\/ro\/centrul-istoric-al-romei-vacanta-roma\/\">Romei<\/a>, l<strong>a doar 5 minute de mers pe jos de Colosseum, Piazza Venezia \u0219i Via Corso<\/strong>.<\/p>\n\n\n\n<p>Camerele au mobilier elegant din lemn \u0219i au baie privat\u0103, aer condi\u021bionat \u0219i TV prin satelit.<\/p>\n\n\n\n<br>\n\n\n\n<h3 class=\"wp-block-heading\" id=\"amenajari-\u0219i-alte-informa\u021bii-utile-2\">Amenaj\u0103ri \u0219i alte informa\u021bii utile<\/h3>\n\n\n\n<p>WiFi gratuit. Transfer de la aeroport, parcare, \u00eenchiriere biciclete, serviciu de bilete, birou de turism, depozitare bagaje, serviciu de sp\u0103l\u0103torie, recep\u021bie disponibil\u0103 24 de ore.<\/p>\n\n\n\n<p>Cafenea, snack bar \u0219i bar la fa\u021ba locului.<\/p>\n\n\n\n<p><strong>Bun pentru familii<\/strong>. Servicii de babysitting disponibile.<br>Facilit\u0103\u021bi pentru persoane cu disabilit\u0103\u021bi motorii disponibile.<br>Animale de companie acceptate la cerere, f\u0103r\u0103 costuri suplimentare.<\/p>\n\n\n\n<div class=\"wp-block-buttons is-horizontal is-content-justification-center is-layout-flex wp-container-core-buttons-is-layout-499968f5 wp-block-buttons-is-layout-flex\">\n<div class=\"wp-block-button\"><a class=\"wp-block-button__link wp-element-button\" href=\"https:\/\/www.booking.com\/hotel\/it\/nerva.en-us.html?aid=1648485;sid=810193b8c305ff83dfceec32f86df9c0;dist=0&amp;group_adults=1&amp;keep_landing=1&amp;no_rooms=1&amp;sb_price_type=total&amp;type=total&amp;\" target=\"_blank\" rel=\"sponsored noopener\">Rezerv\u0103 cazara la Nerva Boutique Hotel<\/a><\/div>\n<\/div>\n\n\n\n<hr class=\"wp-block-separator has-css-opacity is-style-wide\"\/>\n\n\n\n<figure class=\"wp-block-embed is-type-video is-provider-youtube wp-block-embed-youtube wp-embed-aspect-16-9 wp-has-aspect-ratio\"><div class=\"wp-block-embed__wrapper\">\n<iframe loading=\"lazy\" title=\"Hotel Grifo *** - Rome, Italy\" width=\"1200\" height=\"675\" src=\"https:\/\/www.youtube.com\/embed\/WW66HZsuu8k?feature=oembed\" frameborder=\"0\" allow=\"accelerometer; autoplay; clipboard-write; encrypted-media; gyroscope; picture-in-picture\" allowfullscreen><\/iframe>\n<\/div><figcaption class=\"wp-element-caption\"><em>Hoteluri \u00een Roma: Hotel Grifo<\/em><\/figcaption><\/figure>\n\n\n\n<h2 class=\"wp-block-heading\" id=\"hotel-grifo\">Hotel Grifo<\/h2>\n\n\n\n<p>Hotel Grifo este un hotel de 3 stele la pre\u021buri accesibile \u00een Rione Monti, chiar \u00een centrul Romei. Se afl\u0103 la 100 de metri de sta\u021bia de metrou Cavour \u0219i<strong> la c\u00e2\u021biva pa\u0219i de Colosseum \u0219i de <a href=\"https:\/\/www.the-travel-bunny.com\/ro\/ghiduri-de-calatorie\/roma-ghid-turistic\/catedrale-bazilici-biserici-din-roma\/\" class=\"rank-math-link\">Bazilica Santa Maria Maggiore<\/a><\/strong>.<\/p>\n\n\n\n<p>Hotelul Grifo are, de asemenea, camere cu apartamente \u0219i apartamente self-catering. Toate apartamentele \u0219i unele camere sunt \u00eentr-o cl\u0103dire istoric\u0103, \u00een fa\u021ba hotelului.<\/p>\n\n\n\n<br>\n\n\n\n<h3 class=\"wp-block-heading\" id=\"amenajari-\u0219i-alte-informa\u021bii-utile-3\">Amenaj\u0103ri \u0219i alte informa\u021bii utile<\/h3>\n\n\n\n<p>WiFi gratuit. Transfer de la aeroport, \u00eenchirieri auto, \u00eenchiriere biciclete, serviciu de bilete, birou de turism, depozitare bagaje, recep\u021bie deschis\u0103 24 de ore.<\/p>\n\n\n\n<p>Bar \u0219i teras\u0103 la fa\u021ba locului.<\/p>\n\n\n\n<p><strong>Bun pentru familii \u0219i cupluri<\/strong>.<br>Animalele de companie sunt permise la cerere. Boluri pentru animale de companie \u0219i co\u0219uri pentru animale de companie disponibile.<\/p>\n\n\n\n<div class=\"wp-block-buttons is-horizontal is-content-justification-center is-layout-flex wp-container-core-buttons-is-layout-499968f5 wp-block-buttons-is-layout-flex\">\n<div class=\"wp-block-button\"><a class=\"wp-block-button__link wp-element-button\" href=\"https:\/\/www.booking.com\/searchresults.en-us.html?aid=1648485;sid=810193b8c305ff83dfceec32f86df9c0;dest_id=-126693;dest_type=city;hlrd=14&amp;\" target=\"_blank\" rel=\"sponsored noopener\">Rezerv\u0103 cazare la Hotel Grifo<\/a><\/div>\n<\/div>\n\n\n\n<hr class=\"wp-block-separator has-css-opacity is-style-wide\"\/>\n\n\n\n<h2 class=\"wp-block-heading\" id=\"hotel-des-artistes\">Hotel des Artistes<\/h2>\n\n\n\n<p>Hotel des Artistes este un hotel de 3 stele, administrat de o familie, la doar <strong>10 minute de mers pe jos de sta\u021bia de tren \u0219i metrou Termini<\/strong>. De asemenea, este aproape de sta\u021bia de metrou Castro Pretorio. De aici, beneficia\u021bi \u0219i de leg\u0103turi excelente de <a href=\"https:\/\/www.the-travel-bunny.com\/ro\/ghiduri-de-calatorie\/atena-ghid-turistic\/cum-ajungi-in-atena-de-la-aeroport\/\">autobuz<\/a> \u00een toat\u0103 Roma.<\/p>\n\n\n\n<p>Camerele au mobilier antic \u0219i opere de art\u0103. Toate ofer\u0103 TV prin satelit, frigider \u0219i baie privat\u0103.<\/p>\n\n\n\n<br>\n\n\n\n<h3 class=\"wp-block-heading\" id=\"hoteluri-in-roma-amenajari-\u0219i-alte-informa\u021bii-utile\">Hoteluri \u00een Roma: Amenaj\u0103ri \u0219i alte informa\u021bii utile<\/h3>\n\n\n\n<p>WiFi gratuit. Transfer aeroport, parcare, \u00eenchiriere biciclete, serviciu de bilete, birou de turism, depozitare bagaje, recep\u021bie deschis\u0103 24 de ore.<\/p>\n\n\n\n<p>Teras\u0103 \u00eensorit\u0103 \u0219i bar \u00een incint\u0103. Micul dejun poate fi servit \u00een camer\u0103.<\/p>\n\n\n\n<p>&nbsp;Bun pentru familii. Servicii de babysitting disponibile.<br> <strong>Excelent pentru cupluri<\/strong>.<br> Nu sunt permise animale de companie.<\/p>\n\n\n\n<div class=\"wp-block-buttons is-horizontal is-content-justification-center is-layout-flex wp-container-core-buttons-is-layout-499968f5 wp-block-buttons-is-layout-flex\">\n<div class=\"wp-block-button\"><a class=\"wp-block-button__link wp-element-button\" href=\"https:\/\/www.booking.com\/hotel\/it\/desartistes.en-us.html?aid=1648485;sid=810193b8c305ff83dfceec32f86df9c0;dist=0&amp;group_adults=1&amp;keep_landing=1&amp;no_rooms=1&amp;sb_price_type=total&amp;type=total&amp;\" target=\"_blank\" rel=\"sponsored noopener\">Rezerv\u0103 cazare la Hotel de Artistes<\/a><\/div>\n<\/div>\n\n\n<div class=\"wp-block-scriptless-social-sharing-buttons\"><div class=\"scriptlesssocialsharing\"><div class=\"scriptlesssocialsharing__buttons no-icons\"><a class=\"button facebook\" target=\"_blank\" href=\"https:\/\/www.facebook.com\/sharer\/sharer.php?u=https%3A%2F%2Fwww.the-travel-bunny.com%2Fro%2Fghiduri-de-calatorie%2Froma-ghid-turistic%2Fhoteluri-in-roma%2F\" rel=\"noopener noreferrer nofollow\"><span class=\"sss-name\"><span class=\"screen-reader-text\">Share on <\/span>Facebook<\/span><\/a><a class=\"button twitter\" target=\"_blank\" href=\"https:\/\/twitter.com\/intent\/tweet?text=Hoteluri%20%C3%AEn%20Roma%20pentru%20orice%20buget%20de%20vacan%C8%9B%C4%83&#038;url=https%3A%2F%2Fwww.the-travel-bunny.com%2Fro%2Fghiduri-de-calatorie%2Froma-ghid-turistic%2Fhoteluri-in-roma%2F&#038;via=mirela_iepurela&#038;related=mirela_iepurela\" rel=\"noopener noreferrer nofollow\"><span class=\"sss-name\"><span class=\"screen-reader-text\">Share on <\/span>X (Twitter)<\/span><\/a><a class=\"button pinterest\" target=\"_blank\" href=\"https:\/\/pinterest.com\/pin\/create\/button\/?url=https%3A%2F%2Fwww.the-travel-bunny.com%2Fro%2Fghiduri-de-calatorie%2Froma-ghid-turistic%2Fhoteluri-in-roma%2F&#038;media=https%3A%2F%2Fwww.the-travel-bunny.com%2Fro%2Fwp-content%2Fuploads%2Fsites%2F2%2F2021%2F05%2Fhoteluri-in-roma.jpg&#038;description=Hoteluri%20%C3%AEn%20Roma%20pentru%20orice%20buget%20de%20vacan%C8%9B%C4%83\" rel=\"noopener noreferrer nofollow\" data-pin-no-hover=\"true\" data-pin-custom=\"true\" data-pin-do=\"skip\" data-pin-description=\"Hoteluri \u00een Roma pentru orice buget de vacan\u021b\u0103\"><span class=\"sss-name\"><span class=\"screen-reader-text\">Share on <\/span>Pinterest<\/span><\/a><a class=\"button whatsapp\" target=\"_blank\" href=\"https:\/\/api.whatsapp.com\/send?text=Hoteluri%20%C3%AEn%20Roma%20pentru%20orice%20buget%20de%20vacan%C8%9B%C4%83%20%E2%80%94%20https%3A%2F%2Fwww.the-travel-bunny.com%2Fro%2Fghiduri-de-calatorie%2Froma-ghid-turistic%2Fhoteluri-in-roma%2F\" rel=\"noopener noreferrer nofollow\"><span class=\"sss-name\"><span class=\"screen-reader-text\">Share on <\/span>WhatsApp<\/span><\/a><a class=\"button email\" href=\"mailto:?body=Am%20citit%20acest%20articol%20de%20vacan%C8%9B%C4%83%20%C8%99i%20m-am%20g%C3%A2ndit%20la%20tine.%20Iat%C4%83%20%C8%99i%20link-ul%3A%20https%3A%2F%2Fwww.the-travel-bunny.com%2Fro%2Fghiduri-de-calatorie%2Froma-ghid-turistic%2Fhoteluri-in-roma%2F&#038;subject=Promit%20c%C4%83%20o%20s%C4%83%20%C3%AE%C8%9Bi%20plac%C4%83%3A%20Hoteluri%20%C3%AEn%20Roma%20pentru%20orice%20buget%20de%20vacan%C8%9B%C4%83\" rel=\"noopener noreferrer nofollow\" ><span class=\"sss-name\"><span class=\"screen-reader-text\">Share on <\/span>Email<\/span><\/a><\/div><\/div><\/div>","protected":false},"excerpt":{"rendered":"<p>Po\u021bi g\u0103si o gam\u0103 larg\u0103 de hoteluri \u00een Roma, de la una la cinci stele. Aici, evaluarea se bazeaz\u0103 de obicei pe confortul pe care \u00eel ofer\u0103 \u0219i nu pe zona \u00een care se afl\u0103. Prin urmare, de la trei stele \u00een sus, o camer\u0103 ar trebui s\u0103 ofere cel pu\u021bin o baie separat\u0103, un televizor \u0219i un telefon. Cite\u0219te acest articol de c\u0103l\u0103torie pentru a descoperi unele dintre cele mai bune hoteluri \u00een Roma de 4 \u0219i 3 stele! Unele dintre link-urile de mai jos duc c\u0103tre pagini partenere. Asta \u00eenseamn\u0103 c\u0103, f\u0103r\u0103 ca tu s\u0103 pl\u0103te\u0219ti ceva \u00een &#8230; <\/p>\n<p class=\"read-more-container\"><a title=\"Hoteluri \u00een Roma pentru orice buget de vacan\u021b\u0103\" class=\"read-more button\" href=\"https:\/\/www.the-travel-bunny.com\/ro\/ghiduri-de-calatorie\/roma-ghid-turistic\/hoteluri-in-roma\/#more-159\" aria-label=\"Cite\u0219te mai multe despre Hoteluri \u00een Roma pentru orice buget de vacan\u021b\u0103\">Read more<\/a><\/p>\n","protected":false},"author":1,"featured_media":160,"parent":153,"menu_order":2,"comment_status":"closed","ping_status":"closed","template":"","meta":{"footnotes":""},"class_list":{"0":"post-159","1":"page","2":"type-page","3":"status-publish","4":"has-post-thumbnail","6":"resize-featured-image"},"_links":{"self":[{"href":"https:\/\/www.the-travel-bunny.com\/ro\/wp-json\/wp\/v2\/pages\/159","targetHints":{"allow":["GET"]}}],"collection":[{"href":"https:\/\/www.the-travel-bunny.com\/ro\/wp-json\/wp\/v2\/pages"}],"about":[{"href":"https:\/\/www.the-travel-bunny.com\/ro\/wp-json\/wp\/v2\/types\/page"}],"author":[{"embeddable":true,"href":"https:\/\/www.the-travel-bunny.com\/ro\/wp-json\/wp\/v2\/users\/1"}],"replies":[{"embeddable":true,"href":"https:\/\/www.the-travel-bunny.com\/ro\/wp-json\/wp\/v2\/comments?post=159"}],"version-history":[{"count":1,"href":"https:\/\/www.the-travel-bunny.com\/ro\/wp-json\/wp\/v2\/pages\/159\/revisions"}],"predecessor-version":[{"id":11258,"href":"https:\/\/www.the-travel-bunny.com\/ro\/wp-json\/wp\/v2\/pages\/159\/revisions\/11258"}],"up":[{"embeddable":true,"href":"https:\/\/www.the-travel-bunny.com\/ro\/wp-json\/wp\/v2\/pages\/153"}],"wp:featuredmedia":[{"embeddable":true,"href":"https:\/\/www.the-travel-bunny.com\/ro\/wp-json\/wp\/v2\/media\/160"}],"wp:attachment":[{"href":"https:\/\/www.the-travel-bunny.com\/ro\/wp-json\/wp\/v2\/media?parent=159"}],"curies":[{"name":"wp","href":"https:\/\/api.w.org\/{rel}","templated":true}]}}