{"id":179,"date":"2019-11-07T12:43:29","date_gmt":"2019-11-07T12:43:29","guid":{"rendered":"https:\/\/the-travel-bunny-com.lyricalstaging.com\/ro\/?page_id=179"},"modified":"2026-01-30T10:12:15","modified_gmt":"2026-01-30T10:12:15","slug":"circuri-amfiteatre-din-roma","status":"publish","type":"page","link":"https:\/\/www.the-travel-bunny.com\/ro\/ghiduri-de-calatorie\/roma-ghid-turistic\/circuri-amfiteatre-din-roma\/","title":{"rendered":"Circuri \u0219i amfiteatre din Roma"},"content":{"rendered":"\n<p>Pe aceast\u0103 pagin\u0103 a&nbsp;<strong>ghidului gratuit de c\u0103l\u0103torie la Roma<\/strong>, vei descoperi circuri \u0219i amfiteatre din Roma, pe care cu siguran\u021b\u0103 va trebui s\u0103 le vezi \u00een timpul \u0219ederii tale \u00een capitala Italiei.<\/p>\n\n\n\n<p>Pentru fiecare dintre aceste circuri \u0219i amfiteatre din <a href=\"https:\/\/www.the-travel-bunny.com\/ro\/ghiduri-de-calatorie\/roma-ghid-turistic\/\">Roma<\/a>, vei g\u0103si:<\/p>\n\n\n\n<div class=\"wp-block-rank-math-toc-block\" id=\"rank-math-toc\"><h2>Circuri \u0219i amfiteatre din Roma<\/h2><nav><ul><li class=\"\"><a href=\"#circus-maximus-circo-massimo\">Circus Maximus (Circo Massimo)<\/a><\/li><li class=\"\"><a href=\"#colosseum-colosseo\">Colosseum (Colosseo)<\/a><\/li><li class=\"\"><a href=\"#teatrul-lui-marcelus-teatro-di-marcello\">Teatrul lui Marcelus (Teatro di Marcello)<\/a><\/li><\/ul><\/nav><\/div>\n\n\n\n<hr class=\"wp-block-separator has-css-opacity is-style-wide\"\/>\n\n\n\n<figure class=\"wp-block-image size-large\"><img loading=\"lazy\" decoding=\"async\" width=\"792\" height=\"294\" src=\"https:\/\/www.the-travel-bunny.com\/ro\/wp-content\/uploads\/sites\/2\/2021\/05\/circus-maximus-amfiteatre-din-roma.jpg\" alt=\"circus maximus amfiteatre din roma\" class=\"wp-image-181\" title=\"\" srcset=\"https:\/\/www.the-travel-bunny.com\/ro\/wp-content\/uploads\/sites\/2\/2021\/05\/circus-maximus-amfiteatre-din-roma.jpg 792w, https:\/\/www.the-travel-bunny.com\/ro\/wp-content\/uploads\/sites\/2\/2021\/05\/circus-maximus-amfiteatre-din-roma-300x111.jpg 300w, https:\/\/www.the-travel-bunny.com\/ro\/wp-content\/uploads\/sites\/2\/2021\/05\/circus-maximus-amfiteatre-din-roma-768x285.jpg 768w\" sizes=\"auto, (max-width: 792px) 100vw, 792px\" \/><figcaption class=\"wp-element-caption\"><em>Circuri \u0219i amfiteatre din Roma: Circus Maximus (Circo Massimo)<\/em><\/figcaption><\/figure>\n\n\n\n<h2 class=\"wp-block-heading\" id=\"circus-maximus-circo-massimo\">Circus Maximus (<em>Circo Massimo<\/em>)<\/h2>\n\n\n\n<p>Circus Maximus este situat \u00eentre Aventino \u0219i&nbsp;<a href=\"https:\/\/www.the-travel-bunny.com\/ro\/vacanta-la-roma-colosseum-forum-roman\/\" class=\"rank-math-link\">Dealul Palatin<\/a>.&nbsp;C\u00e2ndva cel mai mare circ al Romei Antice, Circus Maximus avea 621 metri lungime \u0219i 118 metri l\u0103\u021bime.&nbsp;Acest spa\u021biu servea mai ales pentru curse de caruri \u0219i putea g\u0103zdui p\u00e2n\u0103 la 25.000 de spectatori.<\/p>\n\n\n\n<p>Conduc\u0103torii carelor victorioase \u0219i caii lor erau ca ni\u0219te celebrit\u0103\u021bi din ziua de azi pentru localnicii din acele vremuri.&nbsp;Acesta este motivul pentru care \u00eemp\u0103ra\u021bi precum Caligula \u0219i Nero au luat parte la cursele de caruri.&nbsp;Au vrut s\u0103-\u0219i demonstreze curajul public pentru a spori sprijinul romanilor.<\/p>\n\n\n\n<p>De\u0219i ast\u0103zi Circus Maximus este doar o esplanad\u0103 imens\u0103, \u00een trecut avea atrac\u021bii interesante.&nbsp;De exemplu, \u00een secolul al X-lea, Circus Maximus avea un obelisc egiptean de aproape 24 de metri, dat\u00e2nd din vremurile lui Ramses II.&nbsp;Ast\u0103zi, acest obelisc se afl\u0103 \u00een&nbsp;Pia\u021ba Poporului.&nbsp;Un alt obelisc egiptean de 32,5 metri \u00een\u0103l\u021bime de la Circus Maximus se afl\u0103 \u00een&nbsp;Pia\u021ba Sf\u00e2ntul Ioan din Latran.<\/p>\n\n\n\n<br>\n\n\n\n<h3 class=\"wp-block-heading\" id=\"ugb-accordion-2__heading\">Bilete, program \u0219i alte informa\u021bii utile<\/h3>\n\n\n\n<br>\n\n\n\n<h4 class=\"wp-block-heading\" id=\"program-de-vizitare\"><strong>Program de vizitare<\/strong><\/h4>\n\n\n\n<p>Zona parcului Circus Maximus este deschis\u0103 tot timpul.&nbsp;Situl arheologic este \u00eens\u0103 deschis de mar\u021bi p\u00e2n\u0103 duminic\u0103 \u00eentre orele 09:30 \u0219i 19:00 vara sau \u00eentre 09:30 \u0219i 16:30 iarna.<\/p>\n\n\n\n<br>\n\n\n\n<h4 class=\"wp-block-heading\" id=\"bilete\"><strong>Bilete<\/strong><\/h4>\n\n\n\n<p>Un bilet de intrare general cost\u0103 \u20ac5,00.<\/p>\n\n\n\n<p><strong>Biletele reduse<\/strong>&nbsp;cost\u0103 \u20ac4,00.<\/p>\n\n\n\n<p class=\"has-background\" style=\"background-color:#f5f5f5\"><strong><span style=\"text-decoration: underline;\">Circus Maximus<\/span><\/strong><br><strong>Adresa<\/strong>: Via del Circo Massimo, 00186 Roma RM, Italia |&nbsp;<a aria-label=\" (opens in a new tab)\" rel=\"noreferrer noopener nofollow\" href=\"https:\/\/goo.gl\/maps\/cx7adHGHVUPNK9gg6\" target=\"_blank\" class=\"rank-math-link\">Vezi pe hart\u0103<\/a><br><strong>Transport \u00een comun<\/strong>: Linia de metrou B te poate duce la Circo Massimo.<br><strong>Tel.<\/strong>&nbsp;+39 06 0608<\/p>\n\n\n\n<hr class=\"wp-block-separator has-css-opacity is-style-wide\"\/>\n\n\n\n<figure class=\"wp-block-image size-large\"><img loading=\"lazy\" decoding=\"async\" width=\"792\" height=\"294\" src=\"https:\/\/www.the-travel-bunny.com\/ro\/wp-content\/uploads\/sites\/2\/2021\/05\/colosseum-amfiteatre-din-roma.jpg\" alt=\"colosseum amfiteatre din roma\" class=\"wp-image-182\" title=\"\" srcset=\"https:\/\/www.the-travel-bunny.com\/ro\/wp-content\/uploads\/sites\/2\/2021\/05\/colosseum-amfiteatre-din-roma.jpg 792w, https:\/\/www.the-travel-bunny.com\/ro\/wp-content\/uploads\/sites\/2\/2021\/05\/colosseum-amfiteatre-din-roma-300x111.jpg 300w, https:\/\/www.the-travel-bunny.com\/ro\/wp-content\/uploads\/sites\/2\/2021\/05\/colosseum-amfiteatre-din-roma-768x285.jpg 768w\" sizes=\"auto, (max-width: 792px) 100vw, 792px\" \/><figcaption class=\"wp-element-caption\"><em>Circuri \u0219i amfiteatre din Roma: Colosseum (Colosseo)<\/em><\/figcaption><\/figure>\n\n\n\n<h2 class=\"wp-block-heading\" id=\"colosseum-colosseo\">Colosseum (<em>Colosseo<\/em>)<\/h2>\n\n\n\n<p>Colosseumul a fost construit \u00eentre anii &#8217;70 \u0219i &#8217;80, sub \u00eemp\u0103ra\u021bii Flavius.&nbsp;Exteriorul Colosseumului m\u0103soar\u0103 527 de metri \u00een circumferin\u021b\u0103 \u0219i 50 de metri \u00een\u0103l\u021bime.&nbsp;Aceast\u0103 construc\u021bie uria\u0219\u0103 din travertin era gata s\u0103 primeasc\u0103 p\u00e2n\u0103 la 50.000 de invita\u021bi \u00een interior.<\/p>\n\n\n\n<p>Cel mai impresionant dintre aceste amfitreatre din Roma, Colosseumul a fost deschis \u00een anul 80 de Titus printr-o s\u0103rb\u0103toare s\u00e2ngeroas\u0103 care a durat 100 de zile.&nbsp;Sursele variaz\u0103 la plasarea num\u0103rului exact de vie\u021bi pierdute \u00een timpul primelor spectacole s\u00e2ngeroase, dar cele mai \u00eentunecate sus\u021bin c\u0103 20.000 de oameni \u0219i 9.000 de animale au murit atunci.&nbsp;Aceste sporturi s\u00e2ngeroase au avut loc \u00een Colosseum p\u00e2n\u0103 \u00een anul 523.<\/p>\n\n\n\n<p>Un arhetip pentru toate stadioanele pe care le vedem acum \u00een \u00eentreaga lume, Colosseumul \u0219i-a luat probabil numele actual de la impun\u0103torul colos de bronz al lui Nero, c\u00e2ndva situat \u00een vecin\u0103tatea sa.&nbsp;Ast\u0103zi, Colosseumul este un simbol al Romei, iar fiecare c\u0103l\u0103tor care vine \u00een capitala italian\u0103 vrea s\u0103 \u00eel vad\u0103 \u00eenaintea altor amfiteattre din Roma.&nbsp;Pentru romani, Colosseumul este considerat indestructibil \u0219i ace\u0219tia cred c\u0103, at\u00e2t timp c\u00e2t va Colosseumul r\u0103m\u00e2ne, Roma va continua s\u0103 existe.<\/p>\n\n\n\n<p>Colosseumul face parte dintr-un <a href=\"https:\/\/www.the-travel-bunny.com\/ro\/ghiduri-de-calatorie\/roma-ghid-turistic\/situri-arheologice-din-roma\/\">sit arheologic<\/a> mai mare care include Arcul lui Constantin,&nbsp;Forurile Imperiale \u0219i Domus Aurea.<\/p>\n\n\n\n<br>\n\n\n\n<h3 class=\"wp-block-heading\" id=\"ugb-accordion-2__heading-1\">Bilete, program \u0219i alte informa\u021bii utile<\/h3>\n\n\n\n<br>\n\n\n\n<h4 class=\"wp-block-heading\" id=\"program-de-vizitare-2\"><strong>Program de vizitare<\/strong><\/h4>\n\n\n\n<p>Colosseumul este deschis zilnic, \u00eentre orele 08:30 \u0219i 19:00.<\/p>\n\n\n\n<br>\n\n\n\n<h4 class=\"wp-block-heading\" id=\"bilete-3\"><strong>Bilete<\/strong><\/h4>\n\n\n\n<p>Un bilet general de intrare general cost\u0103 \u20ac12,00.<\/p>\n\n\n\n<p><strong>Biletele reduse<\/strong>&nbsp;cost\u0103 \u20ac7,50 \u0219i sunt disponibile pentru cet\u0103\u021benii UE.<\/p>\n\n\n\n<p><strong>Accesul gratuit<\/strong>&nbsp;este oferit copiilor sub 17 ani \u0219i persoanelor \u00een v\u00e2rst\u0103 de peste 65 de ani care sunt \u0219i cet\u0103\u021beni ai UE.<\/p>\n\n\n\n<p class=\"has-background\" style=\"background-color:#fffaec\">Biletul pentru Colosseum este valabil \u0219i pentru&nbsp;Forul Roman&nbsp;\u0219i&nbsp;<a href=\"https:\/\/www.the-travel-bunny.com\/ro\/eticheta\/vacanta-la-roma\/\">Dealul Palatin<\/a>.<\/p>\n\n\n\n<p class=\"has-background\" style=\"background-color:#f5f5f5\"><strong><span style=\"text-decoration: underline;\">Colosseum<\/span><\/strong><br><strong>Adresa<\/strong>: Piazza del Colosseo, 1, 00184 Roma RM, Italia |&nbsp;<a aria-label=\" (opens in a new tab)\" rel=\"noreferrer noopener nofollow\" href=\"https:\/\/goo.gl\/maps\/icPnLKnHiAeGGZfYA\" target=\"_blank\" class=\"rank-math-link\">Vezi pe hart\u0103<\/a><br><strong>Transportul public<\/strong>: linia B de metrou se opre\u0219te \u00een sta\u021bia Colosseo.<br><strong>Tel.<\/strong>&nbsp;+39 06 3996 7700<\/p>\n\n\n\n<hr class=\"wp-block-separator has-css-opacity is-style-wide\"\/>\n\n\n\n<figure class=\"wp-block-image size-large\"><img loading=\"lazy\" decoding=\"async\" width=\"792\" height=\"294\" src=\"https:\/\/www.the-travel-bunny.com\/ro\/wp-content\/uploads\/sites\/2\/2021\/05\/teatrul-lui-marcelus-amfiteatre-din-roma.jpg\" alt=\"teatrul lui marcelus amfiteatre din roma\" class=\"wp-image-183\" title=\"\" srcset=\"https:\/\/www.the-travel-bunny.com\/ro\/wp-content\/uploads\/sites\/2\/2021\/05\/teatrul-lui-marcelus-amfiteatre-din-roma.jpg 792w, https:\/\/www.the-travel-bunny.com\/ro\/wp-content\/uploads\/sites\/2\/2021\/05\/teatrul-lui-marcelus-amfiteatre-din-roma-300x111.jpg 300w, https:\/\/www.the-travel-bunny.com\/ro\/wp-content\/uploads\/sites\/2\/2021\/05\/teatrul-lui-marcelus-amfiteatre-din-roma-768x285.jpg 768w\" sizes=\"auto, (max-width: 792px) 100vw, 792px\" \/><figcaption class=\"wp-element-caption\"><em>Circuri \u0219i amfiteatre din Roma: Teatrul lui Marcelus (Teatro di Marcello)<\/em><\/figcaption><\/figure>\n\n\n\n<h2 class=\"wp-block-heading\" id=\"teatrul-lui-marcelus-teatro-di-marcello\">Teatrul lui Marcelus (<em>Teatro di Marcello<\/em>)<\/h2>\n\n\n\n<p>Nu departe de&nbsp;<a href=\"https:\/\/www.the-travel-bunny.com\/ro\/ghiduri-de-calatorie\/roma-ghid-turistic\/piete-din-roma\/\">Pia\u021ba<\/a> Venezia, c\u0103l\u0103torii pot descoperi Teatrul lui Marcelus, singurul p\u0103strat \u00een Roma p\u00e2n\u0103 \u00een zilele noastre.&nbsp;Construc\u021bia sa a fost \u00eenceput\u0103 de Cezar, probabil pentru a \u00eenlocui o structur\u0103 temporar\u0103 din lemn.&nbsp;Se crede c\u0103 Cezar a decis s\u0103 construiasc\u0103 acest teatru deoarece avea interesul s\u0103 ridice cl\u0103diri care l-ar putea ajuta cu propaganda sa.<\/p>\n\n\n\n<p>Cu toate acestea, Augustus a terminat construc\u021bia, \u00een anul 11 \u200b\u200b\u00ee.Hr.&nbsp;Acesta din urm\u0103 a dedicat acest teatru lui Marcello, nepotul \u0219i ginerele s\u0103u, de unde \u0219i numele.<\/p>\n\n\n\n<p>Teatro Marcello avea o \u00een\u0103l\u021bime de aproape 33 de metri \u0219i putea g\u0103zdui \u00eentre 15.000 \u0219i 20.000 de spectatori simultan.&nbsp;Se crede c\u0103 a fost cel mai vizitat loc pentru evenimente \u00eenainte de&nbsp;Colosseum.&nbsp;Cu toate acestea, pe m\u0103sur\u0103 ce aten\u021bia localnicilor a disp\u0103rut, Teatrul lui Marcelus a fost l\u0103sat pustiu pentru foarte mult timp.&nbsp;\u00cen aceast\u0103 perioad\u0103 a fost de fapt utilizat ca o carier\u0103 de piatr\u0103 pentru materiale de construc\u021bie.<\/p>\n\n\n\n<p>A venit din nou la via\u021b\u0103 c\u00e2nd Baldassare Peruzzi l-a restaurat \u00eentre 1523 \u0219i 1527 pentru familia Savelli. Transformat \u00eentr-o fort\u0103rea\u021b\u0103, a c\u00e2\u0219tigat numele Colosseumului Savelli.<\/p>\n\n\n\n<p>O a doua restaurare a avut loc \u00eentre 1826 \u0219i 1932, iar multe dintre cl\u0103dirile din jur au fost demolate.<\/p>\n\n\n\n<p>Ast\u0103zi, o cl\u0103dire de apartamente are structura r\u0103mas\u0103 a Teatrului Marcelus \u00eencorporat\u0103 \u00een ea.&nbsp;Al\u0103turi, se pot vedea trei coloane care au apar\u021binut c\u00e2ndva unui templu dedicat lui Apollo Medicus.&nbsp;Acest templu a fost ridicat pentru prima dat\u0103 \u00een 432 \u00ee.Hr., apoi reconstruit \u00een 34 \u00ee.Hr.&nbsp;Nu departe sunt \u0219i resturile Templului lui Bellone, ridicat \u00een secolul al III-lea \u00ee.Hr.&nbsp;Ambele cl\u0103diri au ad\u0103postit odat\u0103 \u0219edin\u021bele Senatului.<\/p>\n\n\n\n<br>\n\n\n\n<h3 class=\"wp-block-heading\" id=\"ugb-accordion-2__heading-4\">Bilete, program \u0219i alte informa\u021bii utile<\/h3>\n\n\n\n<br>\n\n\n\n<h4 class=\"wp-block-heading\" id=\"program-de-vizitare-5\"><strong>Program de vizitare<\/strong><\/h4>\n\n\n\n<p>Teatrul Marcelus este \u00eentotdeauna deschis, dar poate fi <a href=\"https:\/\/www.the-travel-bunny.com\/ro\/100-de-motive-pentru-a-vizita-romania\/\">vizitat<\/a> doar din exterior de c\u0103tre nereziden\u021bi.<\/p>\n\n\n\n<br>\n\n\n\n<h4 class=\"wp-block-heading\" id=\"bilete-6\"><strong>Bilete<\/strong><\/h4>\n\n\n\n<p>Intrarea este gratuit\u0103.<\/p>\n\n\n\n<p class=\"has-background\" style=\"background-color:#f5f5f5\"><strong><span style=\"text-decoration: underline;\">Teatrul lui Marcellus<\/span><\/strong><br><strong>Adresa<\/strong>: Via del Teatro di Marcello, 00186 Roma RM, Italia |&nbsp;<a href=\"https:\/\/goo.gl\/maps\/oXTKQNjzbUhHVaac9\" target=\"_blank\" aria-label=\" (opens in a new tab)\" rel=\"noreferrer noopener\" class=\"rank-math-link\">Vezi pe hart\u0103<\/a><br><strong>Transportul public<\/strong>: Autobuzele 30, 44, 51, 53, 81, 83. 85, 87, 118, 160, 170, 628, 715, 716, 781 se opresc l\u00e2ng\u0103 Teatro Marcello.<br><strong>Tel.<\/strong>&nbsp;+39 06 0608<\/p>\n\n\n<div class=\"wp-block-scriptless-social-sharing-buttons\"><div class=\"scriptlesssocialsharing\"><div class=\"scriptlesssocialsharing__buttons no-icons\"><a class=\"button facebook\" target=\"_blank\" href=\"https:\/\/www.facebook.com\/sharer\/sharer.php?u=https%3A%2F%2Fwww.the-travel-bunny.com%2Fro%2Fghiduri-de-calatorie%2Froma-ghid-turistic%2Fcircuri-amfiteatre-din-roma%2F\" rel=\"noopener noreferrer nofollow\"><span class=\"sss-name\"><span class=\"screen-reader-text\">Share on <\/span>Facebook<\/span><\/a><a class=\"button twitter\" target=\"_blank\" href=\"https:\/\/twitter.com\/intent\/tweet?text=Circuri%20%C8%99i%20amfiteatre%20din%20Roma&#038;url=https%3A%2F%2Fwww.the-travel-bunny.com%2Fro%2Fghiduri-de-calatorie%2Froma-ghid-turistic%2Fcircuri-amfiteatre-din-roma%2F&#038;via=mirela_iepurela&#038;related=mirela_iepurela\" rel=\"noopener noreferrer nofollow\"><span class=\"sss-name\"><span class=\"screen-reader-text\">Share on <\/span>X (Twitter)<\/span><\/a><a class=\"button pinterest\" target=\"_blank\" href=\"https:\/\/pinterest.com\/pin\/create\/button\/?url=https%3A%2F%2Fwww.the-travel-bunny.com%2Fro%2Fghiduri-de-calatorie%2Froma-ghid-turistic%2Fcircuri-amfiteatre-din-roma%2F&#038;media=https%3A%2F%2Fwww.the-travel-bunny.com%2Fro%2Fwp-content%2Fuploads%2Fsites%2F2%2F2021%2F05%2Famfiteatre-din-roma-circuri.jpg&#038;description=Circuri%20%C8%99i%20amfiteatre%20din%20Roma\" rel=\"noopener noreferrer nofollow\" data-pin-no-hover=\"true\" data-pin-custom=\"true\" data-pin-do=\"skip\" data-pin-description=\"Circuri \u0219i amfiteatre din Roma\"><span class=\"sss-name\"><span class=\"screen-reader-text\">Share on <\/span>Pinterest<\/span><\/a><a class=\"button whatsapp\" target=\"_blank\" href=\"https:\/\/api.whatsapp.com\/send?text=Circuri%20%C8%99i%20amfiteatre%20din%20Roma%20%E2%80%94%20https%3A%2F%2Fwww.the-travel-bunny.com%2Fro%2Fghiduri-de-calatorie%2Froma-ghid-turistic%2Fcircuri-amfiteatre-din-roma%2F\" rel=\"noopener noreferrer nofollow\"><span class=\"sss-name\"><span class=\"screen-reader-text\">Share on <\/span>WhatsApp<\/span><\/a><a class=\"button email\" href=\"mailto:?body=Am%20citit%20acest%20articol%20de%20vacan%C8%9B%C4%83%20%C8%99i%20m-am%20g%C3%A2ndit%20la%20tine.%20Iat%C4%83%20%C8%99i%20link-ul%3A%20https%3A%2F%2Fwww.the-travel-bunny.com%2Fro%2Fghiduri-de-calatorie%2Froma-ghid-turistic%2Fcircuri-amfiteatre-din-roma%2F&#038;subject=Promit%20c%C4%83%20o%20s%C4%83%20%C3%AE%C8%9Bi%20plac%C4%83%3A%20Circuri%20%C8%99i%20amfiteatre%20din%20Roma\" rel=\"noopener noreferrer nofollow\" ><span class=\"sss-name\"><span class=\"screen-reader-text\">Share on <\/span>Email<\/span><\/a><\/div><\/div><\/div>","protected":false},"excerpt":{"rendered":"<p>Pe aceast\u0103 pagin\u0103 a&nbsp;ghidului gratuit de c\u0103l\u0103torie la Roma, vei descoperi circuri \u0219i amfiteatre din Roma, pe care cu siguran\u021b\u0103 va trebui s\u0103 le vezi \u00een timpul \u0219ederii tale \u00een capitala Italiei. Pentru fiecare dintre aceste circuri \u0219i amfiteatre din Roma, vei g\u0103si: Circus Maximus (Circo Massimo) Circus Maximus este situat \u00eentre Aventino \u0219i&nbsp;Dealul Palatin.&nbsp;C\u00e2ndva cel mai mare circ al Romei Antice, Circus Maximus avea 621 metri lungime \u0219i 118 metri l\u0103\u021bime.&nbsp;Acest spa\u021biu servea mai ales pentru curse de caruri \u0219i putea g\u0103zdui p\u00e2n\u0103 la 25.000 de spectatori. Conduc\u0103torii carelor victorioase \u0219i caii lor erau ca ni\u0219te celebrit\u0103\u021bi din ziua &#8230; <\/p>\n<p class=\"read-more-container\"><a title=\"Circuri \u0219i amfiteatre din Roma\" class=\"read-more button\" href=\"https:\/\/www.the-travel-bunny.com\/ro\/ghiduri-de-calatorie\/roma-ghid-turistic\/circuri-amfiteatre-din-roma\/#more-179\" aria-label=\"Cite\u0219te mai multe despre Circuri \u0219i amfiteatre din Roma\">Read more<\/a><\/p>\n","protected":false},"author":1,"featured_media":180,"parent":153,"menu_order":11,"comment_status":"closed","ping_status":"closed","template":"","meta":{"footnotes":""},"class_list":{"0":"post-179","1":"page","2":"type-page","3":"status-publish","4":"has-post-thumbnail","6":"resize-featured-image"},"_links":{"self":[{"href":"https:\/\/www.the-travel-bunny.com\/ro\/wp-json\/wp\/v2\/pages\/179","targetHints":{"allow":["GET"]}}],"collection":[{"href":"https:\/\/www.the-travel-bunny.com\/ro\/wp-json\/wp\/v2\/pages"}],"about":[{"href":"https:\/\/www.the-travel-bunny.com\/ro\/wp-json\/wp\/v2\/types\/page"}],"author":[{"embeddable":true,"href":"https:\/\/www.the-travel-bunny.com\/ro\/wp-json\/wp\/v2\/users\/1"}],"replies":[{"embeddable":true,"href":"https:\/\/www.the-travel-bunny.com\/ro\/wp-json\/wp\/v2\/comments?post=179"}],"version-history":[{"count":1,"href":"https:\/\/www.the-travel-bunny.com\/ro\/wp-json\/wp\/v2\/pages\/179\/revisions"}],"predecessor-version":[{"id":11261,"href":"https:\/\/www.the-travel-bunny.com\/ro\/wp-json\/wp\/v2\/pages\/179\/revisions\/11261"}],"up":[{"embeddable":true,"href":"https:\/\/www.the-travel-bunny.com\/ro\/wp-json\/wp\/v2\/pages\/153"}],"wp:featuredmedia":[{"embeddable":true,"href":"https:\/\/www.the-travel-bunny.com\/ro\/wp-json\/wp\/v2\/media\/180"}],"wp:attachment":[{"href":"https:\/\/www.the-travel-bunny.com\/ro\/wp-json\/wp\/v2\/media?parent=179"}],"curies":[{"name":"wp","href":"https:\/\/api.w.org\/{rel}","templated":true}]}}