{"id":22,"date":"2013-11-04T07:07:00","date_gmt":"2013-11-04T07:07:00","guid":{"rendered":"https:\/\/the-travel-bunny-com.lyricalstaging.com\/ro\/?page_id=22"},"modified":"2023-01-29T15:23:18","modified_gmt":"2023-01-29T15:23:18","slug":"mirela-letailleur","status":"publish","type":"page","link":"https:\/\/www.the-travel-bunny.com\/ro\/despre-travel-bunny\/mirela-letailleur\/","title":{"rendered":"Mirela Letailleur, creatoarea blogului The Travel Bunny"},"content":{"rendered":"\n<p>Salut!&nbsp;Sunt Mirela Letailleur, creatoarea blogului de c\u0103l\u0103torii The Travel Bunny. Dar cred c\u0103 ai v\u0103zut deja asta c\u00e2nd citeai articolele de pe <a href=\"https:\/\/www.the-travel-bunny.com\/ro\/blog\/\" class=\"rank-math-link\">blogul de voiaj<\/a>.&nbsp;Probabil \u0219tii c\u0103 ador orice fel de c\u0103l\u0103torii.&nbsp;Este \u00eentotdeauna minunat s\u0103 ajungi \u00eentr-o destina\u021bie exotic\u0103, \u00eendep\u0103rtat\u0103. \u00cen acela\u0219i timp, m\u0103 bucur\u0103 \u0219i excursiile locale.<\/p>\n\n\n\n<p>N\u0103scut\u0103 \u0219i crescut\u0103 \u00een<strong>&nbsp;Bucure\u0219ti, Rom\u00e2nia<\/strong>, mi-au pl\u0103cut \u00eentotdeauna c\u0103l\u0103toriile \u0219i trebuie s\u0103 le mul\u021bumesc p\u0103rin\u021bilor pentru c\u0103 mi-au insuflat aceast\u0103 pasiune. \u00cenc\u0103 de c\u00e2nd eram mic\u0103, m-au ajutat s\u0103 descop\u0103r frumuse\u021bile din propria \u021bar\u0103. \u0218i, c\u00e2nd eram \u00een clasa a treia, m-au dus \u00een prima mea <a href=\"https:\/\/www.the-travel-bunny.com\/ro\/prima-excursie-in-europa-ca-student\/\">excursie<\/a> prin Europa, explor\u00e2nd c\u00e2te un pic din din Ungaria, Austria, Germania, Fran\u021ba \u0219i Italia. C\u0103l\u0103toriile noastre au continuat de-a lungul anilor prin Europa, hr\u0103nindu-mi foamea de noutate.<\/p>\n\n\n\n<p>De\u0219i \u00eemi place s\u0103 c\u0103l\u0103toresc cu familia, cu prietenii \u0219i uneori singur\u0103, \u00een prezent\u00a0<strong>c\u0103l\u0103toresc mai ales cu <a href=\"https:\/\/www.the-travel-bunny.com\/ro\/autor\/mathieu\/\">so\u021bul meu, Mathieu Letailleur<\/a><\/strong>. \u0218i lui \u00eei place s\u0103 viziteze locuri noi. De fapt, a\u0219a a ajuns \u00een Rom\u00e2nia, casa sa departe de cas\u0103 din ultimii ani. Pasiunea sa pentru c\u0103l\u0103torii este ceea ce ne-a adus \u00eempreun\u0103, la urma urmei. \u0218i, de c\u00e2nd ni s-au \u00eencruci\u0219at drumurile, \u00een martie 2017, am <a href=\"https:\/\/www.the-travel-bunny.com\/ro\/100-de-motive-pentru-a-vizita-romania\/\">vizitat<\/a> \u00eempreun\u0103 peste 10 \u021b\u0103ri (da, inclusiv Rom\u00e2nia \u0219i Fran\u021ba, unde fiecare ia rolul ghidului local pentru cel\u0103lalt). Preg\u0103tim cu aten\u021bie c\u0103l\u0103toriile, ne rezerv\u0103m singuri biletele de avion \u0219i cazarea, g\u0103sim cele mai bune oferte \u0219i planific\u0103m \u00eempreun\u0103 itinerariile de c\u0103l\u0103torie.<\/p>\n\n\n\n<p>La jum\u0103tatea lui decembrie 2018, mi-am dat demisia de la British Council, unde eram <strong>Digital, Events and Adult English Courses Coordinator<\/strong>, pentru a&nbsp;m\u0103&nbsp;al\u0103tura lui Mathieu \u00een urm\u0103toarele aventuri de munc\u0103.&nbsp;Trebuia s\u0103 mergem la Paris c\u00e2teva luni \u00eencep\u00e2nd cu sf\u00e2r\u0219itul lunii februarie.&nbsp;Dar se pare c\u0103 este nevoie mai mare de el \u00een Rom\u00e2nia, a\u0219a c\u0103 am mai r\u0103mas \u00een \u021bar\u0103 \u00eenc\u0103 un an.<\/p>\n\n\n\n<p>\u00cen 2019, ne-am concentrat asupra cursurilor de naviga\u021bie maritim\u0103 \u0219i ob\u021binerea permiselor.&nbsp;Apoi, \u00een februarie 2020, am cump\u0103rat un <a href=\"https:\/\/www.the-travel-bunny.com\/ro\/velier-bavaria-350-de-vanzare-grecia\/\">velier<\/a> pentru a&nbsp;<strong>naviga l\u00e2ng\u0103 coast\u0103 toat\u0103 Europa de Sud<\/strong>.&nbsp;Ne-am g\u00e2ndit la asta pe c\u00e2nd vizit\u0103m <a class=\"rank-math-link\" href=\"https:\/\/www.the-travel-bunny.com\/ro\/vizita-in-pireu-grecia\/\">Pireu<\/a> \u0219i ne-am oprit s\u0103 bem ni\u0219te&nbsp;&nbsp;<em>sangri<\/em>a&nbsp;l\u00e2ng\u0103 o marin\u0103.&nbsp;A p\u0103rut un impuls de moment, dar p\u00e2n\u0103 la urm\u0103 ideea a devenit realitate.&nbsp;S\u0103 sper\u0103m c\u0103 reu\u0219im s\u0103 vizit\u0103m c\u00e2te ceva acest an!<\/p>\n\n\n\n<p>C\u00e2nd nu c\u0103l\u0103toresc sau scriu pe blog, \u00eemi place s\u0103 citesc, s\u0103 desenez, s\u0103 pictez, s\u0103 m\u0103 joc cu lut polimeric \u0219i alte chestii de genul.&nbsp;De asemenea, \u00eemi petrec mult timp vizion\u00e2nd tot felul de seriale \u0219i caut mereu un film <em>&#8222;cu o poveste dr\u0103gu\u021b\u0103, te rog!<\/em>&#8222;<\/p>\n\n\n\n<hr class=\"wp-block-separator has-css-opacity is-style-wide\"\/>\n\n\n\n<h2 class=\"wp-block-heading\" id=\"ia-legatura-cu-mirela-letailleur\">Ia leg\u0103tura cu Mirela Letailleur<\/h2>\n\n\n\n<p>Dac\u0103 mergi \u00een oricare dintre locurile unde a ajuns Mirela Letailleur \u0219i vrei c\u00e2teva sfaturi de c\u0103l\u0103torie, ia leg\u0103tura cu mine:<\/p>\n\n\n\n<p class=\"has-text-align-center\"><a href=\"mailto:mirela@the-travel-bunny.com\" class=\"rank-math-link\">Email<\/a>&nbsp;\u2022&nbsp;<a rel=\"noreferrer noopener\" href=\"https:\/\/www.facebook.com\/travelling.bunny\" target=\"_blank\">Facebook<\/a>&nbsp;\u2022&nbsp;<a rel=\"noreferrer noopener\" href=\"https:\/\/flipboard.com\/@TheTravelBunny\" target=\"_blank\">Flipboard<\/a>&nbsp;\u2022&nbsp;<a rel=\"noreferrer noopener\" href=\"https:\/\/www.instagram.com\/mirela_iepurela\/\" target=\"_blank\">Instagram<\/a>&nbsp;\u2022&nbsp;<a rel=\"noreferrer noopener\" href=\"https:\/\/mix.com\/travelbunny\" target=\"_blank\">Mix<\/a>&nbsp;\u2022&nbsp;<a rel=\"noreferrer noopener\" href=\"https:\/\/www.pinterest.com\/TheTravelBunnyBlog\/\" target=\"_blank\">Pinterest<\/a>&nbsp;\u2022&nbsp;<a rel=\"noreferrer noopener\" href=\"https:\/\/www.tiktok.com\/@mirela_iepurela\" target=\"_blank\">TikTok<\/a>&nbsp;\u2022&nbsp;<a rel=\"noreferrer noopener\" href=\"https:\/\/twitter.com\/mirela_iepurela\" target=\"_blank\">Twitter<\/a>&nbsp;\u2022&nbsp;<a rel=\"noreferrer noopener\" href=\"https:\/\/youtube.com\/c\/thetravelbunny\" target=\"_blank\">Youtube<\/a><\/p>\n\n\n\n<figure class=\"wp-block-image size-large\"><img loading=\"lazy\" decoding=\"async\" width=\"958\" height=\"718\" src=\"https:\/\/www.the-travel-bunny.com\/ro\/wp-content\/uploads\/sites\/2\/2021\/05\/mirela-the-travel-bunny-in-potsdam.gif\" alt=\"mirela the travel bunny in potsdam\" class=\"wp-image-24\" title=\"Mirela Letailleur 2\"\/><figcaption class=\"wp-element-caption\"><em>Mirela Letailleur prin Potsdam, Germania<\/em><\/figcaption><\/figure>\n\n\n<div class=\"wp-block-scriptless-social-sharing-buttons\"><div class=\"scriptlesssocialsharing\"><div class=\"scriptlesssocialsharing__buttons no-icons\"><a class=\"button facebook\" target=\"_blank\" href=\"https:\/\/www.facebook.com\/sharer\/sharer.php?u=https%3A%2F%2Fwww.the-travel-bunny.com%2Fro%2Fdespre-travel-bunny%2Fmirela-letailleur%2F\" rel=\"noopener noreferrer nofollow\"><span class=\"sss-name\"><span class=\"screen-reader-text\">Share on <\/span>Facebook<\/span><\/a><a class=\"button twitter\" target=\"_blank\" href=\"https:\/\/twitter.com\/intent\/tweet?text=Mirela%20Letailleur%2C%20creatoarea%20blogului%20The%20Travel%20Bunny&#038;url=https%3A%2F%2Fwww.the-travel-bunny.com%2Fro%2Fdespre-travel-bunny%2Fmirela-letailleur%2F&#038;via=mirela_iepurela&#038;related=mirela_iepurela\" rel=\"noopener noreferrer nofollow\"><span class=\"sss-name\"><span class=\"screen-reader-text\">Share on <\/span>X (Twitter)<\/span><\/a><a class=\"button pinterest\" target=\"_blank\" href=\"https:\/\/pinterest.com\/pin\/create\/button\/?url=https%3A%2F%2Fwww.the-travel-bunny.com%2Fro%2Fdespre-travel-bunny%2Fmirela-letailleur%2F&#038;media=https%3A%2F%2Fwww.the-travel-bunny.com%2Fro%2Fwp-content%2Fuploads%2Fsites%2F2%2F2021%2F05%2Fmirela-letailleur-the-travel-bunny.jpg&#038;description=Mirela%20Letailleur%2C%20creatoarea%20blogului%20The%20Travel%20Bunny\" rel=\"noopener noreferrer nofollow\" data-pin-no-hover=\"true\" data-pin-custom=\"true\" data-pin-do=\"skip\" data-pin-description=\"Mirela Letailleur, creatoarea blogului The Travel Bunny\"><span class=\"sss-name\"><span class=\"screen-reader-text\">Share on <\/span>Pinterest<\/span><\/a><a class=\"button whatsapp\" target=\"_blank\" href=\"https:\/\/api.whatsapp.com\/send?text=Mirela%20Letailleur%2C%20creatoarea%20blogului%20The%20Travel%20Bunny%20%E2%80%94%20https%3A%2F%2Fwww.the-travel-bunny.com%2Fro%2Fdespre-travel-bunny%2Fmirela-letailleur%2F\" rel=\"noopener noreferrer nofollow\"><span class=\"sss-name\"><span class=\"screen-reader-text\">Share on <\/span>WhatsApp<\/span><\/a><a class=\"button email\" href=\"mailto:?body=Am%20citit%20acest%20articol%20de%20vacan%C8%9B%C4%83%20%C8%99i%20m-am%20g%C3%A2ndit%20la%20tine.%20Iat%C4%83%20%C8%99i%20link-ul%3A%20https%3A%2F%2Fwww.the-travel-bunny.com%2Fro%2Fdespre-travel-bunny%2Fmirela-letailleur%2F&#038;subject=Promit%20c%C4%83%20o%20s%C4%83%20%C3%AE%C8%9Bi%20plac%C4%83%3A%20Mirela%20Letailleur%2C%20creatoarea%20blogului%20The%20Travel%20Bunny\" rel=\"noopener noreferrer nofollow\" ><span class=\"sss-name\"><span class=\"screen-reader-text\">Share on <\/span>Email<\/span><\/a><\/div><\/div><\/div>\n\n\n<p class=\"has-small-font-size\"><strong>Mai multe despre Mirela Letailleur &amp; The Travel Bunny<\/strong><br><a href=\"https:\/\/www.the-travel-bunny.com\/ro\/despre-travel-bunny\/\" class=\"rank-math-link\">Blogul de c\u0103l\u0103torii The Travel Bunny<\/a><br><a href=\"https:\/\/www.the-travel-bunny.com\/ro\/despre-travel-bunny\/parteneriate-colaborari\/\" class=\"rank-math-link\">Parteneriate &#8211; Pres\u0103 &amp; Marketing<\/a><br><a href=\"https:\/\/www.the-travel-bunny.com\/ro\/despre-travel-bunny\/contribuitor-blog\/\" class=\"rank-math-link\">Devino contribuitor &#8211; Scrie un articol de blog<\/a><\/p>\n","protected":false},"excerpt":{"rendered":"<p>Salut!&nbsp;Sunt Mirela Letailleur, creatoarea blogului de c\u0103l\u0103torii The Travel Bunny. Dar cred c\u0103 ai v\u0103zut deja asta c\u00e2nd citeai articolele de pe blogul de voiaj.&nbsp;Probabil \u0219tii c\u0103 ador orice fel de c\u0103l\u0103torii.&nbsp;Este \u00eentotdeauna minunat s\u0103 ajungi \u00eentr-o destina\u021bie exotic\u0103, \u00eendep\u0103rtat\u0103. \u00cen acela\u0219i timp, m\u0103 bucur\u0103 \u0219i excursiile locale. N\u0103scut\u0103 \u0219i crescut\u0103 \u00een&nbsp;Bucure\u0219ti, Rom\u00e2nia, mi-au pl\u0103cut \u00eentotdeauna c\u0103l\u0103toriile \u0219i trebuie s\u0103 le mul\u021bumesc p\u0103rin\u021bilor pentru c\u0103 mi-au insuflat aceast\u0103 pasiune. \u00cenc\u0103 de c\u00e2nd eram mic\u0103, m-au ajutat s\u0103 descop\u0103r frumuse\u021bile din propria \u021bar\u0103. \u0218i, c\u00e2nd eram \u00een clasa a treia, m-au dus \u00een prima mea excursie prin Europa, explor\u00e2nd c\u00e2te un &#8230; <\/p>\n<p class=\"read-more-container\"><a title=\"Mirela Letailleur, creatoarea blogului The Travel Bunny\" class=\"read-more button\" href=\"https:\/\/www.the-travel-bunny.com\/ro\/despre-travel-bunny\/mirela-letailleur\/#more-22\" aria-label=\"Cite\u0219te mai multe despre Mirela Letailleur, creatoarea blogului The Travel Bunny\">Read more<\/a><\/p>\n","protected":false},"author":1,"featured_media":23,"parent":9,"menu_order":1,"comment_status":"closed","ping_status":"closed","template":"","meta":{"footnotes":""},"class_list":{"0":"post-22","1":"page","2":"type-page","3":"status-publish","4":"has-post-thumbnail","6":"resize-featured-image"},"_links":{"self":[{"href":"https:\/\/www.the-travel-bunny.com\/ro\/wp-json\/wp\/v2\/pages\/22","targetHints":{"allow":["GET"]}}],"collection":[{"href":"https:\/\/www.the-travel-bunny.com\/ro\/wp-json\/wp\/v2\/pages"}],"about":[{"href":"https:\/\/www.the-travel-bunny.com\/ro\/wp-json\/wp\/v2\/types\/page"}],"author":[{"embeddable":true,"href":"https:\/\/www.the-travel-bunny.com\/ro\/wp-json\/wp\/v2\/users\/1"}],"replies":[{"embeddable":true,"href":"https:\/\/www.the-travel-bunny.com\/ro\/wp-json\/wp\/v2\/comments?post=22"}],"version-history":[{"count":1,"href":"https:\/\/www.the-travel-bunny.com\/ro\/wp-json\/wp\/v2\/pages\/22\/revisions"}],"predecessor-version":[{"id":8669,"href":"https:\/\/www.the-travel-bunny.com\/ro\/wp-json\/wp\/v2\/pages\/22\/revisions\/8669"}],"up":[{"embeddable":true,"href":"https:\/\/www.the-travel-bunny.com\/ro\/wp-json\/wp\/v2\/pages\/9"}],"wp:featuredmedia":[{"embeddable":true,"href":"https:\/\/www.the-travel-bunny.com\/ro\/wp-json\/wp\/v2\/media\/23"}],"wp:attachment":[{"href":"https:\/\/www.the-travel-bunny.com\/ro\/wp-json\/wp\/v2\/media?parent=22"}],"curies":[{"name":"wp","href":"https:\/\/api.w.org\/{rel}","templated":true}]}}