{"id":304,"date":"2019-11-27T12:21:26","date_gmt":"2019-11-27T12:21:26","guid":{"rendered":"https:\/\/the-travel-bunny-com.lyricalstaging.com\/ro\/?page_id=304"},"modified":"2026-01-30T10:23:21","modified_gmt":"2026-01-30T10:23:21","slug":"strazi-din-roma","status":"publish","type":"page","link":"https:\/\/www.the-travel-bunny.com\/ro\/ghiduri-de-calatorie\/roma-ghid-turistic\/strazi-din-roma\/","title":{"rendered":"Cele mai frumoase str\u0103zi din Roma"},"content":{"rendered":"\n<p>Pe aceast\u0103 pagin\u0103 a ghidului turistic pentru Roma, vei g\u0103si cele mai frumoase str\u0103zi din Roma.&nbsp;\u0218tii, cele pe care vei ajunge cu siguran\u021b\u0103 pentru a vizita cele mai importante <a href=\"https:\/\/www.the-travel-bunny.com\/ro\/ghiduri-de-calatorie\/roma-ghid-turistic\/\" class=\"rank-math-link\">obiective turistice din Roma<\/a>.&nbsp;Apoi, mai sunt c\u00e2teva str\u0103zi din Roma mai pu\u021bin cunoscute de turi\u0219ti, perfecte pentru o cafea dup\u0103-amiaza sau pentru o plimbare de sear\u0103.<\/p>\n\n\n\n<p>Pentru fiecare dintre aceste str\u0103zi din Roma, po\u021bi g\u0103si:<\/p>\n\n\n\n<ul class=\"wp-block-list\">\n<li>numele acelei str\u0103zi din <a href=\"https:\/\/www.the-travel-bunny.com\/ro\/ghiduri-de-calatorie\/roma-ghid-turistic\/gradini-parcuri-din-roma\/\">Roma<\/a> \u0219i poate o fotografie;<\/li>\n\n\n\n<li>o scurt\u0103 descriere a str\u0103zii din Roma.<\/li>\n<\/ul>\n\n\n\n<div class=\"wp-block-rank-math-toc-block\" id=\"rank-math-toc\"><h2>Cele mai frumoase str\u0103zi din Roma<\/h2><nav><ul><li class=\"\"><a href=\"#strada-bocca-di-leone\">Strada Bocca di Leone<\/a><\/li><li class=\"\"><a href=\"#strada-borgogna\">Strada Borgogna<\/a><\/li><li class=\"\"><a href=\"#strada-cole-de-rienzo\">Strada Cole de Rienzo<\/a><\/li><li class=\"\"><a href=\"#strada-condotti\">Strada Condotti<\/a><\/li><li class=\"\"><a href=\"#strada-banchi-vechi\">Strada Banchi Vechi<\/a><\/li><li class=\"\"><a href=\"#strada-cappellari\">Strada Cappellari<\/a><\/li><li class=\"\"><a href=\"#strada-coronari\">Strada Coronari<\/a><\/li><li class=\"\"><a href=\"#strada-giubbonari\">Strada Giubbonari<\/a><\/li><li class=\"\"><a href=\"#strada-babuino\">Strada Babuino<\/a><\/li><li class=\"\"><a href=\"#strada-boschetto\">Strada Boschetto<\/a><\/li><li class=\"\"><a href=\"#bulevardul-corso\">Bulevardul Corso<\/a><\/li><li class=\"\"><a href=\"#strada-governo-vecchio\">Strada Governo Vecchio<\/a><\/li><li class=\"\"><a href=\"#strada-pellegrino\">Strada Pellegrino<\/a><\/li><li class=\"\"><a href=\"#strada-ripetta\">Strada Ripetta<\/a><\/li><li class=\"\"><a href=\"#strada-giulia\">Strada Giulia<\/a><\/li><li class=\"\"><a href=\"#strada-margutta\">Strada Margutta<\/a><\/li><li class=\"\"><a href=\"#strada-nazionale\">Strada Nazionale<\/a><\/li><li class=\"\"><a href=\"#strada-sacra\">Strada Sacr\u0103<\/a><\/li><li class=\"\"><a href=\"#strada-urbana\">Strada Urbana<\/a><\/li><li class=\"\"><a href=\"#strada-veneto\">Strada Veneto<\/a><\/li><\/ul><\/nav><\/div>\n\n\n\n<hr class=\"wp-block-separator has-css-opacity is-style-wide\"\/>\n\n\n\n<h2 class=\"wp-block-heading\" id=\"strada-bocca-di-leone\">Strada Bocca di Leone<\/h2>\n\n\n\n<p>Strada Bocca di Leone este una dintre str\u0103zile laterale care intersecteaz\u0103 at\u00e2t&nbsp;Strada Condotti, c\u00e2t&nbsp;\u0219i&nbsp;Strada Borgogna.&nbsp;Ca \u0219i celelalte dou\u0103 str\u0103zi din apropiere de&nbsp;Pia\u021ba Spaniei, Strada Bocca di Leone este una preferat\u0103 printre cump\u0103r\u0103torii de lux. <\/p>\n\n\n\n<hr class=\"wp-block-separator has-css-opacity is-style-wide\"\/>\n\n\n\n<figure class=\"wp-block-image size-large\"><img loading=\"lazy\" decoding=\"async\" width=\"792\" height=\"294\" src=\"https:\/\/www.the-travel-bunny.com\/ro\/wp-content\/uploads\/sites\/2\/2021\/05\/via-borgogna-roma.jpg\" alt=\"via borgogna roma\" class=\"wp-image-306\" title=\"\" srcset=\"https:\/\/www.the-travel-bunny.com\/ro\/wp-content\/uploads\/sites\/2\/2021\/05\/via-borgogna-roma.jpg 792w, https:\/\/www.the-travel-bunny.com\/ro\/wp-content\/uploads\/sites\/2\/2021\/05\/via-borgogna-roma-300x111.jpg 300w, https:\/\/www.the-travel-bunny.com\/ro\/wp-content\/uploads\/sites\/2\/2021\/05\/via-borgogna-roma-768x285.jpg 768w\" sizes=\"auto, (max-width: 792px) 100vw, 792px\" \/><figcaption class=\"wp-element-caption\"><em>Cele mai frumoase str\u0103zi din Roma: Via Borgogna<\/em><\/figcaption><\/figure>\n\n\n\n<h2 class=\"wp-block-heading\" id=\"strada-borgogna\">Strada Borgogna<\/h2>\n\n\n\n<p>Strada Borgogna este paralel\u0103 cu&nbsp;Strada Condotti.&nbsp;Un paradis pentru cump\u0103r\u0103torii de lux, aceasta are unele dintre cele mai renumite case de mod\u0103 din lume.<\/p>\n\n\n\n<hr class=\"wp-block-separator has-css-opacity is-style-wide\"\/>\n\n\n\n<h2 class=\"wp-block-heading\" id=\"strada-cole-de-rienzo\">Strada Cole de Rienzo<\/h2>\n\n\n\n<p>Cump\u0103r\u0103torii pot g\u0103si haine de \u00eenalt\u0103 calitate \u0219i haine de calitate medie la pre\u021buri mai accesibile \u00een magazinele de pe Strada Cole de Rienzo.&nbsp;\u0218i, la magazinul alimentar gastronomic Castroni, produsele alimentare te ajut\u0103 s\u0103 explorezi buc\u0103t\u0103ria tradi\u021bional\u0103 \u0219i interna\u021bional\u0103.<\/p>\n\n\n\n<hr class=\"wp-block-separator has-css-opacity is-style-wide\"\/>\n\n\n\n<figure class=\"wp-block-image size-large\"><img loading=\"lazy\" decoding=\"async\" width=\"792\" height=\"294\" src=\"https:\/\/www.the-travel-bunny.com\/ro\/wp-content\/uploads\/sites\/2\/2021\/05\/via-condotti-roma.jpg\" alt=\"via condotti roma\" class=\"wp-image-307\" title=\"\" srcset=\"https:\/\/www.the-travel-bunny.com\/ro\/wp-content\/uploads\/sites\/2\/2021\/05\/via-condotti-roma.jpg 792w, https:\/\/www.the-travel-bunny.com\/ro\/wp-content\/uploads\/sites\/2\/2021\/05\/via-condotti-roma-300x111.jpg 300w, https:\/\/www.the-travel-bunny.com\/ro\/wp-content\/uploads\/sites\/2\/2021\/05\/via-condotti-roma-768x285.jpg 768w\" sizes=\"auto, (max-width: 792px) 100vw, 792px\" \/><figcaption class=\"wp-element-caption\"><em><em>Cele mai frumoase str\u0103zi din Roma:<\/em> Via Condotti<\/em><\/figcaption><\/figure>\n\n\n\n<h2 class=\"wp-block-heading\" id=\"strada-condotti\">Strada Condotti<\/h2>\n\n\n\n<p>Strada Condotti este paralel\u0103 cu Strada Borgogna.&nbsp;Cu buticuri de mod\u0103 grandioase, Strada Condotti este ca Bond Street sau Fifth Avenue din Roma.&nbsp;Cump\u0103r\u0103torii cu chilipiruri pot privi vitrinele, cu excep\u021bia cazului \u00een care simt c\u0103 pot face o excep\u021bie \u0219i s\u0103 cheltuiasc\u0103 mai mult pentru \u00eembr\u0103c\u0103minte.&nbsp;Indiferent de caz, fii gata s\u0103 \u00eenfrun\u021bi marea de turi\u0219ti de pe aceast\u0103 strad\u0103 din Roma.<\/p>\n\n\n\n<hr class=\"wp-block-separator has-css-opacity is-style-wide\"\/>\n\n\n\n<h2 class=\"wp-block-heading\" id=\"strada-banchi-vechi\">Strada Banchi Vechi<\/h2>\n\n\n\n<p>O mic\u0103 strad\u0103 pietruit\u0103, Strada Banchi Vechi are mici magazine interesante, <a href=\"https:\/\/www.the-travel-bunny.com\/ro\/ghiduri-de-calatorie\/roma-ghid-turistic\/muzee-galerii-de-arta-roma\/\">galerii de art\u0103<\/a> \u0219i studiouri, plus c\u00e2teva magazine locale \u0219i restaurante bio.<\/p>\n\n\n\n<hr class=\"wp-block-separator has-css-opacity is-style-wide\"\/>\n\n\n\n<h2 class=\"wp-block-heading\" id=\"strada-cappellari\">Strada Cappellari<\/h2>\n\n\n\n<p>\u00cengust\u0103 \u0219i lini\u0219tit\u0103, Strada Cappellari este minunat\u0103 pentru o plimbare.&nbsp;Este una dintre acele str\u0103zi fermec\u0103toare care te fac s\u0103 te sim\u021bi ca \u0219i cum ai fi \u00eentr-un sat italian, \u00een loc de capitala aglomerat\u0103 a Italiei.<\/p>\n\n\n\n<p>Pe Strada Cappellari, cump\u0103r\u0103torii pot g\u0103si magazine de \u00eembr\u0103c\u0103minte \u0219i magazine mici care v\u00e2nd accesorii \u0219i articole de uz casnic.<\/p>\n\n\n\n<hr class=\"wp-block-separator has-css-opacity is-style-wide\"\/>\n\n\n\n<h2 class=\"wp-block-heading\" id=\"strada-coronari\">Strada Coronari<\/h2>\n\n\n\n<p>Strada Coronari este o strad\u0103 lini\u0219tit\u0103, unde te po\u021bi refugia de zgomotul din Pia\u021ba Navona din apropiere.&nbsp;Strada Coronari este de asemenea interesant\u0103 de <a href=\"https:\/\/www.the-travel-bunny.com\/ro\/100-de-motive-pentru-a-vizita-romania\/\">vizitat<\/a> pentru cump\u0103r\u0103torii de art\u0103 \u0219i antichit\u0103\u021bi, de\u0219i strada are \u0219i c\u00e2teva buticuri de \u00eembr\u0103c\u0103minte \u0219i accesorii.<\/p>\n\n\n\n<p>\u00cen mai \u0219i octombrie exist\u0103 t\u00e2rguri de antichit\u0103\u021bi pe Strada Coronari.<\/p>\n\n\n\n<hr class=\"wp-block-separator has-css-opacity is-style-wide\"\/>\n\n\n\n<figure class=\"wp-block-image size-large\"><img loading=\"lazy\" decoding=\"async\" width=\"792\" height=\"294\" src=\"https:\/\/www.the-travel-bunny.com\/ro\/wp-content\/uploads\/sites\/2\/2021\/05\/via-dei-giubbonari-roma.jpg\" alt=\"via dei giubbonari roma\" class=\"wp-image-308\" title=\"\" srcset=\"https:\/\/www.the-travel-bunny.com\/ro\/wp-content\/uploads\/sites\/2\/2021\/05\/via-dei-giubbonari-roma.jpg 792w, https:\/\/www.the-travel-bunny.com\/ro\/wp-content\/uploads\/sites\/2\/2021\/05\/via-dei-giubbonari-roma-300x111.jpg 300w, https:\/\/www.the-travel-bunny.com\/ro\/wp-content\/uploads\/sites\/2\/2021\/05\/via-dei-giubbonari-roma-768x285.jpg 768w\" sizes=\"auto, (max-width: 792px) 100vw, 792px\" \/><figcaption class=\"wp-element-caption\"><em><em>Cele mai frumoase str\u0103zi din Roma:<\/em> Via dei Giubbonari<\/em><\/figcaption><\/figure>\n\n\n\n<h2 class=\"wp-block-heading\" id=\"strada-giubbonari\">Strada Giubbonari<\/h2>\n\n\n\n<p>Strada \u00ee\u0219i poart\u0103 numele dup\u0103 jachetele tradi\u021bionale numite&nbsp;<em>giubbotti<\/em>, produse \u0219i v\u00e2ndute p\u00e2n\u0103 \u00een ziua de azi pe Strada Giubbonari.&nbsp;Cump\u0103r\u0103torii pot g\u0103si, de asemenea, haine de bun\u0103 calitate la pre\u021buri reduse pe Strada Giubbonari.<\/p>\n\n\n\n<hr class=\"wp-block-separator has-css-opacity is-style-wide\"\/>\n\n\n\n<h2 class=\"wp-block-heading\" id=\"strada-babuino\">Strada Babuino<\/h2>\n\n\n\n<p>Strada Babuino \u00ee\u0219i ia numele dup\u0103 statuia a\u0219ezat\u0103 aici, numit\u0103 de romani&nbsp;<em>il babuino<\/em>.&nbsp;\u00cen ciuda numelui, este de fapt una dintre cele mai elegante str\u0103zi din Roma.&nbsp;Cump\u0103r\u0103torii de lux sunt \u00eenc\u00e2nta\u021bi de magazinele vestimentare \u0219i de antichit\u0103\u021bi de pe Strada Babuino.<\/p>\n\n\n\n<hr class=\"wp-block-separator has-css-opacity is-style-wide\"\/>\n\n\n\n<h2 class=\"wp-block-heading\" id=\"strada-boschetto\">Strada Boschetto<\/h2>\n\n\n\n<p>Numele Str\u0103zii Boschetto \u00eenseamn\u0103 strada micului lemn \u0219i vine de la copacii, viile \u0219i gr\u0103dinile care au fost construite aici \u00een secolul al XV-lea.&nbsp;Ast\u0103zi, strada are cafenele fermec\u0103toare \u0219i dr\u0103gu\u021be magazine de antichit\u0103\u021bi.<\/p>\n\n\n\n<hr class=\"wp-block-separator has-css-opacity is-style-wide\"\/>\n\n\n\n<figure class=\"wp-block-image size-large\"><img loading=\"lazy\" decoding=\"async\" width=\"792\" height=\"294\" src=\"https:\/\/www.the-travel-bunny.com\/ro\/wp-content\/uploads\/sites\/2\/2021\/05\/bulevardul-corso-roma.jpg\" alt=\"bulevardul corso roma\" class=\"wp-image-309\" title=\"\" srcset=\"https:\/\/www.the-travel-bunny.com\/ro\/wp-content\/uploads\/sites\/2\/2021\/05\/bulevardul-corso-roma.jpg 792w, https:\/\/www.the-travel-bunny.com\/ro\/wp-content\/uploads\/sites\/2\/2021\/05\/bulevardul-corso-roma-300x111.jpg 300w, https:\/\/www.the-travel-bunny.com\/ro\/wp-content\/uploads\/sites\/2\/2021\/05\/bulevardul-corso-roma-768x285.jpg 768w\" sizes=\"auto, (max-width: 792px) 100vw, 792px\" \/><figcaption class=\"wp-element-caption\"><em>Cele mai frumoase str\u0103zi din Roma: Via del Corso<\/em><\/figcaption><\/figure>\n\n\n\n<h2 class=\"wp-block-heading\" id=\"bulevardul-corso\">Bulevardul Corso<\/h2>\n\n\n\n<p>Una dintre cele mai importante str\u0103zi din Roma, parte a Tridentului, Bulevardul Corso g\u0103zduie\u0219te tot felul de magazine.&nbsp;C\u0103l\u0103torii \u0219i localnicii vin aici pentru buticurile de lux \u0219i atelierele artizanale.&nbsp;Este, de asemenea, o destina\u021bie preferat\u0103 pentru plimb\u0103rile de sear\u0103 \u00een inima Romei.<\/p>\n\n\n\n<hr class=\"wp-block-separator has-css-opacity is-style-wide\"\/>\n\n\n\n<figure class=\"wp-block-image size-large\"><img loading=\"lazy\" decoding=\"async\" width=\"792\" height=\"294\" src=\"https:\/\/www.the-travel-bunny.com\/ro\/wp-content\/uploads\/sites\/2\/2021\/05\/strada-governo-vecchio-roma.jpg\" alt=\"strada governo vecchio roma\" class=\"wp-image-310\" title=\"\" srcset=\"https:\/\/www.the-travel-bunny.com\/ro\/wp-content\/uploads\/sites\/2\/2021\/05\/strada-governo-vecchio-roma.jpg 792w, https:\/\/www.the-travel-bunny.com\/ro\/wp-content\/uploads\/sites\/2\/2021\/05\/strada-governo-vecchio-roma-300x111.jpg 300w, https:\/\/www.the-travel-bunny.com\/ro\/wp-content\/uploads\/sites\/2\/2021\/05\/strada-governo-vecchio-roma-768x285.jpg 768w\" sizes=\"auto, (max-width: 792px) 100vw, 792px\" \/><figcaption class=\"wp-element-caption\"><em>Cele mai frumoase str\u0103zi din Roma: Via del Governo Vecchio<\/em><\/figcaption><\/figure>\n\n\n\n<h2 class=\"wp-block-heading\" id=\"strada-governo-vecchio\">Strada Governo Vecchio<\/h2>\n\n\n\n<p>\u00cen apropiere de Pia\u021ba Navona se afl\u0103 lunga strad\u0103 Governo Vecchio.&nbsp;Cu multe dintre <a class=\"rank-math-link\" href=\"https:\/\/www.the-travel-bunny.com\/ro\/ghiduri-de-calatorie\/roma-ghid-turistic\/vile-palate-in-roma-vacanta\/\">palatele din Roma<\/a>,&nbsp;<em>statue parlanti<\/em>&nbsp;din <a href=\"https:\/\/www.the-travel-bunny.com\/ro\/ghiduri-de-calatorie\/roma-ghid-turistic\/piete-din-roma\/\">Pia\u021ba<\/a> Pasquino, o mul\u021bime de magazine de \u00eembr\u0103c\u0103minte vintage \u0219i cafenele minunate, Strada Governo Vecchio are ceva care s\u0103 satisfac\u0103 nevoile fiec\u0103ruia.<\/p>\n\n\n\n<p>Iubitorii de c\u0103r\u021bi ar trebui s\u0103 intre \u00een <a href=\"https:\/\/www.altroquando.com\/\" target=\"_blank\" aria-label=\"libr\u0103ria AltroQuando (opens in a new tab)\" rel=\"noreferrer noopener\" class=\"rank-math-link\">libr\u0103ria AltroQuando<\/a> de pe Strada Governo Vecchio.<\/p>\n\n\n\n<hr class=\"wp-block-separator has-css-opacity is-style-wide\"\/>\n\n\n\n<h2 class=\"wp-block-heading\" id=\"strada-pellegrino\">Strada Pellegrino<\/h2>\n\n\n\n<p>Nu departe de Campo de&#8217;Fiori, Strada Pellegrino \u00eei a\u0219teapt\u0103 pe c\u0103l\u0103tori \u0219i localnici cu buticuri minunate, <a href=\"https:\/\/www.the-travel-bunny.com\/ro\/ghiduri-de-calatorie\/atena-ghid-turistic\/galerii-de-arta-din-atena\/\" data-type=\"page\" data-id=\"105\">galerii<\/a> de art\u0103, restaurante \u0219i cafenele.<\/p>\n\n\n\n<p>Cititorii care iubesc s\u0103 c\u0103l\u0103toreasc\u0103 ar trebui s\u0103 se opreasc\u0103 la Libreria del Viaggiaore.<\/p>\n\n\n\n<hr class=\"wp-block-separator has-css-opacity is-style-wide\"\/>\n\n\n\n<h2 class=\"wp-block-heading\" id=\"strada-ripetta\">Strada Ripetta<\/h2>\n\n\n\n<p>Strada Ripetta porne\u0219te din Pia\u021ba Poporului \u0219i se \u00eentinde paralel cu Tibrul, prin&nbsp;<a href=\"https:\/\/www.the-travel-bunny.com\/ro\/centrul-istoric-al-romei-vacanta-roma\/\" class=\"rank-math-link\">centrul istoric al Romei<\/a>.&nbsp;De asemenea, face parte din str\u0103zile care formeaz\u0103 Tridentul.<\/p>\n\n\n\n<hr class=\"wp-block-separator has-css-opacity is-style-wide\"\/>\n\n\n\n<h2 class=\"wp-block-heading\" id=\"strada-giulia\">Strada Giulia<\/h2>\n\n\n\n<p>Aceast\u0103 strad\u0103 cochet\u0103 a fost proiectat\u0103 de Bramante \u00een secolul al XVI-lea, la ordinul Papei Julius al II-lea.&nbsp;Aici, po\u021bi vedea viaductul neterminat al lui Michelangelo, acum acoperit de ieder\u0103.<\/p>\n\n\n\n<p>Cump\u0103r\u0103torii se pot \u00eendrepta spre Strada Giulia pentru a descoperi minunatele sale magazine artizanale.<\/p>\n\n\n\n<hr class=\"wp-block-separator has-css-opacity is-style-wide\"\/>\n\n\n\n<figure class=\"wp-block-image size-large\"><img loading=\"lazy\" decoding=\"async\" width=\"792\" height=\"294\" src=\"https:\/\/www.the-travel-bunny.com\/ro\/wp-content\/uploads\/sites\/2\/2021\/05\/via-margutta-strada-roma.jpg\" alt=\"via margutta strada roma\" class=\"wp-image-311\" title=\"\" srcset=\"https:\/\/www.the-travel-bunny.com\/ro\/wp-content\/uploads\/sites\/2\/2021\/05\/via-margutta-strada-roma.jpg 792w, https:\/\/www.the-travel-bunny.com\/ro\/wp-content\/uploads\/sites\/2\/2021\/05\/via-margutta-strada-roma-300x111.jpg 300w, https:\/\/www.the-travel-bunny.com\/ro\/wp-content\/uploads\/sites\/2\/2021\/05\/via-margutta-strada-roma-768x285.jpg 768w\" sizes=\"auto, (max-width: 792px) 100vw, 792px\" \/><figcaption class=\"wp-element-caption\"><em><a href=\"https:\/\/www.the-travel-bunny.com\/ro\/cele-mai-frumoase-orase-din-olanda\/\">Cele mai frumoase<\/a> str\u0103zi din Roma: Via Margutta<\/em><\/figcaption><\/figure>\n\n\n\n<h2 class=\"wp-block-heading\" id=\"strada-margutta\">Strada Margutta<\/h2>\n\n\n\n<p>C\u00e2ndva o strad\u0103 plin\u0103 de casele vedetelor de cinema \u0219i ale muzicienilor, men\u021bionat\u0103 \u0219i \u00een filmul&nbsp;<em>Vacan\u021b\u0103 la Roma<\/em>, Strada Margutta este \u00eenc\u0103 recunoscut\u0103 drept hub de art\u0103, unde arti\u0219tii tr\u0103iesc, lucreaz\u0103 \u0219i \u00ee\u0219i expun crea\u021biile.<\/p>\n\n\n\n<hr class=\"wp-block-separator has-css-opacity is-style-wide\"\/>\n\n\n\n<h2 class=\"wp-block-heading\" id=\"strada-nazionale\">Strada Nazionale<\/h2>\n\n\n\n<p>O destina\u021bie preferat\u0103 de cump\u0103r\u0103tori, Strada Nazionale este plin\u0103 de magazine care v\u00e2nd haine, \u00eenc\u0103l\u021b\u0103minte \u0219i gen\u021bi.&nbsp;De asemenea, este una dintre str\u0103zile cu unele dintre cele mai interesante <a href=\"https:\/\/www.the-travel-bunny.com\/ro\/ghiduri-de-calatorie\/atena-ghid-turistic\/biblioteci-librarii-din-atena\/\">libr\u0103rii<\/a> din Roma.<\/p>\n\n\n\n<hr class=\"wp-block-separator has-css-opacity is-style-wide\"\/>\n\n\n\n<h2 class=\"wp-block-heading\" id=\"strada-sacra\">Strada Sacr\u0103<\/h2>\n\n\n\n<p>Strada Sacr\u0103 a fost c\u00e2ndva strada principal\u0103 din Roma Antic\u0103.&nbsp;Porne\u0219te de la Campidoglio, prin <a href=\"https:\/\/www.the-travel-bunny.com\/ro\/vacanta-la-roma-colosseum-forum-roman\/\">Forumul Roman<\/a>, \u0219i ajunge p\u00e2n\u0103 la Colosseum.<\/p>\n\n\n\n<hr class=\"wp-block-separator has-css-opacity is-style-wide\"\/>\n\n\n\n<h2 class=\"wp-block-heading\" id=\"strada-urbana\">Strada Urbana<\/h2>\n\n\n\n<p>O alt\u0103 strad\u0103 care te va face s\u0103 ui\u021bi c\u0103 e\u0219ti \u00een capitala Italiei este Strada Urbana.&nbsp;Pe l\u00e2ng\u0103 magazinele cu haine \u0219i obiecte handmade, are \u0219i c\u00e2teva restaurante \u0219i cafenele mi\u0219to.&nbsp;Unul dintre acestea este&nbsp;Urbana 47, unde <a href=\"https:\/\/www.the-travel-bunny.com\/ro\/mancarea-din-chiang-mai-thailanda\/\">m\u00e2ncarea<\/a> tradi\u021bional\u0103 italian\u0103 a fost reginventar\u0103 pentru a \u021bine pasul cu vremurile.<\/p>\n\n\n\n<hr class=\"wp-block-separator has-css-opacity is-style-wide\"\/>\n\n\n\n<h2 class=\"wp-block-heading\" id=\"strada-veneto\">Strada Veneto<\/h2>\n\n\n\n<p>Strada Veneto este locul \u00een care vedetele de film obi\u0219nuiau s\u0103 ias\u0103 \u00een anii &#8217;50 \u0219i &#8217;60.&nbsp;Ast\u0103zi, po\u021bi vedea aici hoteluri grandioase \u0219i cafenele fermec\u0103toare.<\/p>\n\n\n<div class=\"wp-block-scriptless-social-sharing-buttons\"><div class=\"scriptlesssocialsharing\"><div class=\"scriptlesssocialsharing__buttons no-icons\"><a class=\"button facebook\" target=\"_blank\" href=\"https:\/\/www.facebook.com\/sharer\/sharer.php?u=https%3A%2F%2Fwww.the-travel-bunny.com%2Fro%2Fghiduri-de-calatorie%2Froma-ghid-turistic%2Fstrazi-din-roma%2F\" rel=\"noopener noreferrer nofollow\"><span class=\"sss-name\"><span class=\"screen-reader-text\">Share on <\/span>Facebook<\/span><\/a><a class=\"button twitter\" target=\"_blank\" href=\"https:\/\/twitter.com\/intent\/tweet?text=Cele%20mai%20frumoase%20str%C4%83zi%20din%20Roma&#038;url=https%3A%2F%2Fwww.the-travel-bunny.com%2Fro%2Fghiduri-de-calatorie%2Froma-ghid-turistic%2Fstrazi-din-roma%2F&#038;via=mirela_iepurela&#038;related=mirela_iepurela\" rel=\"noopener noreferrer nofollow\"><span class=\"sss-name\"><span class=\"screen-reader-text\">Share on <\/span>X (Twitter)<\/span><\/a><a class=\"button pinterest\" target=\"_blank\" href=\"https:\/\/pinterest.com\/pin\/create\/button\/?url=https%3A%2F%2Fwww.the-travel-bunny.com%2Fro%2Fghiduri-de-calatorie%2Froma-ghid-turistic%2Fstrazi-din-roma%2F&#038;media=https%3A%2F%2Fwww.the-travel-bunny.com%2Fro%2Fwp-content%2Fuploads%2Fsites%2F2%2F2021%2F05%2Fstrazi-din-roma.jpg&#038;description=Cele%20mai%20frumoase%20str%C4%83zi%20din%20Roma\" rel=\"noopener noreferrer nofollow\" data-pin-no-hover=\"true\" data-pin-custom=\"true\" data-pin-do=\"skip\" data-pin-description=\"Cele mai frumoase str\u0103zi din Roma\"><span class=\"sss-name\"><span class=\"screen-reader-text\">Share on <\/span>Pinterest<\/span><\/a><a class=\"button whatsapp\" target=\"_blank\" href=\"https:\/\/api.whatsapp.com\/send?text=Cele%20mai%20frumoase%20str%C4%83zi%20din%20Roma%20%E2%80%94%20https%3A%2F%2Fwww.the-travel-bunny.com%2Fro%2Fghiduri-de-calatorie%2Froma-ghid-turistic%2Fstrazi-din-roma%2F\" rel=\"noopener noreferrer nofollow\"><span class=\"sss-name\"><span class=\"screen-reader-text\">Share on <\/span>WhatsApp<\/span><\/a><a class=\"button email\" href=\"mailto:?body=Am%20citit%20acest%20articol%20de%20vacan%C8%9B%C4%83%20%C8%99i%20m-am%20g%C3%A2ndit%20la%20tine.%20Iat%C4%83%20%C8%99i%20link-ul%3A%20https%3A%2F%2Fwww.the-travel-bunny.com%2Fro%2Fghiduri-de-calatorie%2Froma-ghid-turistic%2Fstrazi-din-roma%2F&#038;subject=Promit%20c%C4%83%20o%20s%C4%83%20%C3%AE%C8%9Bi%20plac%C4%83%3A%20Cele%20mai%20frumoase%20str%C4%83zi%20din%20Roma\" rel=\"noopener noreferrer nofollow\" ><span class=\"sss-name\"><span class=\"screen-reader-text\">Share on <\/span>Email<\/span><\/a><\/div><\/div><\/div>","protected":false},"excerpt":{"rendered":"<p>Pe aceast\u0103 pagin\u0103 a ghidului turistic pentru Roma, vei g\u0103si cele mai frumoase str\u0103zi din Roma.&nbsp;\u0218tii, cele pe care vei ajunge cu siguran\u021b\u0103 pentru a vizita cele mai importante obiective turistice din Roma.&nbsp;Apoi, mai sunt c\u00e2teva str\u0103zi din Roma mai pu\u021bin cunoscute de turi\u0219ti, perfecte pentru o cafea dup\u0103-amiaza sau pentru o plimbare de sear\u0103. Pentru fiecare dintre aceste str\u0103zi din Roma, po\u021bi g\u0103si: Strada Bocca di Leone Strada Bocca di Leone este una dintre str\u0103zile laterale care intersecteaz\u0103 at\u00e2t&nbsp;Strada Condotti, c\u00e2t&nbsp;\u0219i&nbsp;Strada Borgogna.&nbsp;Ca \u0219i celelalte dou\u0103 str\u0103zi din apropiere de&nbsp;Pia\u021ba Spaniei, Strada Bocca di Leone este una preferat\u0103 printre cump\u0103r\u0103torii &#8230; <\/p>\n<p class=\"read-more-container\"><a title=\"Cele mai frumoase str\u0103zi din Roma\" class=\"read-more button\" href=\"https:\/\/www.the-travel-bunny.com\/ro\/ghiduri-de-calatorie\/roma-ghid-turistic\/strazi-din-roma\/#more-304\" aria-label=\"Cite\u0219te mai multe despre Cele mai frumoase str\u0103zi din Roma\">Read more<\/a><\/p>\n","protected":false},"author":1,"featured_media":305,"parent":153,"menu_order":17,"comment_status":"closed","ping_status":"closed","template":"","meta":{"footnotes":""},"class_list":{"0":"post-304","1":"page","2":"type-page","3":"status-publish","4":"has-post-thumbnail","6":"resize-featured-image"},"_links":{"self":[{"href":"https:\/\/www.the-travel-bunny.com\/ro\/wp-json\/wp\/v2\/pages\/304","targetHints":{"allow":["GET"]}}],"collection":[{"href":"https:\/\/www.the-travel-bunny.com\/ro\/wp-json\/wp\/v2\/pages"}],"about":[{"href":"https:\/\/www.the-travel-bunny.com\/ro\/wp-json\/wp\/v2\/types\/page"}],"author":[{"embeddable":true,"href":"https:\/\/www.the-travel-bunny.com\/ro\/wp-json\/wp\/v2\/users\/1"}],"replies":[{"embeddable":true,"href":"https:\/\/www.the-travel-bunny.com\/ro\/wp-json\/wp\/v2\/comments?post=304"}],"version-history":[{"count":1,"href":"https:\/\/www.the-travel-bunny.com\/ro\/wp-json\/wp\/v2\/pages\/304\/revisions"}],"predecessor-version":[{"id":11267,"href":"https:\/\/www.the-travel-bunny.com\/ro\/wp-json\/wp\/v2\/pages\/304\/revisions\/11267"}],"up":[{"embeddable":true,"href":"https:\/\/www.the-travel-bunny.com\/ro\/wp-json\/wp\/v2\/pages\/153"}],"wp:featuredmedia":[{"embeddable":true,"href":"https:\/\/www.the-travel-bunny.com\/ro\/wp-json\/wp\/v2\/media\/305"}],"wp:attachment":[{"href":"https:\/\/www.the-travel-bunny.com\/ro\/wp-json\/wp\/v2\/media?parent=304"}],"curies":[{"name":"wp","href":"https:\/\/api.w.org\/{rel}","templated":true}]}}