{"id":3068,"date":"2019-02-08T12:19:00","date_gmt":"2019-02-08T12:19:00","guid":{"rendered":"https:\/\/the-travel-bunny-com.lyricalstaging.com\/ro\/?page_id=3068"},"modified":"2026-01-30T10:06:49","modified_gmt":"2026-01-30T10:06:49","slug":"biserici-din-atena","status":"publish","type":"page","link":"https:\/\/www.the-travel-bunny.com\/ro\/ghiduri-de-calatorie\/atena-ghid-turistic\/biserici-din-atena\/","title":{"rendered":"Top 5 biserici din Atena"},"content":{"rendered":"\n<p>Bisericile din&nbsp;ora\u0219ul Atena&nbsp;&nbsp;sunt locuri istorice frumoase, unele construite peste temple grece\u0219ti antice.&nbsp;C\u00e2teva dintre ele sunt mari \u0219i impun\u0103toare, dar&nbsp;<strong>cele mai multe sunt construc\u021bii mici, \u00eenghesuite \u00eentre alte cl\u0103diri<\/strong>&nbsp;sau&#8230; ascunse sub ele!&nbsp;De\u0219i sunt multe biserici din Atena care ar trebui <a href=\"https:\/\/www.the-travel-bunny.com\/ro\/cele-mai-vizitate-atractii-turistice\/\">vizitate<\/a> pentru a admira<strong> opere de art\u0103 bizantine<\/strong>, aici po\u021bi descoperi care mi-au pl\u0103cut cel mai mult \u00een <a class=\"rank-math-link\" href=\"https:\/\/www.the-travel-bunny.com\/ro\/excursie-la-atena-cu-familia\/\">excursia la Atena<\/a>.&nbsp;Nu le rata!<\/p>\n\n\n\n<p>Pentru fiecare biseric\u0103 din <a href=\"https:\/\/www.the-travel-bunny.com\/ro\/ghiduri-de-calatorie\/atena-ghid-turistic\/\" class=\"rank-math-link\">Atena<\/a>, po\u021bi g\u0103si:<\/p>\n\n\n\n<ul class=\"wp-block-list\">\n<li>Numele bisericii din Atena \u0219i poate o fotografie sau un videoclip;<\/li>\n\n\n\n<li>O scurt\u0103 descriere a bisericii din <a href=\"https:\/\/www.the-travel-bunny.com\/ro\/ghiduri-de-calatorie\/atena-ghid-turistic\/strazi-piete-din-atena\/\">Atena<\/a>;<\/li>\n\n\n\n<li><strong>Informa\u021bii utile,<\/strong>&nbsp;inclusiv programul de vizitare, adresa \u0219i loca\u021bia pe hart\u0103, num\u0103rul de telefon dac\u0103 este disponibil, precum \u0219i detalii despre cum s\u0103 ajungi acolo cu ajutorul mijloacelor de transport \u00een comun.<\/li>\n<\/ul>\n\n\n\n<hr class=\"wp-block-separator has-css-opacity is-style-wide\"\/>\n\n\n\n<div class=\"wp-block-rank-math-toc-block\" id=\"rank-math-toc\"><h2>Cele mai frumoase biserici din Atena<\/h2><nav><ul><li class=\"\"><a href=\"#biserica-agios-nikolaos-ragavas\">Biserica Agios Nikolaos Ragavas<\/a><\/li><li class=\"\"><a href=\"#biserica-agia-ekaterini\">Biserica Agia Ekaterini<\/a><\/li><li class=\"\"><a href=\"#agios-ioannis-theologos\">Agios Ioannis Theologos<\/a><\/li><li class=\"\"><a href=\"#biserica-agia-dynami\">Biserica Agia Dynami<\/a><\/li><li class=\"\"><a href=\"#biserica-sf-isidor-de-pe-muntele-lycabettus\">Biserica Sf. Isidor de pe Muntele Lycabettus<\/a><\/li><li class=\"\"><a href=\"#diferen\u021be-intre-laca\u0219urile-de-cult\">Diferen\u021be \u00eentre l\u0103ca\u0219urile de cult<\/a><\/li><\/ul><\/nav><\/div>\n\n\n\n<hr class=\"wp-block-separator has-css-opacity is-style-wide\"\/>\n\n\n\n<figure class=\"wp-block-image size-large\"><img loading=\"lazy\" decoding=\"async\" width=\"792\" height=\"294\" src=\"https:\/\/www.the-travel-bunny.com\/ro\/wp-content\/uploads\/sites\/2\/2021\/05\/biserica-agios-nikolaos-ragavas-din-atena.jpg\" alt=\"biserica agios nikolaos ragavas din atena\" class=\"wp-image-3070\" title=\"\" srcset=\"https:\/\/www.the-travel-bunny.com\/ro\/wp-content\/uploads\/sites\/2\/2021\/05\/biserica-agios-nikolaos-ragavas-din-atena.jpg 792w, https:\/\/www.the-travel-bunny.com\/ro\/wp-content\/uploads\/sites\/2\/2021\/05\/biserica-agios-nikolaos-ragavas-din-atena-300x111.jpg 300w, https:\/\/www.the-travel-bunny.com\/ro\/wp-content\/uploads\/sites\/2\/2021\/05\/biserica-agios-nikolaos-ragavas-din-atena-768x285.jpg 768w\" sizes=\"auto, (max-width: 792px) 100vw, 792px\" \/><figcaption class=\"wp-element-caption\"><em>Biserici din <a href=\"https:\/\/www.the-travel-bunny.com\/ro\/ghiduri-de-calatorie\/atena-ghid-turistic\/piete-comerciale-din-atena\/\">Atena<\/a>: Agios Nikolaos Ragavas<\/em><\/figcaption><\/figure>\n\n\n\n<h2 class=\"wp-block-heading\" id=\"biserica-agios-nikolaos-ragavas\">Biserica Agios Nikolaos Ragavas<\/h2>\n\n\n\n<p>Agios Nikolaos Ragavas se afl\u0103 \u00een <a href=\"https:\/\/www.the-travel-bunny.com\/ro\/locuri-de-vizitat-in-atena-grecia\/\" class=\"rank-math-link\">cartierul Plaka<\/a>, nu departe de zona Anafiotika.&nbsp;Biserica a fost&nbsp;<strong>construit\u0103 \u00een secolul al XI-lea<\/strong>&nbsp;\u0219i a apar\u021binut ini\u021bial unei familii bizantine numite Ragavis, de unde \u0219i denumirea acesteia.<\/p>\n\n\n\n<p><strong>Timpul \u0219i Revolu\u021bia din 1821 au schimbat aspectul&nbsp;bisericii Agios Nikolaos Ragavas<\/strong>, de\u0219i o parte din construc\u021bia ini\u021bial\u0103 a fost restaurat\u0103 \u00een anii &#8217;70.<\/p>\n\n\n\n<p>Printre multele biserici din Atena, aceasta trebuie vizitat\u0103 pentru importan\u021ba sa istoric\u0103, \u00een special.&nbsp;Este&nbsp;<strong>prima biseric\u0103 ce \u0219i-a sunat clopotul pentru a s\u0103rb\u0103tori eliberarea <a href=\"https:\/\/www.the-travel-bunny.com\/ro\/descopera-secretele-atenei\/\">Atenei<\/a> de sub ocupa\u021bia nem\u021bilor, \u00een anul 1944<\/strong>&nbsp;.<\/p>\n\n\n\n<p class=\"has-very-light-gray-background-color has-background\"><strong><span style=\"text-decoration: underline;\">Biserica Agios Nikolaos Ragavas<\/span><\/strong><br>Agios Nikolaos Ragavas este deschis\u0103 zilnic \u00eentre 08:00 \u0219i 12:00, apoi \u00eentre 17:00 \u0219i 20:00.<br><strong>Adres\u0103<\/strong>: Prytaneiou 1, Atena 105 58, Grecia |&nbsp;<a aria-label=\"Vezi pe hart\u0103 (opens in a new tab)\" class=\"rank-math-link\" href=\"https:\/\/www.google.com\/maps?q=Agios+Nikolaos+Ragavas&amp;um=1&amp;ie=UTF-8&amp;sa=X&amp;ved=0ahUKEwiTrpfJ7avgAhXNY1AKHUUMDCkQ_AUIDygC\" target=\"_blank\" rel=\"noreferrer noopener nofollow\">Vezi pe hart\u0103<\/a><br><strong>Transport \u00een comun:<\/strong>&nbsp;Liniile de metrou 1 (linia verde) \u0219i 3 (linia albastr\u0103) te pot duce p\u00e2n\u0103 la sta\u021bia <a href=\"https:\/\/www.the-travel-bunny.com\/ro\/ghiduri-de-calatorie\/atena-ghid-turistic\/cartierul-monastiraki\/\">Monastiraki<\/a>.&nbsp;Linia 2 (linia ro\u0219ie) te poate duce p\u00e2n\u0103 la sta\u021bia Akropoli.<br><strong>Tel.<\/strong>&nbsp;+30 21 0322 8193<\/p>\n\n\n\n<hr class=\"wp-block-separator has-css-opacity is-style-wide\"\/>\n\n\n\n<figure class=\"wp-block-image size-large\"><img loading=\"lazy\" decoding=\"async\" width=\"792\" height=\"294\" src=\"https:\/\/www.the-travel-bunny.com\/ro\/wp-content\/uploads\/sites\/2\/2021\/05\/biserica-agia-ekaterini-din-atena.jpg\" alt=\"biserica agia ekaterini din atena\" class=\"wp-image-3071\" title=\"\" srcset=\"https:\/\/www.the-travel-bunny.com\/ro\/wp-content\/uploads\/sites\/2\/2021\/05\/biserica-agia-ekaterini-din-atena.jpg 792w, https:\/\/www.the-travel-bunny.com\/ro\/wp-content\/uploads\/sites\/2\/2021\/05\/biserica-agia-ekaterini-din-atena-300x111.jpg 300w, https:\/\/www.the-travel-bunny.com\/ro\/wp-content\/uploads\/sites\/2\/2021\/05\/biserica-agia-ekaterini-din-atena-768x285.jpg 768w\" sizes=\"auto, (max-width: 792px) 100vw, 792px\" \/><figcaption class=\"wp-element-caption\"><em>Biserici din Atena: Agia Ekaterini<\/em><\/figcaption><\/figure>\n\n\n\n<h2 class=\"wp-block-heading\" id=\"biserica-agia-ekaterini\">Biserica Agia Ekaterini<\/h2>\n\n\n\n<p>\u00cen acela\u0219i cartier cu&nbsp;Agios Nikolaos Ragavas, vei g\u0103si Biserica Agia Ekaterini (Biserica Sf. Ecaterina).&nbsp;Acest l\u0103ca\u0219 de cult crec-ortodox a&nbsp;<strong>\u00eenlocuit un vechi <a href=\"https:\/\/www.the-travel-bunny.com\/ro\/ghiduri-de-calatorie\/atena-ghid-turistic\/situri-arheologice-din-atena\/\">templu grecesc<\/a><\/strong>&nbsp;dedicat mamei zei\u021bei Artemis.<\/p>\n\n\n\n<p>Chiar \u0219i c\u00e2nd por\u021bile c\u0103tre Biserica Agia Ekaterini sunt blocate, este minunat s\u0103 admiri de la distan\u021b\u0103 construc\u021bia \u0219i&nbsp;<strong>frumoasa gr\u0103din\u0103<\/strong>&nbsp;care o \u00eenconjoar\u0103. Gr\u0103dina este \u0219i motivul pentru care Agia Ekaterini este una dintre acele biserici din Atena pe care ar trebui s\u0103 le vizitezi!<\/p>\n\n\n\n<p class=\"has-very-light-gray-background-color has-background\"><strong><span style=\"text-decoration: underline;\">Biserica Agia Ekaterini<\/span><\/strong><br>Biserica Agia Ekaterini este deschis\u0103 zilnic \u00eentre orele 08:00 \u0219i 12:00.<br><strong>Adres\u0103:<\/strong> Chairefontos 10, Athena 105 58, Grecia |&nbsp;<a href=\"https:\/\/www.google.com\/maps\/place\/Agia+Aikaterini+Church\/@37.971016,23.7309053,17z\/data=!4m12!1m6!3m5!1s0x14a1bd208e30df33:0x8ba3319822114ae3!2sAgia+Aikaterini+Church!8m2!3d37.971016!4d23.7309053!3m4!1s0x14a1bd208e30df33:0x8ba3319822114ae3!8m2!3d37.971016!4d23.7309053\" target=\"_blank\" aria-label=\"Vezi pe hart\u0103 (opens in a new tab)\" rel=\"noreferrer noopener nofollow\" class=\"rank-math-link\">Vezi pe hart\u0103<\/a><br><strong>Transport \u00een comun<\/strong>: Linia 2 de metrou (linia ro\u0219ie) opre\u0219te la sta\u021bia Akropoli.<br><strong>Tel.<\/strong>&nbsp;+30 21 0322 8974<\/p>\n\n\n\n<hr class=\"wp-block-separator has-css-opacity is-style-wide\"\/>\n\n\n\n<figure class=\"wp-block-image size-large\"><img loading=\"lazy\" decoding=\"async\" width=\"792\" height=\"294\" src=\"https:\/\/www.the-travel-bunny.com\/ro\/wp-content\/uploads\/sites\/2\/2021\/05\/biserica-agios-ioannis-theologos-din-atena.jpg\" alt=\"biserica agios ioannis theologos din atena\" class=\"wp-image-3072\" title=\"\" srcset=\"https:\/\/www.the-travel-bunny.com\/ro\/wp-content\/uploads\/sites\/2\/2021\/05\/biserica-agios-ioannis-theologos-din-atena.jpg 792w, https:\/\/www.the-travel-bunny.com\/ro\/wp-content\/uploads\/sites\/2\/2021\/05\/biserica-agios-ioannis-theologos-din-atena-300x111.jpg 300w, https:\/\/www.the-travel-bunny.com\/ro\/wp-content\/uploads\/sites\/2\/2021\/05\/biserica-agios-ioannis-theologos-din-atena-768x285.jpg 768w\" sizes=\"auto, (max-width: 792px) 100vw, 792px\" \/><figcaption class=\"wp-element-caption\"><em>Biserici din Atena: Agios Ioannis Theologos<\/em><\/figcaption><\/figure>\n\n\n\n<h2 class=\"wp-block-heading\" id=\"agios-ioannis-theologos\">Agios Ioannis Theologos<\/h2>\n\n\n\n<p>Tot \u00een Plaka, vei g\u0103si \u0219i mica biseric\u0103 Agios Ioannis Theologos.&nbsp;Aceasta&nbsp;<strong>apar\u021bine&nbsp;de biserica&nbsp;Agios Nikolaos Ragavas<\/strong>, care se afl\u0103 la c\u00e2\u021biva pa\u0219i.<\/p>\n\n\n\n<p>Biserica Agios Ioannis Theologos a fost&nbsp;<strong>ridicat\u0103 la sf\u00e2r\u0219itul secolului al XI-lea<\/strong>&nbsp;cu o funda\u021bie \u00een form\u0103 de cruce p\u0103trat\u0103 \u0219i o cupol\u0103 atenian\u0103 cu opt laturi.&nbsp;Acesta este aspectul comun al bisericilor grece\u0219ti ridicate \u00een acea vreme.<\/p>\n\n\n\n<p>Ceea ce face din Agios Ioannis Theologos una dintre cele mai interesante biserici din Atena sunt&nbsp;<strong>picturile bine conservate de pe pere\u021bii interiori<\/strong>.&nbsp;Acestea dateaz\u0103 din secolul al XIII-lea \u0219i sunt opera unui artist local.<\/p>\n\n\n\n<p class=\"has-very-light-gray-background-color has-background\"><strong><span style=\"text-decoration: underline;\">Biserica Agios Ioannis Theologos<\/span><\/strong><br><em><a href=\"https:\/\/www.the-travel-bunny.com\/ro\/contacteaza-the-travel-bunny\/\" class=\"rank-math-link\">Adaug\u0103 programul de vizitare.<\/a><\/em><br><strong>Adres\u0103<\/strong>: Atena 105 57, Grecia |&nbsp;<a href=\"https:\/\/www.google.com\/maps\/place\/Ekklisia+Agios+Ioannis+Theologos\/@38.0129455,23.7100886,14z\/data=!4m8!1m2!2m1!1smaps+agios+ioannis+theologos+athens!3m4!1s0x14a1a3212c5a396f:0x30833eb1292b5a6c!8m2!3d38.0122486!4d23.712202\" target=\"_blank\" aria-label=\"Vezi pe hart\u0103 (opens in a new tab)\" rel=\"noreferrer noopener nofollow\" class=\"rank-math-link\">Vezi pe hart\u0103<\/a><br><strong>Transport \u00een comun<\/strong>: Liniile de metrou 2 (linia ro\u0219ie) \u0219i 3 (linia albastr\u0103) te pot duce la sta\u021bia Sintagma din apropiere.&nbsp;Liniile de tramvai 1 \u0219i 2 te pot l\u0103sa \u0219i ele la sta\u021bia de tramvai Sintagma.<\/p>\n\n\n\n<hr class=\"wp-block-separator has-css-opacity is-style-wide\"\/>\n\n\n\n<figure class=\"wp-block-image size-large\"><img loading=\"lazy\" decoding=\"async\" width=\"792\" height=\"294\" src=\"https:\/\/www.the-travel-bunny.com\/ro\/wp-content\/uploads\/sites\/2\/2021\/05\/biserica-agia-dynami-din-atena.jpg\" alt=\"biserica agia dynami din atena\" class=\"wp-image-3073\" title=\"\" srcset=\"https:\/\/www.the-travel-bunny.com\/ro\/wp-content\/uploads\/sites\/2\/2021\/05\/biserica-agia-dynami-din-atena.jpg 792w, https:\/\/www.the-travel-bunny.com\/ro\/wp-content\/uploads\/sites\/2\/2021\/05\/biserica-agia-dynami-din-atena-300x111.jpg 300w, https:\/\/www.the-travel-bunny.com\/ro\/wp-content\/uploads\/sites\/2\/2021\/05\/biserica-agia-dynami-din-atena-768x285.jpg 768w\" sizes=\"auto, (max-width: 792px) 100vw, 792px\" \/><figcaption class=\"wp-element-caption\"><em>Biserici din Atena: Agia Dynami<\/em><\/figcaption><\/figure>\n\n\n\n<h2 class=\"wp-block-heading\" id=\"biserica-agia-dynami\">Biserica Agia Dynami<\/h2>\n\n\n\n<p>Acesta este&nbsp;<strong>favorita mea<\/strong>&nbsp;dintre bisericile din Atena!&nbsp;Ridicat\u0103 \u00een Perioada Bizantin\u0103, Biserica Agia Dynami (cunoscut\u0103 \u0219i sub numele de&nbsp;<em>Puterea Sf\u00e2nt\u0103<\/em>) este un loc unde&nbsp;<strong>femeile \u00eens\u0103rcinate vin se roag\u0103 pentru o na\u0219tere u\u0219oar\u0103<\/strong>.<\/p>\n\n\n\n<p>C\u00e2nd Atena traversa procesele sale de urbanizare rapid\u0103 din anii &#8217;50, guvernul municipal a dorit s\u0103 ridice \u00een acest loc Ministerul Educa\u021biei \u0219i Religiei. (\u00cen prezent, cl\u0103direa Hotelului Electra Metropolis.) A fost u\u0219oar\u0103 relocarea oamenilor care locuiau \u00een zona de l\u00e2ng\u0103 Pia\u021ba Sintagma. Cu toate acestea, <strong>Biserica Grec-Ortotox\u0103 a refuzat s\u0103 mute aceast\u0103 mic\u0103 bijuterie<\/strong>, iar ora\u0219ul a trebuit s\u0103 creasc\u0103 \u00een jurul acestei biserici din Atena.<\/p>\n\n\n\n<p>La fel ca religia cre\u0219tin-ortodox\u0103, Biserica Agia Dynami este un&nbsp;<strong>simbol al rezisten\u021bei tradi\u021biei \u00een fa\u021ba lumii moderne<\/strong>.<\/p>\n\n\n\n<p class=\"has-very-light-gray-background-color has-background\"><strong><span style=\"text-decoration: underline;\">Biserica Agia Dynami<\/span><\/strong><br><em><a href=\"https:\/\/www.the-travel-bunny.com\/ro\/contacteaza-the-travel-bunny\/\" class=\"rank-math-link\">Adaug\u0103 programul de vizitare.<\/a><\/em><br><strong>Adres\u0103<\/strong>: Voulis 31-33, Atena 105 57, Grecia |&nbsp;<a href=\"https:\/\/www.google.com\/maps\/place\/Ekklisia+Agia+Dynami\/@37.9751963,23.7298092,17z\/data=!3m1!4b1!4m5!3m4!1s0x14a1bd3db575469f:0x89f79dfb21871df3!8m2!3d37.9751963!4d23.7319979\" target=\"_blank\" aria-label=\"Vezi pe hart\u0103 (opens in a new tab)\" rel=\"noreferrer noopener nofollow\" class=\"rank-math-link\">Vezi pe hart\u0103<\/a><br><strong><strong>Transport \u00een comun<\/strong><\/strong>: Liniile de metrou 2 (linia ro\u0219ie) \u0219i 3 (linia albastr\u0103) te pot duce la sta\u021bia Sintagma din apropiere.&nbsp;Liniile de tramvai 1 \u0219i 2 te pot l\u0103sa \u0219i ele la sta\u021bia de tramvai Sintagma.<\/p>\n\n\n\n<hr class=\"wp-block-separator has-css-opacity is-style-wide\"\/>\n\n\n\n<figure class=\"wp-block-image size-large\"><img loading=\"lazy\" decoding=\"async\" width=\"792\" height=\"294\" src=\"https:\/\/www.the-travel-bunny.com\/ro\/wp-content\/uploads\/sites\/2\/2021\/05\/biserica-st-isidor-de-pe-lycabettus-din-atena.jpg\" alt=\"biserica st isidor de pe lycabettus din atena\" class=\"wp-image-3074\" title=\"\" srcset=\"https:\/\/www.the-travel-bunny.com\/ro\/wp-content\/uploads\/sites\/2\/2021\/05\/biserica-st-isidor-de-pe-lycabettus-din-atena.jpg 792w, https:\/\/www.the-travel-bunny.com\/ro\/wp-content\/uploads\/sites\/2\/2021\/05\/biserica-st-isidor-de-pe-lycabettus-din-atena-300x111.jpg 300w, https:\/\/www.the-travel-bunny.com\/ro\/wp-content\/uploads\/sites\/2\/2021\/05\/biserica-st-isidor-de-pe-lycabettus-din-atena-768x285.jpg 768w\" sizes=\"auto, (max-width: 792px) 100vw, 792px\" \/><figcaption class=\"wp-element-caption\"><em>Biserici din Atena: Sf. Isidor de pe Muntele Lycabettus<\/em><\/figcaption><\/figure>\n\n\n\n<h2 class=\"wp-block-heading\" id=\"biserica-sf-isidor-de-pe-muntele-lycabettus\">Biserica Sf. Isidor de pe Muntele Lycabettus<\/h2>\n\n\n\n<p>O vizit\u0103 la Biserica Sf. Isidor vine \u0219i cu o priveli\u0219te minunat\u0103 asupra <a href=\"https:\/\/www.the-travel-bunny.com\/ro\/ghiduri-de-calatorie\/atena-ghid-turistic\/istoria-atenei\/\">Atenei<\/a>.&nbsp;<strong>Po\u021bi face o <a href=\"https:\/\/www.the-travel-bunny.com\/ro\/drumetie-in-raabklamm\/\">drume\u021bie<\/a> sau lua funicularul p\u00e2n\u0103 \u00een <a class=\"rank-math-link\" href=\"https:\/\/www.the-travel-bunny.com\/ro\/ce-sa-faci-in-atena-muntele-lycabettus\/\">v\u00e2rful Muntelui Lycabettus.<\/a><\/strong>&nbsp;\u00cen orice caz,&nbsp;dac\u0103 alegi s\u0103 urci p\u00e2n\u0103 \u00een&nbsp;cel mai \u00eenalt punct al Atenei, vei fi recompensat(\u0103)!<\/p>\n\n\n\n<p class=\"has-very-light-gray-background-color has-background\"><strong><span style=\"text-decoration: underline;\">Biserica Sf. Isidor<\/span><\/strong><br><em><a href=\"https:\/\/www.the-travel-bunny.com\/ro\/contacteaza-the-travel-bunny\/\" class=\"rank-math-link\">Adaug\u0103 programul de vizitare.<\/a><\/em><br><strong>Adres\u0103:<\/strong>&nbsp;P\u039c\u03bf\u03bd\u03bf\u03c0\u03b1\u03c4\u03b9 \u039b\u03c5\u03ba\u03b1\u03b2\u03b7\u03c4\u03c4\u03bf\u03c5, Atena 114 71, Grecia |&nbsp;<a href=\"https:\/\/www.google.com\/maps\/place\/Holy+Church+of+Saint+Isidore\/@37.9822644,23.7406477,17z\/data=!3m1!4b1!4m5!3m4!1s0x14a1bd48f727e579:0x20641082adbdb3af!8m2!3d37.9822644!4d23.7428364\" target=\"_blank\" aria-label=\"Vezi pe hart\u0103 (opens in a new tab)\" rel=\"noreferrer noopener nofollow\" class=\"rank-math-link\">Vezi pe hart\u0103<\/a><br><strong>Transport \u00een comun<\/strong>: Linia 3 de metrou (linia albastr\u0103) te poate duce p\u00e2n\u0103 la sta\u021bia Evangelismos sau Megaro.&nbsp;De acolo, po\u021bi merge pe jos pe str\u0103du\u021be, apoi pe Muntele Lycabettus.&nbsp;Pentru a urca pe deal, po\u021bi lua \u0219i funicularul.<br><strong>Tel.<\/strong>&nbsp;+30 21 0363 3282<\/p>\n\n\n\n<hr class=\"wp-block-separator has-css-opacity is-style-wide\"\/>\n\n\n\n<h2 class=\"wp-block-heading\" id=\"diferen\u021be-intre-laca\u0219urile-de-cult\">Diferen\u021be \u00eentre l\u0103ca\u0219urile de cult<\/h2>\n\n\n\n<p>Fiind din&nbsp;<a href=\"https:\/\/www.the-travel-bunny.com\/ro\/categorie\/europa\/romania\/\">Rom\u00e2nia<\/a>, unde majoritatea popula\u021biei este cre\u0219tin-ortodox\u0103, eram foarte obi\u0219nuit\u0103 cu aspectul \u0219i parfumul din mai multe biserici din Atena, fiindu-mi familiar.&nbsp;Cu toate acestea, Mathieu, care provine dintr-o familie catolic\u0103, a fost surprins de fiecare dat\u0103&nbsp;de <strong>dimensiunile reduse ale bisericilor grece\u0219ti, cu multe piese de mobilier \u0219i icoane, acoperite de un miros puternic de t\u0103m\u00e2ie.<\/strong><\/p>\n\n\n\n<p>Pentru un \u0219oc cultural mai redus atunci c\u00e2nd vizitezi diverse l\u0103ca\u0219e de cult, \u00ee\u021bi recomand s\u0103 vizionezi c\u00e2teva minute din filmul&nbsp;<em><a href=\"https:\/\/www.imdb.com\/title\/tt0329388\/\" target=\"_blank\" aria-label=\" (opens in a new tab)\" rel=\"noreferrer noopener nofollow\" class=\"rank-math-link\">Domnul Ibrahim \u0219i florile Coranului<\/a><\/em>, mai exact c\u00e2nd Momo \u00eenva\u021b\u0103 cum s\u0103&nbsp;<strong>recunoasc\u0103 o biseric\u0103 catolic\u0103, o biseric\u0103 ortodox\u0103 \u0219i o moschee doar dup\u0103 miros.<\/strong><\/p>\n\n\n\n<p>Dac\u0103 ai timp, ar trebui s\u0103 vizionezi \u00eentregul film sau chiar s\u0103 cite\u0219ti cartea <em>Domnul Ibrahim \u0219i florile din Coran<\/em>, de \u00c9ric-Emmanuel Schmitt.<\/p>\n\n\n<div class=\"wp-block-scriptless-social-sharing-buttons\"><div class=\"scriptlesssocialsharing\"><div class=\"scriptlesssocialsharing__buttons no-icons\"><a class=\"button facebook\" target=\"_blank\" href=\"https:\/\/www.facebook.com\/sharer\/sharer.php?u=https%3A%2F%2Fwww.the-travel-bunny.com%2Fro%2Fghiduri-de-calatorie%2Fatena-ghid-turistic%2Fbiserici-din-atena%2F\" rel=\"noopener noreferrer nofollow\"><span class=\"sss-name\"><span class=\"screen-reader-text\">Share on <\/span>Facebook<\/span><\/a><a class=\"button twitter\" target=\"_blank\" href=\"https:\/\/twitter.com\/intent\/tweet?text=Top%205%20biserici%20din%20Atena&#038;url=https%3A%2F%2Fwww.the-travel-bunny.com%2Fro%2Fghiduri-de-calatorie%2Fatena-ghid-turistic%2Fbiserici-din-atena%2F&#038;via=mirela_iepurela&#038;related=mirela_iepurela\" rel=\"noopener noreferrer nofollow\"><span class=\"sss-name\"><span class=\"screen-reader-text\">Share on <\/span>X (Twitter)<\/span><\/a><a class=\"button pinterest\" target=\"_blank\" href=\"https:\/\/pinterest.com\/pin\/create\/button\/?url=https%3A%2F%2Fwww.the-travel-bunny.com%2Fro%2Fghiduri-de-calatorie%2Fatena-ghid-turistic%2Fbiserici-din-atena%2F&#038;media=https%3A%2F%2Fwww.the-travel-bunny.com%2Fro%2Fwp-content%2Fuploads%2Fsites%2F2%2F2021%2F05%2Fbiserici-din-atena.jpg&#038;description=Top%205%20biserici%20din%20Atena\" rel=\"noopener noreferrer nofollow\" data-pin-no-hover=\"true\" data-pin-custom=\"true\" data-pin-do=\"skip\" data-pin-description=\"Top 5 biserici din Atena\"><span class=\"sss-name\"><span class=\"screen-reader-text\">Share on <\/span>Pinterest<\/span><\/a><a class=\"button whatsapp\" target=\"_blank\" href=\"https:\/\/api.whatsapp.com\/send?text=Top%205%20biserici%20din%20Atena%20%E2%80%94%20https%3A%2F%2Fwww.the-travel-bunny.com%2Fro%2Fghiduri-de-calatorie%2Fatena-ghid-turistic%2Fbiserici-din-atena%2F\" rel=\"noopener noreferrer nofollow\"><span class=\"sss-name\"><span class=\"screen-reader-text\">Share on <\/span>WhatsApp<\/span><\/a><a class=\"button email\" href=\"mailto:?body=Am%20citit%20acest%20articol%20de%20vacan%C8%9B%C4%83%20%C8%99i%20m-am%20g%C3%A2ndit%20la%20tine.%20Iat%C4%83%20%C8%99i%20link-ul%3A%20https%3A%2F%2Fwww.the-travel-bunny.com%2Fro%2Fghiduri-de-calatorie%2Fatena-ghid-turistic%2Fbiserici-din-atena%2F&#038;subject=Promit%20c%C4%83%20o%20s%C4%83%20%C3%AE%C8%9Bi%20plac%C4%83%3A%20Top%205%20biserici%20din%20Atena\" rel=\"noopener noreferrer nofollow\" ><span class=\"sss-name\"><span class=\"screen-reader-text\">Share on <\/span>Email<\/span><\/a><\/div><\/div><\/div>","protected":false},"excerpt":{"rendered":"<p>Bisericile din&nbsp;ora\u0219ul Atena&nbsp;&nbsp;sunt locuri istorice frumoase, unele construite peste temple grece\u0219ti antice.&nbsp;C\u00e2teva dintre ele sunt mari \u0219i impun\u0103toare, dar&nbsp;cele mai multe sunt construc\u021bii mici, \u00eenghesuite \u00eentre alte cl\u0103diri&nbsp;sau&#8230; ascunse sub ele!&nbsp;De\u0219i sunt multe biserici din Atena care ar trebui vizitate pentru a admira opere de art\u0103 bizantine, aici po\u021bi descoperi care mi-au pl\u0103cut cel mai mult \u00een excursia la Atena.&nbsp;Nu le rata! Pentru fiecare biseric\u0103 din Atena, po\u021bi g\u0103si: Biserica Agios Nikolaos Ragavas Agios Nikolaos Ragavas se afl\u0103 \u00een cartierul Plaka, nu departe de zona Anafiotika.&nbsp;Biserica a fost&nbsp;construit\u0103 \u00een secolul al XI-lea&nbsp;\u0219i a apar\u021binut ini\u021bial unei familii bizantine numite Ragavis, &#8230; <\/p>\n<p class=\"read-more-container\"><a title=\"Top 5 biserici din Atena\" class=\"read-more button\" href=\"https:\/\/www.the-travel-bunny.com\/ro\/ghiduri-de-calatorie\/atena-ghid-turistic\/biserici-din-atena\/#more-3068\" aria-label=\"Cite\u0219te mai multe despre Top 5 biserici din Atena\">Read more<\/a><\/p>\n","protected":false},"author":1,"featured_media":3069,"parent":40,"menu_order":10,"comment_status":"closed","ping_status":"closed","template":"","meta":{"footnotes":""},"class_list":{"0":"post-3068","1":"page","2":"type-page","3":"status-publish","4":"has-post-thumbnail","6":"resize-featured-image"},"_links":{"self":[{"href":"https:\/\/www.the-travel-bunny.com\/ro\/wp-json\/wp\/v2\/pages\/3068","targetHints":{"allow":["GET"]}}],"collection":[{"href":"https:\/\/www.the-travel-bunny.com\/ro\/wp-json\/wp\/v2\/pages"}],"about":[{"href":"https:\/\/www.the-travel-bunny.com\/ro\/wp-json\/wp\/v2\/types\/page"}],"author":[{"embeddable":true,"href":"https:\/\/www.the-travel-bunny.com\/ro\/wp-json\/wp\/v2\/users\/1"}],"replies":[{"embeddable":true,"href":"https:\/\/www.the-travel-bunny.com\/ro\/wp-json\/wp\/v2\/comments?post=3068"}],"version-history":[{"count":2,"href":"https:\/\/www.the-travel-bunny.com\/ro\/wp-json\/wp\/v2\/pages\/3068\/revisions"}],"predecessor-version":[{"id":11245,"href":"https:\/\/www.the-travel-bunny.com\/ro\/wp-json\/wp\/v2\/pages\/3068\/revisions\/11245"}],"up":[{"embeddable":true,"href":"https:\/\/www.the-travel-bunny.com\/ro\/wp-json\/wp\/v2\/pages\/40"}],"wp:featuredmedia":[{"embeddable":true,"href":"https:\/\/www.the-travel-bunny.com\/ro\/wp-json\/wp\/v2\/media\/3069"}],"wp:attachment":[{"href":"https:\/\/www.the-travel-bunny.com\/ro\/wp-json\/wp\/v2\/media?parent=3068"}],"curies":[{"name":"wp","href":"https:\/\/api.w.org\/{rel}","templated":true}]}}