{"id":3090,"date":"2019-02-05T11:23:51","date_gmt":"2019-02-05T11:23:51","guid":{"rendered":"https:\/\/the-travel-bunny-com.lyricalstaging.com\/ro\/?page_id=3090"},"modified":"2026-01-30T10:09:11","modified_gmt":"2026-01-30T10:09:11","slug":"cartierul-monastiraki","status":"publish","type":"page","link":"https:\/\/www.the-travel-bunny.com\/ro\/ghiduri-de-calatorie\/atena-ghid-turistic\/cartierul-monastiraki\/","title":{"rendered":"Ce s\u0103 vezi \u00een cartierul Monastiraki din Atena"},"content":{"rendered":"\n<p>La c\u00e2\u021biva pa\u0219i de <a href=\"https:\/\/www.the-travel-bunny.com\/ro\/ghiduri-de-calatorie\/atena-ghid-turistic\/acropola-atenei\/\">zona&nbsp;Acropole<\/a>&nbsp;\u0219i de&nbsp;<a href=\"https:\/\/www.the-travel-bunny.com\/ro\/ghiduri-de-calatorie\/atena-ghid-turistic\/cartierul-koukaki\/\">cartierul Koukaki<\/a>, Monastiraki este un loc pe care trebuie s\u0103 \u00eel vizitezi neap\u0103rat \u00een vacan\u021ba ta la Atena.&nbsp;O plimbare prin cartierul Monastiraki \u00ee\u021bi va demonstra c\u00e2te ai <a href=\"https:\/\/www.the-travel-bunny.com\/ro\/de-facut-in-italia\/\">de f\u0103cut<\/a> \u00een <a href=\"https:\/\/www.the-travel-bunny.com\/ro\/ghiduri-de-calatorie\/atena-ghid-turistic\/istoria-atenei\/\">Capitala Greciei<\/a>, de la&nbsp;<strong>vizitarea siturilor arheologice \u0219i a zonelor comerciale p\u00e2n\u0103 la r\u0103sf\u0103\u021bul oferit de buc\u0103t\u0103ria greceasc\u0103.<\/strong><\/p>\n\n\n\n<hr class=\"wp-block-separator has-css-opacity is-style-wide\"\/>\n\n\n\n<div class=\"wp-block-rank-math-toc-block\" id=\"rank-math-toc\"><h2>Ce s\u0103 faci \u00een cartierul Monastiraki din Atena<\/h2><nav><ul><li class=\"\"><a href=\"#descopera-biserica-sf-maria-pantanassa\">Descoper\u0103 Biserica Sf. Maria Pantanassa<\/a><\/li><li class=\"\"><a href=\"#admira-moscheea-tzitarakis\">Admir\u0103 Moscheea Tzitarakis<\/a><\/li><li class=\"\"><a href=\"#vezi-biblioteca-lui-adrian\">Vezi Biblioteca lui Adrian<\/a><\/li><li class=\"\"><a href=\"#viziteaza-agora-antica-a-atenei\">Viziteaz\u0103 Agora Antic\u0103 a Atenei<\/a><\/li><li class=\"\"><a href=\"#bucura-te-de-mancarea-greceasca-de-pe-strada-adrianou\">Bucur\u0103-te de m\u00e2ncarea greceasc\u0103 de pe Strada Adrianou<\/a><\/li><li class=\"\"><a href=\"#tocme\u0219te-te-in-tagul-de-vechituri-din-monastiraki\">Tocme\u0219te-te \u00een t\u00e2gul de vechituri din Monastiraki<\/a><\/li><li class=\"\"><a href=\"#ce-sa-faci-in-atena-aproape-de-cartierul-monastiraki\">Ce s\u0103 faci \u00een Atena aproape de cartierul Monastiraki<\/a><\/li><\/ul><\/nav><\/div>\n\n\n\n<hr class=\"wp-block-separator has-css-opacity is-style-wide\"\/>\n\n\n\n<figure class=\"wp-block-image size-large\"><img loading=\"lazy\" decoding=\"async\" width=\"792\" height=\"294\" src=\"https:\/\/www.the-travel-bunny.com\/ro\/wp-content\/uploads\/sites\/2\/2021\/05\/piata-monastiraki-atena.jpg\" alt=\"piata monastiraki atena\" class=\"wp-image-3092\" title=\"\" srcset=\"https:\/\/www.the-travel-bunny.com\/ro\/wp-content\/uploads\/sites\/2\/2021\/05\/piata-monastiraki-atena.jpg 792w, https:\/\/www.the-travel-bunny.com\/ro\/wp-content\/uploads\/sites\/2\/2021\/05\/piata-monastiraki-atena-300x111.jpg 300w, https:\/\/www.the-travel-bunny.com\/ro\/wp-content\/uploads\/sites\/2\/2021\/05\/piata-monastiraki-atena-768x285.jpg 768w\" sizes=\"auto, (max-width: 792px) 100vw, 792px\" \/><\/figure>\n\n\n\n<h2 class=\"wp-block-heading\" id=\"descopera-biserica-sf-maria-pantanassa\">Descoper\u0103 Biserica Sf. Maria Pantanassa<\/h2>\n\n\n\n<p>\u00cen\u0103l\u021b\u00e2ndu-se \u00een&nbsp;Pia\u021ba Monastiraki, vei vedea Biserica Sf\u00e2nta Maria Pantanassa (sau Adormirea Maicii Domnului).&nbsp;Asta a r\u0103mas din ceea ce <strong>s-a&nbsp;numit c\u00e2ndva Marea M\u0103n\u0103stire<\/strong>.&nbsp;Cu trecerea timpului \u0219i construirea altor l\u0103ca\u0219e mai mari, a devenit M\u0103n\u0103stirea Mic\u0103 (<em>Monastiraki<\/em>) pentru atenieni.&nbsp;\u0218i, p\u00e2n\u0103 la urm\u0103, \u00eentregul cartier \u0219i-a luat denumirea dup\u0103 aceasta.<\/p>\n\n\n\n<hr class=\"wp-block-separator has-css-opacity is-style-wide\"\/>\n\n\n\n<figure class=\"wp-block-image size-large\"><img loading=\"lazy\" decoding=\"async\" width=\"792\" height=\"294\" src=\"https:\/\/www.the-travel-bunny.com\/ro\/wp-content\/uploads\/sites\/2\/2021\/05\/moscheea-tzitarakis-din-cartierul-monastiraki-atena.jpg\" alt=\"moscheea tzitarakis din cartierul monastiraki atena\" class=\"wp-image-3093\" title=\"\" srcset=\"https:\/\/www.the-travel-bunny.com\/ro\/wp-content\/uploads\/sites\/2\/2021\/05\/moscheea-tzitarakis-din-cartierul-monastiraki-atena.jpg 792w, https:\/\/www.the-travel-bunny.com\/ro\/wp-content\/uploads\/sites\/2\/2021\/05\/moscheea-tzitarakis-din-cartierul-monastiraki-atena-300x111.jpg 300w, https:\/\/www.the-travel-bunny.com\/ro\/wp-content\/uploads\/sites\/2\/2021\/05\/moscheea-tzitarakis-din-cartierul-monastiraki-atena-768x285.jpg 768w\" sizes=\"auto, (max-width: 792px) 100vw, 792px\" \/><\/figure>\n\n\n\n<h2 class=\"wp-block-heading\" id=\"admira-moscheea-tzitarakis\">Admir\u0103 Moscheea Tzitarakis<\/h2>\n\n\n\n<p>C\u00e2ndva un alt l\u0103ca\u0219 de cult din cartierul Monastiraki, Moscheea Tzitarakis a fost&nbsp;<strong>construit\u0103 \u00een secolul al XVIII-lea<\/strong>.&nbsp;A fost cunoscut\u0103 \u0219i sub numele de&nbsp;<em>Moscheea Pie\u021bei de Jos<\/em>, fiind \u00een vecin\u0103tatea&nbsp;Agorei Antice a Atenei.<\/p>\n\n\n\n<p>Dup\u0103 ce grecii \u0219i-au c\u00e2\u0219tigat independen\u021ba fa\u021b\u0103 de otomani,&nbsp;<strong>cl\u0103direa a avut diverse scopuri<\/strong>, servind ca sal\u0103 de bal, cazarm\u0103 militar\u0103, depozit \u0219i chiar \u00eenchisoare.&nbsp;Nu simultan, desigur!<\/p>\n\n\n\n<p>\u00cen 1973, Moscheea Tzitarakis a devenit o&nbsp;<strong>anex\u0103 a Muzeului de Art\u0103 Popular\u0103 Greac\u0103<\/strong>, g\u0103zduind o important\u0103 colec\u021bie de ceramic\u0103.<\/p>\n\n\n\n<hr class=\"wp-block-separator has-css-opacity is-style-wide\"\/>\n\n\n\n<figure class=\"wp-block-image size-large\"><img loading=\"lazy\" decoding=\"async\" width=\"792\" height=\"294\" src=\"https:\/\/www.the-travel-bunny.com\/ro\/wp-content\/uploads\/sites\/2\/2021\/05\/biblioteca-lui-adrian-in-cartierul-monastiraki-atena.jpg\" alt=\"biblioteca lui adrian in cartierul monastiraki atena\" class=\"wp-image-3094\" title=\"\" srcset=\"https:\/\/www.the-travel-bunny.com\/ro\/wp-content\/uploads\/sites\/2\/2021\/05\/biblioteca-lui-adrian-in-cartierul-monastiraki-atena.jpg 792w, https:\/\/www.the-travel-bunny.com\/ro\/wp-content\/uploads\/sites\/2\/2021\/05\/biblioteca-lui-adrian-in-cartierul-monastiraki-atena-300x111.jpg 300w, https:\/\/www.the-travel-bunny.com\/ro\/wp-content\/uploads\/sites\/2\/2021\/05\/biblioteca-lui-adrian-in-cartierul-monastiraki-atena-768x285.jpg 768w\" sizes=\"auto, (max-width: 792px) 100vw, 792px\" \/><\/figure>\n\n\n\n<h2 class=\"wp-block-heading\" id=\"vezi-biblioteca-lui-adrian\">Vezi Biblioteca lui Adrian<\/h2>\n\n\n\n<p>Chiar l\u00e2ng\u0103&nbsp;Moscheea Tzitarakis se afl\u0103 Biblioteca lui Adrian, \u00een partea de nord a&nbsp;Forumului Roman din <a href=\"https:\/\/www.the-travel-bunny.com\/ro\/ghiduri-de-calatorie\/atena-ghid-turistic\/piete-comerciale-din-atena\/\">Atena<\/a>.&nbsp;Finalizat\u0103 \u00een secolul I,&nbsp;<strong>Biblioteca lui Adrian a fost o cl\u0103dire de lux<\/strong>, cu o curte interioar\u0103, gr\u0103din\u0103 \u0219i&#8230; piscin\u0103!<\/p>\n\n\n\n<p>Po\u021bi admira complexul arheologic din exterior sau po\u021bi cump\u0103ra un bilet pentru a vedea totul de aproape.&nbsp;Dac\u0103 vizitezi situl pe 6 martie, 16 aprilie, 18 mai, ultima s\u0103pt\u0103m\u00e2n\u0103 a lunii septembrie, 28 octombrie sau \u00eentr-o duminic\u0103 \u00eentre 1 noiembrie \u0219i 31 martie, ai noroc:&nbsp;<strong>intrarea este gratuit\u0103!<\/strong><\/p>\n\n\n\n<hr class=\"wp-block-separator has-css-opacity is-style-wide\"\/>\n\n\n\n<figure class=\"wp-block-image size-large\"><img loading=\"lazy\" decoding=\"async\" width=\"792\" height=\"294\" src=\"https:\/\/www.the-travel-bunny.com\/ro\/wp-content\/uploads\/sites\/2\/2021\/05\/agora-antica-in-cartierul-monastiraki-atena.jpg\" alt=\"agora antica in cartierul monastiraki atena\" class=\"wp-image-3095\" title=\"\" srcset=\"https:\/\/www.the-travel-bunny.com\/ro\/wp-content\/uploads\/sites\/2\/2021\/05\/agora-antica-in-cartierul-monastiraki-atena.jpg 792w, https:\/\/www.the-travel-bunny.com\/ro\/wp-content\/uploads\/sites\/2\/2021\/05\/agora-antica-in-cartierul-monastiraki-atena-300x111.jpg 300w, https:\/\/www.the-travel-bunny.com\/ro\/wp-content\/uploads\/sites\/2\/2021\/05\/agora-antica-in-cartierul-monastiraki-atena-768x285.jpg 768w\" sizes=\"auto, (max-width: 792px) 100vw, 792px\" \/><\/figure>\n\n\n\n<h2 class=\"wp-block-heading\" id=\"viziteaza-agora-antica-a-atenei\">Viziteaz\u0103 Agora Antic\u0103 a Atenei<\/h2>\n\n\n\n<p><strong>C\u00e2ndva inima <a href=\"https:\/\/www.the-travel-bunny.com\/ro\/descopera-secretele-atenei\/\">Atenei<\/a><\/strong>,&nbsp;Agora Antic\u0103&nbsp;se afl\u0103 \u00een nord-vestul Acropolei, \u00eentre&nbsp;Dealul Areopag&nbsp;\u0219i Dealul Pie\u021bei (sau <em>Agoraios Kolonos<\/em>).<\/p>\n\n\n\n<p>Cele mai importante monumente de v\u0103zut aici sunt&nbsp;<strong>Stoa lui Attalos<\/strong>&nbsp;\u0219i&nbsp;<strong>Templul lui Hefaisto<\/strong>.&nbsp;Stoa din Attalos g\u0103zduie\u0219te&nbsp;<strong>Muzeul Agorei Antice<\/strong>, cu exponate legate de democra\u021bia atenian\u0103.&nbsp;Exist\u0103 multe alte monumente interesante <a href=\"https:\/\/www.the-travel-bunny.com\/ro\/locuri-de-vazut-in-roma-vacanta\/\">de v\u0103zut<\/a> aici \u0219i te asigur c\u0103 merit\u0103 s\u0103 cumperi un bilet!<\/p>\n\n\n\n<p>A nu se confunda cu Agora Roman\u0103 sau <a href=\"https:\/\/www.the-travel-bunny.com\/ro\/vacanta-la-roma-colosseum-forum-roman\/\">Forumul Roman<\/a> care sunt \u00een direc\u021bia Plaka.<\/p>\n\n\n\n<hr class=\"wp-block-separator has-css-opacity is-style-wide\"\/>\n\n\n\n<figure class=\"wp-block-image size-large\"><img loading=\"lazy\" decoding=\"async\" width=\"792\" height=\"294\" src=\"https:\/\/www.the-travel-bunny.com\/ro\/wp-content\/uploads\/sites\/2\/2021\/05\/strada-adrianou-in-cartierul-monastiraki-atena.jpg\" alt=\"strada adrianou in cartierul monastiraki atena\" class=\"wp-image-3096\" title=\"\" srcset=\"https:\/\/www.the-travel-bunny.com\/ro\/wp-content\/uploads\/sites\/2\/2021\/05\/strada-adrianou-in-cartierul-monastiraki-atena.jpg 792w, https:\/\/www.the-travel-bunny.com\/ro\/wp-content\/uploads\/sites\/2\/2021\/05\/strada-adrianou-in-cartierul-monastiraki-atena-300x111.jpg 300w, https:\/\/www.the-travel-bunny.com\/ro\/wp-content\/uploads\/sites\/2\/2021\/05\/strada-adrianou-in-cartierul-monastiraki-atena-768x285.jpg 768w\" sizes=\"auto, (max-width: 792px) 100vw, 792px\" \/><figcaption class=\"wp-element-caption\"><em>Unde g\u00e2se\u0219ti <a href=\"https:\/\/www.the-travel-bunny.com\/ro\/mancarea-din-chiang-mai-thailanda\/\">m\u00e2ncarea<\/a> cea mai bun\u0103: Strada Adrianou, strada tavernelor din cartierul Monastiraki<\/em><\/figcaption><\/figure>\n\n\n\n<h2 class=\"wp-block-heading\" id=\"bucura-te-de-mancarea-greceasca-de-pe-strada-adrianou\">Bucur\u0103-te de m\u00e2ncarea greceasc\u0103 de pe Strada Adrianou<\/h2>\n\n\n\n<p>Dac\u0103&nbsp;preferai&nbsp;s\u0103 admiri&nbsp;Agora Antic\u0103 de&nbsp;la distan\u021b\u0103, mergi pe&nbsp;Strada Adrianou.&nbsp;\u00centreaga strad\u0103 are taverne primitoare cu&nbsp;<strong><a href=\"https:\/\/www.the-travel-bunny.com\/ro\/mancare-greceasca-traditionala\/\" class=\"rank-math-link\">m\u00e2ncare greceasc\u0103 tradi\u021bional\u0103<\/a> \u0219i vedere la Agora Antic\u0103<\/strong>.<\/p>\n\n\n\n<p>Dac\u0103 nu ai ajuns s\u0103 vizitezi Stoa of Attalos, de ce s\u0103 nu te opre\u0219ti la&nbsp;<strong><a href=\"http:\/\/attalos-restaurant.gr\/index%20-%20eng.htm\" target=\"_blank\" aria-label=\" (opens in a new tab)\" rel=\"noreferrer noopener nofollow\" class=\"rank-math-link\">Restaurantul Attalos<\/a><\/strong>&nbsp;pentru pr\u00e2nz sau cin\u0103?&nbsp;Este cel mai bun restaurant din Atena, \u00een opinia mea.&nbsp;Nu numai c\u0103 au m\u00e2ncare g\u0103tit\u0103 la perfec\u021bie, dar personalul este foarte dr\u0103gu\u021b \u0219i prietenos!<\/p>\n\n\n\n<hr class=\"wp-block-separator has-css-opacity is-style-wide\"\/>\n\n\n\n<figure class=\"wp-block-image size-large\"><img loading=\"lazy\" decoding=\"async\" width=\"792\" height=\"294\" src=\"https:\/\/www.the-travel-bunny.com\/ro\/wp-content\/uploads\/sites\/2\/2021\/05\/cumparaturi-in-cartierul-monastiraki-atena.jpg\" alt=\"cumparaturi in cartierul monastiraki atena\" class=\"wp-image-3097\" title=\"\" srcset=\"https:\/\/www.the-travel-bunny.com\/ro\/wp-content\/uploads\/sites\/2\/2021\/05\/cumparaturi-in-cartierul-monastiraki-atena.jpg 792w, https:\/\/www.the-travel-bunny.com\/ro\/wp-content\/uploads\/sites\/2\/2021\/05\/cumparaturi-in-cartierul-monastiraki-atena-300x111.jpg 300w, https:\/\/www.the-travel-bunny.com\/ro\/wp-content\/uploads\/sites\/2\/2021\/05\/cumparaturi-in-cartierul-monastiraki-atena-768x285.jpg 768w\" sizes=\"auto, (max-width: 792px) 100vw, 792px\" \/><\/figure>\n\n\n\n<h2 class=\"wp-block-heading\" id=\"tocme\u0219te-te-in-tagul-de-vechituri-din-monastiraki\">Tocme\u0219te-te \u00een t\u00e2gul de vechituri din Monastiraki<\/h2>\n\n\n\n<p>\u00cen fiecare sf\u00e2r\u0219it de s\u0103pt\u0103m\u00e2n\u0103,&nbsp;t\u00e2rgul de vechituri din Monastiraki&nbsp;se \u00eentinde pe mai multe <a href=\"https:\/\/www.the-travel-bunny.com\/ro\/ghiduri-de-calatorie\/roma-ghid-turistic\/strazi-din-roma\/\">str\u0103zi<\/a> din acest cartier plin de via\u021b\u0103.&nbsp;Aici nu vei g\u0103si doar viniluri, CD-uri \u0219i c\u0103r\u021bi vechi.&nbsp;T\u00e2rgul de vechituri din cartierul Monastiraki este, de asemenea, plin de magazine mici care v\u00e2nd haine, \u00eenc\u0103l\u021b\u0103minte, accesorii confec\u021bionate din margele,&nbsp;<strong>dulciuri tradi\u021bionale grece\u0219ti<\/strong>&nbsp;\u0219i suveniruri din lemn de m\u0103sline.&nbsp;O vizit\u0103 la t\u00e2rgul de vechituri din cartierul Monastiraki trebuie neap\u0103rat s\u0103 fie pe lista ta atunci c\u00e2nd pleci \u00een <a class=\"rank-math-link\" href=\"https:\/\/www.the-travel-bunny.com\/ro\/excursie-la-atena-cu-familia\/\">excursie la Atena<\/a>!<\/p>\n\n\n\n<figure class=\"wp-block-embed is-type-video is-provider-youtube wp-block-embed-youtube wp-embed-aspect-16-9 wp-has-aspect-ratio\"><div class=\"wp-block-embed__wrapper\">\n<iframe loading=\"lazy\" title=\"Walking in Athens Flea Market - Greece [4K]\" width=\"1200\" height=\"675\" src=\"https:\/\/www.youtube.com\/embed\/v21T2cHhWss?feature=oembed\" frameborder=\"0\" allow=\"accelerometer; autoplay; clipboard-write; encrypted-media; gyroscope; picture-in-picture\" allowfullscreen><\/iframe>\n<\/div><\/figure>\n\n\n\n<hr class=\"wp-block-separator has-css-opacity is-style-wide\"\/>\n\n\n\n<figure class=\"wp-block-image size-large\"><img loading=\"lazy\" decoding=\"async\" width=\"792\" height=\"294\" src=\"https:\/\/www.the-travel-bunny.com\/ro\/wp-content\/uploads\/sites\/2\/2021\/05\/piata-syntagma-langa-cartierul-monastiraki-atena.jpg\" alt=\"piata syntagma langa cartierul monastiraki atena\" class=\"wp-image-3098\" title=\"\" srcset=\"https:\/\/www.the-travel-bunny.com\/ro\/wp-content\/uploads\/sites\/2\/2021\/05\/piata-syntagma-langa-cartierul-monastiraki-atena.jpg 792w, https:\/\/www.the-travel-bunny.com\/ro\/wp-content\/uploads\/sites\/2\/2021\/05\/piata-syntagma-langa-cartierul-monastiraki-atena-300x111.jpg 300w, https:\/\/www.the-travel-bunny.com\/ro\/wp-content\/uploads\/sites\/2\/2021\/05\/piata-syntagma-langa-cartierul-monastiraki-atena-768x285.jpg 768w\" sizes=\"auto, (max-width: 792px) 100vw, 792px\" \/><\/figure>\n\n\n\n<h2 class=\"wp-block-heading\" id=\"ce-sa-faci-in-atena-aproape-de-cartierul-monastiraki\">Ce s\u0103 faci \u00een <a href=\"https:\/\/www.the-travel-bunny.com\/ro\/ghiduri-de-calatorie\/atena-ghid-turistic\/\" class=\"rank-math-link\">Atena<\/a> aproape de cartierul Monastiraki<\/h2>\n\n\n\n<p>Cartierul Monastiraki se afl\u0103 la doar 5 minute de mers pe jos de&nbsp;<a href=\"https:\/\/www.the-travel-bunny.com\/ro\/ghiduri-de-calatorie\/atena-ghid-turistic\/strazi-piete-din-atena\/\">Pia\u021ba Syntagma<\/a>.&nbsp;Acolo po\u021bi vedea&nbsp;<strong>Parlamentul Elen,&nbsp;Palatul Preziden\u021bial&nbsp;\u0219i&nbsp;Morm\u00e2ntul Soldatului Necunoscut<\/strong>.&nbsp;\u0218i \u00een func\u021bie de or\u0103, po\u021bi prinde&nbsp;<strong>schimbarea g\u0103rzii<\/strong>&nbsp;de la Morm\u00e2ntul Soldatului Necunoscut.<\/p>\n\n\n<div class=\"wp-block-scriptless-social-sharing-buttons\"><div class=\"scriptlesssocialsharing\"><div class=\"scriptlesssocialsharing__buttons no-icons\"><a class=\"button facebook\" target=\"_blank\" href=\"https:\/\/www.facebook.com\/sharer\/sharer.php?u=https%3A%2F%2Fwww.the-travel-bunny.com%2Fro%2Fghiduri-de-calatorie%2Fatena-ghid-turistic%2Fcartierul-monastiraki%2F\" rel=\"noopener noreferrer nofollow\"><span class=\"sss-name\"><span class=\"screen-reader-text\">Share on <\/span>Facebook<\/span><\/a><a class=\"button twitter\" target=\"_blank\" href=\"https:\/\/twitter.com\/intent\/tweet?text=Ce%20s%C4%83%20vezi%20%C3%AEn%20cartierul%20Monastiraki%20din%20Atena&#038;url=https%3A%2F%2Fwww.the-travel-bunny.com%2Fro%2Fghiduri-de-calatorie%2Fatena-ghid-turistic%2Fcartierul-monastiraki%2F&#038;via=mirela_iepurela&#038;related=mirela_iepurela\" rel=\"noopener noreferrer nofollow\"><span class=\"sss-name\"><span class=\"screen-reader-text\">Share on <\/span>X (Twitter)<\/span><\/a><a class=\"button pinterest\" target=\"_blank\" href=\"https:\/\/pinterest.com\/pin\/create\/button\/?url=https%3A%2F%2Fwww.the-travel-bunny.com%2Fro%2Fghiduri-de-calatorie%2Fatena-ghid-turistic%2Fcartierul-monastiraki%2F&#038;media=https%3A%2F%2Fwww.the-travel-bunny.com%2Fro%2Fwp-content%2Fuploads%2Fsites%2F2%2F2021%2F05%2Fcartierul-monastiraki-atena.jpg&#038;description=Ce%20s%C4%83%20vezi%20%C3%AEn%20cartierul%20Monastiraki%20din%20Atena\" rel=\"noopener noreferrer nofollow\" data-pin-no-hover=\"true\" data-pin-custom=\"true\" data-pin-do=\"skip\" data-pin-description=\"Ce s\u0103 vezi \u00een cartierul Monastiraki din Atena\"><span class=\"sss-name\"><span class=\"screen-reader-text\">Share on <\/span>Pinterest<\/span><\/a><a class=\"button whatsapp\" target=\"_blank\" href=\"https:\/\/api.whatsapp.com\/send?text=Ce%20s%C4%83%20vezi%20%C3%AEn%20cartierul%20Monastiraki%20din%20Atena%20%E2%80%94%20https%3A%2F%2Fwww.the-travel-bunny.com%2Fro%2Fghiduri-de-calatorie%2Fatena-ghid-turistic%2Fcartierul-monastiraki%2F\" rel=\"noopener noreferrer nofollow\"><span class=\"sss-name\"><span class=\"screen-reader-text\">Share on <\/span>WhatsApp<\/span><\/a><a class=\"button email\" href=\"mailto:?body=Am%20citit%20acest%20articol%20de%20vacan%C8%9B%C4%83%20%C8%99i%20m-am%20g%C3%A2ndit%20la%20tine.%20Iat%C4%83%20%C8%99i%20link-ul%3A%20https%3A%2F%2Fwww.the-travel-bunny.com%2Fro%2Fghiduri-de-calatorie%2Fatena-ghid-turistic%2Fcartierul-monastiraki%2F&#038;subject=Promit%20c%C4%83%20o%20s%C4%83%20%C3%AE%C8%9Bi%20plac%C4%83%3A%20Ce%20s%C4%83%20vezi%20%C3%AEn%20cartierul%20Monastiraki%20din%20Atena\" rel=\"noopener noreferrer nofollow\" ><span class=\"sss-name\"><span class=\"screen-reader-text\">Share on <\/span>Email<\/span><\/a><\/div><\/div><\/div>","protected":false},"excerpt":{"rendered":"<p>La c\u00e2\u021biva pa\u0219i de zona&nbsp;Acropole&nbsp;\u0219i de&nbsp;cartierul Koukaki, Monastiraki este un loc pe care trebuie s\u0103 \u00eel vizitezi neap\u0103rat \u00een vacan\u021ba ta la Atena.&nbsp;O plimbare prin cartierul Monastiraki \u00ee\u021bi va demonstra c\u00e2te ai de f\u0103cut \u00een Capitala Greciei, de la&nbsp;vizitarea siturilor arheologice \u0219i a zonelor comerciale p\u00e2n\u0103 la r\u0103sf\u0103\u021bul oferit de buc\u0103t\u0103ria greceasc\u0103. Descoper\u0103 Biserica Sf. Maria Pantanassa \u00cen\u0103l\u021b\u00e2ndu-se \u00een&nbsp;Pia\u021ba Monastiraki, vei vedea Biserica Sf\u00e2nta Maria Pantanassa (sau Adormirea Maicii Domnului).&nbsp;Asta a r\u0103mas din ceea ce s-a&nbsp;numit c\u00e2ndva Marea M\u0103n\u0103stire.&nbsp;Cu trecerea timpului \u0219i construirea altor l\u0103ca\u0219e mai mari, a devenit M\u0103n\u0103stirea Mic\u0103 (Monastiraki) pentru atenieni.&nbsp;\u0218i, p\u00e2n\u0103 la urm\u0103, \u00eentregul cartier \u0219i-a &#8230; <\/p>\n<p class=\"read-more-container\"><a title=\"Ce s\u0103 vezi \u00een cartierul Monastiraki din Atena\" class=\"read-more button\" href=\"https:\/\/www.the-travel-bunny.com\/ro\/ghiduri-de-calatorie\/atena-ghid-turistic\/cartierul-monastiraki\/#more-3090\" aria-label=\"Cite\u0219te mai multe despre Ce s\u0103 vezi \u00een cartierul Monastiraki din Atena\">Read more<\/a><\/p>\n","protected":false},"author":1,"featured_media":3091,"parent":40,"menu_order":17,"comment_status":"closed","ping_status":"closed","template":"","meta":{"footnotes":""},"class_list":{"0":"post-3090","1":"page","2":"type-page","3":"status-publish","4":"has-post-thumbnail","6":"resize-featured-image"},"_links":{"self":[{"href":"https:\/\/www.the-travel-bunny.com\/ro\/wp-json\/wp\/v2\/pages\/3090","targetHints":{"allow":["GET"]}}],"collection":[{"href":"https:\/\/www.the-travel-bunny.com\/ro\/wp-json\/wp\/v2\/pages"}],"about":[{"href":"https:\/\/www.the-travel-bunny.com\/ro\/wp-json\/wp\/v2\/types\/page"}],"author":[{"embeddable":true,"href":"https:\/\/www.the-travel-bunny.com\/ro\/wp-json\/wp\/v2\/users\/1"}],"replies":[{"embeddable":true,"href":"https:\/\/www.the-travel-bunny.com\/ro\/wp-json\/wp\/v2\/comments?post=3090"}],"version-history":[{"count":2,"href":"https:\/\/www.the-travel-bunny.com\/ro\/wp-json\/wp\/v2\/pages\/3090\/revisions"}],"predecessor-version":[{"id":11253,"href":"https:\/\/www.the-travel-bunny.com\/ro\/wp-json\/wp\/v2\/pages\/3090\/revisions\/11253"}],"up":[{"embeddable":true,"href":"https:\/\/www.the-travel-bunny.com\/ro\/wp-json\/wp\/v2\/pages\/40"}],"wp:featuredmedia":[{"embeddable":true,"href":"https:\/\/www.the-travel-bunny.com\/ro\/wp-json\/wp\/v2\/media\/3091"}],"wp:attachment":[{"href":"https:\/\/www.the-travel-bunny.com\/ro\/wp-json\/wp\/v2\/media?parent=3090"}],"curies":[{"name":"wp","href":"https:\/\/api.w.org\/{rel}","templated":true}]}}