{"id":3100,"date":"2019-02-06T12:36:33","date_gmt":"2019-02-06T12:36:33","guid":{"rendered":"https:\/\/the-travel-bunny-com.lyricalstaging.com\/ro\/?page_id=3100"},"modified":"2026-01-30T10:09:23","modified_gmt":"2026-01-30T10:09:23","slug":"cartierul-thissio","status":"publish","type":"page","link":"https:\/\/www.the-travel-bunny.com\/ro\/ghiduri-de-calatorie\/atena-ghid-turistic\/cartierul-thissio\/","title":{"rendered":"Ce s\u0103 vezi \u00een cartierul Thissio din Atena"},"content":{"rendered":"\n<p>Thissio este un alt cartier frumos din ora\u0219ul Atena, situat la vest de&nbsp;<a href=\"https:\/\/www.the-travel-bunny.com\/ro\/ghiduri-de-calatorie\/atena-ghid-turistic\/cartierul-monastiraki\/\">Monastiraki<\/a>&nbsp;\u0219i&nbsp;<a href=\"https:\/\/www.the-travel-bunny.com\/ro\/ghiduri-de-calatorie\/atena-ghid-turistic\/acropola-atenei\/\">Acropola Atenei<\/a>.&nbsp;\u00cen timp ce Monastiraki a fost ridicat din motive practice, ca o zon\u0103 comercial\u0103 a vechii capitale grece\u0219ti, cartierul Thissio a fost construit cu mai mult\u0103 elegan\u021b\u0103.&nbsp;Considerat de atenieni&nbsp;<strong>una dintre cele mai \u00eendr\u0103gite <a href=\"https:\/\/www.the-travel-bunny.com\/ro\/destinatii-ecoturistice\/\">destina\u021bii<\/a> din ora\u0219 pentru a bea o cafea sau a face o plimbare<\/strong>, ai multe <a href=\"https:\/\/www.the-travel-bunny.com\/ro\/locuri-de-vazut-in-roma-vacanta\/\">de v\u0103zut<\/a> \u00een cartierul Thissio din <a href=\"https:\/\/www.the-travel-bunny.com\/ro\/ghiduri-de-calatorie\/atena-ghid-turistic\/strazi-piete-din-atena\/\">Atena<\/a>!<\/p>\n\n\n\n<hr class=\"wp-block-separator has-css-opacity is-style-wide\"\/>\n\n\n\n<div class=\"wp-block-rank-math-toc-block\" id=\"rank-math-toc\"><h2>Ce s\u0103 faci \u00een cartierul Thissio din Atena<\/h2><nav><ul><li class=\"\"><a href=\"#plimba-te-pe-strada-apostolou-pavlou\">Plimb\u0103-te pe strada Apostolou Pavlou<\/a><\/li><li class=\"\"><a href=\"#viziteaza-muzeul-herakleidon\">Viziteaz\u0103 Muzeul Herakleidon<\/a><\/li><li class=\"\"><a href=\"#exploreaza-muzeul-de-arta-islamica-benaki\">Exploreaz\u0103 Muzeul de Art\u0103 Islamic\u0103 Benaki<\/a><\/li><li class=\"\"><a href=\"#descopera-cafenelele-\u0219i-tavernele-din-cartierul-thissio\">Descoper\u0103 cafenelele \u0219i tavernele din cartierul Thissio<\/a><\/li><li class=\"\"><a href=\"#ie\u0219i-in-cluburile-\u0219i-barurile-din-cartierul-thissio\">Ie\u0219i \u00een cluburile \u0219i barurile din cartierul Thissio<\/a><\/li><li class=\"\"><a href=\"#ce-sa-faci-in-atena-in-apropiere-de-thissio\">Ce s\u0103 faci \u00een Atena \u00een apropiere de Thissio<\/a><\/li><\/ul><\/nav><\/div>\n\n\n\n<hr class=\"wp-block-separator has-css-opacity is-style-wide\"\/>\n\n\n\n<h2 class=\"wp-block-heading\" id=\"plimba-te-pe-strada-apostolou-pavlou\">Plimb\u0103-te pe strada Apostolou Pavlou<\/h2>\n\n\n\n<p>Strada Apostolou Pavlou este&nbsp;<strong>drumul principal din cartierul Thissio.<\/strong>&nbsp;Atenienii ador\u0103 s\u0103 se plimbe aici sau s\u0103 se opreasc\u0103 cu prietenii la o cafea pe una dintre terasele primitoare.<\/p>\n\n\n\n<p>Pe Apostolou Pavlou vei vedea \u0219i muzicieni care \u00ee\u0219i demonstreaz\u0103 talentele, precum \u0219i comercian\u021bi care v\u00e2nd obiecte \u0219i bijuterii lucrate manual.&nbsp;Este, de asemenea, un loc pentru&nbsp;<strong>proteste spontane<\/strong>.&nbsp;De exemplu, noi am v\u0103zut odat\u0103 un grup de oameni cu m\u0103\u0219ti Anonymous, iar alt\u0103 dat\u0103 un grup de activi\u0219ti vegani.<\/p>\n\n\n\n<hr class=\"wp-block-separator has-css-opacity is-style-wide\"\/>\n\n\n\n<h2 class=\"wp-block-heading\" id=\"viziteaza-muzeul-herakleidon\">Viziteaz\u0103 Muzeul Herakleidon<\/h2>\n\n\n\n<p>Deschis \u00een 2004,&nbsp;<strong>Muzeul Herakleidon<\/strong>&nbsp;<strong>s-a concentrat pe expozi\u021bii de arte plastice \u00een primul deceniu<\/strong>, oferind publicului spre admira\u021bie lucr\u0103rile unor arti\u0219ti atenieni importan\u021bi.<\/p>\n\n\n\n<p>\u00cen prezent, Muzeul Herakleidon este un&nbsp;<strong>centru interactiv pentru \u0219tiin\u021ba popularizat\u0103<\/strong>.&nbsp;\u00cen cele dou\u0103 cl\u0103diri ale sale, vei g\u0103si nu numai expozi\u021bii captivante despre fizic\u0103, arte \u0219i matematic\u0103, ci \u0219i programe educa\u021bionale pentru copii \u0219i adul\u021bi.<\/p>\n\n\n\n<p>Merit\u0103 s\u0103 vizitezi website-ul Muzeului Herakleidon&nbsp;pentru a vedea ce expozi\u021bii urmeaz\u0103, deoarece \u00een fiecare an prezint\u0103 altceva.<\/p>\n\n\n\n<p>Evrika,&nbsp;cea mai recent\u0103 expozi\u021bie a muzeului Herakleidon:<\/p>\n\n\n\n<figure class=\"wp-block-embed is-type-video is-provider-youtube wp-block-embed-youtube wp-embed-aspect-16-9 wp-has-aspect-ratio\"><div class=\"wp-block-embed__wrapper\">\n<iframe loading=\"lazy\" title=\"HERAKLEIDON MUSEUM\" width=\"1200\" height=\"675\" src=\"https:\/\/www.youtube.com\/embed\/vehNU2KylJE?feature=oembed\" frameborder=\"0\" allow=\"accelerometer; autoplay; clipboard-write; encrypted-media; gyroscope; picture-in-picture\" allowfullscreen><\/iframe>\n<\/div><\/figure>\n\n\n\n<hr class=\"wp-block-separator has-css-opacity is-style-wide\"\/>\n\n\n\n<h2 class=\"wp-block-heading\" id=\"exploreaza-muzeul-de-arta-islamica-benaki\">Exploreaz\u0103 Muzeul de Art\u0103 Islamic\u0103 Benaki<\/h2>\n\n\n\n<p>Colec\u021biile de art\u0103 islamic\u0103 ale&nbsp;Muzeului Benaki&nbsp;din <a class=\"rank-math-link\" href=\"https:\/\/www.the-travel-bunny.com\/ro\/ghiduri-de-calatorie\/atena-ghid-turistic\/\">Atena<\/a> sunt g\u0103zduite \u00eentr-o serie de cl\u0103diri neoclasice.&nbsp;Expozi\u021bia permanent\u0103 include artefacte din Arabia, Orientul Mijlociu, Asia Mic\u0103, India, Mesopotamia, Persia, Africa de Nord, Egipt, <a href=\"https:\/\/www.the-travel-bunny.com\/ro\/locuri-de-vizitat-in-sicilia-italia\/\">Sicilia<\/a> \u0219i Spania.<\/p>\n\n\n\n<p>Un lucru de care trebuie s\u0103 \u021bii cont dac\u0103 inten\u021biona\u021bi s\u0103 vizitezi acest muzeu din cartierul Thissio:&nbsp;<strong>\u00een prima miercuri a fiec\u0103rei luni exist\u0103 tururi speciale ale curatorului colec\u021biei islamice din Muzeul Benaki<\/strong>.&nbsp;Pentru rezerv\u0103ri, sun\u0103 la +30 21 0325 1314.<\/p>\n\n\n\n<p>Descoper\u0103 expozi\u021bia Al-Khatt a Muzeului de Art\u0103 Islamic\u0103 Benaki din cartierul Thissio:<\/p>\n\n\n\n<figure class=\"wp-block-embed is-type-video is-provider-youtube wp-block-embed-youtube wp-embed-aspect-4-3 wp-has-aspect-ratio\"><div class=\"wp-block-embed__wrapper\">\n<iframe loading=\"lazy\" title=\"al-khatt, the exhibition\" width=\"1200\" height=\"900\" src=\"https:\/\/www.youtube.com\/embed\/pabpioXSIio?feature=oembed\" frameborder=\"0\" allow=\"accelerometer; autoplay; clipboard-write; encrypted-media; gyroscope; picture-in-picture\" allowfullscreen><\/iframe>\n<\/div><\/figure>\n\n\n\n<p>Pute\u021bi merge, de asemenea, \u00eentr-un&nbsp;<a href=\"https:\/\/www.benaki.gr\/virtual\/islamikis\/entrance_and_room_1\/index.html?lang=en\" target=\"_blank\" aria-label=\" (opens in a new tab)\" rel=\"noreferrer noopener nofollow\" class=\"rank-math-link\">tur virtual al Muzeului de Art\u0103 Islamic\u0103.<\/a><\/p>\n\n\n\n<hr class=\"wp-block-separator has-css-opacity is-style-wide\"\/>\n\n\n\n<figure class=\"wp-block-image size-large\"><img loading=\"lazy\" decoding=\"async\" width=\"792\" height=\"294\" src=\"https:\/\/www.the-travel-bunny.com\/ro\/wp-content\/uploads\/sites\/2\/2021\/05\/cafenele-in-cartierul-thissio.jpg\" alt=\"cafenele in cartierul thissio\" class=\"wp-image-3102\" title=\"\" srcset=\"https:\/\/www.the-travel-bunny.com\/ro\/wp-content\/uploads\/sites\/2\/2021\/05\/cafenele-in-cartierul-thissio.jpg 792w, https:\/\/www.the-travel-bunny.com\/ro\/wp-content\/uploads\/sites\/2\/2021\/05\/cafenele-in-cartierul-thissio-300x111.jpg 300w, https:\/\/www.the-travel-bunny.com\/ro\/wp-content\/uploads\/sites\/2\/2021\/05\/cafenele-in-cartierul-thissio-768x285.jpg 768w\" sizes=\"auto, (max-width: 792px) 100vw, 792px\" \/><\/figure>\n\n\n\n<h2 class=\"wp-block-heading\" id=\"descopera-cafenelele-\u0219i-tavernele-din-cartierul-thissio\">Descoper\u0103 cafenelele \u0219i tavernele din cartierul Thissio<\/h2>\n\n\n\n<p>Aliniate de-a lungul frumoasei promenade, vei g\u0103si o mul\u021bime de cafenele \u0219i taverne. Pe l\u00e2ng\u0103 <strong>m\u00e2ncare greceasc\u0103 \u0219i cafele delicioase<\/strong>, acestea ofer\u0103 \u0219i o <strong>priveli\u0219te uimitoare asupra Acropolei <a href=\"https:\/\/www.the-travel-bunny.com\/ro\/descopera-secretele-atenei\/\">Atenei<\/a><\/strong>. Cartierul Thissio d\u0103 spre versantul vestic al Dealului Acropole, mai \u021bii minte?<\/p>\n\n\n\n<hr class=\"wp-block-separator has-css-opacity is-style-wide\"\/>\n\n\n\n<figure class=\"wp-block-image size-large\"><img loading=\"lazy\" decoding=\"async\" width=\"792\" height=\"294\" src=\"https:\/\/www.the-travel-bunny.com\/ro\/wp-content\/uploads\/sites\/2\/2021\/05\/viata-de-noapte-in-cartierul-thissio-atena.jpg\" alt=\"viata de noapte in cartierul thissio atena\" class=\"wp-image-3103\" title=\"\" srcset=\"https:\/\/www.the-travel-bunny.com\/ro\/wp-content\/uploads\/sites\/2\/2021\/05\/viata-de-noapte-in-cartierul-thissio-atena.jpg 792w, https:\/\/www.the-travel-bunny.com\/ro\/wp-content\/uploads\/sites\/2\/2021\/05\/viata-de-noapte-in-cartierul-thissio-atena-300x111.jpg 300w, https:\/\/www.the-travel-bunny.com\/ro\/wp-content\/uploads\/sites\/2\/2021\/05\/viata-de-noapte-in-cartierul-thissio-atena-768x285.jpg 768w\" sizes=\"auto, (max-width: 792px) 100vw, 792px\" \/><\/figure>\n\n\n\n<h2 class=\"wp-block-heading\" id=\"ie\u0219i-in-cluburile-\u0219i-barurile-din-cartierul-thissio\">Ie\u0219i \u00een cluburile \u0219i barurile din cartierul Thissio<\/h2>\n\n\n\n<p>Dac\u0103 vrei s\u0103 dansezi sau s\u0103 bei \u00een timpul <a href=\"https:\/\/www.the-travel-bunny.com\/ro\/excursie-la-atena-cu-familia\/\" class=\"rank-math-link\">excursiei la Atena<\/a>, trebuie neap\u0103rat s\u0103 mergi \u00een Thissio!&nbsp;<strong>Noaptea, acest cartier prinde via\u021b\u0103<\/strong> \u0219i abia a\u0219teapt\u0103 c\u0103l\u0103torii s\u0103 se al\u0103ture petrecerii!<\/p>\n\n\n\n<hr class=\"wp-block-separator has-css-opacity is-style-wide\"\/>\n\n\n\n<figure class=\"wp-block-image size-large\"><img loading=\"lazy\" decoding=\"async\" width=\"792\" height=\"294\" src=\"https:\/\/www.the-travel-bunny.com\/ro\/wp-content\/uploads\/sites\/2\/2021\/05\/in-apropiere-de-cartierul-thissio-atena.jpg\" alt=\"in apropiere de cartierul thissio atena\" class=\"wp-image-3104\" title=\"\" srcset=\"https:\/\/www.the-travel-bunny.com\/ro\/wp-content\/uploads\/sites\/2\/2021\/05\/in-apropiere-de-cartierul-thissio-atena.jpg 792w, https:\/\/www.the-travel-bunny.com\/ro\/wp-content\/uploads\/sites\/2\/2021\/05\/in-apropiere-de-cartierul-thissio-atena-300x111.jpg 300w, https:\/\/www.the-travel-bunny.com\/ro\/wp-content\/uploads\/sites\/2\/2021\/05\/in-apropiere-de-cartierul-thissio-atena-768x285.jpg 768w\" sizes=\"auto, (max-width: 792px) 100vw, 792px\" \/><\/figure>\n\n\n\n<h2 class=\"wp-block-heading\" id=\"ce-sa-faci-in-atena-in-apropiere-de-thissio\">Ce s\u0103 faci \u00een Atena \u00een apropiere de Thissio<\/h2>\n\n\n\n<p>Thissio se afl\u0103 la doar 5 minute de mers pe jos de sta\u021bia de metrou Monastiraki.&nbsp;Nu departe de aceasta, po\u021bi vizita importante vestigii romane \u0219i grece\u0219ti din <a href=\"https:\/\/www.the-travel-bunny.com\/ro\/ghiduri-de-calatorie\/atena-ghid-turistic\/piete-comerciale-din-atena\/\">Atena<\/a> \u00een&nbsp;<a href=\"https:\/\/www.the-travel-bunny.com\/ro\/vacanta-la-roma-colosseum-forum-roman\/\">Forumul Roman<\/a><strong>&nbsp;<\/strong>\u0219i, respectiv,<strong> Agora Antic\u0103<\/strong>.&nbsp;Po\u021bi face, de asemenea, c\u00e2teva cump\u0103r\u0103turi de suveniruri&nbsp;<strong>\u00een t\u00e2rgul de vechituri din Monastiraki<\/strong>&nbsp;sau po\u021bi savura <a href=\"https:\/\/www.the-travel-bunny.com\/ro\/mancarea-din-chiang-mai-thailanda\/\">m\u00e2ncarea<\/a> greceasc\u0103 la una dintre tavernele de pe Strada Adrianou!<\/p>\n\n\n<div class=\"wp-block-scriptless-social-sharing-buttons\"><div class=\"scriptlesssocialsharing\"><div class=\"scriptlesssocialsharing__buttons no-icons\"><a class=\"button facebook\" target=\"_blank\" href=\"https:\/\/www.facebook.com\/sharer\/sharer.php?u=https%3A%2F%2Fwww.the-travel-bunny.com%2Fro%2Fghiduri-de-calatorie%2Fatena-ghid-turistic%2Fcartierul-thissio%2F\" rel=\"noopener noreferrer nofollow\"><span class=\"sss-name\"><span class=\"screen-reader-text\">Share on <\/span>Facebook<\/span><\/a><a class=\"button twitter\" target=\"_blank\" href=\"https:\/\/twitter.com\/intent\/tweet?text=Ce%20s%C4%83%20vezi%20%C3%AEn%20cartierul%20Thissio%20din%20Atena&#038;url=https%3A%2F%2Fwww.the-travel-bunny.com%2Fro%2Fghiduri-de-calatorie%2Fatena-ghid-turistic%2Fcartierul-thissio%2F&#038;via=mirela_iepurela&#038;related=mirela_iepurela\" rel=\"noopener noreferrer nofollow\"><span class=\"sss-name\"><span class=\"screen-reader-text\">Share on <\/span>X (Twitter)<\/span><\/a><a class=\"button pinterest\" target=\"_blank\" href=\"https:\/\/pinterest.com\/pin\/create\/button\/?url=https%3A%2F%2Fwww.the-travel-bunny.com%2Fro%2Fghiduri-de-calatorie%2Fatena-ghid-turistic%2Fcartierul-thissio%2F&#038;media=https%3A%2F%2Fwww.the-travel-bunny.com%2Fro%2Fwp-content%2Fuploads%2Fsites%2F2%2F2021%2F05%2Fcartierul-thissio-atena.jpg&#038;description=Ce%20s%C4%83%20vezi%20%C3%AEn%20cartierul%20Thissio%20din%20Atena\" rel=\"noopener noreferrer nofollow\" data-pin-no-hover=\"true\" data-pin-custom=\"true\" data-pin-do=\"skip\" data-pin-description=\"Ce s\u0103 vezi \u00een cartierul Thissio din Atena\"><span class=\"sss-name\"><span class=\"screen-reader-text\">Share on <\/span>Pinterest<\/span><\/a><a class=\"button whatsapp\" target=\"_blank\" href=\"https:\/\/api.whatsapp.com\/send?text=Ce%20s%C4%83%20vezi%20%C3%AEn%20cartierul%20Thissio%20din%20Atena%20%E2%80%94%20https%3A%2F%2Fwww.the-travel-bunny.com%2Fro%2Fghiduri-de-calatorie%2Fatena-ghid-turistic%2Fcartierul-thissio%2F\" rel=\"noopener noreferrer nofollow\"><span class=\"sss-name\"><span class=\"screen-reader-text\">Share on <\/span>WhatsApp<\/span><\/a><a class=\"button email\" href=\"mailto:?body=Am%20citit%20acest%20articol%20de%20vacan%C8%9B%C4%83%20%C8%99i%20m-am%20g%C3%A2ndit%20la%20tine.%20Iat%C4%83%20%C8%99i%20link-ul%3A%20https%3A%2F%2Fwww.the-travel-bunny.com%2Fro%2Fghiduri-de-calatorie%2Fatena-ghid-turistic%2Fcartierul-thissio%2F&#038;subject=Promit%20c%C4%83%20o%20s%C4%83%20%C3%AE%C8%9Bi%20plac%C4%83%3A%20Ce%20s%C4%83%20vezi%20%C3%AEn%20cartierul%20Thissio%20din%20Atena\" rel=\"noopener noreferrer nofollow\" ><span class=\"sss-name\"><span class=\"screen-reader-text\">Share on <\/span>Email<\/span><\/a><\/div><\/div><\/div>","protected":false},"excerpt":{"rendered":"<p>Thissio este un alt cartier frumos din ora\u0219ul Atena, situat la vest de&nbsp;Monastiraki&nbsp;\u0219i&nbsp;Acropola Atenei.&nbsp;\u00cen timp ce Monastiraki a fost ridicat din motive practice, ca o zon\u0103 comercial\u0103 a vechii capitale grece\u0219ti, cartierul Thissio a fost construit cu mai mult\u0103 elegan\u021b\u0103.&nbsp;Considerat de atenieni&nbsp;una dintre cele mai \u00eendr\u0103gite destina\u021bii din ora\u0219 pentru a bea o cafea sau a face o plimbare, ai multe de v\u0103zut \u00een cartierul Thissio din Atena! Plimb\u0103-te pe strada Apostolou Pavlou Strada Apostolou Pavlou este&nbsp;drumul principal din cartierul Thissio.&nbsp;Atenienii ador\u0103 s\u0103 se plimbe aici sau s\u0103 se opreasc\u0103 cu prietenii la o cafea pe una dintre terasele primitoare. &#8230; <\/p>\n<p class=\"read-more-container\"><a title=\"Ce s\u0103 vezi \u00een cartierul Thissio din Atena\" class=\"read-more button\" href=\"https:\/\/www.the-travel-bunny.com\/ro\/ghiduri-de-calatorie\/atena-ghid-turistic\/cartierul-thissio\/#more-3100\" aria-label=\"Cite\u0219te mai multe despre Ce s\u0103 vezi \u00een cartierul Thissio din Atena\">Read more<\/a><\/p>\n","protected":false},"author":1,"featured_media":3101,"parent":40,"menu_order":18,"comment_status":"closed","ping_status":"closed","template":"","meta":{"footnotes":""},"class_list":{"0":"post-3100","1":"page","2":"type-page","3":"status-publish","4":"has-post-thumbnail","6":"resize-featured-image"},"_links":{"self":[{"href":"https:\/\/www.the-travel-bunny.com\/ro\/wp-json\/wp\/v2\/pages\/3100","targetHints":{"allow":["GET"]}}],"collection":[{"href":"https:\/\/www.the-travel-bunny.com\/ro\/wp-json\/wp\/v2\/pages"}],"about":[{"href":"https:\/\/www.the-travel-bunny.com\/ro\/wp-json\/wp\/v2\/types\/page"}],"author":[{"embeddable":true,"href":"https:\/\/www.the-travel-bunny.com\/ro\/wp-json\/wp\/v2\/users\/1"}],"replies":[{"embeddable":true,"href":"https:\/\/www.the-travel-bunny.com\/ro\/wp-json\/wp\/v2\/comments?post=3100"}],"version-history":[{"count":2,"href":"https:\/\/www.the-travel-bunny.com\/ro\/wp-json\/wp\/v2\/pages\/3100\/revisions"}],"predecessor-version":[{"id":11254,"href":"https:\/\/www.the-travel-bunny.com\/ro\/wp-json\/wp\/v2\/pages\/3100\/revisions\/11254"}],"up":[{"embeddable":true,"href":"https:\/\/www.the-travel-bunny.com\/ro\/wp-json\/wp\/v2\/pages\/40"}],"wp:featuredmedia":[{"embeddable":true,"href":"https:\/\/www.the-travel-bunny.com\/ro\/wp-json\/wp\/v2\/media\/3101"}],"wp:attachment":[{"href":"https:\/\/www.the-travel-bunny.com\/ro\/wp-json\/wp\/v2\/media?parent=3100"}],"curies":[{"name":"wp","href":"https:\/\/api.w.org\/{rel}","templated":true}]}}