{"id":324,"date":"2019-11-20T12:06:23","date_gmt":"2019-11-20T12:06:23","guid":{"rendered":"https:\/\/the-travel-bunny-com.lyricalstaging.com\/ro\/?page_id=324"},"modified":"2026-01-30T10:24:49","modified_gmt":"2026-01-30T10:24:49","slug":"piete-comerciale-in-roma","status":"publish","type":"page","link":"https:\/\/www.the-travel-bunny.com\/ro\/ghiduri-de-calatorie\/roma-ghid-turistic\/piete-comerciale-in-roma\/","title":{"rendered":"Pie\u021be comerciale \u00een Roma"},"content":{"rendered":"\n<p>Pe aceast\u0103 pagin\u0103 a ghidului turistic pentru Roma, vei descoperi pie\u021be comerciale \u00een Roma. Ar trebui s\u0103 vizitezi c\u00e2teva dintre ele, pentru a descoperi o fr\u00e2ntur\u0103 din va\u021ba localnicilor Romei.<\/p>\n\n\n\n<p>Pentru fiecare dintre aceste pie\u021be comerciale \u00een Roma, vei g\u0103si:<\/p>\n\n\n\n<ul class=\"wp-block-list\">\n<li>numele acelei pie\u021be comerciale \u00een Roma;<\/li>\n\n\n\n<li>o scurt\u0103 descriere a pie\u021bei;<\/li>\n\n\n\n<li>c\u00e2nd au loc \u0219i cum s\u0103 ajungi la aceste <a href=\"https:\/\/www.the-travel-bunny.com\/ro\/ghiduri-de-calatorie\/atena-ghid-turistic\/piete-comerciale-din-atena\/\">pie\u021be comerciale<\/a> \u00een Roma folosind transportul \u00een comun.<\/li>\n<\/ul>\n\n\n\n<div class=\"wp-block-rank-math-toc-block\" id=\"rank-math-toc\"><h2>Pie\u021be comerciale \u00een Roma<\/h2><nav><ul><li class=\"\"><a href=\"#campo-de-fiori\">Campo de&#8217;Fiori<\/a><\/li><li class=\"\"><a href=\"#pia\u021ba-de-flori-mercato-dei-fiori\">Pia\u021ba de Flori (Mercato dei Fiori)<\/a><\/li><li class=\"\"><a href=\"#pia\u021ba-centrala-din-roma-mercato-centrale-roma\">Pia\u021ba Central\u0103 din Roma (Mercato Centrale Roma)<\/a><\/li><li class=\"\"><a href=\"#pia\u021ba-san-cosimato-mercato-di-san-cosimato\">Pia\u021ba San Cosimato (Mercato di San Cosimato)<\/a><\/li><li class=\"\"><a href=\"#pia\u021ba-din-strada-sannio-mercato-di-via-sannio\">Pia\u021ba din Strada Sannio (Mercato di Via Sannio)<\/a><\/li><li class=\"\"><a href=\"#pia\u021ba-de-tiparituri-vechi-mercato-delle-stampe\">Pia\u021ba de Tip\u0103rituri Vechi (Mercato delle Stampe)<\/a><\/li><li class=\"\"><a href=\"#pia\u021ba-poarta-portese-mercato-di-porta-portese\">Pia\u021ba Poarta Portese (Mercato di Porta Portese)<\/a><\/li><li class=\"\"><a href=\"#pia\u021ba-testaccio-mercato-di-testaccio\">Pia\u021ba Testaccio (Mercato di Testaccio)<\/a><\/li><li class=\"\"><a href=\"#pia\u021ba-trionfale-mercato-trionfale\">Pia\u021ba Trionfale (Mercato Trionfale)<\/a><\/li><li class=\"\"><a href=\"#pia\u021ba-valmelaina-mercato-di-valmelaina\">Pia\u021ba Valmelaina (Mercato di Valmelaina)<\/a><\/li><\/ul><\/nav><\/div>\n\n\n\n<hr class=\"wp-block-separator has-css-opacity is-style-wide\"\/>\n\n\n\n<figure class=\"wp-block-image size-large\"><img loading=\"lazy\" decoding=\"async\" width=\"792\" height=\"294\" src=\"https:\/\/www.the-travel-bunny.com\/ro\/wp-content\/uploads\/sites\/2\/2021\/05\/campo-de-fiori-piata-in-roma.jpg\" alt=\"campo de fiori piata in roma\" class=\"wp-image-326\" title=\"\" srcset=\"https:\/\/www.the-travel-bunny.com\/ro\/wp-content\/uploads\/sites\/2\/2021\/05\/campo-de-fiori-piata-in-roma.jpg 792w, https:\/\/www.the-travel-bunny.com\/ro\/wp-content\/uploads\/sites\/2\/2021\/05\/campo-de-fiori-piata-in-roma-300x111.jpg 300w, https:\/\/www.the-travel-bunny.com\/ro\/wp-content\/uploads\/sites\/2\/2021\/05\/campo-de-fiori-piata-in-roma-768x285.jpg 768w\" sizes=\"auto, (max-width: 792px) 100vw, 792px\" \/><figcaption class=\"wp-element-caption\"><em>Pie\u021be comerciale \u00een <a href=\"https:\/\/www.the-travel-bunny.com\/ro\/ghiduri-de-calatorie\/roma-ghid-turistic\/gradini-parcuri-din-roma\/\">Roma<\/a>: Campo de&#8217;Fiori<\/em><\/figcaption><\/figure>\n\n\n\n<h2 class=\"wp-block-heading\" id=\"campo-de-fiori\">Campo de&#8217;Fiori<\/h2>\n\n\n\n<p>Campo de&#8217;Fiori este o pia\u021b\u0103 pitoreasc\u0103 din inima <a href=\"https:\/\/www.the-travel-bunny.com\/ro\/centrul-istoric-al-romei-vacanta-roma\/\">Romei<\/a>.&nbsp;Aceast\u0103 pia\u021b\u0103 medieval\u0103 are un trecut \u00eentunecat, dup\u0103 cum ne aminte\u0219te statuia serioas\u0103 a lui Giordano Bruno.&nbsp;A fost ars pe rug aici, pentru erezia lui.&nbsp;Acesta este \u0219i locul multor alte execu\u021bii care au avut loc \u00een timpul Inchizi\u021biei.<\/p>\n\n\n\n<p>\u00cen zilele noastre, po\u021bi explora Campo de&#8217;Fiori \u00een timp pentru a cump\u0103ra fructe, legume, pe\u0219te \u0219i flori.&nbsp;Noaptea se transform\u0103 \u00eentr-un loc de \u00eent\u00e2lnire at\u00e2t pentru localnici c\u00e2t \u0219i pentru c\u0103l\u0103tori.&nbsp;Pe l\u00e2ng\u0103 multe baruri \u0219i restaurante superbe, Campo de&#8217;Fiori g\u0103zduie\u0219te, de asemenea, spectacole \u00een strad\u0103.<\/p>\n\n\n\n<br>\n\n\n\n<h3 class=\"wp-block-heading\" id=\"program\">Program<\/h3>\n\n\n\n<p>Campo de&#8217;Fiori este deschis zilnic \u00eentre orele 07:00 \u0219i 14:00.<\/p>\n\n\n\n<p class=\"has-background\" style=\"background-color:#f5f5f5\"><strong><span style=\"text-decoration: underline;\">Campo de&#8217;Fiori<\/span><\/strong><br><strong>Adresa:<\/strong>&nbsp;Piazza Campo de &#8216;Fiori, 00186 Roma RM, Italia |&nbsp;<a href=\"https:\/\/goo.gl\/maps\/mcXQHfH4MWDEsUU66\" target=\"_blank\" aria-label=\" (opens in a new tab)\" rel=\"noreferrer noopener nofollow\" class=\"rank-math-link\">Vezi pe hart\u0103<\/a><br><strong>Transport public:<\/strong>&nbsp;Autobuzele 64, 87 \u0219i 186 au sta\u021bii aproape de Campo de&#8217;Fiori.<br><strong>Tel.<\/strong>&nbsp;+39 06 0608<\/p>\n\n\n\n<hr class=\"wp-block-separator has-css-opacity is-style-wide\"\/>\n\n\n\n<figure class=\"wp-block-image size-large\"><img loading=\"lazy\" decoding=\"async\" width=\"792\" height=\"294\" src=\"https:\/\/www.the-travel-bunny.com\/ro\/wp-content\/uploads\/sites\/2\/2021\/05\/piata-de-flori-roma.jpg\" alt=\"piata de flori roma\" class=\"wp-image-327\" title=\"\" srcset=\"https:\/\/www.the-travel-bunny.com\/ro\/wp-content\/uploads\/sites\/2\/2021\/05\/piata-de-flori-roma.jpg 792w, https:\/\/www.the-travel-bunny.com\/ro\/wp-content\/uploads\/sites\/2\/2021\/05\/piata-de-flori-roma-300x111.jpg 300w, https:\/\/www.the-travel-bunny.com\/ro\/wp-content\/uploads\/sites\/2\/2021\/05\/piata-de-flori-roma-768x285.jpg 768w\" sizes=\"auto, (max-width: 792px) 100vw, 792px\" \/><figcaption class=\"wp-element-caption\"><em>Pie\u021be comerciale \u00een <a href=\"https:\/\/www.the-travel-bunny.com\/ro\/ghiduri-de-calatorie\/roma-ghid-turistic\/\">Roma<\/a>: Pia\u021ba de Flori (Mercato dei Fiori)<\/em><\/figcaption><\/figure>\n\n\n\n<h2 class=\"wp-block-heading\" id=\"pia\u021ba-de-flori-mercato-dei-fiori\">Pia\u021ba de Flori (<em>Mercato dei Fiori<\/em>)<\/h2>\n\n\n\n<p>Situat\u0103 pe Strada Trionfale, pia\u021ba de flori nu trebuie confundat\u0103 cu&nbsp;Campo de&#8217;Fiori, una dintre cele mai cunoscute pie\u021be comerciale din Roma.&nbsp;Aici, po\u021bi admira \u0219i cump\u0103ra at\u00e2t flori proaspete, c\u00e2t \u0219i plante \u00een ghivece de tot felul.&nbsp;\u0218i cel mai bun lucru este c\u0103 pre\u021burile sunt acceptabile.<\/p>\n\n\n\n<br>\n\n\n\n<h3 class=\"wp-block-heading\" id=\"program-1\">Program<\/h3>\n\n\n\n<p>Pia\u021ba de flori este deschis\u0103 mar\u021bi, \u00eentre orele 10:30 \u0219i 13:00.<\/p>\n\n\n\n<p class=\"has-background\" style=\"background-color:#f5f5f5\"><strong><span style=\"text-decoration: underline;\">Pia\u021ba de Flori<\/span><\/strong><br><strong>Adresa:<\/strong>&nbsp;Via Trionfale, 45, 00100 Roma RM, Italia |&nbsp;<a href=\"https:\/\/goo.gl\/maps\/wqxGxjP5LH1zL78H6\" target=\"_blank\" aria-label=\" (opens in a new tab)\" rel=\"noreferrer noopener nofollow\" class=\"rank-math-link\">Vezi pe hart\u0103<\/a><br><strong>Transport public:<\/strong>&nbsp;Linia A de metrou A opre\u0219te \u00een sta\u021bia Ottaviano din apropiere.&nbsp;Autobuzele 23 \u0219i 70 opresc de asemenea la c\u00e2\u021biva pa\u0219i de pia\u021ba de flori.<br><strong>Tel.<\/strong>&nbsp;+39 06 3973 8027<\/p>\n\n\n\n<hr class=\"wp-block-separator has-css-opacity is-style-wide\"\/>\n\n\n\n<figure class=\"wp-block-image size-large\"><img loading=\"lazy\" decoding=\"async\" width=\"792\" height=\"294\" src=\"https:\/\/www.the-travel-bunny.com\/ro\/wp-content\/uploads\/sites\/2\/2021\/05\/mercato-centrale-piata-centrala-roma.jpg\" alt=\"mercato centrale piata centrala roma\" class=\"wp-image-328\" title=\"\" srcset=\"https:\/\/www.the-travel-bunny.com\/ro\/wp-content\/uploads\/sites\/2\/2021\/05\/mercato-centrale-piata-centrala-roma.jpg 792w, https:\/\/www.the-travel-bunny.com\/ro\/wp-content\/uploads\/sites\/2\/2021\/05\/mercato-centrale-piata-centrala-roma-300x111.jpg 300w, https:\/\/www.the-travel-bunny.com\/ro\/wp-content\/uploads\/sites\/2\/2021\/05\/mercato-centrale-piata-centrala-roma-768x285.jpg 768w\" sizes=\"auto, (max-width: 792px) 100vw, 792px\" \/><figcaption class=\"wp-element-caption\"><em>Pie\u021be comerciale \u00een Roma: Pia\u021ba Central\u0103 din Roma (Mercato Centrale Roma)<\/em><\/figcaption><\/figure>\n\n\n\n<h2 class=\"wp-block-heading\" id=\"pia\u021ba-centrala-din-roma-mercato-centrale-roma\">Pia\u021ba Central\u0103 din Roma (<em>Mercato Centrale Roma<\/em>)<\/h2>\n\n\n\n<p>Pia\u021ba Central\u0103 din Roma este un paradis pentru pofticio\u0219i.&nbsp;Aici, po\u021bi \u00eencerca buc\u0103t\u0103ria italian\u0103 la unul dintre cele 17 standuri cu m\u00e2ncare.&nbsp;Odat\u0103 ce dai comanda, nu trebuie s\u0103 a\u0219tepti mult, deoarece fiecare stand are propria cas\u0103 de marcat.&nbsp;Prin urmare, vei primi rapid <a href=\"https:\/\/www.the-travel-bunny.com\/ro\/mancarea-din-chiang-mai-thailanda\/\">m\u00e2ncarea<\/a> pe care o po\u021bi consuma la una dintre mesele disponibile \u00een Pia\u021ba Central\u0103 din Roma sau o po\u021bi lua la pachet.<\/p>\n\n\n\n<p>\u00cen interiorul Pia\u021bei Centrale din Roma, exist\u0103, de asemenea, un restaurant, o pizzerie, un bar cu bere \u0219i o cafenea.<\/p>\n\n\n\n<p class=\"has-background\" style=\"background-color:#f5f5f5\"><strong><span style=\"text-decoration: underline;\">Pia\u021ba Central\u0103 din Roma<\/span><\/strong><br><strong>Adresa:<\/strong>&nbsp;Via Giovanni Giolitti, 36, 00185 Roma RM, Italia |&nbsp;<a href=\"https:\/\/g.page\/mercato-centrale-roma?share\" target=\"_blank\" aria-label=\" (opens in a new tab)\" rel=\"noreferrer noopener nofollow\" class=\"rank-math-link\">Vezi pe hart\u0103<\/a><br><strong>Transport public:<\/strong>&nbsp;Sta\u021bia de metrou Termini este chiar al\u0103turi.&nbsp;Autobuzele 16, 50, 70, 71, 105, 360, 590, 649 \u0219i 714 opresc \u00een fa\u021ba sau \u00een apropierea Pia\u021bei Centrale din Roma.<br><strong>Tel.<\/strong>&nbsp;+39 06 4620 2900<\/p>\n\n\n\n<hr class=\"wp-block-separator has-css-opacity is-style-wide\"\/>\n\n\n\n<h2 class=\"wp-block-heading\" id=\"pia\u021ba-san-cosimato-mercato-di-san-cosimato\">Pia\u021ba San Cosimato (<em>Mercato di San Cosimato<\/em>)<\/h2>\n\n\n\n<p>Pia\u021ba San Cosimato este deschis\u0103 \u00een <a href=\"https:\/\/www.the-travel-bunny.com\/ro\/din-vatican-in-trastevere-pe-jos-roma\/\">Trastevere<\/a> \u00eenc\u0103 de la \u00eenceputul anilor 1900, iar mul\u021bi dintre comercian\u021bii care  v\u00e2nd ast\u0103zi sunt \u0103nrudi\u021bi cu primii v\u00e2nz\u0103tori.<\/p>\n\n\n\n<p>\u00cen Pia\u021ba San Cosimato, vei g\u0103si mai ales fructe \u0219i legume, dar \u0219i carne, pe\u0219te \u0219i br\u00e2nz\u0103.<\/p>\n\n\n\n<br>\n\n\n\n<h3 class=\"wp-block-heading\" id=\"program-2\">Program<\/h3>\n\n\n\n<p>Pia\u021ba San Cosimato este deschis\u0103 de luni p\u00e2n\u0103 s\u00e2mb\u0103t\u0103 \u00eentre orele 06:00 \u0219i 13:00.<\/p>\n\n\n\n<p class=\"has-background\" style=\"background-color:#f5f5f5\"><strong><span style=\"text-decoration: underline;\">Pia\u021ba San Cosimato<\/span><\/strong><br><strong>Adresa:<\/strong>&nbsp;Piazza di S. Cosimato, 64, 00153 Roma RM, Italia |&nbsp;<a href=\"https:\/\/goo.gl\/maps\/SNQCS9RhzXDd5jsz9\" target=\"_blank\" aria-label=\" (opens in a new tab)\" rel=\"noreferrer noopener nofollow\" class=\"rank-math-link\">Vezi pe hart\u0103<\/a><br><strong>Transport \u00een comun:<\/strong>&nbsp;Tramvaiul 8 \u0219i autobuzul H opresc aproape de Pia\u021ba San Cosimato.<\/p>\n\n\n\n<hr class=\"wp-block-separator has-css-opacity is-style-wide\"\/>\n\n\n\n<h2 class=\"wp-block-heading\" id=\"pia\u021ba-din-strada-sannio-mercato-di-via-sannio\">Pia\u021ba din Strada Sannio (<em>Mercato di Via Sannio<\/em>)<\/h2>\n\n\n\n<p>Pia\u021ba din Strada Sannio este o pia\u021b\u0103 istoric\u0103 din Roma, cea mai popular\u0103 \u00eentre anii &#8217;60 \u0219i &#8217;80.&nbsp;Ast\u0103zi, po\u021bi merge la aceast\u0103 pia\u021b\u0103 de vechituri pentru a c\u0103uta haine \u0219i accesorii vintage.&nbsp;Sau pentru falsuri ale crea\u021biilor designerilor faimo\u0219i.<\/p>\n\n\n\n<br>\n\n\n\n<h3 class=\"wp-block-heading\" id=\"program-3\">Program<\/h3>\n\n\n\n<p>Pia\u021ba din Strada Sannio este deschis\u0103 de luni p\u00e2n\u0103 s\u00e2mb\u0103t\u0103, \u00eentre orele 07:00 \u0219i 14:00.<\/p>\n\n\n\n<p class=\"has-background\" style=\"background-color:#f5f5f5\"><strong><span style=\"text-decoration: underline;\">Pia\u021ba din Strada Sannio<\/span><\/strong><br><strong>Adresa:<\/strong>&nbsp;Via Sannio, Roma RM, Italia |&nbsp;<a href=\"https:\/\/goo.gl\/maps\/SNQCS9RhzXDd5jsz9\" target=\"_blank\" aria-label=\" (opens in a new tab)\" rel=\"noreferrer noopener nofollow\" class=\"rank-math-link\">Vezi pe hart\u0103<\/a><br><strong>Transport public:<\/strong>&nbsp;Linia A de metrou opre\u0219te \u00een sta\u021bia San Giovanni din apropiere.&nbsp;Autobuzele 87 \u0219i 360 opresc \u0219i ele \u00een apropiere de Pia\u021ba din Strada Sannio.<\/p>\n\n\n\n<hr class=\"wp-block-separator has-css-opacity is-style-wide\"\/>\n\n\n\n<h2 class=\"wp-block-heading\" id=\"pia\u021ba-de-tiparituri-vechi-mercato-delle-stampe\">Pia\u021ba de Tip\u0103rituri Vechi (<em>Mercato delle Stampe<\/em>)<\/h2>\n\n\n\n<p>\u00cen aceast\u0103 pia\u021b\u0103 comercial\u0103 din Roma, po\u021bi g\u0103si c\u0103r\u021bi vechi, printuri, reviste \u0219i h\u0103r\u021bi.<\/p>\n\n\n\n<br>\n\n\n\n<h3 class=\"wp-block-heading\" id=\"program-4\">Program<\/h3>\n\n\n\n<p>Mercato delle Stampe este deschis\u0103 zilnic, \u00eentre orele 07:00 \u0219i 13:00.<\/p>\n\n\n\n<p class=\"has-background\" style=\"background-color:#f5f5f5\"><strong><span style=\"text-decoration: underline;\">Mercato delle Stampe<\/span><\/strong><br><strong>Adresa:<\/strong>&nbsp;Largo della Fontanella di Borghese, 00186 Roma RM, Italia |&nbsp;<a href=\"https:\/\/goo.gl\/maps\/VN6ow8t272g8i4hq5\" target=\"_blank\" aria-label=\" (opens in a new tab)\" rel=\"noreferrer noopener nofollow\" class=\"rank-math-link\">Vezi pe hart\u0103<\/a><br><strong>Transport public:<\/strong>&nbsp;Autobuzul 119 opre\u0219te foarte aproape de Mercato delle Stampe.<\/p>\n\n\n\n<hr class=\"wp-block-separator has-css-opacity is-style-wide\"\/>\n\n\n\n<h2 class=\"wp-block-heading\" id=\"pia\u021ba-poarta-portese-mercato-di-porta-portese\">Pia\u021ba Poarta Portese (<em>Mercato di Porta Portese<\/em>)<\/h2>\n\n\n\n<p>Cea mai cunoscut\u0103 dintre pie\u021bele comerciale din Roma, este men\u021bionat\u0103 \u00een c\u00e2ntece, poezii \u0219i c\u00e2teva filme (de exemplu,&nbsp;<em><a aria-label=\"Ho\u021bii de biciclete (opens in a new tab)\" href=\"https:\/\/www.imdb.com\/title\/tt0040522\/\" target=\"_blank\" rel=\"noreferrer noopener\" class=\"rank-math-link\">Ho\u021bii de biciclete<\/a><\/em>&nbsp;din 1948).&nbsp;C\u00e2ndva loc de desfacere al pie\u021bei negre, ast\u0103zi este un loc unde po\u021bi g\u0103si mobil\u0103 veche \u0219i obiecte antice, art\u0103, diverse suveniruri, plante \u0219i multe altele.<\/p>\n\n\n\n<br>\n\n\n\n<h3 class=\"wp-block-heading\" id=\"program-5\">Program<\/h3>\n\n\n\n<p>Pia\u021ba Poarta Portese este deschis\u00ee duminic\u0103 \u00eentre orele 06:00 \u0219i 14:00.<\/p>\n\n\n\n<p class=\"has-background\" style=\"background-color:#f5f5f5\"><strong><span style=\"text-decoration: underline;\">Pia\u021ba Poarta Portese<\/span><\/strong><br><strong>Adresa:<\/strong>&nbsp;Viale di Trastevere, 00153 Roma RM, Italia |&nbsp;<a aria-label=\" (opens in a new tab)\" class=\"rank-math-link\" href=\"https:\/\/goo.gl\/maps\/vNC8zzzAsWpJzxnr8\" target=\"_blank\" rel=\"noreferrer noopener nofollow\">Vezi pe hart\u0103<\/a><br><strong>Transport public:<\/strong>&nbsp;<a href=\"https:\/\/www.the-travel-bunny.com\/ro\/viziteaza-riviera-atenei-cu-tramvaiul\/\">Tramvaiul<\/a> 8 \u0219i autobuzul 75 au sta\u021bii l\u00e2ng\u0103 Pia\u021ba Poarta Portese.<br><strong>Tel.<\/strong>&nbsp;+39 06 0608<\/p>\n\n\n\n<hr class=\"wp-block-separator has-css-opacity is-style-wide\"\/>\n\n\n\n<figure class=\"wp-block-image size-large\"><img loading=\"lazy\" decoding=\"async\" width=\"792\" height=\"294\" src=\"https:\/\/www.the-travel-bunny.com\/ro\/wp-content\/uploads\/sites\/2\/2021\/05\/piata-testaccio-roma.jpg\" alt=\"piata testaccio roma\" class=\"wp-image-329\" title=\"\" srcset=\"https:\/\/www.the-travel-bunny.com\/ro\/wp-content\/uploads\/sites\/2\/2021\/05\/piata-testaccio-roma.jpg 792w, https:\/\/www.the-travel-bunny.com\/ro\/wp-content\/uploads\/sites\/2\/2021\/05\/piata-testaccio-roma-300x111.jpg 300w, https:\/\/www.the-travel-bunny.com\/ro\/wp-content\/uploads\/sites\/2\/2021\/05\/piata-testaccio-roma-768x285.jpg 768w\" sizes=\"auto, (max-width: 792px) 100vw, 792px\" \/><figcaption class=\"wp-element-caption\"><em>Pie\u021be comerciale \u00een Roma: Pia\u021ba Testaccio (Mercato di Testaccio). Fotografie de Lalupa [<a href=\"https:\/\/creativecommons.org\/licenses\/by-sa\/3.0\/\" target=\"_blank\" rel=\"noreferrer noopener nofollow\">CC BY-SA 3.0<\/a>]<\/em><\/figcaption><\/figure>\n\n\n\n<h2 class=\"wp-block-heading\" id=\"pia\u021ba-testaccio-mercato-di-testaccio\">Pia\u021ba Testaccio (<em>Mercato di Testaccio<\/em>)<\/h2>\n\n\n\n<p>Pia\u021ba Testaccio este o pia\u021b\u0103 acoperit\u0103 cunoscut\u0103 pentru c\u0103 are orice de v\u00e2nzare.&nbsp;Aici, po\u021bi cump\u0103ra fructe \u0219i legume proaspete, carne, pe\u0219te, br\u00e2nz\u0103 \u0219i dulciuri din ciocolat\u0103.&nbsp;Dar, de asemenea, po\u021bi merge aici la cump\u0103r\u0103turi de haine \u0219i \u00eenc\u0103l\u021b\u0103minte.<\/p>\n\n\n\n<br>\n\n\n\n<h3 class=\"wp-block-heading\" id=\"program-6\">Program<\/h3>\n\n\n\n<p>Pia\u021ba Testaccio este deschis\u0103 de luni p\u00e2n\u0103 s\u00e2mb\u0103t\u0103, \u00eentre orele 06:00 \u0219i 14:00.<\/p>\n\n\n\n<p class=\"has-background\" style=\"background-color:#f5f5f5\"><strong><span style=\"text-decoration: underline;\">Pia\u021ba Testaccio<\/span><\/strong><br><strong>Adresa:<\/strong>&nbsp;Via Beniamino Franklin, 00153 Roma RM, Italia |&nbsp;<a href=\"https:\/\/goo.gl\/maps\/Ys9ZCJdpkWmYrNdL8\" target=\"_blank\" aria-label=\" (opens in a new tab)\" rel=\"noreferrer noopener nofollow\" class=\"rank-math-link\">Vezi pe hart\u0103<\/a><br><strong>Transport public:<\/strong>&nbsp;Linia B se opre\u0219te la sta\u021biade metrou Piramide din apropiere.&nbsp;Autobuzele 75 \u0219i 83 au, de asemenea, sta\u021bii aproape de Pia\u021ba Testaccio.<\/p>\n\n\n\n<hr class=\"wp-block-separator has-css-opacity is-style-wide\"\/>\n\n\n\n<h2 class=\"wp-block-heading\" id=\"pia\u021ba-trionfale-mercato-trionfale\"><a href=\"https:\/\/www.the-travel-bunny.com\/ro\/ghiduri-de-calatorie\/roma-ghid-turistic\/piete-din-roma\/\">Pia\u021ba<\/a> Trionfale (<em>Mercato Trionfale<\/em>)<\/h2>\n\n\n\n<p>Deschis\u0103 la sf\u00e2r\u0219itul anilor 1800, Pia\u021ba Trionfale este cea mai mare pia\u021b\u0103 comercial\u0103 din Roma \u0219i printre cele mai mari din Europa.&nbsp;La cele 273 de tarabe, po\u021bi g\u0103si fructe \u0219i legume, cereale, br\u00e2nz\u0103, co\u021buterie, carne, pe\u0219te, dulciuri, haine \u0219i accesorii, decora\u021biuni de Cr\u0103ciun etc.<\/p>\n\n\n\n<br>\n\n\n\n<h3 class=\"wp-block-heading\" id=\"program-7\">Program<\/h3>\n\n\n\n<p>Pia\u021ba Trionfale este deschis\u0103 luni, miercuri, joi \u0219i s\u00e2mb\u0103t\u0103 \u00eentre orele 07:00 \u0219i 14:00 \u0219i mar\u021bi \u0219i vineri \u00eentre orele 07:00 \u0219i 19:00.&nbsp;\u00cenchis\u0103 duminic\u0103.<\/p>\n\n\n\n<p class=\"has-background\" style=\"background-color:#f5f5f5\"><strong><span style=\"text-decoration: underline;\">Pia\u021ba Trionfale<\/span><\/strong><br><strong>Adresa:<\/strong>&nbsp;Via la Goletta, 1, 00192 Roma RM, Italia |&nbsp;<a href=\"https:\/\/goo.gl\/maps\/szy6M5FipePeqFmRA\" target=\"_blank\" aria-label=\" (opens in a new tab)\" rel=\"noreferrer noopener nofollow\" class=\"rank-math-link\">Vezi pe hart\u0103<\/a><br><strong>Transport public:<\/strong>&nbsp;Linia de metrou A te poate duce la sta\u021bia Ottaviano.&nbsp;Autobuzul 492 opre\u0219te, de asemenea, \u00een apropiere de Pia\u021ba Trionfale.<\/p>\n\n\n\n<hr class=\"wp-block-separator has-css-opacity is-style-wide\"\/>\n\n\n\n<h2 class=\"wp-block-heading\" id=\"pia\u021ba-valmelaina-mercato-di-valmelaina\">Pia\u021ba Valmelaina (<em>Mercato di Valmelaina<\/em>)<\/h2>\n\n\n\n<p>Pia\u021ba Valemelaina este cunoscut\u0103 pentru excelentul raport calitate-pre\u021b al produselor sale alimentare, aproape totul cost\u00e2nd mai pu\u021bin de un euro.<\/p>\n\n\n\n<br>\n\n\n\n<h3 class=\"wp-block-heading\" id=\"program-8\">Program<\/h3>\n\n\n\n<p>Pia\u021ba Valmelaina este deschis\u0103 de luni p\u00e2n\u0103 s\u00e2mb\u0103t\u0103, \u00eentre orele 06:00 \u0219i 14:00.<\/p>\n\n\n\n<p class=\"has-background\" style=\"background-color:#f5f5f5\"><strong><span style=\"text-decoration: underline;\">Pia\u021ba Valmelaina<\/span><\/strong><br><strong>Adresa:<\/strong>&nbsp;Via Giovanni Conti, 360, 00139 Roma RM, Italia |&nbsp;<a aria-label=\" (opens in a new tab)\" rel=\"noreferrer noopener nofollow\" href=\"https:\/\/goo.gl\/maps\/VXA1QMn3kbfEdAuo8\" target=\"_blank\" class=\"rank-math-link\">Vezi pe hart\u0103<\/a><br><strong>Transport public:<\/strong>&nbsp;Linia de metrou B1 opre\u0219te \u00een sta\u021bia Conca D&#8217;Oro.&nbsp;Autobuzul H te poate duce \u0219i el la Pia\u021ba Valmelaina.<\/p>\n\n\n<div class=\"wp-block-scriptless-social-sharing-buttons\"><div class=\"scriptlesssocialsharing\"><div class=\"scriptlesssocialsharing__buttons no-icons\"><a class=\"button facebook\" target=\"_blank\" href=\"https:\/\/www.facebook.com\/sharer\/sharer.php?u=https%3A%2F%2Fwww.the-travel-bunny.com%2Fro%2Fghiduri-de-calatorie%2Froma-ghid-turistic%2Fpiete-comerciale-in-roma%2F\" rel=\"noopener noreferrer nofollow\"><span class=\"sss-name\"><span class=\"screen-reader-text\">Share on <\/span>Facebook<\/span><\/a><a class=\"button twitter\" target=\"_blank\" href=\"https:\/\/twitter.com\/intent\/tweet?text=Pie%C8%9Be%20comerciale%20%C3%AEn%20Roma&#038;url=https%3A%2F%2Fwww.the-travel-bunny.com%2Fro%2Fghiduri-de-calatorie%2Froma-ghid-turistic%2Fpiete-comerciale-in-roma%2F&#038;via=mirela_iepurela&#038;related=mirela_iepurela\" rel=\"noopener noreferrer nofollow\"><span class=\"sss-name\"><span class=\"screen-reader-text\">Share on <\/span>X (Twitter)<\/span><\/a><a class=\"button pinterest\" target=\"_blank\" href=\"https:\/\/pinterest.com\/pin\/create\/button\/?url=https%3A%2F%2Fwww.the-travel-bunny.com%2Fro%2Fghiduri-de-calatorie%2Froma-ghid-turistic%2Fpiete-comerciale-in-roma%2F&#038;media=https%3A%2F%2Fwww.the-travel-bunny.com%2Fro%2Fwp-content%2Fuploads%2Fsites%2F2%2F2021%2F05%2Fpiete-comerciale-in-roma.jpg&#038;description=Pie%C8%9Be%20comerciale%20%C3%AEn%20Roma\" rel=\"noopener noreferrer nofollow\" data-pin-no-hover=\"true\" data-pin-custom=\"true\" data-pin-do=\"skip\" data-pin-description=\"Pie\u021be comerciale \u00een Roma\"><span class=\"sss-name\"><span class=\"screen-reader-text\">Share on <\/span>Pinterest<\/span><\/a><a class=\"button whatsapp\" target=\"_blank\" href=\"https:\/\/api.whatsapp.com\/send?text=Pie%C8%9Be%20comerciale%20%C3%AEn%20Roma%20%E2%80%94%20https%3A%2F%2Fwww.the-travel-bunny.com%2Fro%2Fghiduri-de-calatorie%2Froma-ghid-turistic%2Fpiete-comerciale-in-roma%2F\" rel=\"noopener noreferrer nofollow\"><span class=\"sss-name\"><span class=\"screen-reader-text\">Share on <\/span>WhatsApp<\/span><\/a><a class=\"button email\" href=\"mailto:?body=Am%20citit%20acest%20articol%20de%20vacan%C8%9B%C4%83%20%C8%99i%20m-am%20g%C3%A2ndit%20la%20tine.%20Iat%C4%83%20%C8%99i%20link-ul%3A%20https%3A%2F%2Fwww.the-travel-bunny.com%2Fro%2Fghiduri-de-calatorie%2Froma-ghid-turistic%2Fpiete-comerciale-in-roma%2F&#038;subject=Promit%20c%C4%83%20o%20s%C4%83%20%C3%AE%C8%9Bi%20plac%C4%83%3A%20Pie%C8%9Be%20comerciale%20%C3%AEn%20Roma\" rel=\"noopener noreferrer nofollow\" ><span class=\"sss-name\"><span class=\"screen-reader-text\">Share on <\/span>Email<\/span><\/a><\/div><\/div><\/div>","protected":false},"excerpt":{"rendered":"<p>Pe aceast\u0103 pagin\u0103 a ghidului turistic pentru Roma, vei descoperi pie\u021be comerciale \u00een Roma. Ar trebui s\u0103 vizitezi c\u00e2teva dintre ele, pentru a descoperi o fr\u00e2ntur\u0103 din va\u021ba localnicilor Romei. Pentru fiecare dintre aceste pie\u021be comerciale \u00een Roma, vei g\u0103si: Campo de&#8217;Fiori Campo de&#8217;Fiori este o pia\u021b\u0103 pitoreasc\u0103 din inima Romei.&nbsp;Aceast\u0103 pia\u021b\u0103 medieval\u0103 are un trecut \u00eentunecat, dup\u0103 cum ne aminte\u0219te statuia serioas\u0103 a lui Giordano Bruno.&nbsp;A fost ars pe rug aici, pentru erezia lui.&nbsp;Acesta este \u0219i locul multor alte execu\u021bii care au avut loc \u00een timpul Inchizi\u021biei. \u00cen zilele noastre, po\u021bi explora Campo de&#8217;Fiori \u00een timp pentru a cump\u0103ra &#8230; <\/p>\n<p class=\"read-more-container\"><a title=\"Pie\u021be comerciale \u00een Roma\" class=\"read-more button\" href=\"https:\/\/www.the-travel-bunny.com\/ro\/ghiduri-de-calatorie\/roma-ghid-turistic\/piete-comerciale-in-roma\/#more-324\" aria-label=\"Cite\u0219te mai multe despre Pie\u021be comerciale \u00een Roma\">Read more<\/a><\/p>\n","protected":false},"author":1,"featured_media":325,"parent":153,"menu_order":19,"comment_status":"closed","ping_status":"closed","template":"","meta":{"footnotes":""},"class_list":{"0":"post-324","1":"page","2":"type-page","3":"status-publish","4":"has-post-thumbnail","6":"resize-featured-image"},"_links":{"self":[{"href":"https:\/\/www.the-travel-bunny.com\/ro\/wp-json\/wp\/v2\/pages\/324","targetHints":{"allow":["GET"]}}],"collection":[{"href":"https:\/\/www.the-travel-bunny.com\/ro\/wp-json\/wp\/v2\/pages"}],"about":[{"href":"https:\/\/www.the-travel-bunny.com\/ro\/wp-json\/wp\/v2\/types\/page"}],"author":[{"embeddable":true,"href":"https:\/\/www.the-travel-bunny.com\/ro\/wp-json\/wp\/v2\/users\/1"}],"replies":[{"embeddable":true,"href":"https:\/\/www.the-travel-bunny.com\/ro\/wp-json\/wp\/v2\/comments?post=324"}],"version-history":[{"count":4,"href":"https:\/\/www.the-travel-bunny.com\/ro\/wp-json\/wp\/v2\/pages\/324\/revisions"}],"predecessor-version":[{"id":11269,"href":"https:\/\/www.the-travel-bunny.com\/ro\/wp-json\/wp\/v2\/pages\/324\/revisions\/11269"}],"up":[{"embeddable":true,"href":"https:\/\/www.the-travel-bunny.com\/ro\/wp-json\/wp\/v2\/pages\/153"}],"wp:featuredmedia":[{"embeddable":true,"href":"https:\/\/www.the-travel-bunny.com\/ro\/wp-json\/wp\/v2\/media\/325"}],"wp:attachment":[{"href":"https:\/\/www.the-travel-bunny.com\/ro\/wp-json\/wp\/v2\/media?parent=324"}],"curies":[{"name":"wp","href":"https:\/\/api.w.org\/{rel}","templated":true}]}}