{"id":7,"date":"2018-08-08T14:04:35","date_gmt":"2018-08-08T14:04:35","guid":{"rendered":"https:\/\/the-travel-bunny-com.lyricalstaging.com\/ro\/?page_id=7"},"modified":"2022-01-29T09:54:37","modified_gmt":"2022-01-29T09:54:37","slug":"politica-de-confidentialitate","status":"publish","type":"page","link":"https:\/\/www.the-travel-bunny.com\/ro\/politica-de-confidentialitate\/","title":{"rendered":"Politica de confiden\u021bialitate"},"content":{"rendered":"\n<p><em>Dat\u0103 intrare \u00een vigoare politic\u0103 de confiden\u021bialitate: 8 decembrie 2018<br>Actualizare: 12 mai 2021<\/em><\/p>\n\n\n\n<div style=\"height:10px\" aria-hidden=\"true\" class=\"wp-block-spacer\"><\/div>\n\n\n\n<h2 class=\"wp-block-heading\" id=\"cine-sunt-eu\">Cine sunt eu<\/h2>\n\n\n\n<p><strong>Mirela Letailleur<\/strong> (<em>&#8222;The Travel Bunny&#8221;<\/em>, <em>&#8222;Eu&#8221;<\/em> sau <em>&#8222;al meu&#8221;<\/em>) opereaz\u0103 site-ul <a href=\"https:\/\/www.the-travel-bunny.com\/ro\/\" class=\"rank-math-link\">www.the-travel-bunny.com<\/a> (<em>&#8222;Blogul de c\u0103l\u0103torie\u201d<\/em>).<\/p>\n\n\n\n<p>Aceast\u0103 pagin\u0103 te informeaz\u0103 despre politicile mele cu privire la colectarea, utilizarea \u0219i divulgarea datelor cu caracter personal atunci c\u00e2nd utilizezi Blogul meu de c\u0103l\u0103torie, precum \u0219i op\u021biunile pe care le-ai asociat cu datele respective. \u0218tiu c\u00e2t de important este pentru tine modul \u00een care sunt utilizate \u0219i distribuite informa\u021biile tale, iar confiden\u021bialitatea ta conteaz\u0103 pentru mine. \u00ce\u021bi voi respecta \u00eentotdeauna confiden\u021bialitatea \u0219i voi face tot posibilul s\u0103 o protejez.<\/p>\n\n\n\n<p>Folosesc datele tale pentru a furniza \u0219i \u00eembun\u0103t\u0103\u021bi acest blog de c\u0103l\u0103torie. Prin utilizarea acestui blog de c\u0103l\u0103torie, e\u0219ti de acord cu colectarea \u0219i utilizarea informa\u021biilor \u00een conformitate cu aceast\u0103 politic\u0103.<\/p>\n\n\n\n<hr class=\"wp-block-separator is-style-wide\"\/>\n\n\n\n<h2 class=\"wp-block-heading\" id=\"colectarea-\u0219i-utilizarea-informa\u021biilor\">Colectarea \u0219i utilizarea informa\u021biilor<\/h2>\n\n\n\n<p>Colectez mai multe tipuri diferite de informa\u021bii \u00een diverse scopuri pentru a \u00ee\u021bi oferi \u0219i a \u00eembun\u0103t\u0103\u021bi blogul meu de c\u0103l\u0103torie pentru tine.<\/p>\n\n\n\n<div style=\"height:10px\" aria-hidden=\"true\" class=\"wp-block-spacer\"><\/div>\n\n\n\n<h3 class=\"wp-block-heading\" id=\"tipuri-de-date-colectate\">Tipuri de date colectate<\/h3>\n\n\n\n<div style=\"height:10px\" aria-hidden=\"true\" class=\"wp-block-spacer\"><\/div>\n\n\n\n<h4 class=\"wp-block-heading\" id=\"date-personale\"><strong>Date personale<\/strong><\/h4>\n\n\n\n<p>\u00cen timpul utiliz\u0103rii blogului meu de c\u0103l\u0103torie, \u00ee\u021bi pot cere s\u0103-mi furnizezi anumite informa\u021bii de identificare personal\u0103 care pot fi utilizate pentru a te contacta sau a te identifica (\u201eDate personale\u201d). De exemplu, po\u021bi trimite voluntar informa\u021bii precum numele sau adresa de e-mail, l\u0103s\u00e2nd un comentariu sau abon\u00e2ndu-te la Blogul de c\u0103l\u0103torie sau la buletinul informativ al acestuia.<\/p>\n\n\n\n<p>C\u00e2nd la\u0219i un comentariu pe blogul de c\u0103l\u0103torie, colectez datele afi\u0219ate \u00een formularul de comentarii, precum \u0219i adresa ta IP \u0219i \u0219irul de agent de utilizator al browserului pentru a ajuta la detectarea spamului. Un \u0219ir anonim creat din adresa ta de e-mail (numit \u0219i hash) poate fi furnizat serviciului Gravatar pentru a vedea dac\u0103 \u00eel utilizezi. Politica de confiden\u021bialitate a serviciului Gravatar este disponibil\u0103 aici: <em>automattic.com\/privacy<\/em>. Dup\u0103 aprobarea comentariului t\u0103u, fotografia ta de profil este vizibil\u0103 publicului \u00een contextul comentariului t\u0103u.<\/p>\n\n\n\n<p>Comentariile vizitatorilor pot fi verificate \u0219i printr-un serviciu automat de detectare a spamului.<\/p>\n\n\n\n<p>Pe scurt, informa\u021biile de identificare personal\u0103 pot include, dar nu se limiteaz\u0103 la adresa ta de e-mail, numele \u0219i prenumele, cookie-urile \u0219i datele de utilizare.<\/p>\n\n\n\n<hr class=\"wp-block-separator is-style-dots\"\/>\n\n\n\n<h4 class=\"wp-block-heading\" id=\"date-de-utilizare\"><strong>Date de utilizare<\/strong><\/h4>\n\n\n\n<p>De asemenea, pot colecta automat informa\u021bii despre modul \u00een care este accesat \u0219i utilizat Blogul de c\u0103l\u0103torie (<em>&#8222;Date de utilizare&#8221;<\/em>). Aceste date de utilizare pot include informa\u021bii precum adresa protocolului de internet al computerului t\u0103u (de exemplu, adresa IP), tipul sistemului de operare, tipul browserului, versiunea browserului, paginile de referin\u021b\u0103, paginile blogului meu de c\u0103l\u0103torie pe care le vizitezi, ora \u0219i data vizitei tale, timpul petrecut pe acele pagini, identificatori unici ai dispozitivului \u0219i alte date de diagnosticare. De asemenea, pot colecta informa\u021bii despre ac\u021biunile pe care le \u00eentreprinzi \u00een timpul utiliz\u0103rii Blogului de c\u0103l\u0103torie, cum ar fi linkurile pe care ai f\u0103cut clic.<\/p>\n\n\n\n<hr class=\"wp-block-separator is-style-dots\"\/>\n\n\n\n<h4 class=\"wp-block-heading\" id=\"date-de-urmarire-\u0219i-cookie-uri\"><strong>Date de urm\u0103rire \u0219i cookie-uri<\/strong><\/h4>\n\n\n\n<p>Folosesc cookie-uri \u0219i tehnologii similare de urm\u0103rire pentru a urm\u0103ri activitatea de pe blogul meu de c\u0103l\u0103torie \u0219i pentru a p\u0103stra anumite informa\u021bii.<\/p>\n\n\n\n<p>Cookie-urile sunt fi\u0219iere cu cantit\u0103\u021bi mici de date care pot include un identificator unic anonim. Cookie-urile sunt trimise c\u0103tre browserul t\u0103u de pe un site web \u0219i stocate pe dispozitivul t\u0103u. Tehnologiile de urm\u0103rire utilizate sunt, de asemenea, balize, etichete \u0219i scripturi pentru colectarea \u0219i urm\u0103rirea informa\u021biilor \u0219i pentru analizarea blogului meu de c\u0103l\u0103torie.<\/p>\n\n\n\n<p>Po\u021bi instrui browserul t\u0103u s\u0103 refuze toate cookie-urile sau s\u0103 indice c\u00e2nd este trimis un cookie. Cu toate acestea, dac\u0103 nu accep\u021bi cookie-uri, este posibil s\u0103 nu po\u021bi utiliza unele por\u021biuni din blogul meu de c\u0103l\u0103torie. <a href=\"https:\/\/www.aboutcookies.org.uk\/managing-cookies\" target=\"_blank\" aria-label=\"\u00cenva\u021b\u0103 cum s\u0103 \u00ee\u021bi gestionezi cookie-urile (opens in a new tab)\" rel=\"noreferrer noopener\" class=\"rank-math-link\">\u00cenva\u021b\u0103 cum s\u0103 \u00ee\u021bi gestionezi cookie-urile<\/a>.<\/p>\n\n\n\n<p>Exemple de cookie-uri pe care le folosesc:<\/p>\n\n\n\n<ul class=\"wp-block-list\"><li><strong>Cookie-uri de sesiune. <\/strong>Folosesc cookie-uri de sesiune pentru a-mi opera blogul de c\u0103l\u0103torie. Cookie-urile de sesiune expir\u0103 la \u00eenchiderea browserului.<\/li><li><strong>Cookie-uri de preferin\u021b\u0103.<\/strong> Folosesc cookie-uri de preferin\u021b\u0103 pentru a re\u021bine preferin\u021bele \u0219i diversele set\u0103ri f\u0103cute de tine. Acestea sunt cookie-uri persistente, care r\u0103m\u00e2n \u00een browserul t\u0103u p\u00e2n\u0103 c\u00e2nd alegi s\u0103 le \u0219tergi.<\/li><li><strong>Cookie-uri de securitate.<\/strong> Folosesc cookie-uri de securitate \u00een scopuri de securitate.<\/li><\/ul>\n\n\n\n<hr class=\"wp-block-separator is-style-dots\"\/>\n\n\n\n<h4 class=\"wp-block-heading\" id=\"con\u021binut-incorporat-de-pe-alte-site-uri-web\"><strong>Con\u021binut \u00eencorporat de pe alte site-uri web<\/strong><\/h4>\n\n\n\n<p>Articolele de pe acest site pot include con\u021binut \u00eencorporat (de exemplu, videoclipuri, imagini, articole etc.). Con\u021binutul \u00eencorporat de pe alte site-uri web se comport\u0103 \u00een acela\u0219i mod ca \u0219i cum vizitatorul ar fi <a href=\"https:\/\/www.the-travel-bunny.com\/ro\/100-de-motive-pentru-a-vizita-romania\/\">vizitat<\/a> cel\u0103lalt site web.<\/p>\n\n\n\n<p>Aceste site-uri web pot colecta date despre tine, pot utiliza cookie-uri, pot \u00eencorpora urm\u0103rire suplimentar\u0103 de la ter\u021bi \u0219i \u00ee\u021bi pot monitoriza interac\u021biunea cu acel con\u021binut \u00eencorporat, inclusiv urm\u0103rirea interac\u021biunii tale cu con\u021binutul \u00eencorporat dac\u0103 ai un cont \u0219i e\u0219ti conectat la acel site web.<\/p>\n\n\n\n<hr class=\"wp-block-separator is-style-dots\"\/>\n\n\n\n<h4 class=\"wp-block-heading\" id=\"link-uri-catre-alte-site-uri\"><strong>Link-uri c\u0103tre alte site-uri<\/strong><\/h4>\n\n\n\n<p>Blogul meu de c\u0103l\u0103torie poate con\u021bine linkuri c\u0103tre alte site-uri care nu sunt operate de mine. Dac\u0103 faci clic pe un link c\u0103tre o ter\u021b\u0103 parte, vei fi direc\u021bionat(\u0103) c\u0103tre site-ul ter\u021bei p\u0103r\u021bi. Te sf\u0103tuiesc cu t\u0103rie s\u0103 consul\u021bi Politica de confiden\u021bialitate a fiec\u0103rui site pe care \u00eel vizitezi.<\/p>\n\n\n\n<p>Nu am control asupra \u0219i nu \u00eemi asum responsabilitatea pentru con\u021binutul, politicile de confiden\u021bialitate sau practicile unor site-uri sau servicii ter\u021be.<\/p>\n\n\n\n<hr class=\"wp-block-separator is-style-wide\"\/>\n\n\n\n<h2 class=\"wp-block-heading\" id=\"utilizarea-datelor\">Utilizarea datelor<\/h2>\n\n\n\n<p>The Travel Bunny folose\u0219te datele colectate \u00een diferite scopuri:<\/p>\n\n\n\n<ul class=\"wp-block-list\"><li>Pentru a furniza \u0219i a men\u021bine Blogul de c\u0103l\u0103torie<\/li><li>Pentru a \u00ee\u021bi trimite actualiz\u0103ri \u0219i \/ sau informa\u021bii promo\u021bionale, cum ar fi buletine informative. Fiecare dintre aceste e-mailuri are op\u021biunea de a renun\u021ba la trimiterile viitoare<\/li><li>Pentru a \u00ee\u021bi trimite comunic\u0103ri administrative, cum ar fi e-mailuri de confirmare, notific\u0103ri tehnice, actualiz\u0103ri privind politicile sau alerte de securitate<\/li><li>Pentru a \u00ee\u021bi permite s\u0103 participi la func\u021biile interactive ale Blogului meu de c\u0103l\u0103torie atunci c\u00e2nd alegi s\u0103 o faci<\/li><li>Pentru a oferi asisten\u021b\u0103 utilizatorului<\/li><li>Pentru a furniza analize sau informa\u021bii valoroase, astfel \u00eenc\u00e2t s\u0103 pot \u00eembun\u0103t\u0103\u021bi blogul de c\u0103l\u0103torie, inclusiv urm\u0103rirea \u0219i m\u0103surarea publicit\u0103\u021bii pe blogul de c\u0103l\u0103torie<\/li><li>Pentru a monitoriza utilizarea blogului de c\u0103l\u0103torie<\/li><li>Pentru a detecta, preveni \u0219i aborda probleme tehnice.<\/li><\/ul>\n\n\n\n<hr class=\"wp-block-separator is-style-wide\"\/>\n\n\n\n<h2 class=\"wp-block-heading\" id=\"transferul-de-date\">Transferul de date<\/h2>\n\n\n\n<p>Dac\u0103 te afli \u00een afara Fran\u021bei \u0219i alegi s\u0103-mi furnizezi informa\u021bii, te rog s\u0103 re\u021bii c\u0103 transfer datele, inclusiv datele cu caracter personal, \u00een Fran\u021ba \u0219i le procesez aici.<\/p>\n\n\n\n<p>Consim\u021b\u0103m\u00e2ntul t\u0103u pentru aceast\u0103 politic\u0103 de confiden\u021bialitate urmat de transmiterea acestor informa\u021bii reprezint\u0103 acordul t\u0103u pentru un astfel de transfer.<\/p>\n\n\n\n<p>The Travel Bunny va lua toate m\u0103surile necesare \u00een mod rezonabil pentru a se asigura c\u0103 datele tale sunt tratate \u00een siguran\u021b\u0103 \u0219i \u00een conformitate cu prezenta politic\u0103 de confiden\u021bialitate \u0219i niciun transfer al datelor tale personale nu va avea loc c\u0103tre o organiza\u021bie sau o \u021bar\u0103, cu excep\u021bia cazului \u00een care exist\u0103 controale adecvate, inclusiv securitatea datelor tale \u0219i a altor informa\u021bii personale.<\/p>\n\n\n\n<div style=\"height:10px\" aria-hidden=\"true\" class=\"wp-block-spacer\"><\/div>\n\n\n\n<h3 class=\"wp-block-heading\" id=\"divulgarea-datelor-cu-buna-credin\u021ba\">Divulgarea datelor cu bun\u0103-credin\u021b\u0103<\/h3>\n\n\n\n<p>The Travel Bunny poate s\u0103 \u00ee\u021bi dezv\u0103luie datele personale de bun\u0103 credin\u021b\u0103 c\u0103 o astfel de ac\u021biune este necesar\u0103 pentru:<\/p>\n\n\n\n<ul class=\"wp-block-list\"><li>Pentru a respecta o obliga\u021bie legal\u0103<\/li><li>Pentru a proteja \u0219i ap\u0103ra drepturile sau proprietatea The Travel Bunny<\/li><li>Pentru a preveni sau a investiga eventuale nelegiuiri \u00een leg\u0103tur\u0103 cu Blogul de c\u0103l\u0103torie<\/li><li>Pentru a proteja siguran\u021ba personal\u0103 a utilizatorilor blogului de c\u0103l\u0103torie sau a publicului<\/li><li>Pentru a proteja \u00eempotriva r\u0103spunderii legale.<\/li><\/ul>\n\n\n\n<hr class=\"wp-block-separator is-style-dots\"\/>\n\n\n\n<h3 class=\"wp-block-heading\" id=\"prestatori-de-servicii\">Prestatori de servicii<\/h3>\n\n\n\n<p>Pot angaja companii ter\u021be \u0219i \/ sau persoane fizice pentru a-mi facilita blogul de c\u0103l\u0103torie (<em>&#8222;Furnizori de servicii&#8221;<\/em>), pentru a furniza Blogul de c\u0103l\u0103torie \u00een numele meu, pentru a efectua servicii legate de Blogul de c\u0103l\u0103torie sau pentru a m\u0103 ajuta s\u0103 analizez modul \u00een care Blogul meu de c\u0103l\u0103torie este folosit.<\/p>\n\n\n\n<p>Aceste ter\u021be p\u0103r\u021bi au acces la Datele tale personale numai pentru a \u00eendeplini aceste sarcini \u00een numele meu \u0219i sunt obliga\u021bi s\u0103 nu le divulge sau s\u0103 le utilizeze \u00een niciun alt scop.<\/p>\n\n\n\n<div style=\"height:10px\" aria-hidden=\"true\" class=\"wp-block-spacer\"><\/div>\n\n\n\n<h4 class=\"wp-block-heading\" id=\"google-analytics\"><strong>Google Analytics<\/strong><\/h4>\n\n\n\n<p>Google Analytics este un serviciu de analiz\u0103 web oferit de Google care urm\u0103re\u0219te \u0219i raporteaz\u0103 traficul site-ului web. Google folose\u0219te datele colectate pentru a urm\u0103ri \u0219i monitoriza utilizarea Blogului meu de c\u0103l\u0103torie. Aceste date sunt partajate cu alte servicii Google. Google poate utiliza datele colectate pentru a contextualiza \u0219i personaliza anun\u021burile propriei re\u021bele de publicitate.<\/p>\n\n\n\n<p>Po\u021bi renun\u021ba la a \u00ee\u021bi pune la dispozi\u021bie Google Analytics activitatea ta pe Blogul de c\u0103l\u0103torie instal\u00e2nd programul de completare pentru browserul de renun\u021bare la Google Analytics. Suplimentul \u00eempiedic\u0103 JavaScript Google Analytics (ga.js, analytics.js \u0219i dc.js) s\u0103 partajeze informa\u021bii cu Google Analytics despre activitatea vizitelor.<\/p>\n\n\n\n<p>Pentru mai multe informa\u021bii despre practicile de confiden\u021bialitate ale Google, te rog s\u0103 vizitezi pagina web <a aria-label=\"Confiden\u021bialitate \u0219i Termeni Google (opens in a new tab)\" href=\"https:\/\/policies.google.com\/privacy?hl=ro\" target=\"_blank\" rel=\"noreferrer noopener\" class=\"rank-math-link\">Confiden\u021bialitate \u0219i Termeni Google<\/a>.<\/p>\n\n\n\n<hr class=\"wp-block-separator is-style-wide\"\/>\n\n\n\n<h2 class=\"wp-block-heading\" id=\"cat-timp-pastrez-datele-tale\">C\u00e2t timp p\u0103strez datele tale<\/h2>\n\n\n\n<p>Dac\u0103 la\u0219i un comentariu, comentariul \u0219i metadatele sale sunt p\u0103strate pe termen nelimitat. Asta pentru a putea recunoa\u0219te \u0219i aproba automat orice comentarii ulterioare \u00een loc s\u0103 le \u021bin \u00eentr-o coad\u0103 de moderare.<\/p>\n\n\n\n<p>Pentru utilizatorii care se \u00eenregistreaz\u0103 pe site-ul meu web (dac\u0103 exist\u0103), stochez \u0219i informa\u021biile personale pe care le furnizeaz\u0103 \u00een profilul lor de utilizator. To\u021bi utilizatorii \u00ee\u0219i pot vedea informa\u021biile personale oric\u00e2nd \u00een profilurile lor publice. Administratorii de site-uri web pot, de asemenea, s\u0103 vad\u0103, s\u0103 editeze \u0219i s\u0103 \u0219tearg\u0103 aceste informa\u021bii (cu excep\u021bia numelor de utilizator).<\/p>\n\n\n\n<hr class=\"wp-block-separator is-style-wide\"\/>\n\n\n\n<h2 class=\"wp-block-heading\" id=\"ce-drepturi-ai-asupra-datelor-tale\">Ce drepturi ai asupra datelor tale<\/h2>\n\n\n\n<p>Dac\u0103 ai un cont pe acest site sau ai l\u0103sat comentarii, po\u021bi solicita s\u0103 prime\u0219ti un fi\u0219ier exportat cu datele personale pe care le de\u021bin despre tine, inclusiv orice date pe care mi le-ai furnizat. De asemenea, po\u021bi solicita \u0219tergerea oric\u0103ror date personale pe care le de\u021bin despre tine. Aceasta nu include date pe care sunt obligat\u0103 s\u0103 le p\u0103strez \u00een scopuri administrative, legale sau de securitate.<\/p>\n\n\n\n<hr class=\"wp-block-separator is-style-wide\"\/>\n\n\n\n<h2 class=\"wp-block-heading\" id=\"confiden\u021bialitatea-copiilor\">Confiden\u021bialitatea copiilor<\/h2>\n\n\n\n<p>Blogul meu de c\u0103l\u0103torie nu se adreseaz\u0103 nim\u0103nui cu v\u00e2rsta sub 18 ani (<em>&#8222;Copii&#8221;<\/em>).<\/p>\n\n\n\n<p>Nu colectez cu bun\u0103 \u0219tiin\u021b\u0103 informa\u021bii de identificare personal\u0103 de la nimeni sub v\u00e2rsta de 18 ani. Dac\u0103 e\u0219ti p\u0103rinte sau tutore \u0219i e\u0219ti con\u0219tient de faptul c\u0103 copilul t\u0103u mi-a furnizat date personale, te rog s\u0103 m\u0103 contactezi. Dac\u0103 devin con\u0219tient\u0103 c\u0103 am colectat date personale de la copii f\u0103r\u0103 verificarea consim\u021b\u0103m\u00e2ntului p\u0103rin\u021bilor, iau m\u0103suri pentru a elimina aceste informa\u021bii de pe serverele mele.<\/p>\n\n\n\n<hr class=\"wp-block-separator is-style-wide\"\/>\n\n\n\n<h2 class=\"wp-block-heading\" id=\"modificari-la-aceasta-politica-de-confiden\u021bialitate\">Modific\u0103ri la aceast\u0103 politic\u0103 de confiden\u021bialitate<\/h2>\n\n\n\n<p>\u00cemi pot actualiza Politica de confiden\u021bialitate din c\u00e2nd \u00een c\u00e2nd. Te voi \u00een\u0219tiin\u021ba cu privire la orice modificare, post\u00e2nd noua politic\u0103 de confiden\u021bialitate pe aceast\u0103 pagin\u0103.<\/p>\n\n\n\n<p>Te sf\u0103tuiesc s\u0103 consul\u021bi periodic aceast\u0103 politic\u0103 de confiden\u021bialitate pentru orice modificare. Modific\u0103rile aduse acestei politici de confiden\u021bialitate devin valabile atunci c\u00e2nd sunt postate pe aceast\u0103 pagin\u0103.<\/p>\n\n\n\n<hr class=\"wp-block-separator is-style-wide\"\/>\n\n\n\n<h2 class=\"wp-block-heading\" id=\"contacteaza-ma\">Contacteaz\u0103-m\u0103<\/h2>\n\n\n\n<p>Dac\u0103 ai \u00eentreb\u0103ri despre aceast\u0103 politic\u0103 de confiden\u021bialitate, te rog s\u0103 m\u0103 contactezi prin e-mail, la&nbsp;<a rel=\"noreferrer noopener\" href=\"mailto:mirela@the-travel-bunny.com\" target=\"_blank\">mirela@the-travel-bunny.com<\/a>.<\/p>\n","protected":false},"excerpt":{"rendered":"<p>Dat\u0103 intrare \u00een vigoare politic\u0103 de confiden\u021bialitate: 8 decembrie 2018Actualizare: 12 mai 2021 Cine sunt eu Mirela Letailleur (&#8222;The Travel Bunny&#8221;, &#8222;Eu&#8221; sau &#8222;al meu&#8221;) opereaz\u0103 site-ul www.the-travel-bunny.com (&#8222;Blogul de c\u0103l\u0103torie\u201d). Aceast\u0103 pagin\u0103 te informeaz\u0103 despre politicile mele cu privire la colectarea, utilizarea \u0219i divulgarea datelor cu caracter personal atunci c\u00e2nd utilizezi Blogul meu de c\u0103l\u0103torie, precum \u0219i op\u021biunile pe care le-ai asociat cu datele respective. \u0218tiu c\u00e2t de important este pentru tine modul \u00een care sunt utilizate \u0219i distribuite informa\u021biile tale, iar confiden\u021bialitatea ta conteaz\u0103 pentru mine. \u00ce\u021bi voi respecta \u00eentotdeauna confiden\u021bialitatea \u0219i voi face tot posibilul s\u0103 o &#8230; <\/p>\n<p class=\"read-more-container\"><a title=\"Politica de confiden\u021bialitate\" class=\"read-more button\" href=\"https:\/\/www.the-travel-bunny.com\/ro\/politica-de-confidentialitate\/#more-7\" aria-label=\"Cite\u0219te mai multe despre Politica de confiden\u021bialitate\">Read more<\/a><\/p>\n","protected":false},"author":1,"featured_media":475,"parent":0,"menu_order":6,"comment_status":"closed","ping_status":"closed","template":"","meta":{"footnotes":""},"class_list":{"0":"post-7","1":"page","2":"type-page","3":"status-publish","4":"has-post-thumbnail","6":"resize-featured-image"},"_links":{"self":[{"href":"https:\/\/www.the-travel-bunny.com\/ro\/wp-json\/wp\/v2\/pages\/7","targetHints":{"allow":["GET"]}}],"collection":[{"href":"https:\/\/www.the-travel-bunny.com\/ro\/wp-json\/wp\/v2\/pages"}],"about":[{"href":"https:\/\/www.the-travel-bunny.com\/ro\/wp-json\/wp\/v2\/types\/page"}],"author":[{"embeddable":true,"href":"https:\/\/www.the-travel-bunny.com\/ro\/wp-json\/wp\/v2\/users\/1"}],"replies":[{"embeddable":true,"href":"https:\/\/www.the-travel-bunny.com\/ro\/wp-json\/wp\/v2\/comments?post=7"}],"version-history":[{"count":0,"href":"https:\/\/www.the-travel-bunny.com\/ro\/wp-json\/wp\/v2\/pages\/7\/revisions"}],"wp:featuredmedia":[{"embeddable":true,"href":"https:\/\/www.the-travel-bunny.com\/ro\/wp-json\/wp\/v2\/media\/475"}],"wp:attachment":[{"href":"https:\/\/www.the-travel-bunny.com\/ro\/wp-json\/wp\/v2\/media?parent=7"}],"curies":[{"name":"wp","href":"https:\/\/api.w.org\/{rel}","templated":true}]}}