{"id":393,"date":"2021-10-18T16:44:56","date_gmt":"2021-10-18T16:44:56","guid":{"rendered":"https:\/\/www.the-travel-bunny.com\/travel-deals\/?post_type=product&#038;p=393"},"modified":"2022-05-24T07:47:05","modified_gmt":"2022-05-24T07:47:05","slug":"zipline-canopy-tour","status":"publish","type":"product","link":"https:\/\/www.the-travel-bunny.com\/travel-deals\/zipline-canopy-tour\/","title":{"rendered":"Zipline Canopy Tour &#038; Tortuguero Canal Boat Tour"},"content":{"rendered":"<p>On a trip along the bio-diverse <a href=\"https:\/\/www.the-travel-bunny.com\/travel-deals\/boat-tour-from-puerto-limon\/\">Tortuguero Canal<\/a>, spot native species like howler monkeys, sloths, and crocodiles, and then get your adrenaline pumping with a thrilling zipline flight over the treetops. A smooth and stress-free day at the port is made possible by round-trip transportation from the cruise terminal and between activities.<\/p>\n<h3><a href=\"https:\/\/tp.media\/r?marker=227596.woo&amp;trs=139574&amp;p=1922&amp;u=https%3A%2F%2Fwww.viator.com%2Ftours%2FLimon%2FPuerto-Limon-Eco-Adventure-Combo-Tour%2Fd4513-26853P2\" target=\"_blank\" rel=\"noopener sponsored\">Zipline Canopy Tour &amp; Tortuguero Canal Boat Tour<\/a><\/h3>\n<p>When your cruise ship lands at <a title=\"Puerto Limon\" href=\"https:\/\/www.the-travel-bunny.com\/visit-limon-costa-rica\/\" target=\"_blank\" rel=\"noopener\">Puerto Limon<\/a> in the morning, meet your driver and proceed by minivan to a launch location on the Tortuguero Canal. This stream, often known as the &#8216;Amazon of Costa Rica,&#8217; runs through a protected wildlife reserve that is home to a wide array of plant and animal species. Climb aboard a covered riverboat and take a leisurely ride down the canal as a guide provides commentary on the rainforest ecology and assists you in spotting native animals like crocodiles, howler monkeys, sloths, iguanas, bats, and toucans.<\/p>\n<p>Take a short drive to the Jungle Breeze adventure park to begin your high-flying zipline experience after the canal boat. Gear up with supplied equipment and climb to the first of 12 treetop platforms after receiving a safety briefing from highly experienced guides. Clip into a system of 11 cables and let go to soar over the rain forest canopy at exciting speeds while taking in spectacular vistas of the Caribbean.<\/p>\n<p>The cables get longer after the fifth platform, reaching a maximum length of 885 feet (270 meters) and heights of up to 263 feet (80 meters). If that&#8217;s a little too much for you, you can opt to end the journey early and return to base camp at platforms 5 and 7. Transfer back to your waiting cruise ship in the afternoon when you return to firm ground.<\/p>\n<h3>Zipline Canopy Tour &amp; Tortuguero Canal Boat Tour Itinerary<\/h3>\n<ul>\n<li><strong>Tortuguero Canal<\/strong>. On Costa Rica&#8217;s northern Caribbean coast, Parque Nacional Tortuguero is a protected wilderness area. Its beaches are well-known for being sea turtle breeding sites, particularly for endangered green turtles.<br \/>\nSpectacled caimans and river turtles live in the park&#8217;s freshwater streams and lagoons, which may be explored by boat or canoe. The adjacent thick jungle is also home to a diverse range of animals, including monkeys and several bird species. Our trip includes a relaxing boat ride through the canals to appreciate the area&#8217;s diverse wildlife.<\/li>\n<li><strong>Puerto Limon<\/strong>. Lim\u00f3n, also known as Puerto Lim\u00f3n, is the capital and primary center of the Lim\u00f3n province as well as the Lim\u00f3n cant\u00f3n in Costa Rica. With a population of over 55,000 people, it is Costa Rica&#8217;s seventh biggest city and home to the Afro-Costa Rican community.<br \/>\nThe Caribbean area is a natural wonderland, comprised of thick forests, towering mountains, and idyllic beaches. Limon boasts Costa Rica&#8217;s largest percentage of protected territory, as well as a diverse range of flora and wildlife. Its greenery, like the cultures found across the region, is vibrant.<\/li>\n<li><strong>Province of Limon<\/strong>. We&#8217;ll go on a Jungle Breeze Canopy Tour near Limon City. The zip line canopy trip will take place in a private nature reserve.<\/li>\n<\/ul>\n<hr \/>\n<p><strong>This tour is exclusive for cruise ship passengers. If you are not arriving by cruise ship please do not book this tour.<\/strong><\/p>\n<p>Cruise ship passengers must provide the following information: ship name, docking time, disembarkation time, and re-boarding time.<\/p>\n<p style=\"text-align: right;\"><strong>Compare to other <a href=\"https:\/\/www.the-travel-bunny.com\/travel-deals\/destination\/limon\/\">Limon tours<\/a> -&gt;<\/strong><\/p>\n","protected":false},"excerpt":{"rendered":"<p>Zipline Canopy Tour &amp; Tortuguero Canal Boat Tour. If your cruise ship is stopping in Limon, take this combined eco excursion to see Costa Rica&#8217;s famed rain forest by air and water.<\/p>\n<p><strong>Zipline Canopy Tour &amp; Tortuguero Canal Boat tour highlights:<\/strong><\/p>\n<ul>\n<li>From Puerto Limon, take a combined shore excursion<\/li>\n<li>On a trip through the Tortuguero Canal, discover Costa Rica&#8217;s renowned wildlife<\/li>\n<li>Learn about the rain forest ecology and see howler monkeys, crocodiles, and toucans in their natural habitat<\/li>\n<li>On 11 different ziplines, soar over the treetops.<\/li>\n<li>Get a rush of adrenaline from canopy zip lines that reach a length of 263 feet (80 meters).<\/li>\n<\/ul>\n","protected":false},"featured_media":426,"template":"","meta":[],"product_brand":[],"product_cat":[209],"product_tag":[],"class_list":{"0":"post-393","1":"product","2":"type-product","3":"status-publish","4":"has-post-thumbnail","6":"product_cat-limon","7":"pa_services-and-specials-free-cancellation","8":"pa_services-and-specials-live-tour-guide","9":"pa_services-and-specials-mobile-ticketing","10":"resize-featured-image","11":"sales-flash-overlay","12":"woocommerce-text-align-center","13":"woocommerce-image-align-center","15":"first","16":"instock","17":"shipping-taxable","18":"product-type-external"},"_links":{"self":[{"href":"https:\/\/www.the-travel-bunny.com\/travel-deals\/wp-json\/wp\/v2\/product\/393","targetHints":{"allow":["GET"]}}],"collection":[{"href":"https:\/\/www.the-travel-bunny.com\/travel-deals\/wp-json\/wp\/v2\/product"}],"about":[{"href":"https:\/\/www.the-travel-bunny.com\/travel-deals\/wp-json\/wp\/v2\/types\/product"}],"wp:featuredmedia":[{"embeddable":true,"href":"https:\/\/www.the-travel-bunny.com\/travel-deals\/wp-json\/wp\/v2\/media\/426"}],"wp:attachment":[{"href":"https:\/\/www.the-travel-bunny.com\/travel-deals\/wp-json\/wp\/v2\/media?parent=393"}],"wp:term":[{"taxonomy":"product_brand","embeddable":true,"href":"https:\/\/www.the-travel-bunny.com\/travel-deals\/wp-json\/wp\/v2\/product_brand?post=393"},{"taxonomy":"product_cat","embeddable":true,"href":"https:\/\/www.the-travel-bunny.com\/travel-deals\/wp-json\/wp\/v2\/product_cat?post=393"},{"taxonomy":"product_tag","embeddable":true,"href":"https:\/\/www.the-travel-bunny.com\/travel-deals\/wp-json\/wp\/v2\/product_tag?post=393"}],"curies":[{"name":"wp","href":"https:\/\/api.w.org\/{rel}","templated":true}]}}