{"id":401,"date":"2021-10-19T06:09:27","date_gmt":"2021-10-19T06:09:27","guid":{"rendered":"https:\/\/www.the-travel-bunny.com\/travel-deals\/?post_type=product&#038;p=401"},"modified":"2021-10-19T11:23:59","modified_gmt":"2021-10-19T11:23:59","slug":"sloth-spotting-tour-limon","status":"publish","type":"product","link":"https:\/\/www.the-travel-bunny.com\/travel-deals\/sloth-spotting-tour-limon\/","title":{"rendered":"Sloth Spotting Tour from Puerto Limon"},"content":{"rendered":"<h3><a href=\"https:\/\/tp.media\/r?marker=227596.woo&amp;trs=139574&amp;p=1922&amp;u=https%3A%2F%2Fwww.viator.com%2Ftours%2FLimon%2FSloths-Lovers%2Fd4513-26853P38\" target=\"_blank\" rel=\"noopener sponsored\">Sloth Spotting Tour from Puerto Limon<\/a><\/h3>\n<ul>\n<li><strong>Cahuita National Park<\/strong>\n<ul>\n<li>Cahuita National Park is a terrestrial and marine national park in Costa Rica&#8217;s Caribbean La Amistad Conservation Area, located on the southern Caribbean coast in Lim\u00f3n Province and close to Cahuita town.<\/li>\n<li>The Cahuita National Park is unusual in Costa Rica because of its strong ties to the community, serving as an example of community-government collaboration for long-term community development. Through shared governance management, park guard participation and community life shine out.<\/li>\n<li>On this Sloth Spotting Tour from Puerto Limon, learn about the best-preserved coral reef in the Costa Rican Caribbean and take in the landscape, culture, and food. White sand beaches, blue seas, and rich marine life are just a few of the attractions at Cahuita National Park in the Limon province.<\/li>\n<\/ul>\n<\/li>\n<li><strong>Tortuguero Canal<\/strong>\n<ul>\n<li>On Costa Rica&#8217;s northern Caribbean coast, the Tortuguero Canal is a protected wilderness area. Its beaches are well-known for being sea turtle breeding sites, particularly for endangered green turtles.<\/li>\n<li>Spectacled caimans and river turtles live in the park&#8217;s freshwater streams and lagoons, which may be explored by boat or canoe.<\/li>\n<li>The adjacent thick jungle is also home to a diverse range of animals, including monkeys and several bird species.<\/li>\n<li><strong><strong>This trip includes a relaxing boat ride through the canals to appreciate the area&#8217;s diverse wildlife.<\/strong><\/strong><\/li>\n<\/ul>\n<\/li>\n<li><strong>Puerto Limon<\/strong>\n<ul>\n<li>Lim\u00f3n, also known as Puerto Lim\u00f3n, is the capital and primary center of the Lim\u00f3n province as well as the Lim\u00f3n cant\u00f3n in Costa Rica. With a population of over 55,000 people, it is Costa Rica&#8217;s seventh biggest city and home to the Afro-Costa Rican community.<\/li>\n<li>The Caribbean area is a natural wonderland, comprised of thick forests, towering mountains, and idyllic beaches. Limon boasts Costa Rica&#8217;s largest percentage of protected territory, as well as a diverse range of flora and wildlife. Its greenery, like the cultures found across the region, is vibrant.<\/li>\n<\/ul>\n<\/li>\n<\/ul>\n<hr \/>\n<p><strong>This Sloth Spotting Tour from Puerto Limon is exclusive for cruise ship passengers.<br \/>\nIf you are not arriving by cruise ship please do not book this tour.<\/strong><\/p>\n<p style=\"text-align: right;\"><strong>Compare to other <a href=\"https:\/\/www.the-travel-bunny.com\/travel-deals\/destination\/limon\/\">Limon tours<\/a> -&gt;<\/strong><\/p>\n","protected":false},"excerpt":{"rendered":"<p>Sloth Spotting Tour from Puerto Limon. Cahuita National Park and the Tortuguero Canals are two places to visit if you want to see a lot of sloths. Traveling with a guide also gives you access to commentary, which allows you to learn more about the local animals as you go.<\/p>\n<p><strong>Sloth Spotting Tour highlights:<\/strong><\/p>\n<ul>\n<li>Cahuita National Park and Tortuguero Canals beach trip from Puerto Limon<\/li>\n<li>There&#8217;s a good possibility you&#8217;ll see sloths in both native habitats<\/li>\n<li>The guide gives commentary throughout the tour<\/li>\n<li>All transportation included, including port pickup and drop-off<\/li>\n<\/ul>\n","protected":false},"featured_media":425,"template":"","meta":[],"product_brand":[],"product_cat":[209],"product_tag":[],"class_list":{"0":"post-401","1":"product","2":"type-product","3":"status-publish","4":"has-post-thumbnail","6":"product_cat-limon","7":"pa_services-and-specials-free-cancellation","8":"pa_services-and-specials-live-tour-guide","9":"pa_services-and-specials-mobile-ticketing","10":"pa_services-and-specials-wheelchair-accessible","11":"resize-featured-image","12":"sales-flash-overlay","13":"woocommerce-text-align-center","14":"woocommerce-image-align-center","16":"first","17":"instock","18":"shipping-taxable","19":"product-type-external"},"_links":{"self":[{"href":"https:\/\/www.the-travel-bunny.com\/travel-deals\/wp-json\/wp\/v2\/product\/401","targetHints":{"allow":["GET"]}}],"collection":[{"href":"https:\/\/www.the-travel-bunny.com\/travel-deals\/wp-json\/wp\/v2\/product"}],"about":[{"href":"https:\/\/www.the-travel-bunny.com\/travel-deals\/wp-json\/wp\/v2\/types\/product"}],"wp:featuredmedia":[{"embeddable":true,"href":"https:\/\/www.the-travel-bunny.com\/travel-deals\/wp-json\/wp\/v2\/media\/425"}],"wp:attachment":[{"href":"https:\/\/www.the-travel-bunny.com\/travel-deals\/wp-json\/wp\/v2\/media?parent=401"}],"wp:term":[{"taxonomy":"product_brand","embeddable":true,"href":"https:\/\/www.the-travel-bunny.com\/travel-deals\/wp-json\/wp\/v2\/product_brand?post=401"},{"taxonomy":"product_cat","embeddable":true,"href":"https:\/\/www.the-travel-bunny.com\/travel-deals\/wp-json\/wp\/v2\/product_cat?post=401"},{"taxonomy":"product_tag","embeddable":true,"href":"https:\/\/www.the-travel-bunny.com\/travel-deals\/wp-json\/wp\/v2\/product_tag?post=401"}],"curies":[{"name":"wp","href":"https:\/\/api.w.org\/{rel}","templated":true}]}}