{"id":413,"date":"2021-10-19T08:35:27","date_gmt":"2021-10-19T08:35:27","guid":{"rendered":"https:\/\/www.the-travel-bunny.com\/travel-deals\/?post_type=product&#038;p=413"},"modified":"2022-05-24T07:46:38","modified_gmt":"2022-05-24T07:46:38","slug":"tortuguero-canal-eco-cruise","status":"publish","type":"product","link":"https:\/\/www.the-travel-bunny.com\/travel-deals\/tortuguero-canal-eco-cruise\/","title":{"rendered":"Tortuguero Canal Eco Cruise &#038; Banana Plantation Tour"},"content":{"rendered":"<h3><a href=\"https:\/\/tp.media\/r?marker=227596.woo&amp;trs=139574&amp;p=1922&amp;u=https%3A%2F%2Fwww.viator.com%2Ftours%2FLimon%2FShore-Excursion-Tortuguero-Canal-Eco-Cruise-and-Banana-Plantation%2Fd4513-26853P14\" target=\"_blank\" rel=\"noopener sponsored\">Tortuguero Canal Eco Cruise &amp; Banana Plantation Tour<\/a><\/h3>\n<p>During a jungle canal ride and tour of the Del Monte Banana Plantation, keep an eye out for howler monkeys, sloths, toucans, and other wildlife. This small-group trip, limited to 15 persons, includes a tropical fruit snack as well as port pickup and drop-off.<\/p>\n<p>The morning of your beach trip begins with port <a href=\"https:\/\/www.the-travel-bunny.com\/travel-deals\/services-and-specials\/hotel-pickup-possible\/\">pickup<\/a>. You&#8217;ll be on your way to Tortuguero National Park once you&#8217;ve boarded an air-conditioned car.<\/p>\n<p>Climb aboard a covered boat for a thrilling ride through the <a href=\"https:\/\/www.the-travel-bunny.com\/travel-deals\/tortuguero-canals-tour\/\">Tortuguero Canals<\/a>, which are home to a varied range of animals including howler monkeys, sloths, crocodiles, bats, aquatic birds, and toucans.<\/p>\n<p>After the boat trip, you&#8217;ll have a tropical fruit snack before heading to the Del Monte Banana Plantation. Before returning to Limon port, take a tour of the region and learn more about bananas.<\/p>\n<h3>Tortuguero Canal Eco Cruise &amp; Banana Plantation Tour Itinerary<\/h3>\n<ul>\n<li><strong>Tortuguero Canal<\/strong>\n<ul>\n<li>On Costa Rica&#8217;s northern Caribbean coast, Parque Nacional Tortuguero is a protected wilderness area. Its beaches are well-known for being sea turtle breeding sites, particularly for endangered green turtles.<\/li>\n<li>Spectacled caimans and river turtles live in the park&#8217;s freshwater streams and lagoons, which may be explored by boat or canoe.<\/li>\n<li>The adjacent thick jungle is also home to a diverse range of animals, including monkeys and several bird species. Our trip includes a relaxing boat ride through the canals to appreciate the area&#8217;s diverse wildlife.<\/li>\n<\/ul>\n<\/li>\n<li><strong>Puerto Limon<\/strong>\n<ul>\n<li><a title=\"Puerto Lim\u00f3n\" href=\"https:\/\/www.the-travel-bunny.com\/visit-limon-costa-rica\/\" target=\"_blank\" rel=\"noopener\">Puerto Lim\u00f3n<\/a>, often known as Lim\u00f3n, is the capital and primary center of the Lim\u00f3n province as well as the Lim\u00f3n canton in Costa Rica. It is Costa Rica&#8217;s seventh biggest city, with a population of over 55,000 people, and is home to the Afro-Costa Rican community.<\/li>\n<li>The Caribbean area is a natural wonderland, with thick forests, towering mountains, and idyllic beaches. Limon contains the most protected area in Costa Rica, as well as a diverse range of flora and wildlife. Its nature is lush, as are the civilizations found across the region.<\/li>\n<\/ul>\n<\/li>\n<\/ul>\n<hr \/>\n<p><strong>The <a href=\"https:\/\/www.the-travel-bunny.com\/travel-deals\/boat-tour-from-puerto-limon\/\">Tortuguero Canal<\/a> Eco Cruise &amp; Banana Plantation Tour will have a maximum of 15 travelers.<\/strong><\/p>\n<p style=\"text-align: right;\"><strong>Compare to other <a href=\"https:\/\/www.the-travel-bunny.com\/travel-deals\/destination\/limon\/\">Limon tours<\/a> -&gt;<\/strong><\/p>\n","protected":false},"excerpt":{"rendered":"<p>Tortuguero Canal Eco Cruise &amp; Banana Plantation Tour. Make the most of your time in Costa Rica when your cruise ship docks in Limon with a half-day shore excursion to Tortuguero National Park, which is perfect for wildlife enthusiasts.<\/p>\n<p><strong>Tortuguero Canal Eco Cruise &amp; Banana Plantation Tour highlights:<\/strong><\/p>\n<ul>\n<li>Half-day beach trip to Tortuguero National Park<\/li>\n<li>Ideal for nature enthusiasts and travelers who don&#8217;t have a lot of time<\/li>\n<li>During a 1-hour jungle canal tour, see howler monkeys, sloths, toucans, and more<\/li>\n<li>Visit the Del Monte Banana Plantation<\/li>\n<li>Snacks are provided, as well as port pickup and drop-off in Limon<\/li>\n<\/ul>\n","protected":false},"featured_media":429,"template":"","meta":[],"product_brand":[],"product_cat":[209],"product_tag":[],"class_list":{"0":"post-413","1":"product","2":"type-product","3":"status-publish","4":"has-post-thumbnail","6":"product_cat-limon","7":"pa_services-and-specials-free-cancellation","8":"pa_services-and-specials-live-tour-guide","9":"pa_services-and-specials-mobile-ticketing","10":"resize-featured-image","11":"sales-flash-overlay","12":"woocommerce-text-align-center","13":"woocommerce-image-align-center","15":"first","16":"instock","17":"shipping-taxable","18":"product-type-external"},"_links":{"self":[{"href":"https:\/\/www.the-travel-bunny.com\/travel-deals\/wp-json\/wp\/v2\/product\/413","targetHints":{"allow":["GET"]}}],"collection":[{"href":"https:\/\/www.the-travel-bunny.com\/travel-deals\/wp-json\/wp\/v2\/product"}],"about":[{"href":"https:\/\/www.the-travel-bunny.com\/travel-deals\/wp-json\/wp\/v2\/types\/product"}],"wp:featuredmedia":[{"embeddable":true,"href":"https:\/\/www.the-travel-bunny.com\/travel-deals\/wp-json\/wp\/v2\/media\/429"}],"wp:attachment":[{"href":"https:\/\/www.the-travel-bunny.com\/travel-deals\/wp-json\/wp\/v2\/media?parent=413"}],"wp:term":[{"taxonomy":"product_brand","embeddable":true,"href":"https:\/\/www.the-travel-bunny.com\/travel-deals\/wp-json\/wp\/v2\/product_brand?post=413"},{"taxonomy":"product_cat","embeddable":true,"href":"https:\/\/www.the-travel-bunny.com\/travel-deals\/wp-json\/wp\/v2\/product_cat?post=413"},{"taxonomy":"product_tag","embeddable":true,"href":"https:\/\/www.the-travel-bunny.com\/travel-deals\/wp-json\/wp\/v2\/product_tag?post=413"}],"curies":[{"name":"wp","href":"https:\/\/api.w.org\/{rel}","templated":true}]}}